{"id":801,"date":"2025-07-09T02:39:43","date_gmt":"2025-07-09T02:39:43","guid":{"rendered":"https:\/\/hdproto.com\/contact\/"},"modified":"2026-03-11T03:21:57","modified_gmt":"2026-03-11T03:21:57","slug":"contato-usinagem-cnc","status":"publish","type":"page","link":"https:\/\/cms.hdproto.com\/pt\/contact-cnc-machining-company\/","title":{"rendered":"Contato"},"content":{"rendered":"<div class=\"wp-block-uagb-container uagb-block-4405554a alignfull uagb-is-root-container\"><div class=\"uagb-container-inner-blocks-wrap\">\n<div class=\"wp-block-uagb-container uagb-block-3229bfd7\">\n<div class=\"wp-block-uagb-advanced-heading uagb-block-f4258fe6\"><h2 class=\"uagb-heading-text\">Entre em contato conosco<\/h2><p class=\"uagb-desc-text\">A Huade \u00e9 uma empresa de usinagem CNC especializada em pe\u00e7as de alta precis\u00e3o para diversos setores, incluindo rob\u00f3tica, automotivo e eletr\u00f4nico. Localizada em Dongguan, China, oferecemos servi\u00e7os de fresagem, torneamento e prototipagem CNC com precis\u00e3o de \u00b10,01 mm e prazos de entrega r\u00e1pidos.<br><br>Se voc\u00ea procura uma empresa de usinagem CNC confi\u00e1vel, com prazos de entrega r\u00e1pidos e pre\u00e7os competitivos, n\u00e3o hesite em nos contatar. Normalmente respondemos em at\u00e9 24 horas.<\/p><\/div>\n\n\n\n<p><strong>Dongguan Huade Precision Manufacturing Co., Ltd.<\/strong><br>1\u00ba andar, Edif\u00edcio 2, n\u00ba 5, Rua Jiangcheng Oeste 1, Cidade de Gaobu, Dongguan, Prov\u00edncia de Guangdong, China.<br>\ud83d\udce7 william@hdproto.com<br>\ud83d\udcde +86 133 9271 1394<br>\ud83c\udf10 <a href=\"https:\/\/hdproto.com\/\" target=\"_blank\" rel=\"noreferrer noopener\">hdproto.com<\/a><\/p>\n<\/div>\n\n\n\t\t\t<div class=\"srfm-form-container srfm-form-container-1218 srfm-bg-color\">\n\t\t\t<style>\n\t\t\t\t\/* Need to check and remove the input variables related to the Style Tab. *\/\n\t\t\t\t.srfm-form-container-1218 {\n\t\t\t\t\t\/* New test variables *\/\n\t\t\t\t\t--srfm-color-scheme-primary: var(--ast-global-color-0);\n\t\t\t\t\t--srfm-color-scheme-text-on-primary: #FFFFFF;\n\t\t\t\t\t--srfm-color-scheme-text: var(--ast-global-color-2);\n\t\t\t\t\t--srfm-quill-editor-color: var(--ast-global-color-0);\n\n\t\t\t\t\t--srfm-color-input-label: var(--ast-global-color-2);\n\t\t\t\t\t--srfm-color-input-description: hsl( from var(--ast-global-color-2) h s l \/ 0.65 );\n\t\t\t\t\t--srfm-color-input-placeholder: hsl( from var(--ast-global-color-2) h s l \/ 0.5 );\n\t\t\t\t\t--srfm-color-input-text: var(--ast-global-color-2);\n\t\t\t\t\t--srfm-color-input-prefix: hsl( from var(--ast-global-color-2) h s l \/ 0.65 );\n\t\t\t\t\t--srfm-color-input-background: hsl( from var(--ast-global-color-2) h s l \/ 0.02 );\n\t\t\t\t\t--srfm-color-input-background-hover: hsl( from var(--ast-global-color-2) h s l \/ 0.05 );\n\t\t\t\t\t--srfm-color-input-background-disabled: hsl( from var(--ast-global-color-2) h s l \/ 0.07 );\n\t\t\t\t\t--srfm-color-input-border: hsl( from var(--ast-global-color-2) h s l \/ 0.25 );\n\t\t\t\t\t--srfm-color-input-border-disabled: hsl( from var(--ast-global-color-2) h s l \/ 0.15 );\n\t\t\t\t\t--srfm-color-multi-choice-svg: hsl( from var(--ast-global-color-2) h s l \/ 0.7 );\n\t\t\t\t\t--srfm-color-input-border-hover: hsl( from var(--ast-global-color-0) h s l \/ 0.65 );\n\t\t\t\t\t--srfm-color-input-border-focus-glow: hsl( from var(--ast-global-color-0) h s l \/ 0.15 );\n\t\t\t\t\t--srfm-color-input-selected: hsl( from var(--ast-global-color-0) h s l \/ 0.1 );\n\t\t\t\t\t--srfm-btn-color-hover: hsl( from var(--ast-global-color-0) h s l \/ 0.9 );\n\t\t\t\t\t--srfm-btn-color-disabled: hsl( from var(--ast-global-color-0) h s l \/ 0.25 );\n\n\t\t\t\t\t\/* Dropdown Variables *\/\n\t\t\t\t\t--srfm-dropdown-input-background-hover: hsl( from var(--ast-global-color-2) h s l \/ 0.05 );\n\t\t\t\t\t--srfm-dropdown-option-background-hover: hsl( from var(--ast-global-color-2) h s l \/ 0.10 );\n\t\t\t\t\t--srfm-dropdown-option-background-selected: hsl( from var(--ast-global-color-2) h s l \/ 0.05 );\n\t\t\t\t\t--srfm-dropdown-option-selected-icon: hsl( from var(--ast-global-color-2) h s l \/ 0.65 );\n\t\t\t\t\t--srfm-dropdown-option-text-color: hsl( from var(--ast-global-color-2) h s l \/ 0.80 );\n\t\t\t\t\t--srfm-dropdown-option-selected-text: var(--ast-global-color-2);\n\t\t\t\t\t--srfm-dropdown-badge-background: hsl( from var(--ast-global-color-2) h s l \/ 0.05 );\n\t\t\t\t\t--srfm-dropdown-badge-background-hover: hsl( from var(--ast-global-color-2) h s l \/ 0.10 );\n\t\t\t\t\t--srfm-dropdown-menu-border-color: hsl( from var(--ast-global-color-2) h s l \/ 0.10 );\n\t\t\t\t\t--srfm-dropdown-placeholder-color: hsl( from var(--ast-global-color-2) h s l \/ 0.50 );\n\t\t\t\t\t--srfm-dropdown-icon-color: hsl( from var(--ast-global-color-2) h s l \/ 0.65 );\n\t\t\t\t\t--srfm-dropdown-icon-disabled: hsl( from var(--ast-global-color-2) h s l \/ 0.25 );\n\n\t\t\t\t\t\/* Background Control Variables *\/\n\t\t\t\t\t--srfm-instant-form-padding-top: 32px;--srfm-instant-form-padding-right: 32px;--srfm-instant-form-padding-bottom: 32px;--srfm-instant-form-padding-left: 32px;--srfm-instant-form-border-radius-top: 12px;--srfm-instant-form-border-radius-right: 12px;--srfm-instant-form-border-radius-bottom: 12px;--srfm-instant-form-border-radius-left: 12px;--srfm-form-padding-top: 0px;--srfm-form-padding-right: 0px;--srfm-form-padding-bottom: 0px;--srfm-form-padding-left: 0px;--srfm-form-border-radius-top: 0px;--srfm-form-border-radius-right: 0px;--srfm-form-border-radius-bottom: 0px;--srfm-form-border-radius-left: 0px;--srfm-bg-color: #ffffff;--srfm-bg-overlay-opacity: 1;\t\t\t\t\t--srfm-row-gap-between-blocks: 18px;--srfm-address-label-font-size: 16px;--srfm-address-label-line-height: 24px;--srfm-address-description-font-size: 14px;--srfm-address-description-line-height: 20px;--srfm-col-gap-between-fields: 16px;--srfm-row-gap-between-fields: 16px;--srfm-gap-below-address-label: 14px;--srfm-dropdown-font-size: 14px;--srfm-dropdown-gap-between-input-menu: 4px;--srfm-dropdown-badge-padding: 2px 6px;--srfm-dropdown-multiselect-font-size: 12px;--srfm-dropdown-multiselect-line-height: 16px;--srfm-dropdown-padding-right: 12px;--srfm-dropdown-padding-right-icon: calc( var( --srfm-dropdown-padding-right ) + 20px );--srfm-dropdown-multiselect-padding: 8px var( --srfm-dropdown-padding-right-icon ) 8px 8px;--srfm-input-height: 44px;--srfm-input-field-padding: 10px 12px;--srfm-input-field-font-size: 16px;--srfm-input-field-line-height: 24px;--srfm-input-field-margin-top: 6px;--srfm-input-field-margin-bottom: 6px;--srfm-checkbox-label-font-size: 16px;--srfm-checkbox-label-line-height: 24px;--srfm-checkbox-description-font-size: 14px;--srfm-checkbox-description-line-height: 20px;--srfm-check-ctn-width: 16px;--srfm-check-ctn-height: 16px;--srfm-check-svg-size: 10px;--srfm-checkbox-margin-top-frontend: 4px;--srfm-checkbox-margin-top-editor: 6px;--srfm-check-gap: 8px;--srfm-checkbox-description-margin-left: 24px;--srfm-flag-section-padding: 10px 0 10px 12px;--srfm-gap-between-icon-text: 8px;--srfm-label-font-size: 16px;--srfm-label-line-height: 24px;--srfm-description-font-size: 14px;--srfm-description-line-height: 20px;--srfm-btn-padding: 10px 14px;--srfm-btn-font-size: 16px;--srfm-btn-line-height: 24px;--srfm-multi-choice-horizontal-padding: 20px;--srfm-multi-choice-vertical-padding: 20px;--srfm-multi-choice-internal-option-gap: 8px;--srfm-multi-choice-vertical-svg-size: 40px;--srfm-multi-choice-horizontal-image-size: 24px;--srfm-multi-choice-vertical-image-size: 120px;--srfm-multi-choice-outer-padding: 2px;\t\t\t\t}\n\t\t\t<\/style>\n\t\t\t\t\t\t\t<form method=\"post\" enctype=\"multipart\/form-data\" id=\"srfm-form-1218\" class=\"srfm-form\"\n\t\t\t\tform-id=\"1218\" after-submission=\"hide form\" message-type=\"same page\" success-url=\"\" ajaxurl=\"https:\/\/cms.hdproto.com\/wp-admin\/admin-ajax.php\" data-submit-token=\"0d4fe781a07175604cab2982dfbe6e899f7beaf7afcfb023be01ea658dab8840\" action=\"\"\n\t\t\t\t>\n\t\t\t\t\n\t\t\t\t<input type=\"hidden\" value=\"1218\" name=\"form-id\">\n\t\t\t\t<input type=\"hidden\" value=\"\" name=\"srfm-sender-email-field\" id=\"srfm-sender-email\">\n\t\t\t\t<input type=\"hidden\" value=\"\" id=\"srfm-page-break\">\n\t\t\t\t\t\t<p id=\"srfm-error-message\" class=\"srfm-common-error-message srfm-error-message srfm-head-error\" hidden>\t\t<span class=\"srfm-icon\" aria-hidden=\"true\">\n\t\t\t<svg xmlns='http:\/\/www.w3.org\/2000\/svg' width='20' height='20' fill='none'><path d='M9.99935 18.3327C14.6017 18.3327 18.3327 14.6017 18.3327 9.99935C18.3327 5.39698 14.6017 1.66602 9.99935 1.66602C5.39698 1.66602 1.66602 5.39698 1.66602 9.99935C1.66602 14.6017 5.39698 18.3327 9.99935 18.3327Z' stroke='currentColor' stroke-width='1.5' stroke-linecap='round' stroke-linejoin='round' \/><path d='M10 6.66602V9.99935' stroke='currentColor' stroke-width='1.5' stroke-linecap='round' stroke-linejoin='round' \/><path d='M10 13.334H10.0083' stroke='currentColor' stroke-width='1.5' stroke-linecap='round' stroke-linejoin='round' \/><\/svg>\t\t<\/span>\n\t\t<span class=\"srfm-error-content\">Ocorreu um erro ao tentar enviar seu formul\u00e1rio. Por favor, tente novamente.<\/span><\/p>\n\t\t\t\t\t<div data-block-id=\"d99b324d\" class=\"srfm-block-single srfm-block srfm-input-block srf-input-d99b324d-block  srfm-block-width-100 srfm-slug-your-name 1218\" >\n\t\t\t\t\t\t\t\t<label id=\"srfm-label-d99b324d-lbl-WW91ciBOYW1l\" for=\"srfm-input-d99b324d-lbl-WW91ciBOYW1l\" class=\"srfm-block-label\">\n\t\t\t\t\t\tSeu nome\t\t\t\t\t\t\t\t\t\t\t\t\t<span class=\"srfm-required\" aria-hidden=\"true\"> *<\/span>\n\t\t\t\t\t\t\t\t\t\t\t<\/label>\n\t\t\t\t\t\t\t\t\t\t\t\t<div class=\"srfm-block-wrap\">\n\t\t\t\t<input class=\"srfm-input-common srfm-input-input\" type=\"text\" name=\"srfm-input-d99b324d-lbl-WW91ciBOYW1l-your-name\" id=\"srfm-input-d99b324d-lbl-WW91ciBOYW1l\"\n\t\t\t\t\taria-describedby='srfm-error-d99b324d'\t\t\t\t\tdata-required=\"true\" aria-required=\"true\" data-unique=\"false\" maxlength=\"100\" value=\"\"  data-srfm-mask=\"none\"   \/>\n\t\t\t\t<\/div>\n\t\t\t\t<div class=\"srfm-error-wrap\">\n\t\t\t\t\t\t\t\t\t\t<div class=\"srfm-error-message\" data-srfm-id=\"srfm-error-d99b324d\" data-error-msg=\"This field is required.\" data-unique-msg=\"Value needs to be unique.\">\n\t\t\t\t\t\tEsse campo \u00e9 obrigat\u00f3rio.\t\t\t\t\t<\/div>\n\t\t\t\t\t\t\t\t\t<\/div>\n\t\t\t<\/div>\n\t\t\n\n\t\t\t<div data-block-id=\"5e0cc115\" class=\"srfm-block-single srfm-block srfm-email-block srf-email-5e0cc115-block  srfm-block-width-100 srfm-slug-your-email 1218 srfm-email-block-wrap\">\n\t\t\t\t<div class=\"srfm-email-block srf-email-5e0cc115-block\">\n\t\t\t\t\t\t\t\t\t\t<label id=\"srfm-label-5e0cc115-lbl-WW91ciBFbWFpbA\" for=\"srfm-email-5e0cc115-lbl-WW91ciBFbWFpbA\" class=\"srfm-block-label\">\n\t\t\t\t\t\tSeu e-mail\t\t\t\t\t\t\t\t\t\t\t\t\t<span class=\"srfm-required\" aria-hidden=\"true\"> *<\/span>\n\t\t\t\t\t\t\t\t\t\t\t<\/label>\n\t\t\t\t\t\t\t\t\t\t\t\t\t\t\t<div class=\"srfm-block-wrap\">\n\t\t\t\t\t\t<input class=\"srfm-input-common srfm-input-email\" type=\"email\" name=\"srfm-email-5e0cc115-lbl-WW91ciBFbWFpbA-your-email\" id=\"srfm-email-5e0cc115-lbl-WW91ciBFbWFpbA\"\n\t\t\t\t\t\taria-describedby='srfm-error-5e0cc115'\t\t\t\t\t\tdata-required=\"true\" aria-required=\"true\" data-unique=\"false\" value=\"\"   \/>\n\t\t\t\t\t<\/div>\n\t\t\t\t\t<div class=\"srfm-error-wrap\">\n\t\t\t\t\t\t\t\t\t\t\t<div class=\"srfm-error-message\" data-srfm-id=\"srfm-error-5e0cc115\" data-error-msg=\"This field is required.\" data-unique-msg=\"Value needs to be unique.\">\n\t\t\t\t\t\tEsse campo \u00e9 obrigat\u00f3rio.\t\t\t\t\t<\/div>\n\t\t\t\t\t\t\t\t\t\t<\/div>\n\t\t\t\t<\/div>\n\t\t\t\t\t\t\t<\/div>\n\t\t\n\n\t\t<div data-block-id=\"a93fc450\" class=\"srfm-block-single srfm-block srfm-phone-block srf-phone-a93fc450-block srfm-block-width-100 1218\">\n\t\t\t\t\t\t\t\t<label id=\"srfm-label-a93fc450-lbl-UGhvbmUgTnVtYmVy\" for=\"srfm-phone-a93fc450-lbl-UGhvbmUgTnVtYmVy\" class=\"srfm-block-label\">\n\t\t\t\t\t\tN\u00famero de telefone\t\t\t\t\t\t\t\t\t\t\t<\/label>\n\t\t\t\t\t\t\t\t\t\t\t\t\t<div class=\"srfm-description\" id=\"srfm-description-a93fc450\">\n\t\t\t\t\t\tSeu n\u00famero de telefone (opcional)\t\t\t\t\t<\/div>\n\t\t\t\t\t\t\t\t<div class=\"srfm-block-wrap\">\n\t\t\t\t<input type=\"tel\"\n\t\t\t\t\tclass=\"srfm-input-common srfm-input-phone\"\n\t\t\t\t\tname=\"srfm-phone-a93fc450-lbl-UGhvbmUgTnVtYmVy-srfm-phone\"\n\t\t\t\t\tid=\"srfm-phone-a93fc450-lbl-UGhvbmUgTnVtYmVy\"\n\t\t\t\t\taria-describedby='srfm-error-a93fc450 srfm-description-a93fc450'\t\t\t\t\tdata-required=\"false\"\n\t\t\t\t\taria-required=\"false\"\n\t\t\t\t\tauto-country=\"true\"\n\t\t\t\t\tdefault-country=\"\"\n\t\t\t\t\t\t\t\t\t\tvalue=\"\"\n\t\t\t\t\t\t\t\t\t\tdata-unique=\"false\">\n\t\t\t<\/div>\n\t\t\t<div class=\"srfm-error-wrap\">\n\t\t\t\t\t\t\t\t\t<div class=\"srfm-error-message\" data-srfm-id=\"srfm-error-a93fc450\" data-error-msg=\"This field is required.\" data-unique-msg=\"Value needs to be unique.\">\n\t\t\t\t\t\tEsse campo \u00e9 obrigat\u00f3rio.\t\t\t\t\t<\/div>\n\t\t\t\t\t\t\t\t<\/div>\n\t\t<\/div>\n\t\t\n\n\t\t\t<div data-block-id=\"a5e9b3e1\" class=\"srfm-block-single srfm-block srfm-input-block srf-input-a5e9b3e1-block  srfm-block-width-100 srfm-slug-subject 1218\" >\n\t\t\t\t\t\t\t\t<label id=\"srfm-label-a5e9b3e1-lbl-Q29tcGFueSBOYW1l\" for=\"srfm-input-a5e9b3e1-lbl-Q29tcGFueSBOYW1l\" class=\"srfm-block-label\">\n\t\t\t\t\t\tnome da empresa\t\t\t\t\t\t\t\t\t\t\t<\/label>\n\t\t\t\t\t\t\t\t\t\t\t\t\t<div class=\"srfm-description\" id=\"srfm-description-a5e9b3e1\">\n\t\t\t\t\t\tNome da sua empresa (opcional)\t\t\t\t\t<\/div>\n\t\t\t\t\t\t\t\t\t<div class=\"srfm-block-wrap\">\n\t\t\t\t<input class=\"srfm-input-common srfm-input-input\" type=\"text\" name=\"srfm-input-a5e9b3e1-lbl-Q29tcGFueSBOYW1l-subject\" id=\"srfm-input-a5e9b3e1-lbl-Q29tcGFueSBOYW1l\"\n\t\t\t\t\taria-describedby='srfm-error-a5e9b3e1 srfm-description-a5e9b3e1'\t\t\t\t\tdata-required=\"false\" aria-required=\"false\" data-unique=\"false\" maxlength=\"100\" value=\"\"  data-srfm-mask=\"none\"   \/>\n\t\t\t\t<\/div>\n\t\t\t\t<div class=\"srfm-error-wrap\">\n\t\t\t\t\t\t\t\t\t\t<div class=\"srfm-error-message\" data-srfm-id=\"srfm-error-a5e9b3e1\" data-error-msg=\"This field is required.\" data-unique-msg=\"Value needs to be unique.\">\n\t\t\t\t\t\tEsse campo \u00e9 obrigat\u00f3rio.\t\t\t\t\t<\/div>\n\t\t\t\t\t\t\t\t\t<\/div>\n\t\t\t<\/div>\n\t\t\n\n\t\t<div data-block-id=\"644ea5d6\" class=\"srfm-block-single srfm-block srfm-textarea-block srf-textarea-644ea5d6-block  srfm-block-width-100 1218\">\n\t\t\t\t\t\t\t\t<label id=\"srfm-label-644ea5d6-lbl-UHJvamVjdCBEZXRhaWxzIC8gUmVxdWlyZW1lbnRz-9915\" for=\"srfm-textarea-644ea5d6-lbl-UHJvamVjdCBEZXRhaWxzIC8gUmVxdWlyZW1lbnRz-9915\" class=\"srfm-block-label\">\n\t\t\t\t\t\tDetalhes\/Requisitos do Projeto\t\t\t\t\t\t\t\t\t\t\t\t\t<span class=\"srfm-required\" aria-hidden=\"true\"> *<\/span>\n\t\t\t\t\t\t\t\t\t\t\t<\/label>\n\t\t\t\t\t\t\t\t\t\t\t\t\t<div class=\"srfm-description\" id=\"srfm-description-644ea5d6\">\n\t\t\t\t\t\tPor favor, inclua o material, a quantidade, a toler\u00e2ncia, as dimens\u00f5es ou quaisquer requisitos espec\u00edficos.\t\t\t\t\t<\/div>\n\t\t\t\t\t\t\t\t<div class=\"srfm-block-wrap\">\n\t\t\t\t<textarea\n\t\t\t\t\tclass=\"srfm-input-common srfm-input-textarea\"\n\t\t\t\t\tname=\"srfm-textarea-644ea5d6-lbl-UHJvamVjdCBEZXRhaWxzIC8gUmVxdWlyZW1lbnRz-your-message\"\n\t\t\t\t\tid=\"srfm-textarea-644ea5d6-lbl-UHJvamVjdCBEZXRhaWxzIC8gUmVxdWlyZW1lbnRz-9915\"\n\t\t\t\t\taria-describedby='srfm-error-644ea5d6 srfm-description-644ea5d6'\t\t\t\t\tdata-required=\"true\" aria-required=\"true\"  rows=\"6\"  \t\t\t\t\t\t\t\t\t\t\t\t\t\t\t><\/textarea>\n\t\t\t\t\t\t\t<\/div>\n\t\t\t<div class=\"srfm-error-wrap\">\n\t\t\t\t\t\t\t\t\t<div class=\"srfm-error-message\" data-srfm-id=\"srfm-error-644ea5d6\" data-error-msg=\"This field is required.\">\n\t\t\t\t\t\tEsse campo \u00e9 obrigat\u00f3rio.\t\t\t\t\t<\/div>\n\t\t\t\t\t\t\t\t<\/div>\n\t\t<\/div>\n\n\t\t\t\t\t\t\t\n\t\t\t\t\t\n\t\t\t\t\t<div class=\"srfm-submit-container\" style=\"\">\n\t\t\t\t\t\t<div style=\"width: ; text-align: left\" class=\"wp-block-button\">\n\t\t\t\t\t\t\t\t\t\t\t\t\t\t\t\t\t\t\t<button style=\"\" id=\"srfm-submit-btn\" class=\"srfm-btn-frontend srfm-button srfm-submit-button\"\n\t\t\t\t\t\t\t\t\t\t\t\t\t\t>\n\t\t\t\t\t\t\t\t<div class=\"srfm-submit-wrap\">\n\t\t\t\t\t\t\t\t\tENVIAR MENSAGEM\t\t\t\t\t\t\t\t<div class=\"srfm-loader\"><\/div>\n\t\t\t\t\t\t\t\t<\/div>\n\t\t\t\t\t\t\t<\/button>\n\t\t\t\t\t\t\t\t\t\t\t\t\t\t\t\t\t\t<\/div>\n\t\t\t\t\t<\/div>\n\t\t\t\t\t\t\t<p id=\"srfm-error-message\" class=\"srfm-common-error-message srfm-error-message srfm-footer-error\" hidden>\t\t<span class=\"srfm-icon\" aria-hidden=\"true\">\n\t\t\t<svg xmlns='http:\/\/www.w3.org\/2000\/svg' width='20' height='20' fill='none'><path d='M9.99935 18.3327C14.6017 18.3327 18.3327 14.6017 18.3327 9.99935C18.3327 5.39698 14.6017 1.66602 9.99935 1.66602C5.39698 1.66602 1.66602 5.39698 1.66602 9.99935C1.66602 14.6017 5.39698 18.3327 9.99935 18.3327Z' stroke='currentColor' stroke-width='1.5' stroke-linecap='round' stroke-linejoin='round' \/><path d='M10 6.66602V9.99935' stroke='currentColor' stroke-width='1.5' stroke-linecap='round' stroke-linejoin='round' \/><path d='M10 13.334H10.0083' stroke='currentColor' stroke-width='1.5' stroke-linecap='round' stroke-linejoin='round' \/><\/svg>\t\t<\/span>\n\t\t<span class=\"srfm-error-content\">Ocorreu um erro ao tentar enviar seu formul\u00e1rio. Por favor, tente novamente.<\/span><\/p>\n\t\t\t\t\t<input type=\"hidden\" name=\"trp-form-language\" value=\"pt\"\/><\/form>\n\t\t\t<div class=\"srfm-single-form srfm-success-box in-page\">\n\t\t\t\t<div aria-live=\"polite\" aria-atomic=\"true\" role=\"alert\" id=\"srfm-success-message-page-1218\" class=\"srfm-success-box-description\"><\/div>\n\t\t\t<\/div>\n\t\t\t\t\t\t<\/div>\n\t\t\n<\/div><\/div>\n\n\n\n<div class=\"wp-block-uagb-container uagb-block-6c4bc05a alignfull uagb-is-root-container\">\t\t\t<div \n\t\t\tclass=\"wp-block-uagb-google-map uagb-google-map__wrap uagb-block-e17a1860\"\n\t\t\tstyle=\"\" >\n\t\t\t\t<embed\n\t\t\t\t\tclass=\"uagb-google-map__iframe\"\n\t\t\t\t\ttitle=\"Mapa do Google para \"\n\t\t\t\t\tsrc=\"https:\/\/maps.google.com\/maps?q=Gaobu%20Town%2C%20Dongguan%20City&#038;z=14&#038;hl=en&#038;t=m&#038;output=embed&#038;iwloc=near\"\n\t\t\t\t\twidth=\"640\"\n\t\t\t\t\theight=\"480\"\n\t\t\t\t\tloading=\"lazy\"\n\t\t\t\t><\/embed>\n\t\t\t<\/div>\n\t\t\t<\/div>","protected":false},"excerpt":{"rendered":"<p>Contact Us\u200b Huade is a CNC machining company specializing in high-precision parts for various industries including robotics, automotive, and electronics. Located in Dongguan, China, we provide CNC milling, turning, and prototyping services with \u00b10.01mm accuracy and rapid turnaround. If you are looking for a trustworthy CNC machining company with fast lead times and competitive pricing, [&hellip;]<\/p>\n","protected":false},"author":2,"featured_media":0,"parent":0,"menu_order":0,"comment_status":"closed","ping_status":"closed","template":"","meta":{"_acf_changed":false,"_uag_custom_page_level_css":"","site-sidebar-layout":"no-sidebar","site-content-layout":"plain-container","ast-site-content-layout":"normal-width-container","site-content-style":"unboxed","site-sidebar-style":"unboxed","ast-global-header-display":"","ast-banner-title-visibility":"","ast-main-header-display":"","ast-hfb-above-header-display":"","ast-hfb-below-header-display":"","ast-hfb-mobile-header-display":"","site-post-title":"disabled","ast-breadcrumbs-content":"","ast-featured-img":"","footer-sml-layout":"","ast-disable-related-posts":"","theme-transparent-header-meta":"disabled","adv-header-id-meta":"","stick-header-meta":"","header-above-stick-meta":"","header-main-stick-meta":"","header-below-stick-meta":"","astra-migrate-meta-layouts":"set","ast-page-background-enabled":"default","ast-page-background-meta":{"desktop":{"background-color":"","background-image":"","background-repeat":"repeat","background-position":"center center","background-size":"auto","background-attachment":"scroll","background-type":"","background-media":"","overlay-type":"","overlay-color":"","overlay-opacity":"","overlay-gradient":""},"tablet":{"background-color":"","background-image":"","background-repeat":"repeat","background-position":"center center","background-size":"auto","background-attachment":"scroll","background-type":"","background-media":"","overlay-type":"","overlay-color":"","overlay-opacity":"","overlay-gradient":""},"mobile":{"background-color":"","background-image":"","background-repeat":"repeat","background-position":"center center","background-size":"auto","background-attachment":"scroll","background-type":"","background-media":"","overlay-type":"","overlay-color":"","overlay-opacity":"","overlay-gradient":""}},"ast-content-background-meta":{"desktop":{"background-color":"var(--ast-global-color-5)","background-image":"","background-repeat":"repeat","background-position":"center center","background-size":"auto","background-attachment":"scroll","background-type":"","background-media":"","overlay-type":"","overlay-color":"","overlay-opacity":"","overlay-gradient":""},"tablet":{"background-color":"var(--ast-global-color-5)","background-image":"","background-repeat":"repeat","background-position":"center center","background-size":"auto","background-attachment":"scroll","background-type":"","background-media":"","overlay-type":"","overlay-color":"","overlay-opacity":"","overlay-gradient":""},"mobile":{"background-color":"var(--ast-global-color-5)","background-image":"","background-repeat":"repeat","background-position":"center center","background-size":"auto","background-attachment":"scroll","background-type":"","background-media":"","overlay-type":"","overlay-color":"","overlay-opacity":"","overlay-gradient":""}},"footnotes":""},"class_list":["post-801","page","type-page","status-publish","hentry"],"acf":[],"uagb_featured_image_src":{"full":false,"thumbnail":false,"medium":false,"medium_large":false,"large":false,"1536x1536":false,"2048x2048":false,"trp-custom-language-flag":false},"uagb_author_info":{"display_name":"Huade CNC","author_link":"https:\/\/cms.hdproto.com\/pt\/author\/sales\/"},"uagb_comment_info":0,"uagb_excerpt":"Contact Us\u200b Huade is a CNC machining company specializing in high-precision parts for various industries including robotics, automotive, and electronics. Located in Dongguan, China, we provide CNC milling, turning, and prototyping services with \u00b10.01mm accuracy and rapid turnaround. If you are looking for a trustworthy CNC machining company with fast lead times and competitive pricing,&hellip;","_links":{"self":[{"href":"https:\/\/cms.hdproto.com\/pt\/wp-json\/wp\/v2\/pages\/801","targetHints":{"allow":["GET"]}}],"collection":[{"href":"https:\/\/cms.hdproto.com\/pt\/wp-json\/wp\/v2\/pages"}],"about":[{"href":"https:\/\/cms.hdproto.com\/pt\/wp-json\/wp\/v2\/types\/page"}],"author":[{"embeddable":true,"href":"https:\/\/cms.hdproto.com\/pt\/wp-json\/wp\/v2\/users\/2"}],"replies":[{"embeddable":true,"href":"https:\/\/cms.hdproto.com\/pt\/wp-json\/wp\/v2\/comments?post=801"}],"version-history":[{"count":14,"href":"https:\/\/cms.hdproto.com\/pt\/wp-json\/wp\/v2\/pages\/801\/revisions"}],"predecessor-version":[{"id":4297,"href":"https:\/\/cms.hdproto.com\/pt\/wp-json\/wp\/v2\/pages\/801\/revisions\/4297"}],"wp:attachment":[{"href":"https:\/\/cms.hdproto.com\/pt\/wp-json\/wp\/v2\/media?parent=801"}],"curies":[{"name":"wp","href":"https:\/\/api.w.org\/{rel}","templated":true}]}}