{"id":798,"date":"2025-07-09T02:39:42","date_gmt":"2025-07-09T02:39:42","guid":{"rendered":"https:\/\/hdproto.com\/about\/"},"modified":"2026-03-24T06:02:54","modified_gmt":"2026-03-24T06:02:54","slug":"sobre-fabricantes-de-usinagem-de-precisao-cnc","status":"publish","type":"page","link":"https:\/\/cms.hdproto.com\/pt\/about-cnc-precision-machining-manufacturers\/","title":{"rendered":"Sobre"},"content":{"rendered":"<div class=\"wp-block-uagb-container uagb-block-ea8750ae alignfull uagb-is-root-container\">\n<div class=\"wp-block-uagb-advanced-heading uagb-block-5d0596af\"><h1 class=\"uagb-heading-text\">Sobre n\u00f3s<\/h1><\/div>\n<\/div>\n\n\n\n<div class=\"wp-block-uagb-container uagb-layout-grid uagb-block-32e874b4 alignfull uagb-is-root-container\"><div class=\"uagb-container-inner-blocks-wrap\">\n<div class=\"wp-block-uagb-info-box uagb-block-fbae65f3 uagb-infobox__content-wrap  uagb-infobox-icon-above-title uagb-infobox-image-valign-top\"><div class=\"uagb-ifb-content\"><div class=\"uagb-ifb-title-wrap\"><h5 class=\"uagb-ifb-title-prefix\">Fabricantes confi\u00e1veis de usinagem CNC de precis\u00e3o na China<\/h5><h3 class=\"uagb-ifb-title\">Precis\u00e3o, Excel\u00eancia e Parcerias CNC<br><\/h3><\/div><p class=\"uagb-ifb-desc\">No <strong>Huade<\/strong>, Nosso foco \u00e9 fornecer servi\u00e7os de usinagem CNC de precis\u00e3o com inova\u00e7\u00e3o e confiabilidade. Nossa equipe est\u00e1 comprometida com a precis\u00e3o, solu\u00e7\u00f5es econ\u00f4micas e a cria\u00e7\u00e3o de valor a longo prazo para clientes em todo o mundo.<br><br>O nome de dom\u00ednio <strong><a href=\"http:\/\/hdproto.com\" target=\"_blank\" rel=\"noreferrer noopener\">hdproto.com<\/a><\/strong> reflete nossa especializa\u00e7\u00e3o: <strong>\u201cHD\u201d significa Huade<\/strong>, e <strong>\u201cProto\u201d enfatiza nosso servi\u00e7o de prototipagem r\u00e1pida.<\/strong>\u2014uma das nossas principais ofertas para clientes globais.<\/p><\/div><\/div>\n\n\n\n<div class=\"wp-block-uagb-info-box uagb-block-54f3395c uagb-infobox__content-wrap  uagb-infobox-icon-above-title uagb-infobox-image-valign-top\"><div class=\"uagb-ifb-content\"><div class=\"uagb-ifb-title-wrap\"><h3 class=\"uagb-ifb-title\">Fabricante de CNC de confian\u00e7a desde 2010<\/h3><\/div><p class=\"uagb-ifb-desc\"><strong>Dongguan Huade Precision Manufacturing Co., Ltd<\/strong>. A empresa se especializa em componentes CNC de alta precis\u00e3o para as ind\u00fastrias automotiva, aeroespacial, m\u00e9dica e eletr\u00f4nica h\u00e1 mais de uma d\u00e9cada.<br><br>Temos orgulho de apoiar clientes em mais de <strong>15 pa\u00edses<\/strong>, com mais de <strong>5.000 pe\u00e7as exclusivas usinadas em CNC entregues<\/strong> em diversos setores em todo o mundo.<br><br>\ud83d\udccd 1\u00ba andar, Edif\u00edcio 2, n\u00ba 5, Rua Jiangcheng Oeste 1, Cidade de Gaobu, Dongguan, Prov\u00edncia de Guangdong, China.<br>\ud83d\udcde +86 13392711394<br>\ud83c\udf10 <a href=\"https:\/\/hdproto.com\" target=\"_blank\" rel=\"noreferrer noopener\">hdproto.com<\/a><\/p><\/div><\/div>\n<\/div><\/div>\n\n\n\n<div class=\"wp-block-uagb-container uagb-block-4c6e127b alignfull uagb-is-root-container\"><div class=\"uagb-container-inner-blocks-wrap\">\n<div class=\"wp-block-uagb-container uagb-block-6be40f00 alignfull uagb-is-root-container\"><div class=\"uagb-container-inner-blocks-wrap\">\n<div class=\"wp-block-uagb-container uagb-layout-grid uagb-block-f4b0440c\">\n<div class=\"wp-block-uagb-info-box uagb-block-e7c5835b uagb-infobox__content-wrap  uagb-infobox-icon-above-title uagb-infobox-image-valign-top\"><div class=\"uagb-ifb-content\"><div class=\"uagb-ifb-title-wrap\"><h5 class=\"uagb-ifb-title-prefix\">\ud83d\udc49 <strong>Por que clientes globais confiam na Huade Precision?<\/strong><\/h5><h2 class=\"uagb-ifb-title\">Os n\u00fameros falam por si mesmos.<\/h2><\/div><\/div><\/div>\n\n\n\n<div class=\"wp-block-uagb-counter uagb-block-24a0b4ad wp-block-uagb-counter--number\"><div class=\"wp-block-uagb-counter__number\"><span class=\"uagb-counter-block-number\" data-duration=\"2\" data-to-value=\"5000\" data-from-value=\"0\" data-delimiter=\",\"><\/span><\/div><div class=\"wp-block-uagb-counter__title\">Tipos de pe\u00e7as exclusivas<\/div><\/div>\n\n\n\n<div class=\"wp-block-uagb-counter uagb-block-14824e59 wp-block-uagb-counter--number\"><div class=\"wp-block-uagb-counter__number\"><span class=\"uagb-counter-block-number\" data-duration=\"2\" data-to-value=\"15\" data-from-value=\"0\" data-delimiter=\",\"><\/span><\/div><div class=\"wp-block-uagb-counter__title\">Anos de experi\u00eancia<\/div><\/div>\n\n\n\n<div class=\"wp-block-uagb-counter uagb-block-604bbe6f wp-block-uagb-counter--number\"><div class=\"wp-block-uagb-counter__number\"><span class=\"uagb-counter-block-number\" data-duration=\"2\" data-to-value=\"1000\" data-from-value=\"0\" data-delimiter=\",\"><\/span><\/div><div class=\"wp-block-uagb-counter__title\">Clientes globais atendidos<\/div><\/div>\n<\/div>\n\n\n\n<div class=\"wp-block-uagb-container uagb-block-5ac09c0f\">\n<div class=\"wp-block-columns is-layout-flex wp-container-core-columns-is-layout-28f84493 wp-block-columns-is-layout-flex\">\n<div class=\"wp-block-column is-layout-flow wp-block-column-is-layout-flow\">\n<figure class=\"wp-block-video\"><video height=\"720\" style=\"aspect-ratio: 960 \/ 720;\" width=\"960\" controls src=\"https:\/\/hdproto.com\/wp-content\/uploads\/2025\/08\/cnc-milling-machine-operation.mp4\"><\/video><\/figure>\n<\/div>\n\n\n\n<div class=\"wp-block-column is-layout-flow wp-block-column-is-layout-flow\">\n<p>Fabricante confi\u00e1vel de usinagem de precis\u00e3o CNC na China<\/p>\n\n\n\n<p>A Huade \u00e9 uma fabricante confi\u00e1vel de usinagem CNC de precis\u00e3o, fornecendo pe\u00e7as personalizadas de alta qualidade para ind\u00fastrias globais. Com anos de experi\u00eancia e equipamentos avan\u00e7ados, oferecemos solu\u00e7\u00f5es de produ\u00e7\u00e3o flex\u00edveis, desde prot\u00f3tipos at\u00e9 fabrica\u00e7\u00e3o em massa.<\/p>\n\n\n\n<p>Nosso compromisso com os detalhes, a qualidade e a entrega pontual conquistou a confian\u00e7a de clientes nos setores automotivo, aeroespacial, eletr\u00f4nico e outros. Seja nosso parceiro e obtenha pe\u00e7as de precis\u00e3o e um servi\u00e7o confi\u00e1vel que impulsionem o sucesso do seu neg\u00f3cio.<\/p>\n<\/div>\n<\/div>\n<\/div>\n\n\n\n<div class=\"wp-block-uagb-advanced-heading uagb-block-8e598847\"><h3 class=\"uagb-heading-text\">\ud83d\udc49 <strong>Cada detalhe importa \u2013 do prot\u00f3tipo \u00e0 produ\u00e7\u00e3o.<\/strong><br>Na Huade Precision, vamos al\u00e9m da fabrica\u00e7\u00e3o, inspecionando cada detalhe para garantir precis\u00e3o, funcionalidade e satisfa\u00e7\u00e3o. Seus objetivos impulsionam nosso processo e seu sucesso \u00e9 nossa prioridade.<\/h3><\/div>\n\n\n\n<div class=\"wp-block-uagb-container uagb-layout-grid uagb-block-2b8639e4\">\n<div class=\"wp-block-uagb-advanced-heading uagb-block-dda0e0fa\"><h4 class=\"uagb-heading-text\">Solu\u00e7\u00f5es Inovadoras<\/h4><p class=\"uagb-desc-text\">Oferecemos servi\u00e7os inovadores de usinagem CNC, personalizados para atender \u00e0s necessidades espec\u00edficas do seu produto. Do conceito \u00e0 entrega final, ajudamos voc\u00ea a superar desafios e dar vida \u00e0s suas ideias com precis\u00e3o incompar\u00e1vel.<\/p><\/div>\n\n\n\n<div class=\"wp-block-uagb-advanced-heading uagb-block-b946363e\"><h4 class=\"uagb-heading-text\">Qualidade insuper\u00e1vel<\/h4><p class=\"uagb-desc-text\">Nossas pe\u00e7as passam por um rigoroso controle de qualidade com toler\u00e2ncia de \u00b10,01 mm. Seja um prot\u00f3tipo ou uma produ\u00e7\u00e3o em massa, cada componente reflete nosso compromisso com a excel\u00eancia consistente.<\/p><\/div>\n\n\n\n<div class=\"wp-block-uagb-advanced-heading uagb-block-21f13684\"><h3 class=\"uagb-heading-text\">Oferecemos solu\u00e7\u00f5es confi\u00e1veis de usinagem CNC com prazos de entrega r\u00e1pidos e suporte \u00e1gil para ajudar sua empresa a crescer.<\/h3><\/div>\n<\/div>\n<\/div><\/div>\n\n\n\n<div class=\"wp-block-uagb-container uagb-block-e82ccc28\">\n<div class=\"wp-block-uagb-container uagb-block-2df923ca\"><\/div>\n<\/div>\n\n\n\n<p style=\"padding-right:var(--wp--preset--spacing--40);padding-left:var(--wp--preset--spacing--40)\">\ud83d\udccc Procurando por <strong>fabricantes confi\u00e1veis de usinagem CNC de precis\u00e3o<\/strong> Com capacidade para lidar tanto com prot\u00f3tipos complexos quanto com encomendas de grande escala? <strong>Precis\u00e3o Huade<\/strong> Oferecemos qualidade, rapidez e flexibilidade \u2014 tudo de uma \u00fanica fonte confi\u00e1vel na China. Vamos conversar sobre o seu projeto hoje mesmo.<\/p>\n\n\n\n<div class=\"wp-block-uagb-container uagb-block-27605643\">\n<div class=\"wp-block-columns is-layout-flex wp-container-core-columns-is-layout-954ec4bb wp-block-columns-is-layout-flex\" style=\"padding-right:var(--wp--preset--spacing--40);padding-left:var(--wp--preset--spacing--40)\">\n<div class=\"wp-block-column is-layout-flow wp-block-column-is-layout-flow\">\n<div class=\"wp-block-uagb-image uagb-block-e9332ac5 wp-block-uagb-image--layout-default wp-block-uagb-image--effect-static wp-block-uagb-image--align-none\"><figure class=\"wp-block-uagb-image__figure\"><img loading=\"lazy\" decoding=\"async\" srcset=\"https:\/\/hdproto.com\/wp-content\/uploads\/2025\/10\/Company-Reception-Area.jpg ,https:\/\/hdproto.com\/wp-content\/uploads\/2025\/10\/Company-Reception-Area.jpg 780w, https:\/\/hdproto.com\/wp-content\/uploads\/2025\/10\/Company-Reception-Area.jpg 360w\" sizes=\"auto, (max-width: 480px) 150px\" src=\"https:\/\/hdproto.com\/wp-content\/uploads\/2025\/10\/Company-Reception-Area.jpg\" alt=\"\u00c1rea de recep\u00e7\u00e3o da empresa Huade com balc\u00e3o de atendimento e logotipo da empresa na parede.\" class=\"uag-image-3164\" width=\"1067\" height=\"800\" title=\"\u00c1rea de Recep\u00e7\u00e3o da Empresa Huade\" role=\"img\"\/><\/figure><\/div>\n<\/div>\n\n\n\n<div class=\"wp-block-column is-layout-flow wp-block-column-is-layout-flow\"><h3 class=\"wp-block-heading\" id=\"about-huade-precision-your-trusted-cnc-precision-machining-manufacturer-in-china\">Sobre a Huade Precision \u2013 Seu fabricante de usinagem CNC de precis\u00e3o de confian\u00e7a na China.<\/h3>\n\n\n<p>Desde 2010, <strong>Dongguan Huade Precision Manufacturing Co., Ltd.<\/strong> \u00e9 um fabricante confi\u00e1vel de usinagem CNC em Dongguan, na China, fornecendo componentes met\u00e1licos personalizados de alta precis\u00e3o com toler\u00e2ncias r\u00edgidas e acabamentos de superf\u00edcie excepcionais. Oferecemos suporte a uma ampla gama de setores, incluindo automotivo, aeroespacial, rob\u00f3tico, dispositivos m\u00e9dicos, eletr\u00f4nicos de consumo e energia.<\/p>\n\n\n\n<p>Como uma f\u00e1brica de usinagem CNC com servi\u00e7o completo, operamos centros de usinagem avan\u00e7ados de 3, 4 e 5 eixos, com o apoio de t\u00e9cnicos qualificados e um rigoroso sistema de qualidade com certifica\u00e7\u00e3o ISO. Seja para prototipagem r\u00e1pida ou produ\u00e7\u00e3o em lote, fornecemos precis\u00e3o de \u00b10,01 mm, retorno r\u00e1pido e qualidade confi\u00e1vel em materiais como alum\u00ednio, a\u00e7o inoxid\u00e1vel, lat\u00e3o, tit\u00e2nio e pl\u00e1sticos de engenharia.<\/p>\n<\/div>\n<\/div>\n<\/div>\n\n\n\n<div style=\"height:30px\" aria-hidden=\"true\" class=\"wp-block-spacer\"><\/div>\n\n\n<h2 class=\"wp-block-heading\" style=\"padding-right:var(--wp--preset--spacing--40);padding-left:var(--wp--preset--spacing--40)\" id=\"why-choose-us-among-cnc-precision-machining-manufacturers\">Por que escolher-nos entre os fabricantes de usinagem de precis\u00e3o CNC?<\/h2>\n\n\n<div class=\"wp-block-uagb-container uagb-block-db65e94f\">\n<div class=\"wp-block-uagb-info-box uagb-block-05abceaa uagb-infobox__content-wrap  uagb-infobox-icon-above-title uagb-infobox-image-valign-top\"><div class=\"uagb-ifb-content\"><div class=\"uagb-ifb-title-wrap\"><h3 class=\"uagb-ifb-title\">\u2705 <strong>Aprovado por clientes globais<\/strong><br><strong>com mais de 15 anos <\/strong><\/h3><\/div><p class=\"uagb-ifb-desc\">Com mais de 15 anos de experi\u00eancia em usinagem de precis\u00e3o CNC, conquistamos a confian\u00e7a de clientes em diversos setores e entregamos pe\u00e7as consistentemente dentro do prazo e com toler\u00e2ncias rigorosas.<\/p><\/div><\/div>\n<\/div>\n\n\n\n<div class=\"wp-block-uagb-container uagb-block-efbc577c\">\n<div class=\"wp-block-uagb-info-box uagb-block-c3784b15 uagb-infobox__content-wrap  uagb-infobox-icon-above-title uagb-infobox-image-valign-top\"><div class=\"uagb-ifb-content\"><div class=\"uagb-ifb-title-wrap\"><h3 class=\"uagb-ifb-title\">\u2705 <strong>Suporte de engenharia e <br>Servi\u00e7os de Consultoria DFM <\/strong><\/h3><\/div><p class=\"uagb-ifb-desc\">N\u00f3s vamos al\u00e9m da usinagem b\u00e1sica \u2014 nossa equipe<br>Fornece orienta\u00e7\u00f5es sobre DFM (Design for Manufacturing) e revis\u00e3o de projeto.<br>para reduzir custos e garantir a viabilidade de fabrica\u00e7\u00e3o.<br>antes mesmo do in\u00edcio da produ\u00e7\u00e3o.<\/p><\/div><\/div>\n<\/div>\n\n\n\n<div class=\"wp-block-uagb-container uagb-block-74574038\">\n<div class=\"wp-block-uagb-info-box uagb-block-cd2da091 uagb-infobox__content-wrap  uagb-infobox-icon-above-title uagb-infobox-image-valign-top\"><div class=\"uagb-ifb-content\"><div class=\"uagb-ifb-title-wrap\"><h3 class=\"uagb-ifb-title\">\u2705 <strong>Prototipagem CNC r\u00e1pida e<br>Entrega em curto prazo<\/strong><\/h3><\/div><p class=\"uagb-ifb-desc\">Precisa de resultados r\u00e1pidos? Entregamos pe\u00e7as usinadas por CNC.<br>prot\u00f3tipos em 2 a 3 dias, acelerando o processo.<br>seu desenvolvimento de produto enquanto<br>Mantendo uma precis\u00e3o excepcional.<\/p><\/div><\/div>\n<\/div>\n\n\n\n<div class=\"wp-block-uagb-container uagb-block-e0a636d0\">\n<div class=\"wp-block-uagb-info-box uagb-block-18d7a637 uagb-infobox__content-wrap  uagb-infobox-icon-above-title uagb-infobox-image-valign-top\"><div class=\"uagb-ifb-content\"><div class=\"uagb-ifb-title-wrap\"><h3 class=\"uagb-ifb-title\">\u2705 <strong>Equipamentos avan\u00e7ados e controle de toler\u00e2ncia<\/strong><\/h3><\/div><p class=\"uagb-ifb-desc\">Com centros CNC de alta velocidade e<br>Ferramentas de inspe\u00e7\u00e3o CMM de precis\u00e3o,<br>Garantimos que todos os componentes atendem aos padr\u00f5es de qualidade.<br>suas necessidades dimensionais exatas.<\/p><\/div><\/div>\n<\/div>\n\n\n\n<div class=\"wp-block-uagb-container uagb-block-18ef5428\">\n<div class=\"wp-block-uagb-info-box uagb-block-8ae9d05a uagb-infobox__content-wrap  uagb-infobox-icon-above-title uagb-infobox-image-valign-top\"><div class=\"uagb-ifb-content\"><div class=\"uagb-ifb-title-wrap\"><h3 class=\"uagb-ifb-title\">\u2705 <strong>Atendemos os mercados da Am\u00e9rica do Norte, \u00c1sia e Europa.<\/strong><\/h3><\/div><p class=\"uagb-ifb-desc\">Apoiamos clientes em todo o mundo com<br>Respostas r\u00e1pidas, servi\u00e7o multil\u00edngue,<br>log\u00edstica localizada e entrega direta da f\u00e1brica<br>Solu\u00e7\u00f5es adaptadas \u00e0 sua regi\u00e3o.<\/p><\/div><\/div>\n<\/div>\n\n\n\n<div class=\"wp-block-uagb-container uagb-block-65c6724b\">\n<div class=\"wp-block-uagb-info-box uagb-block-2e2f8b09 uagb-infobox__content-wrap  uagb-infobox-icon-above-title uagb-infobox-image-valign-top\"><div class=\"uagb-ifb-content\"><div class=\"uagb-ifb-title-wrap\"><h3 class=\"uagb-ifb-title\">\u2705 <strong>Certifica\u00e7\u00e3o ISO 9001 e 14001<br>Sistema de Gest\u00e3o da Qualidade<\/strong><\/h3><\/div><p class=\"uagb-ifb-desc\">Na Huade, seguimos rigorosos padr\u00f5es de usinagem ISO e nos mantemos informados sobre as tend\u00eancias do setor por meio da Statista para oferecer solu\u00e7\u00f5es CNC inteligentes e preparadas para o futuro.<\/p><\/div><\/div>\n<\/div>\n<\/div><\/div>\n\n\n\n<div class=\"wp-block-uagb-container uagb-layout-flex uagb-block-af5df69f alignfull uagb-is-root-container\"><div class=\"uagb-container-inner-blocks-wrap\">\n<div class=\"wp-block-uagb-call-to-action uagb-block-d83192c0 wp-block-button\"><div class=\"uagb-cta__wrap\"><h3 class=\"uagb-cta__title\">Precisa de solu\u00e7\u00f5es CNC r\u00e1pidas, precisas e escal\u00e1veis? Fale conosco hoje mesmo!<\/h3><p class=\"uagb-cta__desc\">Clique aqui para alterar este texto. Lorem ipsum dolor sit amet, consectetur adipiscing elit. Ut elit Tellus, luctus nec ullamcorper mattis, pulvinar dapibus leo.<\/p><\/div><div class=\"uagb-cta__buttons\"><a href=\"https:\/\/hdproto.com\/contact-cnc-machining-company\/\" class=\"uagb-cta__button-link-wrapper wp-block-button__link\" target=\"_blank\" rel=\"noopener noreferrer\">Saber mais<\/a><\/div><\/div>\n<\/div><\/div>\n\n\n\n<p><\/p>","protected":false},"excerpt":{"rendered":"<p>About Us Trusted CNC Precision Machining Manufacturer in China Huade is a reliable CNC precision machining manufacturers providing high-quality custom parts for global industries. With years of experience and advanced equipment, we offer flexible production solutions from prototype to mass manufacturing. Our commitment to detail, quality, and on-time delivery has earned the trust of clients [&hellip;]<\/p>\n","protected":false},"author":2,"featured_media":0,"parent":0,"menu_order":0,"comment_status":"closed","ping_status":"closed","template":"","meta":{"_acf_changed":false,"_uag_custom_page_level_css":"","site-sidebar-layout":"no-sidebar","site-content-layout":"plain-container","ast-site-content-layout":"normal-width-container","site-content-style":"unboxed","site-sidebar-style":"unboxed","ast-global-header-display":"","ast-banner-title-visibility":"","ast-main-header-display":"","ast-hfb-above-header-display":"","ast-hfb-below-header-display":"","ast-hfb-mobile-header-display":"","site-post-title":"disabled","ast-breadcrumbs-content":"","ast-featured-img":"disabled","footer-sml-layout":"","ast-disable-related-posts":"","theme-transparent-header-meta":"disabled","adv-header-id-meta":"","stick-header-meta":"","header-above-stick-meta":"","header-main-stick-meta":"","header-below-stick-meta":"","astra-migrate-meta-layouts":"set","ast-page-background-enabled":"default","ast-page-background-meta":{"desktop":{"background-color":"","background-image":"","background-repeat":"repeat","background-position":"center center","background-size":"auto","background-attachment":"scroll","background-type":"","background-media":"","overlay-type":"","overlay-color":"","overlay-opacity":"","overlay-gradient":""},"tablet":{"background-color":"","background-image":"","background-repeat":"repeat","background-position":"center center","background-size":"auto","background-attachment":"scroll","background-type":"","background-media":"","overlay-type":"","overlay-color":"","overlay-opacity":"","overlay-gradient":""},"mobile":{"background-color":"","background-image":"","background-repeat":"repeat","background-position":"center center","background-size":"auto","background-attachment":"scroll","background-type":"","background-media":"","overlay-type":"","overlay-color":"","overlay-opacity":"","overlay-gradient":""}},"ast-content-background-meta":{"desktop":{"background-color":"var(--ast-global-color-5)","background-image":"","background-repeat":"repeat","background-position":"center center","background-size":"auto","background-attachment":"scroll","background-type":"","background-media":"","overlay-type":"","overlay-color":"","overlay-opacity":"","overlay-gradient":""},"tablet":{"background-color":"var(--ast-global-color-5)","background-image":"","background-repeat":"repeat","background-position":"center center","background-size":"auto","background-attachment":"scroll","background-type":"","background-media":"","overlay-type":"","overlay-color":"","overlay-opacity":"","overlay-gradient":""},"mobile":{"background-color":"var(--ast-global-color-5)","background-image":"","background-repeat":"repeat","background-position":"center center","background-size":"auto","background-attachment":"scroll","background-type":"","background-media":"","overlay-type":"","overlay-color":"","overlay-opacity":"","overlay-gradient":""}},"footnotes":""},"class_list":["post-798","page","type-page","status-publish","hentry"],"acf":[],"uagb_featured_image_src":{"full":false,"thumbnail":false,"medium":false,"medium_large":false,"large":false,"1536x1536":false,"2048x2048":false,"trp-custom-language-flag":false},"uagb_author_info":{"display_name":"Huade CNC","author_link":"https:\/\/cms.hdproto.com\/pt\/author\/sales\/"},"uagb_comment_info":0,"uagb_excerpt":"About Us Trusted CNC Precision Machining Manufacturer in China Huade is a reliable CNC precision machining manufacturers providing high-quality custom parts for global industries. With years of experience and advanced equipment, we offer flexible production solutions from prototype to mass manufacturing. Our commitment to detail, quality, and on-time delivery has earned the trust of clients&hellip;","_links":{"self":[{"href":"https:\/\/cms.hdproto.com\/pt\/wp-json\/wp\/v2\/pages\/798","targetHints":{"allow":["GET"]}}],"collection":[{"href":"https:\/\/cms.hdproto.com\/pt\/wp-json\/wp\/v2\/pages"}],"about":[{"href":"https:\/\/cms.hdproto.com\/pt\/wp-json\/wp\/v2\/types\/page"}],"author":[{"embeddable":true,"href":"https:\/\/cms.hdproto.com\/pt\/wp-json\/wp\/v2\/users\/2"}],"replies":[{"embeddable":true,"href":"https:\/\/cms.hdproto.com\/pt\/wp-json\/wp\/v2\/comments?post=798"}],"version-history":[{"count":77,"href":"https:\/\/cms.hdproto.com\/pt\/wp-json\/wp\/v2\/pages\/798\/revisions"}],"predecessor-version":[{"id":4564,"href":"https:\/\/cms.hdproto.com\/pt\/wp-json\/wp\/v2\/pages\/798\/revisions\/4564"}],"wp:attachment":[{"href":"https:\/\/cms.hdproto.com\/pt\/wp-json\/wp\/v2\/media?parent=798"}],"curies":[{"name":"wp","href":"https:\/\/api.w.org\/{rel}","templated":true}]}}