{"id":4438,"date":"2026-03-24T04:00:49","date_gmt":"2026-03-24T04:00:49","guid":{"rendered":"https:\/\/hdproto.com\/?page_id=4438"},"modified":"2026-03-26T09:20:41","modified_gmt":"2026-03-26T09:20:41","slug":"equipamento-industrial-cnc","status":"publish","type":"page","link":"https:\/\/cms.hdproto.com\/pt\/industrial-equipment-cnc\/","title":{"rendered":"Equipamentos industriais"},"content":{"rendered":"<div class=\"wp-block-uagb-container uagb-block-yq7qffpv alignfull uagb-is-root-container\"><div class=\"uagb-container-inner-blocks-wrap\">\n<div class=\"wp-block-uagb-container uagb-block-d7hghkoy\">\n<div class=\"wp-block-uagb-info-box uagb-block-3h0g5fii uagb-infobox__content-wrap  uagb-infobox-icon-above-title uagb-infobox-image-valign-top\"><div class=\"uagb-ifb-content\"><div class=\"uagb-ifb-title-wrap\"><h2 class=\"uagb-ifb-title\">Usinagem CNC de precis\u00e3o para equipamentos industriais<\/h2><\/div><p class=\"uagb-ifb-desc\">Fornecemos solu\u00e7\u00f5es de usinagem CNC de alta precis\u00e3o para equipamentos industriais, incluindo pe\u00e7as estruturais, componentes hidr\u00e1ulicos e montagens complexas. Da prototipagem \u00e0 produ\u00e7\u00e3o, garantimos toler\u00e2ncias r\u00edgidas e desempenho confi\u00e1vel.<\/p><\/div><\/div>\n\n\n\n<div class=\"wp-block-uagb-buttons uagb-buttons__outer-wrap uagb-btn__default-btn uagb-btn-tablet__default-btn uagb-btn-mobile__default-btn uagb-block-3ed9mstp\"><div class=\"uagb-buttons__wrap uagb-buttons-layout-wrap\">\n<div class=\"wp-block-uagb-buttons-child uagb-buttons__outer-wrap uagb-block-b44aca4c wp-block-button\"><div class=\"uagb-button__wrapper\"><a class=\"uagb-buttons-repeater wp-block-button__link\" aria-label=\"\" href=\"https:\/\/hdproto.com\/contact-cnc-machining-company\/\" rel=\"follow noopener\" target=\"_blank\" role=\"button\"><div class=\"uagb-button__link\">Obter uma cota\u00e7\u00e3o \u2192<\/div><\/a><\/div><\/div>\n<\/div><\/div>\n<\/div>\n<\/div><\/div>\n\n\n\n<div class=\"wp-block-uagb-container uagb-block-w4iorpyp alignfull uagb-is-root-container\"><div class=\"uagb-container-inner-blocks-wrap\">\n<div class=\"wp-block-uagb-info-box uagb-block-e5qdzbx6 uagb-infobox__content-wrap  uagb-infobox-icon-above-title uagb-infobox-image-valign-top\"><div class=\"uagb-ifb-content\"><div class=\"uagb-ifb-title-wrap\"><h2 class=\"uagb-ifb-title\">Solu\u00e7\u00f5es de usinagem CNC industrial<\/h2><\/div><p class=\"uagb-ifb-desc\">Servi\u00e7os de usinagem CNC personalizada para equipamentos industriais, incluindo componentes hidr\u00e1ulicos, pe\u00e7as estruturais e montagens complexas com alta precis\u00e3o e confiabilidade.<\/p><\/div><\/div>\n\n\n\n<div class=\"wp-block-uagb-container uagb-block-nrq2u3qn\">\n<div class=\"wp-block-uagb-container uagb-block-h0ccmwn6\">\n<div class=\"wp-block-uagb-image alignleft uagb-block-4aaxs5js wp-block-uagb-image--layout-default wp-block-uagb-image--effect-static wp-block-uagb-image--align-left\"><figure class=\"wp-block-uagb-image__figure\"><img loading=\"lazy\" decoding=\"async\" srcset=\"https:\/\/hdproto.com\/wp-content\/uploads\/2026\/03\/cnc-machined-hydraulic-manifold-block-industrial.webp ,https:\/\/hdproto.com\/wp-content\/uploads\/2026\/03\/cnc-machined-hydraulic-manifold-block-industrial.webp 780w, https:\/\/hdproto.com\/wp-content\/uploads\/2026\/03\/cnc-machined-hydraulic-manifold-block-industrial.webp 360w\" sizes=\"auto, (max-width: 480px) 150px\" src=\"https:\/\/hdproto.com\/wp-content\/uploads\/2026\/03\/cnc-machined-hydraulic-manifold-block-industrial.webp\" alt=\"Blocos de coletores hidr\u00e1ulicos usinados em CNC com portas rosqueadas para sistemas de fluidos industriais\" class=\"uag-image-4500\" width=\"352\" height=\"260\" title=\"Componentes hidr\u00e1ulicos\" role=\"img\"\/><\/figure><\/div>\n\n\n\n<div class=\"wp-block-uagb-info-box uagb-block-idyxd9xc uagb-infobox__content-wrap  uagb-infobox-icon-above-title uagb-infobox-image-valign-top\"><div class=\"uagb-ifb-content\"><div class=\"uagb-ifb-title-wrap\"><h3 class=\"uagb-ifb-title\">Componentes hidr\u00e1ulicos<\/h3><\/div><p class=\"uagb-ifb-desc\">Usinagem CNC de precis\u00e3o de blocos de coletores hidr\u00e1ulicos e componentes do sistema de fluidos, garantindo desempenho sem vazamentos e controle r\u00edgido de toler\u00e2ncia.<\/p><\/div><\/div>\n\n\n\n<div class=\"wp-block-uagb-buttons uagb-buttons__outer-wrap uagb-btn__default-btn uagb-btn-tablet__default-btn uagb-btn-mobile__default-btn uagb-block-qtxzoipw\"><div class=\"uagb-buttons__wrap uagb-buttons-layout-wrap\">\n<div class=\"wp-block-uagb-buttons-child uagb-buttons__outer-wrap uagb-block-ziiavhy2 wp-block-button\"><div class=\"uagb-button__wrapper\"><a class=\"uagb-buttons-repeater wp-block-button__link\" aria-label=\"\" href=\"\/pt\/usinagem-de-bloco-de-coletor\/\" rel=\"follow noopener\" target=\"_blank\" role=\"button\"><div class=\"uagb-button__link\">Leia mais<\/div><span class=\"uagb-button__icon uagb-button__icon-position-after\"><svg xmlns=\"https:\/\/www.w3.org\/2000\/svg\" viewbox=\"0 0 320 512\" aria-hidden=\"true\" focussable=\"false\"><path d=\"M96 480c-8.188 0-16.38-3.125-22.62-9.375c-12.5-12.5-12.5-32.75 0-45.25L242.8 256L73.38 86.63c-12.5-12.5-12.5-32.75 0-45.25s32.75-12.5 45.25 0l192 192c12.5 12.5 12.5 32.75 0 45.25l-192 192C112.4 476.9 104.2 480 96 480z\"><\/path><\/svg><\/span><\/a><\/div><\/div>\n<\/div><\/div>\n<\/div>\n\n\n\n<div class=\"wp-block-uagb-container uagb-block-uhitjjn8\">\n<div class=\"wp-block-uagb-image alignleft uagb-block-lo6sbvwa wp-block-uagb-image--layout-default wp-block-uagb-image--effect-static wp-block-uagb-image--align-left\"><figure class=\"wp-block-uagb-image__figure\"><img loading=\"lazy\" decoding=\"async\" srcset=\"https:\/\/hdproto.com\/wp-content\/uploads\/2026\/03\/complex-cnc-machined-industrial-parts-anodized-components.webp ,https:\/\/hdproto.com\/wp-content\/uploads\/2026\/03\/complex-cnc-machined-industrial-parts-anodized-components.webp 780w, https:\/\/hdproto.com\/wp-content\/uploads\/2026\/03\/complex-cnc-machined-industrial-parts-anodized-components.webp 360w\" sizes=\"auto, (max-width: 480px) 150px\" src=\"https:\/\/hdproto.com\/wp-content\/uploads\/2026\/03\/complex-cnc-machined-industrial-parts-anodized-components.webp\" alt=\"Pe\u00e7as industriais complexas usinadas em CNC com superf\u00edcie anodizada e v\u00e1rios furos para montagem mec\u00e2nica\" class=\"uag-image-4501\" width=\"352\" height=\"260\" title=\"Pe\u00e7as CNC complexas\" role=\"img\"\/><\/figure><\/div>\n\n\n\n<div class=\"wp-block-uagb-info-box uagb-block-zbbi0ny2 uagb-infobox__content-wrap  uagb-infobox-icon-above-title uagb-infobox-image-valign-top\"><div class=\"uagb-ifb-content\"><div class=\"uagb-ifb-title-wrap\"><h3 class=\"uagb-ifb-title\">Pe\u00e7as CNC complexas<\/h3><\/div><p class=\"uagb-ifb-desc\">Fabrica\u00e7\u00e3o de pe\u00e7as industriais complexas com v\u00e1rios furos, cavidades e recursos de precis\u00e3o para aplica\u00e7\u00f5es de automa\u00e7\u00e3o e maquin\u00e1rio.<\/p><\/div><\/div>\n\n\n\n<div class=\"wp-block-uagb-buttons uagb-buttons__outer-wrap uagb-btn__default-btn uagb-btn-tablet__default-btn uagb-btn-mobile__default-btn uagb-block-01tlqosl\"><div class=\"uagb-buttons__wrap uagb-buttons-layout-wrap\">\n<div class=\"wp-block-uagb-buttons-child uagb-buttons__outer-wrap uagb-block-yr9zpzvf wp-block-button\"><div class=\"uagb-button__wrapper\"><a class=\"uagb-buttons-repeater wp-block-button__link\" aria-label=\"\" href=\"\/pt\/servicos-de-usinagem-cnc\/\" rel=\"follow noopener\" target=\"_blank\" role=\"button\"><div class=\"uagb-button__link\">Leia mais<\/div><span class=\"uagb-button__icon uagb-button__icon-position-after\"><svg xmlns=\"https:\/\/www.w3.org\/2000\/svg\" viewbox=\"0 0 320 512\" aria-hidden=\"true\" focussable=\"false\"><path d=\"M96 480c-8.188 0-16.38-3.125-22.62-9.375c-12.5-12.5-12.5-32.75 0-45.25L242.8 256L73.38 86.63c-12.5-12.5-12.5-32.75 0-45.25s32.75-12.5 45.25 0l192 192c12.5 12.5 12.5 32.75 0 45.25l-192 192C112.4 476.9 104.2 480 96 480z\"><\/path><\/svg><\/span><\/a><\/div><\/div>\n<\/div><\/div>\n<\/div>\n\n\n\n<div class=\"wp-block-uagb-container uagb-block-jwixhubj\">\n<div class=\"wp-block-uagb-image alignleft uagb-block-nfuq8zub wp-block-uagb-image--layout-default wp-block-uagb-image--effect-static wp-block-uagb-image--align-left\"><figure class=\"wp-block-uagb-image__figure\"><img loading=\"lazy\" decoding=\"async\" srcset=\"https:\/\/hdproto.com\/wp-content\/uploads\/2026\/03\/large-cnc-machined-aluminum-industrial-structure-part.webp ,https:\/\/hdproto.com\/wp-content\/uploads\/2026\/03\/large-cnc-machined-aluminum-industrial-structure-part.webp 780w, https:\/\/hdproto.com\/wp-content\/uploads\/2026\/03\/large-cnc-machined-aluminum-industrial-structure-part.webp 360w\" sizes=\"auto, (max-width: 480px) 150px\" src=\"https:\/\/hdproto.com\/wp-content\/uploads\/2026\/03\/large-cnc-machined-aluminum-industrial-structure-part.webp\" alt=\"grande componente estrutural de alum\u00ednio usinado por CNC com fendas e orif\u00edcios de precis\u00e3o\" class=\"uag-image-4502\" width=\"352\" height=\"260\" title=\"Pe\u00e7as estruturais CNC\" role=\"img\"\/><\/figure><\/div>\n\n\n\n<div class=\"wp-block-uagb-info-box uagb-block-5sr1gc9n uagb-infobox__content-wrap  uagb-infobox-icon-above-title uagb-infobox-image-valign-top\"><div class=\"uagb-ifb-content\"><div class=\"uagb-ifb-title-wrap\"><h3 class=\"uagb-ifb-title\">Pe\u00e7as estruturais CNC<\/h3><\/div><p class=\"uagb-ifb-desc\">Usinagem CNC personalizada de grandes componentes estruturais de alum\u00ednio para equipamentos industriais, proporcionando resist\u00eancia, estabilidade e precis\u00e3o.<\/p><\/div><\/div>\n\n\n\n<div class=\"wp-block-uagb-buttons uagb-buttons__outer-wrap uagb-btn__default-btn uagb-btn-tablet__default-btn uagb-btn-mobile__default-btn uagb-block-e1nrfwq2\"><div class=\"uagb-buttons__wrap uagb-buttons-layout-wrap\">\n<div class=\"wp-block-uagb-buttons-child uagb-buttons__outer-wrap uagb-block-tmncuuzo wp-block-button\"><div class=\"uagb-button__wrapper\"><a class=\"uagb-buttons-repeater wp-block-button__link\" aria-label=\"\" href=\"\/pt\/contato-usinagem-cnc\/\" rel=\"follow noopener\" target=\"_blank\" role=\"button\"><div class=\"uagb-button__link\">Leia mais<\/div><span class=\"uagb-button__icon uagb-button__icon-position-after\"><svg xmlns=\"https:\/\/www.w3.org\/2000\/svg\" viewbox=\"0 0 320 512\" aria-hidden=\"true\" focussable=\"false\"><path d=\"M96 480c-8.188 0-16.38-3.125-22.62-9.375c-12.5-12.5-12.5-32.75 0-45.25L242.8 256L73.38 86.63c-12.5-12.5-12.5-32.75 0-45.25s32.75-12.5 45.25 0l192 192c12.5 12.5 12.5 32.75 0 45.25l-192 192C112.4 476.9 104.2 480 96 480z\"><\/path><\/svg><\/span><\/a><\/div><\/div>\n<\/div><\/div>\n<\/div>\n<\/div>\n<\/div><\/div>\n\n\n\n<div class=\"wp-block-uagb-container uagb-block-td3evpgd alignfull uagb-is-root-container\"><div class=\"uagb-container-inner-blocks-wrap\">\n<div class=\"wp-block-uagb-container uagb-block-zoriafol\">\n<div class=\"wp-block-uagb-container uagb-block-cf40djbg\">\n<div class=\"wp-block-uagb-image alignleft uagb-block-odqkpg19 wp-block-uagb-image--layout-default wp-block-uagb-image--effect-static wp-block-uagb-image--align-left\"><figure class=\"wp-block-uagb-image__figure\"><img loading=\"lazy\" decoding=\"async\" srcset=\"https:\/\/hdproto.com\/wp-content\/uploads\/2026\/03\/cnc-machined-industrial-disc-black-anodized-aluminum.webp ,https:\/\/hdproto.com\/wp-content\/uploads\/2026\/03\/cnc-machined-industrial-disc-black-anodized-aluminum.webp 780w, https:\/\/hdproto.com\/wp-content\/uploads\/2026\/03\/cnc-machined-industrial-disc-black-anodized-aluminum.webp 360w\" sizes=\"auto, (max-width: 480px) 150px\" src=\"https:\/\/hdproto.com\/wp-content\/uploads\/2026\/03\/cnc-machined-industrial-disc-black-anodized-aluminum.webp\" alt=\"componente de disco industrial grande usinado por CNC em alum\u00ednio anodizado preto com ranhuras de precis\u00e3o\" class=\"uag-image-4503\" width=\"352\" height=\"260\" title=\"Componentes de disco usinados em CNC\" role=\"img\"\/><\/figure><\/div>\n\n\n\n<div class=\"wp-block-uagb-info-box uagb-block-yzota4r1 uagb-infobox__content-wrap  uagb-infobox-icon-above-title uagb-infobox-image-valign-top\"><div class=\"uagb-ifb-content\"><div class=\"uagb-ifb-title-wrap\"><h3 class=\"uagb-ifb-title\">Componentes de disco CNC<\/h3><\/div><p class=\"uagb-ifb-desc\">Torneamento e fresamento CNC de precis\u00e3o de componentes de disco para m\u00e1quinas industriais, garantindo superf\u00edcies lisas e dimens\u00f5es precisas.<\/p><\/div><\/div>\n\n\n\n<div class=\"wp-block-uagb-buttons uagb-buttons__outer-wrap uagb-btn__default-btn uagb-btn-tablet__default-btn uagb-btn-mobile__default-btn uagb-block-gwf1jynx\"><div class=\"uagb-buttons__wrap uagb-buttons-layout-wrap\">\n<div class=\"wp-block-uagb-buttons-child uagb-buttons__outer-wrap uagb-block-iuw8izyd wp-block-button\"><div class=\"uagb-button__wrapper\"><a class=\"uagb-buttons-repeater wp-block-button__link\" aria-label=\"\" href=\"\/pt\/contato-usinagem-cnc\/\" rel=\"follow noopener\" target=\"_blank\" role=\"button\"><div class=\"uagb-button__link\">Leia mais<\/div><span class=\"uagb-button__icon uagb-button__icon-position-after\"><svg xmlns=\"https:\/\/www.w3.org\/2000\/svg\" viewbox=\"0 0 320 512\" aria-hidden=\"true\" focussable=\"false\"><path d=\"M96 480c-8.188 0-16.38-3.125-22.62-9.375c-12.5-12.5-12.5-32.75 0-45.25L242.8 256L73.38 86.63c-12.5-12.5-12.5-32.75 0-45.25s32.75-12.5 45.25 0l192 192c12.5 12.5 12.5 32.75 0 45.25l-192 192C112.4 476.9 104.2 480 96 480z\"><\/path><\/svg><\/span><\/a><\/div><\/div>\n<\/div><\/div>\n<\/div>\n\n\n\n<div class=\"wp-block-uagb-container uagb-block-gn4ded6s\">\n<div class=\"wp-block-uagb-image alignleft uagb-block-ajh1egi8 wp-block-uagb-image--layout-default wp-block-uagb-image--effect-static wp-block-uagb-image--align-left\"><figure class=\"wp-block-uagb-image__figure\"><img loading=\"lazy\" decoding=\"async\" srcset=\"https:\/\/hdproto.com\/wp-content\/uploads\/2026\/03\/cnc-machined-aluminum-industrial-components-milled-parts.webp ,https:\/\/hdproto.com\/wp-content\/uploads\/2026\/03\/cnc-machined-aluminum-industrial-components-milled-parts.webp 780w, https:\/\/hdproto.com\/wp-content\/uploads\/2026\/03\/cnc-machined-aluminum-industrial-components-milled-parts.webp 360w\" sizes=\"auto, (max-width: 480px) 150px\" src=\"https:\/\/hdproto.com\/wp-content\/uploads\/2026\/03\/cnc-machined-aluminum-industrial-components-milled-parts.webp\" alt=\"Componentes de equipamentos industriais em alum\u00ednio fresado por CNC com superf\u00edcies curvas e furos rosqueados\" class=\"uag-image-4504\" width=\"352\" height=\"260\" title=\"Pe\u00e7as de alum\u00ednio de precis\u00e3o\" role=\"img\"\/><\/figure><\/div>\n\n\n\n<div class=\"wp-block-uagb-info-box uagb-block-2y7tuz6d uagb-infobox__content-wrap  uagb-infobox-icon-above-title uagb-infobox-image-valign-top\"><div class=\"uagb-ifb-content\"><div class=\"uagb-ifb-title-wrap\"><h3 class=\"uagb-ifb-title\">Pe\u00e7as de alum\u00ednio de precis\u00e3o<\/h3><\/div><p class=\"uagb-ifb-desc\">Usinagem CNC personalizada de pe\u00e7as de alum\u00ednio com excelente acabamento superficial e toler\u00e2ncias r\u00edgidas para aplica\u00e7\u00f5es em equipamentos industriais.<\/p><\/div><\/div>\n\n\n\n<div class=\"wp-block-uagb-buttons uagb-buttons__outer-wrap uagb-btn__default-btn uagb-btn-tablet__default-btn uagb-btn-mobile__default-btn uagb-block-c7wfeals\"><div class=\"uagb-buttons__wrap uagb-buttons-layout-wrap\">\n<div class=\"wp-block-uagb-buttons-child uagb-buttons__outer-wrap uagb-block-udesckso wp-block-button\"><div class=\"uagb-button__wrapper\"><a class=\"uagb-buttons-repeater wp-block-button__link\" aria-label=\"\" href=\"\/pt\/servicos-de-usinagem-cnc\/\" rel=\"follow noopener\" target=\"_blank\" role=\"button\"><div class=\"uagb-button__link\">Leia mais<\/div><span class=\"uagb-button__icon uagb-button__icon-position-after\"><svg xmlns=\"https:\/\/www.w3.org\/2000\/svg\" viewbox=\"0 0 320 512\" aria-hidden=\"true\" focussable=\"false\"><path d=\"M96 480c-8.188 0-16.38-3.125-22.62-9.375c-12.5-12.5-12.5-32.75 0-45.25L242.8 256L73.38 86.63c-12.5-12.5-12.5-32.75 0-45.25s32.75-12.5 45.25 0l192 192c12.5 12.5 12.5 32.75 0 45.25l-192 192C112.4 476.9 104.2 480 96 480z\"><\/path><\/svg><\/span><\/a><\/div><\/div>\n<\/div><\/div>\n<\/div>\n\n\n\n<div class=\"wp-block-uagb-container uagb-block-yjatj2gz\">\n<div class=\"wp-block-uagb-image alignleft uagb-block-6jwb5l7g wp-block-uagb-image--layout-default wp-block-uagb-image--effect-static wp-block-uagb-image--align-left\"><figure class=\"wp-block-uagb-image__figure\"><img loading=\"lazy\" decoding=\"async\" srcset=\"https:\/\/hdproto.com\/wp-content\/uploads\/2026\/03\/cnc-machined-industrial-bracket-anodized-aluminum.webp ,https:\/\/hdproto.com\/wp-content\/uploads\/2026\/03\/cnc-machined-industrial-bracket-anodized-aluminum.webp 780w, https:\/\/hdproto.com\/wp-content\/uploads\/2026\/03\/cnc-machined-industrial-bracket-anodized-aluminum.webp 360w\" sizes=\"auto, (max-width: 480px) 150px\" src=\"https:\/\/hdproto.com\/wp-content\/uploads\/2026\/03\/cnc-machined-industrial-bracket-anodized-aluminum.webp\" alt=\"Suporte industrial usinado em CNC feito de alum\u00ednio anodizado com furos de precis\u00e3o e estrutura de montagem\" class=\"uag-image-4505\" width=\"352\" height=\"260\" title=\"Componente de suporte industrial CNC\" role=\"img\"\/><\/figure><\/div>\n\n\n\n<div class=\"wp-block-uagb-info-box uagb-block-snq5x6rk uagb-infobox__content-wrap  uagb-infobox-icon-above-title uagb-infobox-image-valign-top\"><div class=\"uagb-ifb-content\"><div class=\"uagb-ifb-title-wrap\"><h3 class=\"uagb-ifb-title\">Suportes industriais<\/h3><\/div><p class=\"uagb-ifb-desc\">Suportes usinados em CNC e componentes de montagem projetados para sistemas mec\u00e2nicos, proporcionando resist\u00eancia, estabilidade e montagem precisa.<\/p><\/div><\/div>\n\n\n\n<div class=\"wp-block-uagb-buttons uagb-buttons__outer-wrap uagb-btn__default-btn uagb-btn-tablet__default-btn uagb-btn-mobile__default-btn uagb-block-lczvcdmz\"><div class=\"uagb-buttons__wrap uagb-buttons-layout-wrap\">\n<div class=\"wp-block-uagb-buttons-child uagb-buttons__outer-wrap uagb-block-zsqmgyd4 wp-block-button\"><div class=\"uagb-button__wrapper\"><a class=\"uagb-buttons-repeater wp-block-button__link\" aria-label=\"\" href=\"\/pt\/contato-usinagem-cnc\/\" rel=\"follow noopener\" target=\"_blank\" role=\"button\"><div class=\"uagb-button__link\">Leia mais<\/div><span class=\"uagb-button__icon uagb-button__icon-position-after\"><svg xmlns=\"https:\/\/www.w3.org\/2000\/svg\" viewbox=\"0 0 320 512\" aria-hidden=\"true\" focussable=\"false\"><path d=\"M96 480c-8.188 0-16.38-3.125-22.62-9.375c-12.5-12.5-12.5-32.75 0-45.25L242.8 256L73.38 86.63c-12.5-12.5-12.5-32.75 0-45.25s32.75-12.5 45.25 0l192 192c12.5 12.5 12.5 32.75 0 45.25l-192 192C112.4 476.9 104.2 480 96 480z\"><\/path><\/svg><\/span><\/a><\/div><\/div>\n<\/div><\/div>\n<\/div>\n<\/div>\n<\/div><\/div>\n\n\n\n<div class=\"wp-block-uagb-container uagb-block-hx8fxpxv alignfull uagb-is-root-container\"><div class=\"uagb-container-inner-blocks-wrap\">\n<div class=\"wp-block-uagb-image alignleft uagb-block-jcf66r3k wp-block-uagb-image--layout-default wp-block-uagb-image--effect-static wp-block-uagb-image--align-left\"><figure class=\"wp-block-uagb-image__figure\"><img loading=\"lazy\" decoding=\"async\" srcset=\"https:\/\/hdproto.com\/wp-content\/uploads\/2026\/03\/cnc-turned-brass-cone-industrial-components.webp ,https:\/\/hdproto.com\/wp-content\/uploads\/2026\/03\/cnc-turned-brass-cone-industrial-components.webp 780w, https:\/\/hdproto.com\/wp-content\/uploads\/2026\/03\/cnc-turned-brass-cone-industrial-components.webp 360w\" sizes=\"auto, (max-width: 480px) 150px\" src=\"https:\/\/hdproto.com\/wp-content\/uploads\/2026\/03\/cnc-turned-brass-cone-industrial-components.webp\" alt=\"Componentes de cone de lat\u00e3o torneados por CNC com acabamento de superf\u00edcie lisa para aplica\u00e7\u00f5es industriais\" class=\"uag-image-4506\" width=\"564\" height=\"450\" title=\"Pe\u00e7as de cone de lat\u00e3o torneadas com CNC de precis\u00e3o\" role=\"img\"\/><\/figure><\/div>\n\n\n\n<div class=\"wp-block-uagb-info-box uagb-block-53yvfq9k uagb-infobox__content-wrap  uagb-infobox-icon-above-title uagb-infobox-image-valign-top\"><div class=\"uagb-ifb-content\"><div class=\"uagb-ifb-title-wrap\"><h2 class=\"uagb-ifb-title\">Capacidade de usinagem CNC de alta precis\u00e3o<\/h2><\/div><p class=\"uagb-ifb-desc\">Recursos abrangentes de usinagem CNC que cobrem torneamento, fresamento e processamento complexo de v\u00e1rios eixos para componentes industriais.<br><br>Mantendo toler\u00e2ncias r\u00edgidas de at\u00e9 \u00b10,005 mm com rigoroso controle de qualidade e excelente integridade da superf\u00edcie.<br><br>Possibilitando prototipagem r\u00e1pida e produ\u00e7\u00e3o escal\u00e1vel com baixo MOQ e suporte de engenharia.<\/p><\/div><\/div>\n<\/div><\/div>\n\n\n\n<div class=\"wp-block-uagb-container uagb-block-pf8wieq0 alignfull uagb-is-root-container\"><div class=\"uagb-container-inner-blocks-wrap\">\n<div class=\"wp-block-uagb-info-box uagb-block-66ey2b4q uagb-infobox__content-wrap  uagb-infobox-icon-above-title uagb-infobox-image-valign-top\"><div class=\"uagb-ifb-content\"><div class=\"uagb-ifb-title-wrap\"><p class=\"uagb-ifb-title-prefix\">SOLICITAR UMA COTA\u00c7\u00c3O<\/p><h2 class=\"uagb-ifb-title\">Comece seu projeto CNC hoje mesmo\uff01<\/h2><\/div><\/div><\/div>\n\n\n\n<div class=\"wp-block-uagb-buttons uagb-buttons__outer-wrap uagb-btn__default-btn uagb-btn-tablet__default-btn uagb-btn-mobile__default-btn uagb-block-dxtywhvl\"><div class=\"uagb-buttons__wrap uagb-buttons-layout-wrap\">\n<div class=\"wp-block-uagb-buttons-child uagb-buttons__outer-wrap uagb-block-c9af44b2 wp-block-button\"><div class=\"uagb-button__wrapper\"><a class=\"uagb-buttons-repeater wp-block-button__link\" aria-label=\"\" href=\"https:\/\/hdproto.com\/contact-cnc-machining-company\/\" rel=\"follow noopener\" target=\"_blank\" role=\"button\"><div class=\"uagb-button__link\">Envie seu desenho \u2192<\/div><\/a><\/div><\/div>\n<\/div><\/div>\n<\/div><\/div>","protected":false},"excerpt":{"rendered":"","protected":false},"author":2,"featured_media":0,"parent":0,"menu_order":0,"comment_status":"closed","ping_status":"closed","template":"","meta":{"_acf_changed":false,"_uag_custom_page_level_css":"","site-sidebar-layout":"default","site-content-layout":"","ast-site-content-layout":"default","site-content-style":"default","site-sidebar-style":"default","ast-global-header-display":"","ast-banner-title-visibility":"","ast-main-header-display":"","ast-hfb-above-header-display":"","ast-hfb-below-header-display":"","ast-hfb-mobile-header-display":"","site-post-title":"","ast-breadcrumbs-content":"","ast-featured-img":"","footer-sml-layout":"","ast-disable-related-posts":"","theme-transparent-header-meta":"","adv-header-id-meta":"","stick-header-meta":"","header-above-stick-meta":"","header-main-stick-meta":"","header-below-stick-meta":"","astra-migrate-meta-layouts":"set","ast-page-background-enabled":"default","ast-page-background-meta":{"desktop":{"background-color":"","background-image":"","background-repeat":"repeat","background-position":"center center","background-size":"auto","background-attachment":"scroll","background-type":"","background-media":"","overlay-type":"","overlay-color":"","overlay-opacity":"","overlay-gradient":""},"tablet":{"background-color":"","background-image":"","background-repeat":"repeat","background-position":"center center","background-size":"auto","background-attachment":"scroll","background-type":"","background-media":"","overlay-type":"","overlay-color":"","overlay-opacity":"","overlay-gradient":""},"mobile":{"background-color":"","background-image":"","background-repeat":"repeat","background-position":"center center","background-size":"auto","background-attachment":"scroll","background-type":"","background-media":"","overlay-type":"","overlay-color":"","overlay-opacity":"","overlay-gradient":""}},"ast-content-background-meta":{"desktop":{"background-color":"var(--ast-global-color-5)","background-image":"","background-repeat":"repeat","background-position":"center center","background-size":"auto","background-attachment":"scroll","background-type":"","background-media":"","overlay-type":"","overlay-color":"","overlay-opacity":"","overlay-gradient":""},"tablet":{"background-color":"var(--ast-global-color-5)","background-image":"","background-repeat":"repeat","background-position":"center center","background-size":"auto","background-attachment":"scroll","background-type":"","background-media":"","overlay-type":"","overlay-color":"","overlay-opacity":"","overlay-gradient":""},"mobile":{"background-color":"var(--ast-global-color-5)","background-image":"","background-repeat":"repeat","background-position":"center center","background-size":"auto","background-attachment":"scroll","background-type":"","background-media":"","overlay-type":"","overlay-color":"","overlay-opacity":"","overlay-gradient":""}},"footnotes":""},"class_list":["post-4438","page","type-page","status-publish","hentry"],"acf":[],"uagb_featured_image_src":{"full":false,"thumbnail":false,"medium":false,"medium_large":false,"large":false,"1536x1536":false,"2048x2048":false,"trp-custom-language-flag":false},"uagb_author_info":{"display_name":"Huade CNC","author_link":"https:\/\/cms.hdproto.com\/pt\/author\/sales\/"},"uagb_comment_info":0,"uagb_excerpt":null,"_links":{"self":[{"href":"https:\/\/cms.hdproto.com\/pt\/wp-json\/wp\/v2\/pages\/4438","targetHints":{"allow":["GET"]}}],"collection":[{"href":"https:\/\/cms.hdproto.com\/pt\/wp-json\/wp\/v2\/pages"}],"about":[{"href":"https:\/\/cms.hdproto.com\/pt\/wp-json\/wp\/v2\/types\/page"}],"author":[{"embeddable":true,"href":"https:\/\/cms.hdproto.com\/pt\/wp-json\/wp\/v2\/users\/2"}],"replies":[{"embeddable":true,"href":"https:\/\/cms.hdproto.com\/pt\/wp-json\/wp\/v2\/comments?post=4438"}],"version-history":[{"count":5,"href":"https:\/\/cms.hdproto.com\/pt\/wp-json\/wp\/v2\/pages\/4438\/revisions"}],"predecessor-version":[{"id":4516,"href":"https:\/\/cms.hdproto.com\/pt\/wp-json\/wp\/v2\/pages\/4438\/revisions\/4516"}],"wp:attachment":[{"href":"https:\/\/cms.hdproto.com\/pt\/wp-json\/wp\/v2\/media?parent=4438"}],"curies":[{"name":"wp","href":"https:\/\/api.w.org\/{rel}","templated":true}]}}