{"id":4428,"date":"2026-03-24T03:41:23","date_gmt":"2026-03-24T03:41:23","guid":{"rendered":"https:\/\/hdproto.com\/?page_id=4428"},"modified":"2026-03-27T10:18:43","modified_gmt":"2026-03-27T10:18:43","slug":"setores","status":"publish","type":"page","link":"https:\/\/cms.hdproto.com\/pt\/industries\/","title":{"rendered":"Ind\u00fastrias"},"content":{"rendered":"<div class=\"wp-block-uagb-container uagb-block-9irndfl1 alignfull uagb-is-root-container\"><div class=\"uagb-container-inner-blocks-wrap\">\n<div class=\"wp-block-uagb-info-box uagb-block-gr0svcif uagb-infobox__content-wrap  uagb-infobox-icon-above-title uagb-infobox-image-valign-top\"><div class=\"uagb-ifb-content\"><div class=\"uagb-ifb-title-wrap\"><p class=\"uagb-ifb-title-prefix\">SOLU\u00c7\u00d5ES DE USINAGEM CNC DE PRECIS\u00c3O<\/p><h2 class=\"uagb-ifb-title\">Solu\u00e7\u00f5es de usinagem CNC para aplica\u00e7\u00f5es industriais!<\/h2><\/div><\/div><\/div>\n\n\n\n<div class=\"wp-block-uagb-buttons uagb-buttons__outer-wrap uagb-btn__default-btn uagb-btn-tablet__default-btn uagb-btn-mobile__default-btn uagb-block-565ny3xh\"><div class=\"uagb-buttons__wrap uagb-buttons-layout-wrap\">\n<div class=\"wp-block-uagb-buttons-child uagb-buttons__outer-wrap uagb-block-8edf7ecd wp-block-button\"><div class=\"uagb-button__wrapper\"><a class=\"uagb-buttons-repeater wp-block-button__link\" aria-label=\"\" href=\"https:\/\/hdproto.com\/contact-cnc-machining-company\/\" rel=\"follow noopener\" target=\"_blank\" role=\"button\"><div class=\"uagb-button__link\">Envie seu desenho<\/div><\/a><\/div><\/div>\n<\/div><\/div>\n<\/div><\/div>\n\n\n\n<div class=\"wp-block-uagb-container uagb-block-virvvmbd alignfull uagb-is-root-container\"><div class=\"uagb-container-inner-blocks-wrap\">\n<div class=\"wp-block-uagb-container uagb-block-2zqthgbj\">\n<div class=\"wp-block-uagb-image alignleft uagb-block-mclku3lp wp-block-uagb-image--layout-default wp-block-uagb-image--effect-static wp-block-uagb-image--align-left\"><figure class=\"wp-block-uagb-image__figure\"><img loading=\"lazy\" decoding=\"async\" srcset=\"https:\/\/hdproto.com\/wp-content\/uploads\/2026\/03\/cnc-machined-parts-robotics-automation-819x1024.webp ,https:\/\/hdproto.com\/wp-content\/uploads\/2026\/03\/cnc-machined-parts-robotics-automation.webp 780w, https:\/\/hdproto.com\/wp-content\/uploads\/2026\/03\/cnc-machined-parts-robotics-automation.webp 360w\" sizes=\"auto, (max-width: 480px) 150px\" src=\"https:\/\/hdproto.com\/wp-content\/uploads\/2026\/03\/cnc-machined-parts-robotics-automation-819x1024.webp\" alt=\"Pe\u00e7as usinadas em CNC para sistemas de rob\u00f3tica e automa\u00e7\u00e3o\" class=\"uag-image-4522\" width=\"230\" height=\"360\" title=\"Pe\u00e7as usinadas em CNC para automa\u00e7\u00e3o rob\u00f3tica\" role=\"img\"\/><\/figure><\/div>\n\n\n\n<div class=\"wp-block-uagb-image alignleft uagb-block-yqdnmlmf wp-block-uagb-image--layout-default wp-block-uagb-image--effect-static wp-block-uagb-image--align-left\"><figure class=\"wp-block-uagb-image__figure\"><img loading=\"lazy\" decoding=\"async\" srcset=\"https:\/\/hdproto.com\/wp-content\/uploads\/2026\/03\/automotive-cnc-machined-aluminum-parts-819x1024.webp ,https:\/\/hdproto.com\/wp-content\/uploads\/2026\/03\/automotive-cnc-machined-aluminum-parts.webp 780w, https:\/\/hdproto.com\/wp-content\/uploads\/2026\/03\/automotive-cnc-machined-aluminum-parts.webp 360w\" sizes=\"auto, (max-width: 480px) 150px\" src=\"https:\/\/hdproto.com\/wp-content\/uploads\/2026\/03\/automotive-cnc-machined-aluminum-parts-819x1024.webp\" alt=\"Pe\u00e7as de alum\u00ednio usinadas em CNC para aplica\u00e7\u00f5es automotivas\" class=\"uag-image-4523\" width=\"230\" height=\"360\" title=\"Pe\u00e7as automotivas de alum\u00ednio usinado em CNC\" role=\"img\"\/><\/figure><\/div>\n<\/div>\n\n\n\n<div class=\"wp-block-uagb-container uagb-block-g5ahsfjk\">\n<div class=\"wp-block-uagb-info-box uagb-block-o70utfvf uagb-infobox__content-wrap  uagb-infobox-icon-above-title uagb-infobox-image-valign-top\"><div class=\"uagb-ifb-content\"><div class=\"uagb-ifb-title-wrap\"><p class=\"uagb-ifb-title-prefix\">SETORES QUE ATENDEMOS<\/p><h3 class=\"uagb-ifb-title\">Usinagem CNC de precis\u00e3o para v\u00e1rios setores<\/h3><\/div><p class=\"uagb-ifb-desc\">Fornecemos solu\u00e7\u00f5es de usinagem CNC de alta precis\u00e3o para uma ampla gama de setores, incluindo rob\u00f3tica, automotivo, m\u00e9dico e equipamentos industriais.<br>Com recursos avan\u00e7ados de usinagem e rigoroso controle de qualidade, fornecemos pe\u00e7as met\u00e1licas personalizadas que atendem a toler\u00e2ncias r\u00edgidas e requisitos de desempenho exigentes.<\/p><\/div><\/div>\n\n\n\n<div class=\"wp-block-uagb-icon-list uagb-block-lrfwnply\"><div class=\"uagb-icon-list__wrap\">\n<div class=\"wp-block-uagb-icon-list-child uagb-block-sqyps6b4\"><span class=\"uagb-icon-list__source-wrap\"><svg xmlns=\"https:\/\/www.w3.org\/2000\/svg\" viewbox=\"0 0 448 512\"><path d=\"M438.6 105.4C451.1 117.9 451.1 138.1 438.6 150.6L182.6 406.6C170.1 419.1 149.9 419.1 137.4 406.6L9.372 278.6C-3.124 266.1-3.124 245.9 9.372 233.4C21.87 220.9 42.13 220.9 54.63 233.4L159.1 338.7L393.4 105.4C405.9 92.88 426.1 92.88 438.6 105.4H438.6z\"><\/path><\/svg><\/span><span class=\"uagb-icon-list__label\">Usinagem de alta precis\u00e3o (\u00b10,01 mm)<\/span><\/div>\n\n\n\n<div class=\"wp-block-uagb-icon-list-child uagb-block-fdtgdsms\"><span class=\"uagb-icon-list__source-wrap\"><svg xmlns=\"https:\/\/www.w3.org\/2000\/svg\" viewbox=\"0 0 448 512\"><path d=\"M438.6 105.4C451.1 117.9 451.1 138.1 438.6 150.6L182.6 406.6C170.1 419.1 149.9 419.1 137.4 406.6L9.372 278.6C-3.124 266.1-3.124 245.9 9.372 233.4C21.87 220.9 42.13 220.9 54.63 233.4L159.1 338.7L393.4 105.4C405.9 92.88 426.1 92.88 438.6 105.4H438.6z\"><\/path><\/svg><\/span><span class=\"uagb-icon-list__label\">Fabrica\u00e7\u00e3o de pe\u00e7as CNC personalizadas<\/span><\/div>\n\n\n\n<div class=\"wp-block-uagb-icon-list-child uagb-block-mmmglibk\"><span class=\"uagb-icon-list__source-wrap\"><svg xmlns=\"https:\/\/www.w3.org\/2000\/svg\" viewbox=\"0 0 448 512\"><path d=\"M438.6 105.4C451.1 117.9 451.1 138.1 438.6 150.6L182.6 406.6C170.1 419.1 149.9 419.1 137.4 406.6L9.372 278.6C-3.124 266.1-3.124 245.9 9.372 233.4C21.87 220.9 42.13 220.9 54.63 233.4L159.1 338.7L393.4 105.4C405.9 92.88 426.1 92.88 438.6 105.4H438.6z\"><\/path><\/svg><\/span><span class=\"uagb-icon-list__label\">Prototipagem e produ\u00e7\u00e3o r\u00e1pidas<\/span><\/div>\n\n\n\n<div class=\"wp-block-uagb-icon-list-child uagb-block-excqnls6\"><span class=\"uagb-icon-list__source-wrap\"><svg xmlns=\"https:\/\/www.w3.org\/2000\/svg\" viewbox=\"0 0 448 512\"><path d=\"M438.6 105.4C451.1 117.9 451.1 138.1 438.6 150.6L182.6 406.6C170.1 419.1 149.9 419.1 137.4 406.6L9.372 278.6C-3.124 266.1-3.124 245.9 9.372 233.4C21.87 220.9 42.13 220.9 54.63 233.4L159.1 338.7L393.4 105.4C405.9 92.88 426.1 92.88 438.6 105.4H438.6z\"><\/path><\/svg><\/span><span class=\"uagb-icon-list__label\">Amplas op\u00e7\u00f5es de materiais (alum\u00ednio, a\u00e7o, lat\u00e3o, pl\u00e1stico)<\/span><\/div>\n<\/div><\/div>\n<\/div>\n<\/div><\/div>\n\n\n\n<div class=\"wp-block-uagb-container uagb-block-2xp9me5y alignfull uagb-is-root-container\"><div class=\"uagb-container-inner-blocks-wrap\">\n<div class=\"wp-block-uagb-container uagb-block-ydpxtirt\">\n<div class=\"wp-block-uagb-image alignleft uagb-block-i4cd5min wp-block-uagb-image--layout-default wp-block-uagb-image--effect-static wp-block-uagb-image--align-left\"><figure class=\"wp-block-uagb-image__figure\"><img loading=\"lazy\" decoding=\"async\" srcset=\"https:\/\/hdproto.com\/wp-content\/uploads\/2026\/03\/medical-cnc-machined-precision-components.webp ,https:\/\/hdproto.com\/wp-content\/uploads\/2026\/03\/medical-cnc-machined-precision-components.webp 780w, https:\/\/hdproto.com\/wp-content\/uploads\/2026\/03\/medical-cnc-machined-precision-components.webp 360w\" sizes=\"auto, (max-width: 480px) 150px\" src=\"https:\/\/hdproto.com\/wp-content\/uploads\/2026\/03\/medical-cnc-machined-precision-components.webp\" alt=\"componentes m\u00e9dicos usinados em CNC de precis\u00e3o pe\u00e7as de a\u00e7o inoxid\u00e1vel\" class=\"uag-image-4524\" width=\"564\" height=\"400\" title=\"Componentes m\u00e9dicos de precis\u00e3o usinados por CNC\" role=\"img\"\/><\/figure><\/div>\n\n\n\n<div class=\"wp-block-uagb-info-box uagb-block-1sf3sk8n uagb-infobox__content-wrap  uagb-infobox-icon-above-title uagb-infobox-image-valign-top\"><div class=\"uagb-ifb-content\"><div class=\"uagb-ifb-title-wrap\"><h3 class=\"uagb-ifb-title\"><strong>Dispositivos m\u00e9dicos e componentes de precis\u00e3o<\/strong><\/h3><\/div><p class=\"uagb-ifb-desc\">Fornecemos solu\u00e7\u00f5es de usinagem CNC de alta precis\u00e3o para dispositivos m\u00e9dicos e instrumentos cir\u00fargicos, incluindo componentes de a\u00e7o inoxid\u00e1vel e alum\u00ednio.<br><br>Nossos recursos de usinagem garantem toler\u00e2ncias r\u00edgidas, acabamentos de superf\u00edcie suaves e qualidade consistente necess\u00e1rios para aplica\u00e7\u00f5es m\u00e9dicas cr\u00edticas.<\/p><\/div><\/div>\n<\/div>\n\n\n\n<div class=\"wp-block-uagb-container uagb-block-mg4f5zod\">\n<div class=\"wp-block-uagb-info-box uagb-block-as2pmfhk uagb-infobox__content-wrap  uagb-infobox-icon-above-title uagb-infobox-image-valign-top\"><div class=\"uagb-ifb-content\"><div class=\"uagb-ifb-title-wrap\"><h3 class=\"uagb-ifb-title\">Automa\u00e7\u00e3o e equipamentos industriais<\/h3><\/div><p class=\"uagb-ifb-desc\">Fornecemos solu\u00e7\u00f5es de usinagem CNC para sistemas e equipamentos de automa\u00e7\u00e3o industrial, incluindo pe\u00e7as estruturais, carca\u00e7as e componentes de precis\u00e3o usados em linhas de produ\u00e7\u00e3o e maquin\u00e1rio.<br><br>Nossos recursos suportam aplica\u00e7\u00f5es de alto desempenho que exigem durabilidade, precis\u00e3o e qualidade consistente em ambientes industriais exigentes.<\/p><\/div><\/div>\n\n\n\n<div class=\"wp-block-uagb-image alignleft uagb-block-rtrfpjzy wp-block-uagb-image--layout-default wp-block-uagb-image--effect-static wp-block-uagb-image--align-left\"><figure class=\"wp-block-uagb-image__figure\"><img loading=\"lazy\" decoding=\"async\" srcset=\"https:\/\/hdproto.com\/wp-content\/uploads\/2026\/03\/industrial-equipment-cnc-machining-parts.webp ,https:\/\/hdproto.com\/wp-content\/uploads\/2026\/03\/industrial-equipment-cnc-machining-parts.webp 780w, https:\/\/hdproto.com\/wp-content\/uploads\/2026\/03\/industrial-equipment-cnc-machining-parts.webp 360w\" sizes=\"auto, (max-width: 480px) 150px\" src=\"https:\/\/hdproto.com\/wp-content\/uploads\/2026\/03\/industrial-equipment-cnc-machining-parts.webp\" alt=\"Pe\u00e7as usinadas em CNC para m\u00e1quinas e equipamentos industriais\" class=\"uag-image-4525\" width=\"564\" height=\"400\" title=\"Pe\u00e7as usinadas em CNC para equipamentos industriais\" role=\"img\"\/><\/figure><\/div>\n<\/div>\n\n\n\n<div class=\"wp-block-uagb-container uagb-block-cvdvqtsa\">\n<div class=\"wp-block-uagb-image alignleft uagb-block-e7bfzpmt wp-block-uagb-image--layout-default wp-block-uagb-image--effect-static wp-block-uagb-image--align-left\"><figure class=\"wp-block-uagb-image__figure\"><img loading=\"lazy\" decoding=\"async\" srcset=\"https:\/\/hdproto.com\/wp-content\/uploads\/2026\/03\/electronics-energy-cnc-machined-components.webp ,https:\/\/hdproto.com\/wp-content\/uploads\/2026\/03\/electronics-energy-cnc-machined-components.webp 780w, https:\/\/hdproto.com\/wp-content\/uploads\/2026\/03\/electronics-energy-cnc-machined-components.webp 360w\" sizes=\"auto, (max-width: 480px) 150px\" src=\"https:\/\/hdproto.com\/wp-content\/uploads\/2026\/03\/electronics-energy-cnc-machined-components.webp\" alt=\"Componentes usinados em CNC para equipamentos eletr\u00f4nicos e el\u00e9tricos\" class=\"uag-image-4526\" width=\"564\" height=\"400\" title=\"Pe\u00e7as eletr\u00f4nicas e el\u00e9tricas usinadas em CNC\" role=\"img\"\/><\/figure><\/div>\n\n\n\n<div class=\"wp-block-uagb-info-box uagb-block-qaai95rh uagb-infobox__content-wrap  uagb-infobox-icon-above-title uagb-infobox-image-valign-top\"><div class=\"uagb-ifb-content\"><div class=\"uagb-ifb-title-wrap\"><h3 class=\"uagb-ifb-title\">Usinagem CNC de eletr\u00f4nicos<\/h3><\/div><p class=\"uagb-ifb-desc\">Fabricamos componentes de precis\u00e3o usinados em CNC para equipamentos eletr\u00f4nicos e el\u00e9tricos, incluindo gabinetes, conectores e pe\u00e7as estruturais.<br><br>Nossas solu\u00e7\u00f5es de usinagem garantem alta precis\u00e3o, desempenho est\u00e1vel e qualidade confi\u00e1vel para aplica\u00e7\u00f5es eletr\u00f4nicas exigentes.<\/p><\/div><\/div>\n<\/div>\n<\/div><\/div>\n\n\n\n<div class=\"wp-block-uagb-container uagb-block-bvizzoia alignfull uagb-is-root-container\"><div class=\"uagb-container-inner-blocks-wrap\">\n<div class=\"wp-block-uagb-info-box uagb-block-zci93rte uagb-infobox__content-wrap  uagb-infobox-icon-above-title uagb-infobox-image-valign-top wp-block-uagb-info-box--has-margin\"><div class=\"uagb-infobox-margin-wrapper\"><div class=\"uagb-ifb-content\"><div class=\"uagb-ifb-title-wrap\"><h2 class=\"uagb-ifb-title\">Obtenha uma cota\u00e7\u00e3o r\u00e1pida para suas pe\u00e7as CNC personalizadas!<\/h2><\/div><\/div><\/div><\/div>\n\n\n\n<div class=\"wp-block-uagb-container uagb-block-33a8mr8f\">\n<div class=\"wp-block-uagb-info-box uagb-block-jtqbnw9c uagb-infobox__content-wrap  uagb-infobox-icon-above-title uagb-infobox-image-valign-top\"><div class=\"uagb-ifb-content\"><div class=\"uagb-ifb-title-wrap\"><\/div><p class=\"uagb-ifb-desc\">Envie-nos seus desenhos ou requisitos hoje mesmo. Nossa equipe de engenharia fornecer\u00e1 feedback r\u00e1pido, pre\u00e7os competitivos e solu\u00e7\u00f5es de fabrica\u00e7\u00e3o confi\u00e1veis.<\/p><\/div><\/div>\n\n\n\n<div class=\"wp-block-uagb-buttons uagb-buttons__outer-wrap uagb-btn__default-btn uagb-btn-tablet__default-btn uagb-btn-mobile__default-btn uagb-block-zav3udfe\"><div class=\"uagb-buttons__wrap uagb-buttons-layout-wrap\">\n<div class=\"wp-block-uagb-buttons-child uagb-buttons__outer-wrap uagb-block-59d2e7d2 wp-block-button\"><div class=\"uagb-button__wrapper\"><a class=\"uagb-buttons-repeater wp-block-button__link\" aria-label=\"\" href=\"https:\/\/hdproto.com\/contact-cnc-machining-company\/\" rel=\"follow noopener\" target=\"_blank\" role=\"button\"><div class=\"uagb-button__link\">Solicite um or\u00e7amento<\/div><\/a><\/div><\/div>\n<\/div><\/div>\n<\/div>\n<\/div><\/div>","protected":false},"excerpt":{"rendered":"","protected":false},"author":2,"featured_media":0,"parent":0,"menu_order":0,"comment_status":"closed","ping_status":"closed","template":"","meta":{"_acf_changed":false,"_uag_custom_page_level_css":"","site-sidebar-layout":"default","site-content-layout":"","ast-site-content-layout":"default","site-content-style":"default","site-sidebar-style":"default","ast-global-header-display":"","ast-banner-title-visibility":"","ast-main-header-display":"","ast-hfb-above-header-display":"","ast-hfb-below-header-display":"","ast-hfb-mobile-header-display":"","site-post-title":"","ast-breadcrumbs-content":"","ast-featured-img":"","footer-sml-layout":"","ast-disable-related-posts":"","theme-transparent-header-meta":"","adv-header-id-meta":"","stick-header-meta":"","header-above-stick-meta":"","header-main-stick-meta":"","header-below-stick-meta":"","astra-migrate-meta-layouts":"set","ast-page-background-enabled":"default","ast-page-background-meta":{"desktop":{"background-color":"","background-image":"","background-repeat":"repeat","background-position":"center center","background-size":"auto","background-attachment":"scroll","background-type":"","background-media":"","overlay-type":"","overlay-color":"","overlay-opacity":"","overlay-gradient":""},"tablet":{"background-color":"","background-image":"","background-repeat":"repeat","background-position":"center center","background-size":"auto","background-attachment":"scroll","background-type":"","background-media":"","overlay-type":"","overlay-color":"","overlay-opacity":"","overlay-gradient":""},"mobile":{"background-color":"","background-image":"","background-repeat":"repeat","background-position":"center center","background-size":"auto","background-attachment":"scroll","background-type":"","background-media":"","overlay-type":"","overlay-color":"","overlay-opacity":"","overlay-gradient":""}},"ast-content-background-meta":{"desktop":{"background-color":"var(--ast-global-color-5)","background-image":"","background-repeat":"repeat","background-position":"center center","background-size":"auto","background-attachment":"scroll","background-type":"","background-media":"","overlay-type":"","overlay-color":"","overlay-opacity":"","overlay-gradient":""},"tablet":{"background-color":"var(--ast-global-color-5)","background-image":"","background-repeat":"repeat","background-position":"center center","background-size":"auto","background-attachment":"scroll","background-type":"","background-media":"","overlay-type":"","overlay-color":"","overlay-opacity":"","overlay-gradient":""},"mobile":{"background-color":"var(--ast-global-color-5)","background-image":"","background-repeat":"repeat","background-position":"center center","background-size":"auto","background-attachment":"scroll","background-type":"","background-media":"","overlay-type":"","overlay-color":"","overlay-opacity":"","overlay-gradient":""}},"footnotes":""},"class_list":["post-4428","page","type-page","status-publish","hentry"],"acf":[],"uagb_featured_image_src":{"full":false,"thumbnail":false,"medium":false,"medium_large":false,"large":false,"1536x1536":false,"2048x2048":false,"trp-custom-language-flag":false},"uagb_author_info":{"display_name":"Huade CNC","author_link":"https:\/\/cms.hdproto.com\/pt\/author\/sales\/"},"uagb_comment_info":0,"uagb_excerpt":null,"_links":{"self":[{"href":"https:\/\/cms.hdproto.com\/pt\/wp-json\/wp\/v2\/pages\/4428","targetHints":{"allow":["GET"]}}],"collection":[{"href":"https:\/\/cms.hdproto.com\/pt\/wp-json\/wp\/v2\/pages"}],"about":[{"href":"https:\/\/cms.hdproto.com\/pt\/wp-json\/wp\/v2\/types\/page"}],"author":[{"embeddable":true,"href":"https:\/\/cms.hdproto.com\/pt\/wp-json\/wp\/v2\/users\/2"}],"replies":[{"embeddable":true,"href":"https:\/\/cms.hdproto.com\/pt\/wp-json\/wp\/v2\/comments?post=4428"}],"version-history":[{"count":5,"href":"https:\/\/cms.hdproto.com\/pt\/wp-json\/wp\/v2\/pages\/4428\/revisions"}],"predecessor-version":[{"id":4531,"href":"https:\/\/cms.hdproto.com\/pt\/wp-json\/wp\/v2\/pages\/4428\/revisions\/4531"}],"wp:attachment":[{"href":"https:\/\/cms.hdproto.com\/pt\/wp-json\/wp\/v2\/media?parent=4428"}],"curies":[{"name":"wp","href":"https:\/\/api.w.org\/{rel}","templated":true}]}}