{"id":1863,"date":"2025-08-05T10:01:02","date_gmt":"2025-08-05T10:01:02","guid":{"rendered":"https:\/\/hdproto.com\/?page_id=1863"},"modified":"2026-03-24T03:06:19","modified_gmt":"2026-03-24T03:06:19","slug":"acabamentos-de-superficie-de-usinagem-cnc","status":"publish","type":"page","link":"https:\/\/cms.hdproto.com\/pt\/cnc-machining-surface-finishes\/","title":{"rendered":"Acabamento de Superf\u00edcie"},"content":{"rendered":"<div class=\"wp-block-group is-layout-constrained wp-block-group-is-layout-constrained\"><h2 class=\"wp-block-heading\" id=\"applications-of-cnc-machining-surface-finishes\">Aplica\u00e7\u00f5es de <strong>Acabamentos de superf\u00edcie em usinagem CNC<\/strong><\/h2>\n\n\n<div class=\"wp-block-uagb-container uagb-block-542f5bbf alignfull uagb-is-root-container\"><div class=\"uagb-container-inner-blocks-wrap\">\n<div class=\"wp-block-uagb-container uagb-block-14416465\">\n<div class=\"wp-block-uagb-info-box uagb-block-f7c15f6f uagb-infobox__content-wrap  uagb-infobox-icon-above-title uagb-infobox-image-valign-top\"><div class=\"uagb-ifb-content\"><div class=\"uagb-ifb-image-content\"><img decoding=\"async\" src=\"https:\/\/hdproto.com\/wp-content\/uploads\/2025\/08\/cnc-machining-surface-finishes-shows.jpg\" alt=\"Pe\u00e7a usinada em CNC com anodiza\u00e7\u00e3o azul e acabamento superficial obtido por usinagem CNC.\" width=\"\" height=\"0\" loading=\"lazy\"\/><\/div><div class=\"uagb-ifb-title-wrap\"><h3 class=\"uagb-ifb-title\">Componente CNC anodizado e jateado<\/h3><\/div><p class=\"uagb-ifb-desc\">Esta pe\u00e7a de alum\u00ednio usinada por CNC possui um acabamento anodizado jateado que proporciona uma textura fosca suave, durabilidade e resist\u00eancia \u00e0 corros\u00e3o. O jateamento melhora a ader\u00eancia e a resist\u00eancia ao desgaste. O acabamento garante cores duradouras, resist\u00eancia a riscos e um visual sofisticado para eletr\u00f4nicos, bens de consumo e pe\u00e7as automotivas.<\/p><\/div><\/div>\n<\/div>\n\n\n\n<div class=\"wp-block-uagb-container uagb-block-40dd48e2\">\n<div class=\"wp-block-uagb-info-box uagb-block-cde81d2e uagb-infobox__content-wrap  uagb-infobox-icon-above-title uagb-infobox-image-valign-top\"><div class=\"uagb-ifb-content\"><div class=\"uagb-ifb-image-content\"><img decoding=\"async\" src=\"https:\/\/hdproto.com\/wp-content\/uploads\/2025\/08\/Hard-anodized-pictures-1.jpg\" alt=\"fotos anodizadas duras\" width=\"\" height=\"0\" loading=\"lazy\"\/><\/div><div class=\"uagb-ifb-title-wrap\"><h3 class=\"uagb-ifb-title\">Componente com acabamento de superf\u00edcie anodizada dura<\/h3><\/div><p class=\"uagb-ifb-desc\">Este componente usinado por CNC apresenta um acabamento superficial anodizado duro, proporcionando resist\u00eancia superior ao desgaste, prote\u00e7\u00e3o contra corros\u00e3o e maior dureza. A anodiza\u00e7\u00e3o dura cria uma camada de \u00f3xido densa, ideal para pe\u00e7as em ambientes agressivos ou aplica\u00e7\u00f5es de alta exig\u00eancia nas ind\u00fastrias aeroespacial, automotiva e de m\u00e1quinas industriais.<\/p><\/div><\/div>\n<\/div>\n\n\n\n<div class=\"wp-block-uagb-container uagb-block-3b0302be\">\n<div class=\"wp-block-uagb-info-box uagb-block-4471a001 uagb-infobox__content-wrap  uagb-infobox-icon-above-title uagb-infobox-image-valign-top\"><div class=\"uagb-ifb-content\"><div class=\"uagb-ifb-image-content\"><img decoding=\"async\" src=\"https:\/\/hdproto.com\/wp-content\/uploads\/2025\/08\/cnc-machining-surface-finishes-for-displaying.jpg\" alt=\"Pe\u00e7a em alum\u00ednio anodizado usinado em CNC com acabamento superficial em vermelho met\u00e1lico para aplica\u00e7\u00f5es est\u00e9ticas.\" width=\"\" height=\"0\" loading=\"lazy\"\/><\/div><div class=\"uagb-ifb-title-wrap\"><h3 class=\"uagb-ifb-title\">Pe\u00e7a usinada com acabamento em pintura eletrost\u00e1tica a p\u00f3<\/h3><\/div><p class=\"uagb-ifb-desc\">Esta pe\u00e7a usinada por CNC recebe um acabamento em pintura eletrost\u00e1tica a p\u00f3 de alta qualidade, proporcionando uma superf\u00edcie lisa, dur\u00e1vel e decorativa. A pintura eletrost\u00e1tica a p\u00f3 oferece excelente resist\u00eancia a riscos, desbotamento e corros\u00e3o, al\u00e9m de uma ampla gama de cores vibrantes. \u00c9 comumente utilizada em produtos de consumo, displays, acess\u00f3rios automotivos e carca\u00e7as de equipamentos industriais.<\/p><\/div><\/div>\n<\/div>\n\n\n\n<div class=\"wp-block-uagb-container uagb-block-cf112ef3\">\n<div class=\"wp-block-uagb-info-box uagb-block-6ad15585 uagb-infobox__content-wrap  uagb-infobox-icon-above-title uagb-infobox-image-valign-top\"><div class=\"uagb-ifb-content\"><div class=\"uagb-ifb-image-content\"><img decoding=\"async\" src=\"https:\/\/hdproto.com\/wp-content\/uploads\/2025\/08\/cnc-machining-surface-finishes-pictures.jpg\" alt=\"Acabamentos de superf\u00edcie de usinagem CNC premium na Huade\" width=\"\" height=\"0\" loading=\"lazy\"\/><\/div><div class=\"uagb-ifb-title-wrap\"><h3 class=\"uagb-ifb-title\">Pe\u00e7as CNC com superf\u00edcie gravada a laser<\/h3><\/div><p class=\"uagb-ifb-desc\">Esta pe\u00e7a usinada por CNC apresenta um elegante acabamento anodizado preto com ranhuras finamente gravadas a laser. O tratamento aumenta a resist\u00eancia \u00e0 corros\u00e3o, a durabilidade e proporciona excelente ader\u00eancia e apelo visual. Comumente utilizada em aplica\u00e7\u00f5es que exigem resist\u00eancia e estilo, como carca\u00e7as mec\u00e2nicas, suportes ou pe\u00e7as estruturais em usos automotivos e industriais.<\/p><\/div><\/div>\n<\/div>\n<\/div><\/div>\n\n\n\n<p class=\"has-medium-font-size\">Todas as pe\u00e7as s\u00e3o usinadas a partir de materiais certificados (alum\u00ednio 6082\/7075, a\u00e7o inoxid\u00e1vel, tit\u00e2nio, etc.), com possibilidade de anodiza\u00e7\u00e3o, oxida\u00e7\u00e3o negra, pintura eletrost\u00e1tica a p\u00f3 e outros processos.<\/p>\n\n\n\n<div class=\"wp-block-uagb-buttons uagb-buttons__outer-wrap uagb-btn__default-btn uagb-btn-tablet__default-btn uagb-btn-mobile__default-btn uagb-block-0d7b26b3\"><div class=\"uagb-buttons__wrap uagb-buttons-layout-wrap\">\n<div class=\"wp-block-uagb-buttons-child uagb-buttons__outer-wrap uagb-block-1e5f3e0c wp-block-button\"><div class=\"uagb-button__wrapper\"><a class=\"uagb-buttons-repeater wp-block-button__link\" aria-label=\"\" href=\"https:\/\/hdproto.com\/contact-cnc-machining-company\/\" rel=\"follow noopener\" target=\"_blank\" role=\"button\"><div class=\"uagb-button__link\">Contate-nos <\/div><\/a><\/div><\/div>\n<\/div><\/div>\n\n\n<h2 class=\"wp-block-heading\" id=\"why-choose-huade-for-cnc-machining-surface-finishes\">Por que escolher Huade para <strong>Acabamentos de superf\u00edcie em usinagem CNC<\/strong>?<\/h2>\n\n\n<p style=\"font-family: 'Inter', 'Poppins', 'Roboto', sans-serif; font-size: 17px; line-height: 1.7; color: #4a5a6a; font-weight: 400;\">\n  Escolher <strong style=\"font-weight: 500;\">Dongguan Huade Precision Manufacturing Co., Ltd.<\/strong> Para acabamentos de superf\u00edcie de usinagem CNC de alta qualidade, confi\u00e1veis pelas principais marcas automotivas e industriais. Saiba mais sobre <a href=\"https:\/\/en.wikipedia.org\/wiki\/Surface_finish\" target=\"_blank\" rel=\"noopener\" style=\"color: #0073e6;\">padr\u00f5es de acabamento de superf\u00edcie<\/a> na fabrica\u00e7\u00e3o de precis\u00e3o.\n<\/p>\n\n<div style=\"margin-top: 20px;\">\n  <h3 style=\"font-family: 'Inter', 'Poppins', 'Roboto', sans-serif; font-size: 18px; font-weight: 500; color: #333e48;\">\u2705 Acabamento de superf\u00edcie semelhante a um espelho (Ra \u2264 0,2 \u03bcm)<\/h3>\n  <p style=\"font-family: 'Inter', 'Poppins', 'Roboto', sans-serif; font-size: 17px; line-height: 1.7; color: #4a5a6a;\">\n    Polimento e retifica\u00e7\u00e3o avan\u00e7ados proporcionam acabamentos ultralisos, ideais para pe\u00e7as de alto desempenho e est\u00e9tica refinada.\n  <\/p>\n<\/div>\n\n<div style=\"margin-top: 20px;\">\n  <h3 style=\"font-family: 'Inter', 'Poppins', 'Roboto', sans-serif; font-size: 18px; font-weight: 500; color: #333e48;\">\u2705 Ampla gama de tratamentos de superf\u00edcie<\/h3>\n  <p style=\"font-family: 'Inter', 'Poppins', 'Roboto', sans-serif; font-size: 17px; line-height: 1.7; color: #4a5a6a;\">\n    Anodiza\u00e7\u00e3o, pintura eletrost\u00e1tica a p\u00f3, jateamento com microesferas, escova\u00e7\u00e3o e passiva\u00e7\u00e3o para alum\u00ednio, a\u00e7o inoxid\u00e1vel e tit\u00e2nio.\n  <\/p>\n<\/div>\n\n<div style=\"margin-top: 20px;\">\n  <h3 style=\"font-family: 'Inter', 'Poppins', 'Roboto', sans-serif; font-size: 18px; font-weight: 500; color: #333e48;\">\u2705 Acabamento consistente em todos os lotes<\/h3>\n  <p style=\"font-family: 'Inter', 'Poppins', 'Roboto', sans-serif; font-size: 17px; line-height: 1.7; color: #4a5a6a;\">\n    Qualidade de superf\u00edcie uniforme para prot\u00f3tipos e lotes de produ\u00e7\u00e3o, garantindo consist\u00eancia e desempenho da marca.\n  <\/p>\n<\/div>\n\n<div style=\"margin-top: 20px;\">\n  <h3 style=\"font-family: 'Inter', 'Poppins', 'Roboto', sans-serif; font-size: 18px; font-weight: 500; color: #333e48;\">\u2705 Relat\u00f3rios de Inspe\u00e7\u00e3o de Acabamento de Superf\u00edcie<\/h3>\n  <p style=\"font-family: 'Inter', 'Poppins', 'Roboto', sans-serif; font-size: 17px; line-height: 1.7; color: #4a5a6a;\">\n    Inclui dados de rugosidade superficial, resultados de inspe\u00e7\u00e3o visual e espessura do revestimento para total conformidade.\n  <\/p>\n<\/div>\n\n<div style=\"margin-top: 20px;\">\n  <h3 style=\"font-family: 'Inter', 'Poppins', 'Roboto', sans-serif; font-size: 18px; font-weight: 500; color: #333e48;\">\u2705 Entrega r\u00e1pida de servi\u00e7os de acabamento<\/h3>\n  <p style=\"font-family: 'Inter', 'Poppins', 'Roboto', sans-serif; font-size: 17px; line-height: 1.7; color: #4a5a6a;\">\n    A maioria dos processos de acabamento s\u00e3o conclu\u00eddos em 2 a 3 dias \u00fateis para atender aos prazos de desenvolvimento apertados.\n  <\/p>\n<\/div>\n\n<div style=\"margin-top: 20px;\">\n  <h3 style=\"font-family: 'Inter', 'Poppins', 'Roboto', sans-serif; font-size: 18px; font-weight: 500; color: #333e48;\">\u2705 Controle de Qualidade Certificado ISO 9001<\/h3>\n  <p style=\"font-family: 'Inter', 'Poppins', 'Roboto', sans-serif; font-size: 17px; line-height: 1.7; color: #4a5a6a;\">\n    Os processos certificados garantem que cada acabamento atenda aos padr\u00f5es de qualidade. <a href=\"https:\/\/www.iso.org\/iso-9001-quality-management.html\" target=\"_blank\" rel=\"noopener\" style=\"color: #0073e6;\">normas internacionais ISO 9001<\/a> Durabilidade, apar\u00eancia e precis\u00e3o.\n  <\/p>\n<\/div>\n\n\n\n<p><\/p>\n\n\n<h2 class=\"wp-block-heading\" id=\"cnc-machining-surface-finishes-precision-protection-and-aesthetics\">Acabamentos de superf\u00edcie em usinagem CNC: precis\u00e3o, prote\u00e7\u00e3o e est\u00e9tica.<\/h2>\n\n\n<p>Fornecemos servi\u00e7os de acabamento de superf\u00edcie CNC de alta qualidade, incluindo anodiza\u00e7\u00e3o, jateamento de areia, polimento e revestimento. Nossas solu\u00e7\u00f5es aumentam a durabilidade, a resist\u00eancia \u00e0 corros\u00e3o e a apar\u00eancia visual de pe\u00e7as de precis\u00e3o em todos os setores. Desde o prot\u00f3tipo at\u00e9 a produ\u00e7\u00e3o em massa, garantimos uma qualidade de superf\u00edcie consistente e um retorno r\u00e1pido para clientes globais. <\/p>\n\n\n<h3 class=\"wp-block-heading\" id=\"have-questions-about-your-cnc-machining-surface-finishes\"><strong>Tem d\u00favidas sobre o seu <strong>Acabamentos de superf\u00edcie em usinagem CNC<\/strong>?<\/strong><\/h3>\n\n\n<p>Nossa equipe de especialistas est\u00e1 pronta para lhe oferecer suporte r\u00e1pido e profissional. Seja para um prot\u00f3tipo ou para produ\u00e7\u00e3o em larga escala, estamos aqui para ajudar \u2014 da sele\u00e7\u00e3o de materiais \u00e0 entrega final.<\/p>\n\n\n\n<p>\u2705 Resposta r\u00e1pida<br>\u2705 Pre\u00e7os competitivos<br>\u2705 Suporte para envios internacionais<\/p>\n\n\n\n<p>\ud83d\udce7 sales@hdproto.com ou william@hdproto.com<\/p>\n\n\n\n<p>\ud83d\udcde +86 133 9271 1394 (Telefone e WhatsApp)<\/p>\n\n\n\n<div class=\"wp-block-uagb-buttons uagb-buttons__outer-wrap uagb-btn__default-btn uagb-btn-tablet__default-btn uagb-btn-mobile__default-btn uagb-block-59119420\"><div class=\"uagb-buttons__wrap uagb-buttons-layout-wrap\">\n<div class=\"wp-block-uagb-buttons-child uagb-buttons__outer-wrap uagb-block-c760d2f4 wp-block-button\"><div class=\"uagb-button__wrapper\"><a class=\"uagb-buttons-repeater wp-block-button__link\" aria-label=\"\" href=\"https:\/\/hdproto.com\/contact-cnc-machining-company\" rel=\"follow noopener\" target=\"_blank\" role=\"button\"><div class=\"uagb-button__link\">Enviar consulta<\/div><\/a><\/div><\/div>\n<\/div><\/div>\n\n\n\n<p><\/p>\n<\/div>","protected":false},"excerpt":{"rendered":"<p>Applications of CNC Machining Surface Finishes All parts are machined from certified materials (Aluminum 6082\/7075, Stainless Steel, Titanium, etc.), supporting anodizing, black oxide, powder coating, and more. Why Choose Huade for CNC Machining Surface Finishes? Choose Dongguan Huade Precision Manufacturing Co., Ltd. for expert CNC machining surface finishes trusted by leading automotive and industrial brands. [&hellip;]<\/p>\n","protected":false},"author":2,"featured_media":0,"parent":0,"menu_order":0,"comment_status":"closed","ping_status":"closed","template":"","meta":{"_acf_changed":false,"_uag_custom_page_level_css":"","site-sidebar-layout":"default","site-content-layout":"","ast-site-content-layout":"default","site-content-style":"default","site-sidebar-style":"default","ast-global-header-display":"","ast-banner-title-visibility":"","ast-main-header-display":"","ast-hfb-above-header-display":"","ast-hfb-below-header-display":"","ast-hfb-mobile-header-display":"","site-post-title":"","ast-breadcrumbs-content":"","ast-featured-img":"","footer-sml-layout":"","ast-disable-related-posts":"","theme-transparent-header-meta":"","adv-header-id-meta":"","stick-header-meta":"","header-above-stick-meta":"","header-main-stick-meta":"","header-below-stick-meta":"","astra-migrate-meta-layouts":"set","ast-page-background-enabled":"default","ast-page-background-meta":{"desktop":{"background-color":"","background-image":"","background-repeat":"repeat","background-position":"center center","background-size":"auto","background-attachment":"scroll","background-type":"","background-media":"","overlay-type":"","overlay-color":"","overlay-opacity":"","overlay-gradient":""},"tablet":{"background-color":"","background-image":"","background-repeat":"repeat","background-position":"center center","background-size":"auto","background-attachment":"scroll","background-type":"","background-media":"","overlay-type":"","overlay-color":"","overlay-opacity":"","overlay-gradient":""},"mobile":{"background-color":"","background-image":"","background-repeat":"repeat","background-position":"center center","background-size":"auto","background-attachment":"scroll","background-type":"","background-media":"","overlay-type":"","overlay-color":"","overlay-opacity":"","overlay-gradient":""}},"ast-content-background-meta":{"desktop":{"background-color":"var(--ast-global-color-5)","background-image":"","background-repeat":"repeat","background-position":"center center","background-size":"auto","background-attachment":"scroll","background-type":"","background-media":"","overlay-type":"","overlay-color":"","overlay-opacity":"","overlay-gradient":""},"tablet":{"background-color":"var(--ast-global-color-5)","background-image":"","background-repeat":"repeat","background-position":"center center","background-size":"auto","background-attachment":"scroll","background-type":"","background-media":"","overlay-type":"","overlay-color":"","overlay-opacity":"","overlay-gradient":""},"mobile":{"background-color":"var(--ast-global-color-5)","background-image":"","background-repeat":"repeat","background-position":"center center","background-size":"auto","background-attachment":"scroll","background-type":"","background-media":"","overlay-type":"","overlay-color":"","overlay-opacity":"","overlay-gradient":""}},"footnotes":""},"class_list":["post-1863","page","type-page","status-publish","hentry"],"acf":[],"uagb_featured_image_src":{"full":false,"thumbnail":false,"medium":false,"medium_large":false,"large":false,"1536x1536":false,"2048x2048":false,"trp-custom-language-flag":false},"uagb_author_info":{"display_name":"Huade CNC","author_link":"https:\/\/cms.hdproto.com\/pt\/author\/sales\/"},"uagb_comment_info":0,"uagb_excerpt":"Applications of CNC Machining Surface Finishes All parts are machined from certified materials (Aluminum 6082\/7075, Stainless Steel, Titanium, etc.), supporting anodizing, black oxide, powder coating, and more. Why Choose Huade for CNC Machining Surface Finishes? Choose Dongguan Huade Precision Manufacturing Co., Ltd. for expert CNC machining surface finishes trusted by leading automotive and industrial brands.&hellip;","_links":{"self":[{"href":"https:\/\/cms.hdproto.com\/pt\/wp-json\/wp\/v2\/pages\/1863","targetHints":{"allow":["GET"]}}],"collection":[{"href":"https:\/\/cms.hdproto.com\/pt\/wp-json\/wp\/v2\/pages"}],"about":[{"href":"https:\/\/cms.hdproto.com\/pt\/wp-json\/wp\/v2\/types\/page"}],"author":[{"embeddable":true,"href":"https:\/\/cms.hdproto.com\/pt\/wp-json\/wp\/v2\/users\/2"}],"replies":[{"embeddable":true,"href":"https:\/\/cms.hdproto.com\/pt\/wp-json\/wp\/v2\/comments?post=1863"}],"version-history":[{"count":19,"href":"https:\/\/cms.hdproto.com\/pt\/wp-json\/wp\/v2\/pages\/1863\/revisions"}],"predecessor-version":[{"id":4426,"href":"https:\/\/cms.hdproto.com\/pt\/wp-json\/wp\/v2\/pages\/1863\/revisions\/4426"}],"wp:attachment":[{"href":"https:\/\/cms.hdproto.com\/pt\/wp-json\/wp\/v2\/media?parent=1863"}],"curies":[{"name":"wp","href":"https:\/\/api.w.org\/{rel}","templated":true}]}}