{"id":1762,"date":"2025-08-01T04:01:49","date_gmt":"2025-08-01T04:01:49","guid":{"rendered":"https:\/\/hdproto.com\/?page_id=1762"},"modified":"2026-03-11T08:58:54","modified_gmt":"2026-03-11T08:58:54","slug":"fresagem-cnc","status":"publish","type":"page","link":"https:\/\/cms.hdproto.com\/pt\/cnc-milling\/","title":{"rendered":"fresagem CNC"},"content":{"rendered":"<div class=\"wp-block-columns alignfull is-layout-flex wp-container-core-columns-is-layout-28f84493 wp-block-columns-is-layout-flex\">\n<div class=\"wp-block-column is-layout-flow wp-block-column-is-layout-flow\" style=\"flex-basis:50%\">\n<div class=\"wp-block-cover is-light\" style=\"min-height:600px;aspect-ratio:unset;\"><span aria-hidden=\"true\" class=\"wp-block-cover__background has-background-dim-100 has-background-dim\" style=\"background-color:#f6f6f6\"><\/span><div class=\"wp-block-cover__inner-container is-layout-flow wp-block-cover-is-layout-flow\">\n<figure class=\"wp-block-video\"><video height=\"720\" style=\"aspect-ratio: 960 \/ 720;\" width=\"960\" controls src=\"https:\/\/hdproto.com\/wp-content\/uploads\/2025\/08\/cnc-milling-machine-is-running.mp4\"><\/video><\/figure>\n<\/div><\/div>\n<\/div>\n\n\n\n<div class=\"wp-block-column is-vertically-aligned-center is-layout-flow wp-block-column-is-layout-flow\" style=\"padding-top:1em;padding-right:1em;padding-bottom:1em;padding-left:1em\">\n<div class=\"wp-block-group is-layout-constrained wp-block-group-is-layout-constrained\">\n<div class=\"wp-block-uagb-container uagb-block-0946e95d default uagb-is-root-container\">\n<div class=\"wp-block-uagb-container uagb-block-6f20f0aa\"><h2 class=\"wp-block-heading has-small-font-size\" id=\"cnc-milling-services\"><strong>Servi\u00e7os de fresagem CNC<\/strong><\/h2>\n\n\n<p class=\"has-small-font-size\" style=\"line-height:1.6\">Na Huade Precision, nosso<strong> <a href=\"https:\/\/hdproto.com\/cnc-machining-services\/\" target=\"_blank\" data-type=\"link\" data-id=\"https:\/\/hdproto.com\/cnc-machining-services\/\" rel=\"noreferrer noopener\">Servi\u00e7os de fresagem CNC<\/a><\/strong> S\u00e3o projetadas para atender \u00e0s necessidades em constante evolu\u00e7\u00e3o das ind\u00fastrias modernas. Seja no desenvolvimento de pe\u00e7as mec\u00e2nicas, componentes estruturais ou prot\u00f3tipos funcionais, entregamos resultados impec\u00e1veis, precisos e repet\u00edveis \u2014 sempre.<\/p>\n\n\n\n<p class=\"has-small-font-size\" style=\"line-height:1.6\">.Com m\u00e1quinas de fresagem multieixos avan\u00e7adas e t\u00e9cnicos qualificados, trabalhamos com uma ampla gama de materiais, incluindo alum\u00ednio, a\u00e7o inoxid\u00e1vel, lat\u00e3o, bronze e pl\u00e1sticos de engenharia. De pe\u00e7as pequenas e intrincadas a componentes maiores com geometrias complexas, garantimos superf\u00edcies lisas e encaixes precisos com qualidade consistente.<\/p>\n\n\n\n<p class=\"has-small-font-size\" style=\"line-height:1.6\">Seja para prototipagem em baixo volume ou produ\u00e7\u00e3o em larga escala, nossa equipe est\u00e1 \u00e0 disposi\u00e7\u00e3o. <strong>Fresagem CNC<\/strong> Nossos servi\u00e7os oferecem flexibilidade, prazos de entrega r\u00e1pidos e suporte confi\u00e1vel. Trabalhamos em estreita colabora\u00e7\u00e3o com engenheiros e compradores para entender as necessidades t\u00e9cnicas e de aplica\u00e7\u00e3o de cada pe\u00e7a, garantindo que voc\u00ea receba exatamente o que seu projeto exige.<\/p>\n\n\n\n<p>Deixe-nos ajudar voc\u00ea a dar vida \u00e0s suas ideias de produtos com solu\u00e7\u00f5es confi\u00e1veis e de alto desempenho. <strong>pe\u00e7as fresadas por CNC<\/strong> Feito sob medida de acordo com suas especifica\u00e7\u00f5es exatas. <a href=\"https:\/\/hdproto.com\/cnc-machining-services\/\" target=\"_blank\" rel=\"noreferrer noopener\">Saiba mais sobre t\u00e9cnicas de CNC na Autodesk.<\/a><\/p>\n<\/div>\n<\/div>\n<\/div>\n<\/div>\n<\/div>\n\n\n\n<div class=\"wp-block-columns alignwide are-vertically-aligned-top is-layout-flex wp-container-core-columns-is-layout-08c01c1c wp-block-columns-is-layout-flex\">\n<div class=\"wp-block-column is-vertically-aligned-top is-layout-flow wp-block-column-is-layout-flow\">\n<div class=\"wp-block-group wp-container-content-231d8afb is-vertical is-content-justification-left is-nowrap is-layout-flex wp-container-core-group-is-layout-d439c89b wp-block-group-is-layout-flex\" style=\"margin-top:0;margin-bottom:0\">\n<figure class=\"wp-block-image size-full is-style-default wp-container-content-0733e5d0\"><img fetchpriority=\"high\" decoding=\"async\" width=\"600\" height=\"800\" src=\"https:\/\/hdproto.com\/wp-content\/uploads\/2025\/11\/CNC-Turning-Part-for-Audio-System.jpg\" alt=\"Pe\u00e7a de torneamento CNC de Dongguan Huade para sistema de \u00e1udio\" class=\"wp-image-3411\" srcset=\"https:\/\/cms.hdproto.com\/wp-content\/uploads\/2025\/11\/CNC-Turning-Part-for-Audio-System.jpg 600w, https:\/\/cms.hdproto.com\/wp-content\/uploads\/2025\/11\/CNC-Turning-Part-for-Audio-System-225x300.jpg 225w, https:\/\/cms.hdproto.com\/wp-content\/uploads\/2025\/11\/CNC-Turning-Part-for-Audio-System-9x12.jpg 9w\" sizes=\"(max-width: 600px) 100vw, 600px\" \/><figcaption class=\"wp-element-caption\">Servi\u00e7os de fresagem CNC personalizados para sistemas de \u00e1udio<\/figcaption><\/figure>\n\n\n\n<div class=\"wp-block-group is-vertical is-nowrap is-layout-flex wp-container-core-group-is-layout-5280e479 wp-block-group-is-layout-flex\">\n<p class=\"has-medium-font-size\"><strong>Componentes usinados com precis\u00e3o por CNC<\/strong><\/p>\n\n\n\n<p class=\"has-small-font-size\">Criado atrav\u00e9s de t\u00e9cnicas avan\u00e7adas <strong>Fresagem CNC<\/strong> Nossas t\u00e9cnicas e componentes s\u00e3o projetados para precis\u00e3o, funcionalidade e qualidade consistente. Seja na constru\u00e7\u00e3o de conjuntos mec\u00e2nicos, estruturas ou pequenas pe\u00e7as de precis\u00e3o, entregamos resultados confi\u00e1veis em uma ampla gama de setores.<\/p>\n\n\n\n<p>Cada pe\u00e7a \u00e9 fabricada com aten\u00e7\u00e3o aos detalhes, garantindo bordas limpas, acabamentos suaves e dimens\u00f5es precisas. Desde prot\u00f3tipos individuais at\u00e9 produ\u00e7\u00e3o em larga escala, nossa equipe... <strong>Servi\u00e7os de fresagem CNC<\/strong> Apoiar projetos nas \u00e1reas automotiva, eletr\u00f4nica, de produtos de consumo e muito mais.<\/p>\n<\/div>\n<\/div>\n<\/div>\n\n\n\n<div class=\"wp-block-column is-vertically-aligned-top is-layout-flow wp-block-column-is-layout-flow\">\n<div class=\"wp-block-group wp-container-content-231d8afb is-vertical is-layout-flex wp-container-core-group-is-layout-05b43539 wp-block-group-is-layout-flex\" style=\"margin-top:0;margin-bottom:0\">\n<div class=\"wp-block-group is-vertical is-nowrap is-layout-flex wp-container-core-group-is-layout-5280e479 wp-block-group-is-layout-flex\">\n<p class=\"has-medium-font-size\"><strong>Fresagem CNC de precis\u00e3o para componentes met\u00e1licos complexos<\/strong><\/p>\n\n\n\n<p class=\"has-small-font-size\">Essas pe\u00e7as met\u00e1licas destacam a versatilidade das pe\u00e7as usinadas por CNC na produ\u00e7\u00e3o de componentes complexos e multifuncionais com bordas limpas e dimens\u00f5es precisas. Ideais para aplica\u00e7\u00f5es em automa\u00e7\u00e3o, rob\u00f3tica, instrumenta\u00e7\u00e3o e estruturas mec\u00e2nicas, cada pe\u00e7a \u00e9 fabricada para desempenho consistente e montagem precisa.<\/p>\n<\/div>\n\n\n\n<figure class=\"wp-block-image size-full\" style=\"font-size:14px\"><img decoding=\"async\" width=\"626\" height=\"900\" src=\"https:\/\/hdproto.com\/wp-content\/uploads\/2025\/08\/cnc-milling-components.jpg\" alt=\"Usinagem CNC de componentes de precis\u00e3o com geometria complexa para montagens mec\u00e2nicas.\" class=\"wp-image-1769\" srcset=\"https:\/\/cms.hdproto.com\/wp-content\/uploads\/2025\/08\/cnc-milling-components.jpg 626w, https:\/\/cms.hdproto.com\/wp-content\/uploads\/2025\/08\/cnc-milling-components-209x300.jpg 209w\" sizes=\"(max-width: 626px) 100vw, 626px\" \/><figcaption class=\"wp-element-caption\">Componentes de alto desempenho fabricados por fresagem CNC, adequados para sistemas estruturais, mec\u00e2nicos e de controle de movimento.<\/figcaption><\/figure>\n<\/div>\n<\/div>\n<\/div>\n\n\n\n<div class=\"wp-block-group alignfull has-ast-global-color-8-background-color has-background is-layout-flow wp-block-group-is-layout-flow\" style=\"padding-top:6vw;padding-right:6vw;padding-bottom:6vw;padding-left:6vw\">\n<div class=\"wp-block-group is-vertical is-nowrap is-layout-flex wp-container-core-group-is-layout-36fd9ea3 wp-block-group-is-layout-flex\" style=\"padding-right:0;padding-left:0\"><h6 class=\"wp-block-heading has-text-color\" id=\"ecosystem\" style=\"color:#000000;font-size:16px\">Servi\u00e7os de usinagem CNC<\/h6>\n\n\n<p class=\"has-text-color\" style=\"color:#000000;font-size:6vw;font-style:normal;font-weight:700;letter-spacing:0px;line-height:0.9;text-decoration:none;text-transform:none\">Fresagem CNC<\/p>\n<\/div>\n\n\n\n<div style=\"height:1vw\" aria-hidden=\"true\" class=\"wp-block-spacer\"><\/div>\n\n\n\n<div class=\"wp-block-group alignwide is-vertical is-nowrap is-layout-flex wp-container-core-group-is-layout-7946b6b8 wp-block-group-is-layout-flex\" style=\"padding-top:0;padding-right:0;padding-bottom:0;padding-left:0\">\n<div class=\"wp-block-columns alignwide is-layout-flex wp-container-core-columns-is-layout-21b20327 wp-block-columns-is-layout-flex\">\n<div class=\"wp-block-column is-layout-flow wp-block-column-is-layout-flow\" style=\"flex-basis:33.38%\"><h2 class=\"wp-block-heading has-text-color\" style=\"color:#000000;font-size:17px\" id=\"precision-cnc-milling-for-demanding-industrial-applications\">Fresagem CNC de precis\u00e3o para aplica\u00e7\u00f5es industriais exigentes<\/h2>\n\n\n<p>Trabalhamos com alum\u00ednio, a\u00e7o inoxid\u00e1vel, lat\u00e3o, cobre e pl\u00e1sticos de engenharia, usinando desde geometrias planas b\u00e1sicas at\u00e9 pe\u00e7as com cavidades profundas e conjuntos curvos. Seja qual for a sua necessidade \u2014 furos de montagem, rebaixos, faces escalonadas ou ranhuras funcionais \u2014, nossa equipe est\u00e1 preparada para atend\u00ea-lo. <strong>processo de usinagem CNC<\/strong> Permite um controle preciso de cada detalhe, garantindo desempenho mec\u00e2nico de precis\u00e3o e encaixe confi\u00e1vel durante a montagem final.<\/p>\n\n\n\n<p>Nosso <strong><a href=\"https:\/\/hdproto.com\/cnc-machining-services\/\" data-type=\"link\" data-id=\"https:\/\/hdproto.com\/cnc-machining-services\/\" target=\"_blank\" rel=\"noopener\">solu\u00e7\u00f5es de fresagem CNC<\/a><\/strong> S\u00e3o amplamente utilizadas em sistemas de automa\u00e7\u00e3o, rob\u00f3tica, m\u00e1quinas pesadas e estruturas de equipamentos. Para cada projeto, adaptamos a estrat\u00e9gia de usinagem para atender \u00e0s suas toler\u00e2ncias, comportamento do material e necessidades funcionais. <\/p>\n<\/div>\n\n\n\n<div class=\"wp-block-column is-layout-flow wp-block-column-is-layout-flow\" style=\"flex-basis:33%\">\n<div style=\"height:2vw\" aria-hidden=\"true\" class=\"wp-block-spacer\"><\/div>\n\n\n\n<figure class=\"wp-block-image size-full\"><img decoding=\"async\" width=\"600\" height=\"800\" src=\"https:\/\/hdproto.com\/wp-content\/uploads\/2026\/01\/CNC-Automotive-Parts.jpg\" alt=\"Componentes de suspens\u00e3o automotiva de alum\u00ednio com roscas e flanges\" class=\"wp-image-3965\" srcset=\"https:\/\/cms.hdproto.com\/wp-content\/uploads\/2026\/01\/CNC-Automotive-Parts.jpg 600w, https:\/\/cms.hdproto.com\/wp-content\/uploads\/2026\/01\/CNC-Automotive-Parts-225x300.jpg 225w, https:\/\/cms.hdproto.com\/wp-content\/uploads\/2026\/01\/CNC-Automotive-Parts-9x12.jpg 9w\" sizes=\"(max-width: 600px) 100vw, 600px\" \/><figcaption class=\"wp-element-caption\">Componentes de alum\u00ednio usinado em CNC de alta precis\u00e3o para suspens\u00e3o automotiva - toler\u00e2ncias r\u00edgidas e recursos de rosca<\/figcaption><\/figure>\n<\/div>\n\n\n\n<div class=\"wp-block-column is-layout-flow wp-block-column-is-layout-flow\" style=\"flex-basis:33.62%\">\n<figure class=\"wp-block-image size-full\"><img loading=\"lazy\" decoding=\"async\" width=\"600\" height=\"800\" src=\"https:\/\/hdproto.com\/wp-content\/uploads\/2026\/01\/CNC-machined-parts.jpg\" alt=\"Anel de fixa\u00e7\u00e3o usinado em CNC ou colar de montagem com furos de montagem e design escalonado\" class=\"wp-image-3967\" srcset=\"https:\/\/cms.hdproto.com\/wp-content\/uploads\/2026\/01\/CNC-machined-parts.jpg 600w, https:\/\/cms.hdproto.com\/wp-content\/uploads\/2026\/01\/CNC-machined-parts-225x300.jpg 225w, https:\/\/cms.hdproto.com\/wp-content\/uploads\/2026\/01\/CNC-machined-parts-9x12.jpg 9w\" sizes=\"(max-width: 600px) 100vw, 600px\" \/><figcaption class=\"wp-element-caption\">Anel\/colar de fixa\u00e7\u00e3o de alum\u00ednio usinado em CNC de alta precis\u00e3o - acabamento anodizado preto, v\u00e1rios orif\u00edcios de montagem para uma montagem segura<\/figcaption><\/figure>\n\n\n\n<p>Esta imagem mostra componentes de alum\u00ednio personalizados, fabricados com fresagem CNC, apresentando perfis de borda limpos e estruturas funcionais para uso em gabinetes, suportes ou equipamentos personalizados.<\/p>\n<\/div>\n<\/div>\n\n\n\n<div class=\"wp-block-columns alignwide is-layout-flex wp-container-core-columns-is-layout-c24efe4f wp-block-columns-is-layout-flex\">\n<div class=\"wp-block-column is-layout-flow wp-block-column-is-layout-flow\" style=\"flex-basis:69%\">\n<figure class=\"wp-block-image size-full\"><img loading=\"lazy\" decoding=\"async\" width=\"800\" height=\"600\" src=\"https:\/\/hdproto.com\/wp-content\/uploads\/2026\/03\/CNC-Machinery-Parts.webp\" alt=\"Pe\u00e7as de alum\u00ednio usinadas em CNC personalizadas para m\u00e1quinas\" class=\"wp-image-4303\" srcset=\"https:\/\/cms.hdproto.com\/wp-content\/uploads\/2026\/03\/CNC-Machinery-Parts.webp 800w, https:\/\/cms.hdproto.com\/wp-content\/uploads\/2026\/03\/CNC-Machinery-Parts-300x225.webp 300w, https:\/\/cms.hdproto.com\/wp-content\/uploads\/2026\/03\/CNC-Machinery-Parts-768x576.webp 768w, https:\/\/cms.hdproto.com\/wp-content\/uploads\/2026\/03\/CNC-Machinery-Parts-16x12.webp 16w\" sizes=\"(max-width: 800px) 100vw, 800px\" \/><figcaption class=\"wp-element-caption\">Pe\u00e7as de m\u00e1quinas usinadas com precis\u00e3o CNC personalizadas para equipamentos industriais e montagens mec\u00e2nicas.<\/figcaption><\/figure>\n<\/div>\n\n\n\n<div class=\"wp-block-column is-vertically-aligned-center is-layout-flow wp-block-column-is-layout-flow\" style=\"flex-basis:33%\"><h6 class=\"wp-block-heading has-text-color\" style=\"color:#000000;font-size:17px\" id=\"precision-machining-for-industrialgrade-components\">Usinagem de precis\u00e3o para componentes de n\u00edvel industrial<\/h6>\n\n\n<p>Nossos servi\u00e7os de fresagem oferecem alta consist\u00eancia e repetibilidade, permitindo a produ\u00e7\u00e3o de pe\u00e7as estruturalmente id\u00eanticas, ideais para sistemas de automa\u00e7\u00e3o, componentes de m\u00e1quinas e liga\u00e7\u00f5es mec\u00e2nicas. Cada pe\u00e7a passa por uma cuidadosa sele\u00e7\u00e3o de materiais e corte multieixos para garantir geometria precisa, acabamento superficial uniforme e controle dimensional exato.<\/p>\n<\/div>\n<\/div>\n<\/div>\n<\/div>\n\n\n\n<div class=\"wp-block-uagb-container uagb-block-749f57d1 alignfull uagb-is-root-container\"><div class=\"uagb-container-inner-blocks-wrap\"><h2 class=\"wp-block-heading\" id=\"you-may-want-to-ask\">Voc\u00ea pode querer perguntar<\/h2>\n\n\n<p>P: Voc\u00eas podem fornecer amostras de pe\u00e7as usinadas por CNC?<br>A: Sim, oferecemos prototipagem r\u00e1pida em 2 a 3 dias.<\/p>\n\n\n\n<p>P: Quais formatos de arquivo voc\u00eas aceitam?<br>A: Aceitamos arquivos STEP, IGES, STL e PDFs 2D.<\/p>\n\n\n\n<p>P: Como voc\u00eas garantem a biocompatibilidade dos materiais?<br>A: N\u00f3s obtemos materiais certificados de grau m\u00e9dico somente de fornecedores confi\u00e1veis.<\/p>\n<\/div><\/div>\n\n\n\n<div class=\"wp-block-uagb-container uagb-block-a815ca67 alignfull uagb-is-root-container\"><div class=\"uagb-container-inner-blocks-wrap\"><h2 class=\"wp-block-heading\" id=\"%25e2%259c%2585-call-to-action\">\u2705 Chamada para a\u00e7\u00e3o<\/h2>\n\n\n<p><strong>Pronto para desenvolver suas pe\u00e7as usinadas por CNC personalizadas?<\/strong><br>Vamos transformar seu projeto em realidade \u2014 com rapidez, precis\u00e3o e profissionalismo.<\/p>\n<\/div><\/div>\n\n\n\n<div class=\"wp-block-uagb-buttons uagb-buttons__outer-wrap uagb-btn__default-btn uagb-btn-tablet__default-btn uagb-btn-mobile__default-btn uagb-block-01f2a104\"><div class=\"uagb-buttons__wrap uagb-buttons-layout-wrap\">\n<div class=\"wp-block-uagb-buttons-child uagb-buttons__outer-wrap uagb-block-a1a82a92 wp-block-button\"><div class=\"uagb-button__wrapper\"><a class=\"uagb-buttons-repeater wp-block-button__link\" aria-label=\"\" href=\"https:\/\/hdproto.com\/contact-cnc-machining-company\/\" rel=\"follow noopener\" target=\"_blank\" role=\"button\"><div class=\"uagb-button__link\">Contate-nos<\/div><\/a><\/div><\/div>\n<\/div><\/div>\n\n\n\n<p><\/p>","protected":false},"excerpt":{"rendered":"<p>CNC Milling Services At Huade Precision, our CNC milling services are built to meet the evolving needs of modern industries. Whether you&#8217;re developing mechanical parts, structural components, or functional prototypes, we deliver clean, accurate, and repeatable results\u2014every time. .With advanced multi-axis milling machines and skilled technicians, we handle a wide range of materials including aluminum, [&hellip;]<\/p>\n","protected":false},"author":2,"featured_media":4303,"parent":0,"menu_order":0,"comment_status":"closed","ping_status":"closed","template":"","meta":{"_acf_changed":false,"_uag_custom_page_level_css":"","site-sidebar-layout":"default","site-content-layout":"","ast-site-content-layout":"default","site-content-style":"default","site-sidebar-style":"default","ast-global-header-display":"","ast-banner-title-visibility":"","ast-main-header-display":"","ast-hfb-above-header-display":"","ast-hfb-below-header-display":"","ast-hfb-mobile-header-display":"","site-post-title":"","ast-breadcrumbs-content":"","ast-featured-img":"disabled","footer-sml-layout":"","ast-disable-related-posts":"","theme-transparent-header-meta":"","adv-header-id-meta":"","stick-header-meta":"","header-above-stick-meta":"","header-main-stick-meta":"","header-below-stick-meta":"","astra-migrate-meta-layouts":"set","ast-page-background-enabled":"default","ast-page-background-meta":{"desktop":{"background-color":"","background-image":"","background-repeat":"repeat","background-position":"center center","background-size":"auto","background-attachment":"scroll","background-type":"","background-media":"","overlay-type":"","overlay-color":"","overlay-opacity":"","overlay-gradient":""},"tablet":{"background-color":"","background-image":"","background-repeat":"repeat","background-position":"center center","background-size":"auto","background-attachment":"scroll","background-type":"","background-media":"","overlay-type":"","overlay-color":"","overlay-opacity":"","overlay-gradient":""},"mobile":{"background-color":"","background-image":"","background-repeat":"repeat","background-position":"center center","background-size":"auto","background-attachment":"scroll","background-type":"","background-media":"","overlay-type":"","overlay-color":"","overlay-opacity":"","overlay-gradient":""}},"ast-content-background-meta":{"desktop":{"background-color":"var(--ast-global-color-5)","background-image":"","background-repeat":"repeat","background-position":"center center","background-size":"auto","background-attachment":"scroll","background-type":"","background-media":"","overlay-type":"","overlay-color":"","overlay-opacity":"","overlay-gradient":""},"tablet":{"background-color":"var(--ast-global-color-5)","background-image":"","background-repeat":"repeat","background-position":"center center","background-size":"auto","background-attachment":"scroll","background-type":"","background-media":"","overlay-type":"","overlay-color":"","overlay-opacity":"","overlay-gradient":""},"mobile":{"background-color":"var(--ast-global-color-5)","background-image":"","background-repeat":"repeat","background-position":"center center","background-size":"auto","background-attachment":"scroll","background-type":"","background-media":"","overlay-type":"","overlay-color":"","overlay-opacity":"","overlay-gradient":""}},"footnotes":""},"class_list":["post-1762","page","type-page","status-publish","has-post-thumbnail","hentry"],"acf":[],"uagb_featured_image_src":{"full":["https:\/\/cms.hdproto.com\/wp-content\/uploads\/2026\/03\/CNC-Machinery-Parts.webp",800,600,false],"thumbnail":["https:\/\/cms.hdproto.com\/wp-content\/uploads\/2026\/03\/CNC-Machinery-Parts-150x150.webp",150,150,true],"medium":["https:\/\/cms.hdproto.com\/wp-content\/uploads\/2026\/03\/CNC-Machinery-Parts-300x225.webp",300,225,true],"medium_large":["https:\/\/cms.hdproto.com\/wp-content\/uploads\/2026\/03\/CNC-Machinery-Parts-768x576.webp",768,576,true],"large":["https:\/\/cms.hdproto.com\/wp-content\/uploads\/2026\/03\/CNC-Machinery-Parts.webp",800,600,false],"1536x1536":["https:\/\/cms.hdproto.com\/wp-content\/uploads\/2026\/03\/CNC-Machinery-Parts.webp",800,600,false],"2048x2048":["https:\/\/cms.hdproto.com\/wp-content\/uploads\/2026\/03\/CNC-Machinery-Parts.webp",800,600,false],"trp-custom-language-flag":["https:\/\/cms.hdproto.com\/wp-content\/uploads\/2026\/03\/CNC-Machinery-Parts-16x12.webp",16,12,true]},"uagb_author_info":{"display_name":"Huade CNC","author_link":"https:\/\/cms.hdproto.com\/pt\/author\/sales\/"},"uagb_comment_info":0,"uagb_excerpt":"CNC Milling Services At Huade Precision, our CNC milling services are built to meet the evolving needs of modern industries. Whether you&#8217;re developing mechanical parts, structural components, or functional prototypes, we deliver clean, accurate, and repeatable results\u2014every time. .With advanced multi-axis milling machines and skilled technicians, we handle a wide range of materials including aluminum,&hellip;","_links":{"self":[{"href":"https:\/\/cms.hdproto.com\/pt\/wp-json\/wp\/v2\/pages\/1762","targetHints":{"allow":["GET"]}}],"collection":[{"href":"https:\/\/cms.hdproto.com\/pt\/wp-json\/wp\/v2\/pages"}],"about":[{"href":"https:\/\/cms.hdproto.com\/pt\/wp-json\/wp\/v2\/types\/page"}],"author":[{"embeddable":true,"href":"https:\/\/cms.hdproto.com\/pt\/wp-json\/wp\/v2\/users\/2"}],"replies":[{"embeddable":true,"href":"https:\/\/cms.hdproto.com\/pt\/wp-json\/wp\/v2\/comments?post=1762"}],"version-history":[{"count":25,"href":"https:\/\/cms.hdproto.com\/pt\/wp-json\/wp\/v2\/pages\/1762\/revisions"}],"predecessor-version":[{"id":4315,"href":"https:\/\/cms.hdproto.com\/pt\/wp-json\/wp\/v2\/pages\/1762\/revisions\/4315"}],"wp:featuredmedia":[{"embeddable":true,"href":"https:\/\/cms.hdproto.com\/pt\/wp-json\/wp\/v2\/media\/4303"}],"wp:attachment":[{"href":"https:\/\/cms.hdproto.com\/pt\/wp-json\/wp\/v2\/media?parent=1762"}],"curies":[{"name":"wp","href":"https:\/\/api.w.org\/{rel}","templated":true}]}}