{"id":1383,"date":"2025-07-14T09:46:32","date_gmt":"2025-07-14T09:46:32","guid":{"rendered":"https:\/\/hdproto.com\/?page_id=1383"},"modified":"2026-03-11T08:40:54","modified_gmt":"2026-03-11T08:40:54","slug":"pecas-de-maquinas-cnc","status":"publish","type":"page","link":"https:\/\/cms.hdproto.com\/pt\/products\/cnc-machinery-parts\/","title":{"rendered":"Pe\u00e7as para m\u00e1quinas CNC"},"content":{"rendered":"<div class=\"wp-block-group is-layout-constrained wp-block-group-is-layout-constrained\">\n<div class=\"wp-block-uagb-advanced-heading uagb-block-69af9d91\"><h2 class=\"uagb-heading-text\">Fabricante de pe\u00e7as de precis\u00e3o para m\u00e1quinas CNC para aplica\u00e7\u00f5es industriais.<\/h2><\/div>\n\n\n\n<p><\/p>\n\n\n\n<p>Na Dongguan Huade Precision Manufacturing Co., Ltd., fornecemos pe\u00e7as usinadas por CNC projetadas para os desafios das m\u00e1quinas modernas. De sistemas de automa\u00e7\u00e3o a equipamentos pesados, nossos componentes s\u00e3o constru\u00eddos para oferecer um desempenho preciso, confi\u00e1vel e consistente.<\/p>\n\n\n\n<p>Cada pe\u00e7a que produzimos \u00e9 fabricada com aten\u00e7\u00e3o aos detalhes, atendendo a toler\u00e2ncias rigorosas de at\u00e9 \u00b10,01 mm e garantindo desempenho est\u00e1vel em ambientes mec\u00e2nicos exigentes. Seja para a constru\u00e7\u00e3o de linhas de produ\u00e7\u00e3o, sistemas rob\u00f3ticos ou dispositivos mec\u00e2nicos especializados, nossas pe\u00e7as para m\u00e1quinas CNC ajudam a dar vida aos seus projetos.<\/p>\n\n\n\n<p>Com anos de experi\u00eancia em fresagem CNC, torneamento e prototipagem complexa, nossa equipe atende clientes em diversos setores, incluindo automa\u00e7\u00e3o, embalagens, energia e manufatura industrial. Oferecemos amostragem r\u00e1pida (2 a 3 dias), quantidades m\u00ednimas de pedido reduzidas e rastreabilidade de materiais para garantir que seu projeto seja executado sem problemas, da concep\u00e7\u00e3o \u00e0 conclus\u00e3o.<\/p>\n\n\n\n<p>Na Huade, n\u00e3o nos limitamos a usinar metal \u2014 projetamos solu\u00e7\u00f5es. Nossas pe\u00e7as s\u00e3o personalizadas para atender \u00e0s suas necessidades espec\u00edficas, com acabamentos de superf\u00edcie opcionais como anodiza\u00e7\u00e3o, oxida\u00e7\u00e3o negra, pintura eletrost\u00e1tica a p\u00f3 e muito mais. Seja para uma pe\u00e7a ou mil, garantimos qualidade consistente, entrega r\u00e1pida e comunica\u00e7\u00e3o \u00e1gil em todas as etapas do processo.<\/p>\n\n\n\n<p>Permita que sejamos seu parceiro de confian\u00e7a na cadeia de suprimentos de fabrica\u00e7\u00e3o CNC. Com certifica\u00e7\u00e3o ISO 9001 e uma equipe com amplo conhecimento das normas industriais globais, estamos aqui para ajud\u00e1-lo a se manter \u00e0 frente em um mercado de m\u00e1quinas competitivo.<\/p>\n\n\n\n<p><\/p>\n\n\n<h2 class=\"wp-block-heading\" id=\"applications-of-precision-cnc-machinery-parts\">Aplica\u00e7\u00f5es de pe\u00e7as de m\u00e1quinas CNC de precis\u00e3o<\/h2>\n\n\n<div class=\"wp-block-uagb-container uagb-block-542f5bbf alignfull uagb-is-root-container\"><div class=\"uagb-container-inner-blocks-wrap\">\n<div class=\"wp-block-uagb-container uagb-block-14416465\">\n<div class=\"wp-block-uagb-info-box uagb-block-f7c15f6f uagb-infobox__content-wrap  uagb-infobox-icon-above-title uagb-infobox-image-valign-top\"><div class=\"uagb-ifb-content\"><div class=\"uagb-ifb-image-content\"><img decoding=\"async\" src=\"https:\/\/hdproto.com\/wp-content\/uploads\/2025\/07\/\u6444\u5f71\u5668\u67501-1.jpg\" alt=\"Pe\u00e7a de alum\u00ednio usinada em CNC para suporte de equipamento fotogr\u00e1fico profissional\" width=\"\" height=\"0\" loading=\"lazy\"\/><\/div><div class=\"uagb-ifb-title-wrap\"><h3 class=\"uagb-ifb-title\">Base de montagem usinada em CNC para sistemas de c\u00e2meras<\/h3><\/div><p class=\"uagb-ifb-desc\">Essa pe\u00e7a de maquin\u00e1rio CNC personalizada foi criada especificamente para plataformas de c\u00e2meras, estabilizadores e outros sistemas \u00f3pticos. Fabricada com material leve <strong>Materiais de liga de alum\u00ednio 7075<\/strong>, Garante suporte r\u00edgido e resistente \u00e0 corros\u00e3o para aplica\u00e7\u00f5es de alto desempenho. Ideal para clientes que buscam componentes CNC de precis\u00e3o para equipamentos fotogr\u00e1ficos, esta pe\u00e7a assegura o equil\u00edbrio perfeito entre resist\u00eancia, est\u00e9tica e durabilidade a longo prazo.<\/p><\/div><\/div>\n<\/div>\n\n\n\n<div class=\"wp-block-uagb-container uagb-block-40dd48e2\">\n<div class=\"wp-block-uagb-info-box uagb-block-cde81d2e uagb-infobox__content-wrap  uagb-infobox-icon-above-title uagb-infobox-image-valign-top\"><div class=\"uagb-ifb-content\"><div class=\"uagb-ifb-image-content\"><img decoding=\"async\" src=\"https:\/\/hdproto.com\/wp-content\/uploads\/2026\/01\/Precision-CNC-Parts-for-Machines.jpg\" alt=\"Suporte de montagem e componente da carca\u00e7a em alum\u00ednio usinado por CNC de precis\u00e3o\" width=\"\" height=\"0\" loading=\"lazy\"\/><\/div><div class=\"uagb-ifb-title-wrap\"><h3 class=\"uagb-ifb-title\">Suporte de montagem CNC de precis\u00e3o para equipamentos industriais<\/h3><\/div><p class=\"uagb-ifb-desc\">Projetado para equipamentos industriais de alto desempenho, esse suporte de montagem em alum\u00ednio usinado por CNC oferece um alojamento r\u00edgido e leve para eixos rotativos e conjuntos de ferramentas. Produzido em liga de alum\u00ednio de alta resist\u00eancia com toler\u00e2ncias r\u00edgidas de at\u00e9 \u00b10,01 mm, ele oferece excelente alinhamento, resist\u00eancia \u00e0 corros\u00e3o e estabilidade de longo prazo em aplica\u00e7\u00f5es de automa\u00e7\u00e3o, embalagem e maquin\u00e1rio em geral.<\/p><\/div><\/div>\n<\/div>\n\n\n\n<div class=\"wp-block-uagb-container uagb-block-3b0302be\">\n<div class=\"wp-block-uagb-info-box uagb-block-4471a001 uagb-infobox__content-wrap  uagb-infobox-icon-above-title uagb-infobox-image-valign-top\"><div class=\"uagb-ifb-content\"><div class=\"uagb-ifb-image-content\"><img decoding=\"async\" src=\"https:\/\/hdproto.com\/wp-content\/uploads\/2025\/07\/\u5fae\u4fe1\u56fe\u7247_20241227155911_\u526f\u672c.jpg\" alt=\"Pe\u00e7a estrutural de base usinada com precis\u00e3o em CNC para componentes de m\u00e1quinas CNC em m\u00e1quinas industriais.\" width=\"\" height=\"0\" loading=\"lazy\"\/><\/div><div class=\"uagb-ifb-title-wrap\"><h3 class=\"uagb-ifb-title\">Carca\u00e7a estrutural usinada por CNC para equipamentos de m\u00e1quinas<\/h3><\/div><p class=\"uagb-ifb-desc\">Esse <strong>Pe\u00e7a de m\u00e1quina CNC de alta precis\u00e3o <\/strong>\u00c9 projetada com maestria para uso em bases de m\u00e1quinas industriais e conjuntos de equipamentos de grande porte. Com seu design de m\u00faltiplas superf\u00edcies, a pe\u00e7a garante alinhamento seguro, excelente rigidez e estabilidade dimensional a longo prazo. <strong>Fabricado em liga de alum\u00ednio 6082 de alta resist\u00eancia.<\/strong>, \u00c9 ideal para equipamentos personalizados onde o suporte de carga, a integridade estrutural e a resist\u00eancia \u00e0 corros\u00e3o s\u00e3o essenciais.<\/p><\/div><\/div>\n<\/div>\n\n\n\n<div class=\"wp-block-uagb-container uagb-block-cf112ef3\">\n<div class=\"wp-block-uagb-info-box uagb-block-6ad15585 uagb-infobox__content-wrap  uagb-infobox-icon-above-title uagb-infobox-image-valign-top\"><div class=\"uagb-ifb-content\"><div class=\"uagb-ifb-image-content\"><img decoding=\"async\" src=\"https:\/\/hdproto.com\/wp-content\/uploads\/2026\/03\/CNC-Machined-Mounting-Plate.webp\" alt=\"Placa de montagem personalizada em alum\u00ednio usinado por CNC com furos de precis\u00e3o\" width=\"\" height=\"0\" loading=\"lazy\"\/><\/div><div class=\"uagb-ifb-title-wrap\"><h3 class=\"uagb-ifb-title\">Placa de montagem em alum\u00ednio usinado por CNC com furos de precis\u00e3o<\/h3><\/div><p class=\"uagb-ifb-desc\">Placa de montagem de alum\u00ednio usinado em CNC de precis\u00e3o personalizada fabricada pela Huade Precision.<br>Fresamento de alta precis\u00e3o com v\u00e1rios furos e cavidades para equipamentos industriais e sistemas de automa\u00e7\u00e3o.<br>Produzido com tecnologia avan\u00e7ada de usinagem CNC para garantir toler\u00e2ncias r\u00edgidas, acabamento superficial suave e desempenho confi\u00e1vel em aplica\u00e7\u00f5es de engenharia exigentes.<\/p><\/div><\/div>\n<\/div>\n<\/div><\/div>\n\n\n\n<p class=\"has-medium-font-size\">Todas as pe\u00e7as s\u00e3o usinadas a partir de materiais certificados (alum\u00ednio 6082\/7075, a\u00e7o inoxid\u00e1vel, tit\u00e2nio, etc.), com possibilidade de anodiza\u00e7\u00e3o, oxida\u00e7\u00e3o negra, pintura eletrost\u00e1tica a p\u00f3 e outros processos.<\/p>\n\n\n<h2 class=\"wp-block-heading\" id=\"why-choose-huade-for-cnc-machinery-parts\">Por que escolher a Huade para pe\u00e7as de m\u00e1quinas CNC?<\/h2>\n\n\n<p style=\"font-family: 'Inter', 'Poppins', 'Roboto', sans-serif; font-size: 17px; line-height: 1.7; color: #4a5a6a; font-weight: 400;\">\n  Em parceria com <strong style=\"font-weight: 500;\">Dongguan Huade Precision Manufacturing Co., Ltd.<\/strong> Significa escolher confiabilidade, precis\u00e3o e efici\u00eancia. Veja por que fabricantes do mundo todo confiam em n\u00f3s para <strong>pe\u00e7as para m\u00e1quinas CNC<\/strong>:\n<\/p>\n\n<div style=\"margin-top: 20px;\">\n  <h3 style=\"font-family: 'Inter', 'Poppins', 'Roboto', sans-serif; font-size: 18px; font-weight: 500; color: #333e48;\">\u2705 Ultra-alta precis\u00e3o (\u00b10,01 mm)<\/h3>\n  <p style=\"font-family: 'Inter', 'Poppins', 'Roboto', sans-serif; font-size: 17px; line-height: 1.7; color: #4a5a6a;\">\n    Garantimos uma toler\u00e2ncia de \u00b10,01 mm em todos os produtos. <strong>pe\u00e7as para m\u00e1quinas CNC<\/strong>. Esse n\u00edvel de precis\u00e3o garante encaixe perfeito e desempenho est\u00e1vel em conjuntos mec\u00e2nicos, como suportes, eixos, caixas de engrenagens e estruturas de base.\n  <\/p>\n<\/div>\n\n<div style=\"margin-top: 20px;\">\n  <h3 style=\"font-family: 'Inter', 'Poppins', 'Roboto', sans-serif; font-size: 18px; font-weight: 500; color: #333e48;\">\u2705 Prototipagem r\u00e1pida (2 a 3 dias \u00fateis)<\/h3>\n  <p style=\"font-family: 'Inter', 'Poppins', 'Roboto', sans-serif; font-size: 17px; line-height: 1.7; color: #4a5a6a;\">\n    Precisa de pe\u00e7as rapidamente? Oferecemos suporte a ciclos de desenvolvimento urgentes com prototipagem de 2 a 3 dias para componentes de alum\u00ednio e a\u00e7o inoxid\u00e1vel \u2014 ideal para testes de m\u00e1quinas, valida\u00e7\u00e3o de linha ou ensaios funcionais.\n  <\/p>\n<\/div>\n\n<div style=\"margin-top: 20px;\">\n  <h3 style=\"font-family: 'Inter', 'Poppins', 'Roboto', sans-serif; font-size: 18px; font-weight: 500; color: #333e48;\">\u2705 Quantidade m\u00ednima de pedido baixa<\/h3>\n  <p style=\"font-family: 'Inter', 'Poppins', 'Roboto', sans-serif; font-size: 17px; line-height: 1.7; color: #4a5a6a;\">\n    Trabalhamos tanto com pequenos lotes quanto com produ\u00e7\u00e3o em grande volume \u2014 perfeito para testes piloto, pe\u00e7as de reposi\u00e7\u00e3o ou montagens mec\u00e2nicas personalizadas para uso industrial.\n  <\/p>\n<\/div>\n\n<div style=\"margin-top: 20px;\">\n  <h3 style=\"font-family: 'Inter', 'Poppins', 'Roboto', sans-serif; font-size: 18px; font-weight: 500; color: #333e48;\">\u2705 Relat\u00f3rios de Inspe\u00e7\u00e3o Completos<\/h3>\n  <p style=\"font-family: 'Inter', 'Poppins', 'Roboto', sans-serif; font-size: 17px; line-height: 1.7; color: #4a5a6a;\">\n    Cada entrega inclui relat\u00f3rios de inspe\u00e7\u00e3o completos \u2014 abrangendo precis\u00e3o dimensional, qualidade do acabamento superficial e certifica\u00e7\u00e3o de materiais \u2014 dispon\u00edveis mediante solicita\u00e7\u00e3o.\n  <\/p>\n<\/div>\n\n<div style=\"margin-top: 20px;\">\n  <h3 style=\"font-family: 'Inter', 'Poppins', 'Roboto', sans-serif; font-size: 18px; font-weight: 500; color: #333e48;\">\u2705 Envio Global e Log\u00edstica R\u00e1pida<\/h3>\n  <p style=\"font-family: 'Inter', 'Poppins', 'Roboto', sans-serif; font-size: 17px; line-height: 1.7; color: #4a5a6a;\">\n    Temos parceria com a DHL, FedEx e UPS para entregas internacionais em 3 a 7 dias. N\u00e3o importa onde voc\u00ea esteja, enviamos com rapidez e confiabilidade.\n  <\/p>\n<\/div>\n\n<div style=\"margin-top: 20px;\">\n  <h3 style=\"font-family: 'Inter', 'Poppins', 'Roboto', sans-serif; font-size: 18px; font-weight: 500; color: #333e48;\">\u2705 Certificado ISO 9001<\/h3>\n  <p style=\"font-family: 'Inter', 'Poppins', 'Roboto', sans-serif; font-size: 17px; line-height: 1.7; color: #4a5a6a;\">\n    Nossas instala\u00e7\u00f5es s\u00e3o <a href=\"https:\/\/www.iso.org\/iso-9001-quality-management.html\" target=\"_blank\" rel=\"noopener\">Certificado ISO 9001<\/a>, garantindo que nossos processos atendam aos padr\u00f5es internacionais de qualidade e rastreabilidade para a fabrica\u00e7\u00e3o de componentes mec\u00e2nicos.\n  <\/p>\n<\/div>\n\n\n\n<p><\/p>\n\n\n<h2 class=\"wp-block-heading\" id=\"get-a-quote-for-cnc-machinery-parts\">Solicite um or\u00e7amento para pe\u00e7as de m\u00e1quinas CNC<\/h2>\n\n<h3 class=\"wp-block-heading\" id=\"should-have-questions-about-your-cnc-machinery-parts-so-far\"><strong>Voc\u00ea ainda tem alguma d\u00favida sobre as pe\u00e7as de suas m\u00e1quinas CNC?<\/strong><\/h3>\n\n\n<p>Nossa equipe de especialistas est\u00e1 pronta para lhe oferecer suporte r\u00e1pido e profissional. Seja para um prot\u00f3tipo ou para produ\u00e7\u00e3o em larga escala, estamos aqui para ajudar \u2014 da sele\u00e7\u00e3o de materiais \u00e0 entrega final.<\/p>\n\n\n\n<p>\u2705 Resposta r\u00e1pida<br>\u2705 Pre\u00e7os competitivos<br>\u2705 Suporte para envios internacionais<\/p>\n\n\n\n<p>\ud83d\udce7 sales@hdproto.com ou william@hdproto.com<\/p>\n\n\n\n<p>\ud83d\udcde +86 133 9271 1394 (Telefone e WhatsApp)<\/p>\n\n\n\n<div class=\"wp-block-uagb-buttons uagb-buttons__outer-wrap uagb-btn__default-btn uagb-btn-tablet__default-btn uagb-btn-mobile__default-btn uagb-block-59119420\"><div class=\"uagb-buttons__wrap uagb-buttons-layout-wrap\">\n<div class=\"wp-block-uagb-buttons-child uagb-buttons__outer-wrap uagb-block-c760d2f4 wp-block-button\"><div class=\"uagb-button__wrapper\"><a class=\"uagb-buttons-repeater wp-block-button__link\" aria-label=\"\" href=\"https:\/\/hdproto.com\/contact-cnc-machining-company\" rel=\"follow noopener\" target=\"_blank\" role=\"button\"><div class=\"uagb-button__link\">Enviar consulta<\/div><\/a><\/div><\/div>\n<\/div><\/div>\n\n\n\n<p><\/p>\n<\/div>","protected":false},"excerpt":{"rendered":"<p>Precision CNC Machinery Parts Manufacturer for Industrial Applications At Dongguan Huade Precision Manufacturing Co., Ltd., we deliver CNC-machined parts engineered for the challenges of modern machinery. From automation systems to heavy-duty equipment, our components are built to perform\u2014precisely, reliably, and consistently. Every piece we produce is crafted with attention to detail, meeting tight tolerances down [&hellip;]<\/p>\n","protected":false},"author":2,"featured_media":0,"parent":799,"menu_order":0,"comment_status":"closed","ping_status":"closed","template":"","meta":{"_acf_changed":false,"_uag_custom_page_level_css":"","site-sidebar-layout":"default","site-content-layout":"","ast-site-content-layout":"default","site-content-style":"default","site-sidebar-style":"default","ast-global-header-display":"","ast-banner-title-visibility":"","ast-main-header-display":"","ast-hfb-above-header-display":"","ast-hfb-below-header-display":"","ast-hfb-mobile-header-display":"","site-post-title":"","ast-breadcrumbs-content":"","ast-featured-img":"","footer-sml-layout":"","ast-disable-related-posts":"","theme-transparent-header-meta":"","adv-header-id-meta":"","stick-header-meta":"","header-above-stick-meta":"","header-main-stick-meta":"","header-below-stick-meta":"","astra-migrate-meta-layouts":"set","ast-page-background-enabled":"default","ast-page-background-meta":{"desktop":{"background-color":"","background-image":"","background-repeat":"repeat","background-position":"center center","background-size":"auto","background-attachment":"scroll","background-type":"","background-media":"","overlay-type":"","overlay-color":"","overlay-opacity":"","overlay-gradient":""},"tablet":{"background-color":"","background-image":"","background-repeat":"repeat","background-position":"center center","background-size":"auto","background-attachment":"scroll","background-type":"","background-media":"","overlay-type":"","overlay-color":"","overlay-opacity":"","overlay-gradient":""},"mobile":{"background-color":"","background-image":"","background-repeat":"repeat","background-position":"center center","background-size":"auto","background-attachment":"scroll","background-type":"","background-media":"","overlay-type":"","overlay-color":"","overlay-opacity":"","overlay-gradient":""}},"ast-content-background-meta":{"desktop":{"background-color":"var(--ast-global-color-5)","background-image":"","background-repeat":"repeat","background-position":"center center","background-size":"auto","background-attachment":"scroll","background-type":"","background-media":"","overlay-type":"","overlay-color":"","overlay-opacity":"","overlay-gradient":""},"tablet":{"background-color":"var(--ast-global-color-5)","background-image":"","background-repeat":"repeat","background-position":"center center","background-size":"auto","background-attachment":"scroll","background-type":"","background-media":"","overlay-type":"","overlay-color":"","overlay-opacity":"","overlay-gradient":""},"mobile":{"background-color":"var(--ast-global-color-5)","background-image":"","background-repeat":"repeat","background-position":"center center","background-size":"auto","background-attachment":"scroll","background-type":"","background-media":"","overlay-type":"","overlay-color":"","overlay-opacity":"","overlay-gradient":""}},"footnotes":""},"class_list":["post-1383","page","type-page","status-publish","hentry"],"acf":[],"uagb_featured_image_src":{"full":false,"thumbnail":false,"medium":false,"medium_large":false,"large":false,"1536x1536":false,"2048x2048":false,"trp-custom-language-flag":false},"uagb_author_info":{"display_name":"Huade CNC","author_link":"https:\/\/cms.hdproto.com\/pt\/author\/sales\/"},"uagb_comment_info":0,"uagb_excerpt":"Precision CNC Machinery Parts Manufacturer for Industrial Applications At Dongguan Huade Precision Manufacturing Co., Ltd., we deliver CNC-machined parts engineered for the challenges of modern machinery. From automation systems to heavy-duty equipment, our components are built to perform\u2014precisely, reliably, and consistently. Every piece we produce is crafted with attention to detail, meeting tight tolerances down&hellip;","_links":{"self":[{"href":"https:\/\/cms.hdproto.com\/pt\/wp-json\/wp\/v2\/pages\/1383","targetHints":{"allow":["GET"]}}],"collection":[{"href":"https:\/\/cms.hdproto.com\/pt\/wp-json\/wp\/v2\/pages"}],"about":[{"href":"https:\/\/cms.hdproto.com\/pt\/wp-json\/wp\/v2\/types\/page"}],"author":[{"embeddable":true,"href":"https:\/\/cms.hdproto.com\/pt\/wp-json\/wp\/v2\/users\/2"}],"replies":[{"embeddable":true,"href":"https:\/\/cms.hdproto.com\/pt\/wp-json\/wp\/v2\/comments?post=1383"}],"version-history":[{"count":17,"href":"https:\/\/cms.hdproto.com\/pt\/wp-json\/wp\/v2\/pages\/1383\/revisions"}],"predecessor-version":[{"id":4308,"href":"https:\/\/cms.hdproto.com\/pt\/wp-json\/wp\/v2\/pages\/1383\/revisions\/4308"}],"up":[{"embeddable":true,"href":"https:\/\/cms.hdproto.com\/pt\/wp-json\/wp\/v2\/pages\/799"}],"wp:attachment":[{"href":"https:\/\/cms.hdproto.com\/pt\/wp-json\/wp\/v2\/media?parent=1383"}],"curies":[{"name":"wp","href":"https:\/\/api.w.org\/{rel}","templated":true}]}}