{"id":1367,"date":"2025-07-14T09:35:20","date_gmt":"2025-07-14T09:35:20","guid":{"rendered":"https:\/\/hdproto.com\/?page_id=1367"},"modified":"2026-02-06T09:56:59","modified_gmt":"2026-02-06T09:56:59","slug":"pecas-automotivas-cnc","status":"publish","type":"page","link":"https:\/\/cms.hdproto.com\/pt\/products\/cnc-automotive-parts\/","title":{"rendered":"pe\u00e7as automotivas CNC"},"content":{"rendered":"<div class=\"wp-block-uagb-advanced-heading uagb-block-69af9d91\"><h2 class=\"uagb-heading-text\">Fabricante de pe\u00e7as automotivas CNC personalizadas na China<\/h2><\/div>\n\n\n\n<p><\/p>\n\n\n\n<p>A Dongguan Huade Precision Manufacturing Co., Ltd. \u00e9 especializada na produ\u00e7\u00e3o de pe\u00e7as de alta precis\u00e3o. <strong>Pe\u00e7as automotivas CNC<\/strong> Para clientes globais de fabricantes de equipamentos originais (OEM) e do mercado de reposi\u00e7\u00e3o. Com toler\u00e2ncia de \u00b10,01 mm, prototipagem r\u00e1pida em 2 a 3 dias e rastreabilidade completa do material, nossos componentes usinados s\u00e3o amplamente utilizados em sistemas de motores automotivos, suportes de suspens\u00e3o, carca\u00e7as de caixas de c\u00e2mbio, dissipadores de calor e suportes estruturais.<\/p>\n\n\n\n<p>Apoiamos encomendas personalizadas de baixo volume e garantimos entregas r\u00e1pidas e confi\u00e1veis para clientes em todo o mundo. Seja para pe\u00e7as usinadas em CNC em alum\u00ednio ou a\u00e7o inoxid\u00e1vel para componentes de transmiss\u00e3o, sistemas de freio ou aplica\u00e7\u00f5es de chassis leves, a Huade oferece precis\u00e3o e desempenho. Nossa equipe interna de engenharia trabalha em estreita colabora\u00e7\u00e3o com os clientes para atender \u00e0s especifica\u00e7\u00f5es exatas, desde a prototipagem at\u00e9 a produ\u00e7\u00e3o em massa.<\/p>\n\n\n\n<p>Como uma empresa de confian\u00e7a <strong>Pe\u00e7as automotivas CNC<\/strong> Como fabricantes na China, combinamos equipamentos avan\u00e7ados com um rigoroso controle de qualidade para garantir uma produ\u00e7\u00e3o consistente. Todos os materiais s\u00e3o provenientes de fornecedores certificados e oferecemos op\u00e7\u00f5es de acabamento superficial, como anodiza\u00e7\u00e3o, pintura eletrost\u00e1tica a p\u00f3, oxida\u00e7\u00e3o negra e galvanoplastia, para atender aos padr\u00f5es de durabilidade automotiva.<\/p>\n\n\n\n<p>Escolher a Huade significa fazer parceria com uma equipe que entende os desafios da fabrica\u00e7\u00e3o de pe\u00e7as automotivas \u2014 incluindo controle de toler\u00e2ncia, velocidade de produ\u00e7\u00e3o e conformidade com padr\u00f5es internacionais. Estamos comprometidos em ajud\u00e1-lo a acelerar o desenvolvimento de seus produtos e manter uma vantagem competitiva na ind\u00fastria automotiva. Nossas instala\u00e7\u00f5es s\u00e3o... <a href=\"https:\/\/www.iso.org\/iso-9001-quality-management.html\" target=\"_blank\" data-type=\"link\" data-id=\"https:\/\/www.iso.org\/iso-9001-quality-management.html\" rel=\"noreferrer noopener\">ISO 9001<\/a><a> certificado<\/a>, Isso significa que nossa produ\u00e7\u00e3o, inspe\u00e7\u00e3o e gest\u00e3o atendem aos padr\u00f5es internacionais de qualidade.<\/p>\n\n\n\n<p><\/p>\n\n\n\n<p><\/p>\n\n\n<h2 class=\"wp-block-heading\" id=\"applications-of-cnc-machined-automotive-parts\">Aplica\u00e7\u00f5es de pe\u00e7as automotivas usinadas por CNC<\/h2>\n\n\n<div class=\"wp-block-uagb-container uagb-block-542f5bbf alignfull uagb-is-root-container\"><div class=\"uagb-container-inner-blocks-wrap\">\n<div class=\"wp-block-uagb-container uagb-block-14416465\">\n<div class=\"wp-block-uagb-info-box uagb-block-f7c15f6f uagb-infobox__content-wrap  uagb-infobox-icon-above-title uagb-infobox-image-valign-top\"><div class=\"uagb-ifb-content\"><div class=\"uagb-ifb-image-content\"><img decoding=\"async\" src=\"https:\/\/hdproto.com\/wp-content\/uploads\/2026\/01\/CNC-parts.jpg\" alt=\"Componentes de pe\u00e7as automotivas usinadas em CNC\" width=\"\" height=\"0\" loading=\"lazy\"\/><\/div><div class=\"uagb-ifb-title-wrap\"><h3 class=\"uagb-ifb-title\">Carca\u00e7a da Turbobomba Automotiva CNC<\/h3><\/div><p class=\"uagb-ifb-desc\">Como uma pe\u00e7a automotiva de precis\u00e3o CNC, essa carca\u00e7a de alum\u00ednio da bomba turbo foi projetada para sistemas de lubrifica\u00e7\u00e3o e resfriamento de motores turboalimentados. Com precis\u00e3o de usinagem de \u00b10,01 mm e excelente resist\u00eancia \u00e0 corros\u00e3o, \u00e9 ideal para aplica\u00e7\u00f5es OEM e de reposi\u00e7\u00e3o que exigem alta confiabilidade e desempenho est\u00e1vel.<\/p><\/div><\/div>\n<\/div>\n\n\n\n<div class=\"wp-block-uagb-container uagb-block-40dd48e2\">\n<div class=\"wp-block-uagb-info-box uagb-block-cde81d2e uagb-infobox__content-wrap  uagb-infobox-icon-above-title uagb-infobox-image-valign-top\"><div class=\"uagb-ifb-content\"><div class=\"uagb-ifb-image-content\"><img decoding=\"async\" src=\"https:\/\/hdproto.com\/wp-content\/uploads\/2026\/01\/precision-machined-CNC-automotive-parts.jpg\" alt=\"Pe\u00e7as automotivas usinadas em CNC da Huade Precision - componentes de alum\u00ednio torneado\" width=\"\" height=\"0\" loading=\"lazy\"\/><\/div><div class=\"uagb-ifb-title-wrap\"><h3 class=\"uagb-ifb-title\">Carca\u00e7a de junta automotiva CNC<\/h3><\/div><p class=\"uagb-ifb-desc\">Como pe\u00e7a automotiva de precis\u00e3o CNC, esse alojamento de junta de alum\u00ednio foi projetado para sistemas de transmiss\u00e3o e suspens\u00e3o. Com rosca de furo profundo, fresamento de m\u00faltiplos eixos e controle de toler\u00e2ncia de \u00b10,01 mm, ele oferece forte suporte de carga e desempenho confi\u00e1vel de longo prazo para aplica\u00e7\u00f5es OEM e de reposi\u00e7\u00e3o.<\/p><\/div><\/div>\n<\/div>\n\n\n\n<div class=\"wp-block-uagb-container uagb-block-3b0302be\">\n<div class=\"wp-block-uagb-info-box uagb-block-4471a001 uagb-infobox__content-wrap  uagb-infobox-icon-above-title uagb-infobox-image-valign-top\"><div class=\"uagb-ifb-content\"><div class=\"uagb-ifb-image-content\"><img decoding=\"async\" src=\"https:\/\/hdproto.com\/wp-content\/uploads\/2026\/01\/Huade-CNC-automotive-parts.jpg\" alt=\"Carca\u00e7a de junta automotiva de alum\u00ednio usinado em CNC de precis\u00e3o com furo de rosca profunda e estrutura de jugo fresada em v\u00e1rios eixos.\" width=\"\" height=\"0\" loading=\"lazy\"\/><\/div><div class=\"uagb-ifb-title-wrap\"><h3 class=\"uagb-ifb-title\">Carca\u00e7as e inv\u00f3lucros automotivos CNC<\/h3><\/div><p class=\"uagb-ifb-desc\">Carca\u00e7as de juntas de alum\u00ednio usinadas com precis\u00e3o CNC usadas em sistemas de transmiss\u00e3o e suspens\u00e3o automotivos. Essas pe\u00e7as CNC apresentam roscas de furo profundo e bra\u00e7os de jugo fresados em v\u00e1rios eixos com precis\u00e3o de \u00b10,01 mm, proporcionando alta rigidez, rota\u00e7\u00e3o suave e confiabilidade de longo prazo. <\/p><\/div><\/div>\n<\/div>\n\n\n\n<div class=\"wp-block-uagb-container uagb-block-cf112ef3\">\n<div class=\"wp-block-uagb-info-box uagb-block-6ad15585 uagb-infobox__content-wrap  uagb-infobox-icon-above-title uagb-infobox-image-valign-top\"><div class=\"uagb-ifb-content\"><div class=\"uagb-ifb-image-content\"><img decoding=\"async\" src=\"https:\/\/hdproto.com\/wp-content\/uploads\/2026\/01\/CNC-Automotive-Component-from-Huade.webp\" alt=\"Suporte de suspens\u00e3o automotiva usinado em CNC\" width=\"\" height=\"0\" loading=\"lazy\"\/><\/div><div class=\"uagb-ifb-title-wrap\"><h3 class=\"uagb-ifb-title\">Suportes de suspens\u00e3o automotiva CNC<\/h3><\/div><p class=\"uagb-ifb-desc\">Esses suportes de suspens\u00e3o de precis\u00e3o usinados em CNC s\u00e3o feitos de alum\u00ednio de alta resist\u00eancia com precis\u00e3o de \u00b10,01 mm. Eles apresentam v\u00e1rias faces de montagem e furos controlados para um alinhamento est\u00e1vel, o que os torna ideais para aplica\u00e7\u00f5es automotivas de OEM e de desempenho.<\/p><\/div><\/div>\n<\/div>\n<\/div><\/div>\n\n\n\n<p class=\"has-medium-font-size\">Todas as pe\u00e7as s\u00e3o usinadas a partir de materiais certificados (alum\u00ednio 6082\/7075, a\u00e7o inoxid\u00e1vel, tit\u00e2nio, etc.), com possibilidade de anodiza\u00e7\u00e3o, oxida\u00e7\u00e3o negra, pintura eletrost\u00e1tica a p\u00f3 e outros processos.<\/p>\n\n\n<h2 class=\"wp-block-heading\" id=\"why-choose-huade-for-cnc-automotive-parts\">Por que escolher a Huade para pe\u00e7as automotivas usinadas por CNC?<\/h2>\n\n\n<p style=\"font-family: 'Inter', 'Poppins', 'Roboto', sans-serif; font-size: 17px; line-height: 1.7; color: #4a5a6a; font-weight: 400;\">\n  Em parceria com <strong style=\"font-weight: 500;\">Dongguan Huade Precision Manufacturing Co., Ltd.<\/strong> Significa escolher confiabilidade, precis\u00e3o e servi\u00e7o. Veja por que as marcas automotivas globais confiam em n\u00f3s:\n<\/p>\n\n<div style=\"margin-top: 20px;\">\n  <h3 style=\"font-family: 'Inter', 'Poppins', 'Roboto', sans-serif; font-size: 18px; font-weight: 500; color: #333e48;\">\u2705 Ultra-alta precis\u00e3o (\u00b10,01 mm)<\/h3>\n  <p style=\"font-family: 'Inter', 'Poppins', 'Roboto', sans-serif; font-size: 17px; line-height: 1.7; color: #4a5a6a;\">\n    Garantimos uma toler\u00e2ncia de \u00b10,01 mm em todas as pe\u00e7as automotivas usinadas por CNC. Esse n\u00edvel de precis\u00e3o assegura um encaixe perfeito e um funcionamento confi\u00e1vel em aplica\u00e7\u00f5es automotivas cr\u00edticas, como blocos de motor, suportes de suspens\u00e3o e carca\u00e7as.\n  <\/p>\n<\/div>\n\n<div style=\"margin-top: 20px;\">\n  <h3 style=\"font-family: 'Inter', 'Poppins', 'Roboto', sans-serif; font-size: 18px; font-weight: 500; color: #333e48;\">\u2705 Prototipagem r\u00e1pida (2 a 3 dias \u00fateis)<\/h3>\n  <p style=\"font-family: 'Inter', 'Poppins', 'Roboto', sans-serif; font-size: 17px; line-height: 1.7; color: #4a5a6a;\">\n    Precisa com urg\u00eancia? Oferecemos suporte a ciclos de desenvolvimento de produtos urgentes com prototipagem r\u00e1pida de 2 a 3 dias para a maioria das pe\u00e7as de alum\u00ednio e a\u00e7o inoxid\u00e1vel, ajudando voc\u00ea a reduzir o tempo de lan\u00e7amento no mercado.\n  <\/p>\n<\/div>\n\n<div style=\"margin-top: 20px;\">\n  <h3 style=\"font-family: 'Inter', 'Poppins', 'Roboto', sans-serif; font-size: 18px; font-weight: 500; color: #333e48;\">\u2705 Quantidade m\u00ednima de pedido baixa<\/h3>\n  <p style=\"font-family: 'Inter', 'Poppins', 'Roboto', sans-serif; font-size: 17px; line-height: 1.7; color: #4a5a6a;\">\n    Atendemos tanto a produ\u00e7\u00f5es de baixo quanto de alto volume, ideais para prototipagem, suporte p\u00f3s-venda ou fabrica\u00e7\u00e3o de s\u00e9ries limitadas.\n  <\/p>\n<\/div>\n\n<div style=\"margin-top: 20px;\">\n  <h3 style=\"font-family: 'Inter', 'Poppins', 'Roboto', sans-serif; font-size: 18px; font-weight: 500; color: #333e48;\">\u2705 Relat\u00f3rios de Inspe\u00e7\u00e3o Completos<\/h3>\n  <p style=\"font-family: 'Inter', 'Poppins', 'Roboto', sans-serif; font-size: 17px; line-height: 1.7; color: #4a5a6a;\">\n    Cada remessa \u00e9 acompanhada de relat\u00f3rios de qualidade completos, incluindo medi\u00e7\u00f5es dimensionais, an\u00e1lise de acabamento superficial e certifica\u00e7\u00f5es de materiais, mediante solicita\u00e7\u00e3o.\n  <\/p>\n<\/div>\n\n<div style=\"margin-top: 20px;\">\n  <h3 style=\"font-family: 'Inter', 'Poppins', 'Roboto', sans-serif; font-size: 18px; font-weight: 500; color: #333e48;\">\u2705 Envio Global e Log\u00edstica R\u00e1pida<\/h3>\n  <p style=\"font-family: 'Inter', 'Poppins', 'Roboto', sans-serif; font-size: 17px; line-height: 1.7; color: #4a5a6a;\">\n    Trabalhamos em parceria com a DHL, FedEx e UPS para garantir entregas globais em 3 a 7 dias. Esteja voc\u00ea na Am\u00e9rica do Norte, Europa ou Sudeste Asi\u00e1tico, entregamos rapidamente.\n  <\/p>\n<\/div>\n\n<div style=\"margin-top: 20px;\">\n  <h3 style=\"font-family: 'Inter', 'Poppins', 'Roboto', sans-serif; font-size: 18px; font-weight: 500; color: #333e48;\">\u2705 Certificado ISO 9001<\/h3>\n  <p style=\"font-family: 'Inter', 'Poppins', 'Roboto', sans-serif; font-size: 17px; line-height: 1.7; color: #4a5a6a;\">\n    Nossas instala\u00e7\u00f5es possuem certifica\u00e7\u00e3o ISO 9001, o que significa que nossa produ\u00e7\u00e3o, inspe\u00e7\u00e3o e gest\u00e3o atendem aos padr\u00f5es internacionais de qualidade, proporcionando a voc\u00ea total tranquilidade.\n  <\/p>\n<\/div>\n\n\n\n<p><\/p>\n\n\n<h2 class=\"wp-block-heading\" id=\"get-a-quote-for-cnc-automotive-parts\">Solicite um or\u00e7amento para pe\u00e7as automotivas usinadas em CNC<\/h2>\n\n<h3 class=\"wp-block-heading\" id=\"have-questions-about-your-cnc-automotive-project\"><strong>Tem d\u00favidas sobre seu projeto automotivo com usinagem CNC?<\/strong><\/h3>\n\n\n<p>Nossa equipe de especialistas est\u00e1 pronta para lhe oferecer suporte r\u00e1pido e profissional. Seja para um prot\u00f3tipo ou para produ\u00e7\u00e3o em larga escala, estamos aqui para ajudar \u2014 da sele\u00e7\u00e3o de materiais \u00e0 entrega final.<\/p>\n\n\n\n<p>\u2705 Resposta r\u00e1pida<br>\u2705 Pre\u00e7os competitivos<br>\u2705 Suporte para envios internacionais<\/p>\n\n\n\n<p>\ud83d\udce7 sales@hdproto.com ou william@hdproto.com<\/p>\n\n\n\n<p>\ud83d\udcde +86 133 9271 1394 (Telefone e WhatsApp)<\/p>\n\n\n\n<div class=\"wp-block-uagb-buttons uagb-buttons__outer-wrap uagb-btn__default-btn uagb-btn-tablet__default-btn uagb-btn-mobile__default-btn uagb-block-59119420\"><div class=\"uagb-buttons__wrap uagb-buttons-layout-wrap\">\n<div class=\"wp-block-uagb-buttons-child uagb-buttons__outer-wrap uagb-block-c760d2f4 wp-block-button\"><div class=\"uagb-button__wrapper\"><a class=\"uagb-buttons-repeater wp-block-button__link\" aria-label=\"\" href=\"https:\/\/hdproto.com\/contact-cnc-machining-company\" rel=\"follow noopener\" target=\"_self\" role=\"button\"><div class=\"uagb-button__link\">Enviar consulta<\/div><\/a><\/div><\/div>\n<\/div><\/div>\n\n\n\n<p><\/p>","protected":false},"excerpt":{"rendered":"<p>Custom CNC Automotive Parts Manufacturer in China Dongguan Huade Precision Manufacturing Co., Ltd. specializes in the production of high-precision CNC automotive parts for global OEM and aftermarket customers. With \u00b10.01mm tolerance, 2\u20133 day rapid prototyping, and full material traceability, our machined components are widely used in automotive engine systems, suspension brackets, gearbox housings, heat sinks, [&hellip;]<\/p>\n","protected":false},"author":2,"featured_media":0,"parent":799,"menu_order":0,"comment_status":"closed","ping_status":"closed","template":"","meta":{"_acf_changed":false,"_uag_custom_page_level_css":"","site-sidebar-layout":"default","site-content-layout":"","ast-site-content-layout":"default","site-content-style":"default","site-sidebar-style":"default","ast-global-header-display":"","ast-banner-title-visibility":"","ast-main-header-display":"","ast-hfb-above-header-display":"","ast-hfb-below-header-display":"","ast-hfb-mobile-header-display":"","site-post-title":"","ast-breadcrumbs-content":"","ast-featured-img":"","footer-sml-layout":"","ast-disable-related-posts":"","theme-transparent-header-meta":"","adv-header-id-meta":"","stick-header-meta":"","header-above-stick-meta":"","header-main-stick-meta":"","header-below-stick-meta":"","astra-migrate-meta-layouts":"set","ast-page-background-enabled":"default","ast-page-background-meta":{"desktop":{"background-color":"","background-image":"","background-repeat":"repeat","background-position":"center center","background-size":"auto","background-attachment":"scroll","background-type":"","background-media":"","overlay-type":"","overlay-color":"","overlay-opacity":"","overlay-gradient":""},"tablet":{"background-color":"","background-image":"","background-repeat":"repeat","background-position":"center center","background-size":"auto","background-attachment":"scroll","background-type":"","background-media":"","overlay-type":"","overlay-color":"","overlay-opacity":"","overlay-gradient":""},"mobile":{"background-color":"","background-image":"","background-repeat":"repeat","background-position":"center center","background-size":"auto","background-attachment":"scroll","background-type":"","background-media":"","overlay-type":"","overlay-color":"","overlay-opacity":"","overlay-gradient":""}},"ast-content-background-meta":{"desktop":{"background-color":"var(--ast-global-color-5)","background-image":"","background-repeat":"repeat","background-position":"center center","background-size":"auto","background-attachment":"scroll","background-type":"","background-media":"","overlay-type":"","overlay-color":"","overlay-opacity":"","overlay-gradient":""},"tablet":{"background-color":"var(--ast-global-color-5)","background-image":"","background-repeat":"repeat","background-position":"center center","background-size":"auto","background-attachment":"scroll","background-type":"","background-media":"","overlay-type":"","overlay-color":"","overlay-opacity":"","overlay-gradient":""},"mobile":{"background-color":"var(--ast-global-color-5)","background-image":"","background-repeat":"repeat","background-position":"center center","background-size":"auto","background-attachment":"scroll","background-type":"","background-media":"","overlay-type":"","overlay-color":"","overlay-opacity":"","overlay-gradient":""}},"footnotes":""},"class_list":["post-1367","page","type-page","status-publish","hentry"],"acf":[],"uagb_featured_image_src":{"full":false,"thumbnail":false,"medium":false,"medium_large":false,"large":false,"1536x1536":false,"2048x2048":false,"trp-custom-language-flag":false},"uagb_author_info":{"display_name":"Huade CNC","author_link":"https:\/\/cms.hdproto.com\/pt\/author\/sales\/"},"uagb_comment_info":0,"uagb_excerpt":"Custom CNC Automotive Parts Manufacturer in China Dongguan Huade Precision Manufacturing Co., Ltd. specializes in the production of high-precision CNC automotive parts for global OEM and aftermarket customers. With \u00b10.01mm tolerance, 2\u20133 day rapid prototyping, and full material traceability, our machined components are widely used in automotive engine systems, suspension brackets, gearbox housings, heat sinks,&hellip;","_links":{"self":[{"href":"https:\/\/cms.hdproto.com\/pt\/wp-json\/wp\/v2\/pages\/1367","targetHints":{"allow":["GET"]}}],"collection":[{"href":"https:\/\/cms.hdproto.com\/pt\/wp-json\/wp\/v2\/pages"}],"about":[{"href":"https:\/\/cms.hdproto.com\/pt\/wp-json\/wp\/v2\/types\/page"}],"author":[{"embeddable":true,"href":"https:\/\/cms.hdproto.com\/pt\/wp-json\/wp\/v2\/users\/2"}],"replies":[{"embeddable":true,"href":"https:\/\/cms.hdproto.com\/pt\/wp-json\/wp\/v2\/comments?post=1367"}],"version-history":[{"count":19,"href":"https:\/\/cms.hdproto.com\/pt\/wp-json\/wp\/v2\/pages\/1367\/revisions"}],"predecessor-version":[{"id":4208,"href":"https:\/\/cms.hdproto.com\/pt\/wp-json\/wp\/v2\/pages\/1367\/revisions\/4208"}],"up":[{"embeddable":true,"href":"https:\/\/cms.hdproto.com\/pt\/wp-json\/wp\/v2\/pages\/799"}],"wp:attachment":[{"href":"https:\/\/cms.hdproto.com\/pt\/wp-json\/wp\/v2\/media?parent=1367"}],"curies":[{"name":"wp","href":"https:\/\/api.w.org\/{rel}","templated":true}]}}