{"id":798,"date":"2025-07-09T02:39:42","date_gmt":"2025-07-09T02:39:42","guid":{"rendered":"https:\/\/hdproto.com\/about\/"},"modified":"2026-03-24T06:02:54","modified_gmt":"2026-03-24T06:02:54","slug":"sui-produttori-di-lavorazioni-meccaniche-di-precisione-cnc","status":"publish","type":"page","link":"https:\/\/cms.hdproto.com\/it\/about-cnc-precision-machining-manufacturers\/","title":{"rendered":"Circa"},"content":{"rendered":"<div class=\"wp-block-uagb-container uagb-block-ea8750ae alignfull uagb-is-root-container\">\n<div class=\"wp-block-uagb-advanced-heading uagb-block-5d0596af\"><h1 class=\"uagb-heading-text\">Chi siamo<\/h1><\/div>\n<\/div>\n\n\n\n<div class=\"wp-block-uagb-container uagb-layout-grid uagb-block-32e874b4 alignfull uagb-is-root-container\"><div class=\"uagb-container-inner-blocks-wrap\">\n<div class=\"wp-block-uagb-info-box uagb-block-fbae65f3 uagb-infobox__content-wrap  uagb-infobox-icon-above-title uagb-infobox-image-valign-top\"><div class=\"uagb-ifb-content\"><div class=\"uagb-ifb-title-wrap\"><h5 class=\"uagb-ifb-title-prefix\">Produttori affidabili di macchinari di precisione CNC in Cina<\/h5><h3 class=\"uagb-ifb-title\">Precisione, eccellenza e partnership CNC<br><\/h3><\/div><p class=\"uagb-ifb-desc\">A <strong>Huade<\/strong>, Ci concentriamo sulla fornitura di servizi di lavorazione CNC di precisione con innovazione e affidabilit\u00e0. Il nostro team si impegna a garantire precisione, soluzioni economicamente vantaggiose e a creare valore a lungo termine per i clienti di tutto il mondo.<br><br>Il nome del dominio <strong><a href=\"http:\/\/hdproto.com\" target=\"_blank\" rel=\"noreferrer noopener\">hdproto.com<\/a><\/strong> riflette la nostra esperienza: <strong>\u201cHD\u201d sta per Huade<\/strong>, e <strong>\u201cProto\u201d sottolinea il nostro servizio di prototipazione rapida.<\/strong>-una delle nostre offerte principali per i clienti globali.<\/p><\/div><\/div>\n\n\n\n<div class=\"wp-block-uagb-info-box uagb-block-54f3395c uagb-infobox__content-wrap  uagb-infobox-icon-above-title uagb-infobox-image-valign-top\"><div class=\"uagb-ifb-content\"><div class=\"uagb-ifb-title-wrap\"><h3 class=\"uagb-ifb-title\">Produttore di CNC di fiducia dal 2010<\/h3><\/div><p class=\"uagb-ifb-desc\"><strong>Dongguan Huade Precision Manufacturing Co., Ltd<\/strong>. \u00e8 specializzata da oltre un decennio in componenti CNC ad alta precisione per l'industria automobilistica, aerospaziale, medica ed elettronica.<br><br>Siamo orgogliosi di supportare clienti in oltre <strong>15 paesi<\/strong>, con pi\u00f9 di <strong>5.000 pezzi unici CNC consegnati<\/strong> in tutti i settori industriali del mondo.<br><br>\ud83d\udccd 1\u00b0 Piano, Edificio 2, No.5, Jiangcheng West 1st Street, Gaobu Town, Dongguan City\uff0cGuangdong Province, Cina.<br>\ud83d\udcde +86 13392711394<br>\ud83c\udf10 <a href=\"https:\/\/hdproto.com\" target=\"_blank\" rel=\"noreferrer noopener\">hdproto.com<\/a><\/p><\/div><\/div>\n<\/div><\/div>\n\n\n\n<div class=\"wp-block-uagb-container uagb-block-4c6e127b alignfull uagb-is-root-container\"><div class=\"uagb-container-inner-blocks-wrap\">\n<div class=\"wp-block-uagb-container uagb-block-6be40f00 alignfull uagb-is-root-container\"><div class=\"uagb-container-inner-blocks-wrap\">\n<div class=\"wp-block-uagb-container uagb-layout-grid uagb-block-f4b0440c\">\n<div class=\"wp-block-uagb-info-box uagb-block-e7c5835b uagb-infobox__content-wrap  uagb-infobox-icon-above-title uagb-infobox-image-valign-top\"><div class=\"uagb-ifb-content\"><div class=\"uagb-ifb-title-wrap\"><h5 class=\"uagb-ifb-title-prefix\">\ud83d\udc49 <strong>Perch\u00e9 i clienti globali si affidano a Huade Precision<\/strong><\/h5><h2 class=\"uagb-ifb-title\">I numeri parlano da soli<\/h2><\/div><\/div><\/div>\n\n\n\n<div class=\"wp-block-uagb-counter uagb-block-24a0b4ad wp-block-uagb-counter--number\"><div class=\"wp-block-uagb-counter__number\"><span class=\"uagb-counter-block-number\" data-duration=\"2\" data-to-value=\"5000\" data-from-value=\"0\" data-delimiter=\",\"><\/span><\/div><div class=\"wp-block-uagb-counter__title\">Tipi di parti uniche<\/div><\/div>\n\n\n\n<div class=\"wp-block-uagb-counter uagb-block-14824e59 wp-block-uagb-counter--number\"><div class=\"wp-block-uagb-counter__number\"><span class=\"uagb-counter-block-number\" data-duration=\"2\" data-to-value=\"15\" data-from-value=\"0\" data-delimiter=\",\"><\/span><\/div><div class=\"wp-block-uagb-counter__title\">Anni di esperienza<\/div><\/div>\n\n\n\n<div class=\"wp-block-uagb-counter uagb-block-604bbe6f wp-block-uagb-counter--number\"><div class=\"wp-block-uagb-counter__number\"><span class=\"uagb-counter-block-number\" data-duration=\"2\" data-to-value=\"1000\" data-from-value=\"0\" data-delimiter=\",\"><\/span><\/div><div class=\"wp-block-uagb-counter__title\">Clienti globali serviti<\/div><\/div>\n<\/div>\n\n\n\n<div class=\"wp-block-uagb-container uagb-block-5ac09c0f\">\n<div class=\"wp-block-columns is-layout-flex wp-container-core-columns-is-layout-28f84493 wp-block-columns-is-layout-flex\">\n<div class=\"wp-block-column is-layout-flow wp-block-column-is-layout-flow\">\n<figure class=\"wp-block-video\"><video height=\"720\" style=\"aspect-ratio: 960 \/ 720;\" width=\"960\" controls src=\"https:\/\/hdproto.com\/wp-content\/uploads\/2025\/08\/cnc-milling-machine-operation.mp4\"><\/video><\/figure>\n<\/div>\n\n\n\n<div class=\"wp-block-column is-layout-flow wp-block-column-is-layout-flow\">\n<p>Produttore affidabile di macchinari di precisione CNC in Cina<\/p>\n\n\n\n<p>Huade \u00e8 un produttore affidabile di macchinari di precisione CNC che fornisce pezzi personalizzati di alta qualit\u00e0 per le industrie globali. Con anni di esperienza e attrezzature avanzate, offriamo soluzioni di produzione flessibili, dal prototipo alla produzione di massa.<\/p>\n\n\n\n<p>Il nostro impegno per i dettagli, la qualit\u00e0 e la puntualit\u00e0 delle consegne ci ha fatto guadagnare la fiducia di clienti del settore automobilistico, aerospaziale, elettronico e altro ancora. Collaborate con noi per ottenere pezzi di precisione e un servizio affidabile a sostegno del vostro successo aziendale.<\/p>\n<\/div>\n<\/div>\n<\/div>\n\n\n\n<div class=\"wp-block-uagb-advanced-heading uagb-block-8e598847\"><h3 class=\"uagb-heading-text\">\ud83d\udc49 <strong>Ogni dettaglio \u00e8 importante - dal prototipo alla produzione<\/strong><br>Alla Huade Precision andiamo oltre la produzione, ispezionando ogni minimo dettaglio per garantire accuratezza, funzionalit\u00e0 e soddisfazione. I vostri obiettivi guidano il nostro processo e il vostro successo \u00e8 la nostra priorit\u00e0.<\/h3><\/div>\n\n\n\n<div class=\"wp-block-uagb-container uagb-layout-grid uagb-block-2b8639e4\">\n<div class=\"wp-block-uagb-advanced-heading uagb-block-dda0e0fa\"><h4 class=\"uagb-heading-text\">Soluzioni innovative<\/h4><p class=\"uagb-desc-text\">Forniamo servizi innovativi di lavorazione CNC su misura per i vostri requisiti di prodotto unici. Dall'idea alla consegna finale, vi aiutiamo a superare le sfide e a dare vita alle vostre idee con una precisione senza pari.<\/p><\/div>\n\n\n\n<div class=\"wp-block-uagb-advanced-heading uagb-block-b946363e\"><h4 class=\"uagb-heading-text\">Qualit\u00e0 insuperabile<\/h4><p class=\"uagb-desc-text\">I nostri pezzi sono sottoposti a un rigoroso controllo di qualit\u00e0 con tolleranza di \u00b10,01 mm. Che si tratti di un prototipo o di una produzione di massa, ogni componente riflette il nostro impegno per un'eccellenza costante.<\/p><\/div>\n\n\n\n<div class=\"wp-block-uagb-advanced-heading uagb-block-21f13684\"><h3 class=\"uagb-heading-text\">Forniamo soluzioni affidabili di lavorazione CNC con tempi di consegna rapidi e un'assistenza reattiva per aiutare la vostra azienda a crescere.<\/h3><\/div>\n<\/div>\n<\/div><\/div>\n\n\n\n<div class=\"wp-block-uagb-container uagb-block-e82ccc28\">\n<div class=\"wp-block-uagb-container uagb-block-2df923ca\"><\/div>\n<\/div>\n\n\n\n<p style=\"padding-right:var(--wp--preset--spacing--40);padding-left:var(--wp--preset--spacing--40)\">\ud83d\udccc Alla ricerca di <strong>produttori affidabili di lavorazioni meccaniche di precisione CNC<\/strong> con la capacit\u00e0 di gestire sia prototipi complessi che ordini su larga scala? <strong>Precisione Huade<\/strong> offre qualit\u00e0, velocit\u00e0 e flessibilit\u00e0, il tutto da un unico fornitore di fiducia in Cina. Parliamo del vostro progetto oggi stesso.<\/p>\n\n\n\n<div class=\"wp-block-uagb-container uagb-block-27605643\">\n<div class=\"wp-block-columns is-layout-flex wp-container-core-columns-is-layout-954ec4bb wp-block-columns-is-layout-flex\" style=\"padding-right:var(--wp--preset--spacing--40);padding-left:var(--wp--preset--spacing--40)\">\n<div class=\"wp-block-column is-layout-flow wp-block-column-is-layout-flow\">\n<div class=\"wp-block-uagb-image uagb-block-e9332ac5 wp-block-uagb-image--layout-default wp-block-uagb-image--effect-static wp-block-uagb-image--align-none\"><figure class=\"wp-block-uagb-image__figure\"><img loading=\"lazy\" decoding=\"async\" srcset=\"https:\/\/hdproto.com\/wp-content\/uploads\/2025\/10\/Company-Reception-Area.jpg ,https:\/\/hdproto.com\/wp-content\/uploads\/2025\/10\/Company-Reception-Area.jpg 780w, https:\/\/hdproto.com\/wp-content\/uploads\/2025\/10\/Company-Reception-Area.jpg 360w\" sizes=\"auto, (max-width: 480px) 150px\" src=\"https:\/\/hdproto.com\/wp-content\/uploads\/2025\/10\/Company-Reception-Area.jpg\" alt=\"Area di ricevimento aziendale Huade con reception e logo aziendale a parete\" class=\"uag-image-3164\" width=\"1067\" height=\"800\" title=\"Area reception dell&#039;azienda Huade\" role=\"img\"\/><\/figure><\/div>\n<\/div>\n\n\n\n<div class=\"wp-block-column is-layout-flow wp-block-column-is-layout-flow\"><h3 class=\"wp-block-heading\" id=\"about-huade-precision-your-trusted-cnc-precision-machining-manufacturer-in-china\">Informazioni su Huade Precision - Il vostro produttore affidabile di macchinari di precisione CNC in Cina<\/h3>\n\n\n<p>Dal 2010, <strong>Dongguan Huade Precision Manufacturing Co., Ltd.<\/strong> \u00e8 un produttore di fiducia di lavorazioni CNC a Dongguan, in Cina, che fornisce componenti metallici personalizzati di alta precisione con tolleranze ristrette e finiture superficiali eccezionali. Supportiamo un'ampia gamma di settori, tra cui quello automobilistico, aerospaziale, robotico, dei dispositivi medici, dell'elettronica di consumo e dell'energia.<\/p>\n\n\n\n<p>In qualit\u00e0 di fabbrica di lavorazione CNC a servizio completo, operiamo con centri di lavorazione avanzati a 3, 4 e 5 assi, supportati da tecnici qualificati e da un rigoroso sistema di qualit\u00e0 certificato ISO. Sia per la prototipazione rapida che per la produzione in lotti, offriamo precisione di \u00b10,01 mm, tempi rapidi e qualit\u00e0 affidabile su materiali come alluminio, acciaio inox, ottone, titanio e tecnopolimeri.<\/p>\n<\/div>\n<\/div>\n<\/div>\n\n\n\n<div style=\"height:30px\" aria-hidden=\"true\" class=\"wp-block-spacer\"><\/div>\n\n\n<h2 class=\"wp-block-heading\" style=\"padding-right:var(--wp--preset--spacing--40);padding-left:var(--wp--preset--spacing--40)\" id=\"why-choose-us-among-cnc-precision-machining-manufacturers\">Perch\u00e9 scegliere noi tra i produttori di macchine di precisione CNC?<\/h2>\n\n\n<div class=\"wp-block-uagb-container uagb-block-db65e94f\">\n<div class=\"wp-block-uagb-info-box uagb-block-05abceaa uagb-infobox__content-wrap  uagb-infobox-icon-above-title uagb-infobox-image-valign-top\"><div class=\"uagb-ifb-content\"><div class=\"uagb-ifb-title-wrap\"><h3 class=\"uagb-ifb-title\">\u2705 <strong>Affidati a clienti di tutto il mondo<\/strong><br><strong>con pi\u00f9 di 15 anni <\/strong><\/h3><\/div><p class=\"uagb-ifb-desc\">Con oltre 15 anni di attivit\u00e0 nella lavorazione di precisione CNC, ci siamo guadagnati la fiducia dei clienti in tutti i settori industriali e consegniamo costantemente i pezzi in tempo con tolleranze ristrette.<\/p><\/div><\/div>\n<\/div>\n\n\n\n<div class=\"wp-block-uagb-container uagb-block-efbc577c\">\n<div class=\"wp-block-uagb-info-box uagb-block-c3784b15 uagb-infobox__content-wrap  uagb-infobox-icon-above-title uagb-infobox-image-valign-top\"><div class=\"uagb-ifb-content\"><div class=\"uagb-ifb-title-wrap\"><h3 class=\"uagb-ifb-title\">\u2705 <strong>Supporto ingegneristico e <br>Servizi di consulenza DFM <\/strong><\/h3><\/div><p class=\"uagb-ifb-desc\">Il nostro team va oltre la lavorazione di base<br>fornisce una guida DFM e una revisione della progettazione<br>per ridurre i costi e garantire la producibilit\u00e0<br>prima ancora di iniziare la produzione.<\/p><\/div><\/div>\n<\/div>\n\n\n\n<div class=\"wp-block-uagb-container uagb-block-74574038\">\n<div class=\"wp-block-uagb-info-box uagb-block-cd2da091 uagb-infobox__content-wrap  uagb-infobox-icon-above-title uagb-infobox-image-valign-top\"><div class=\"uagb-ifb-content\"><div class=\"uagb-ifb-title-wrap\"><h3 class=\"uagb-ifb-title\">\u2705 <strong>Prototipazione rapida CNC e<br>Consegna in tempi brevi<\/strong><\/h3><\/div><p class=\"uagb-ifb-desc\">Avete bisogno di risultati rapidi? Forniamo lavorazioni CNC<br>prototipi entro 2-3 giorni, accelerando<br>lo sviluppo del prodotto mentre<br>mantenendo una precisione eccezionale.<\/p><\/div><\/div>\n<\/div>\n\n\n\n<div class=\"wp-block-uagb-container uagb-block-e0a636d0\">\n<div class=\"wp-block-uagb-info-box uagb-block-18d7a637 uagb-infobox__content-wrap  uagb-infobox-icon-above-title uagb-infobox-image-valign-top\"><div class=\"uagb-ifb-content\"><div class=\"uagb-ifb-title-wrap\"><h3 class=\"uagb-ifb-title\">\u2705 <strong>Apparecchiature avanzate e controllo della tolleranza<\/strong><\/h3><\/div><p class=\"uagb-ifb-desc\">Con centri CNC ad alta velocit\u00e0 e<br>strumenti di ispezione CMM di precisione,<br>garantiamo che ogni componente soddisfa<br>i vostri esatti requisiti dimensionali.<\/p><\/div><\/div>\n<\/div>\n\n\n\n<div class=\"wp-block-uagb-container uagb-block-18ef5428\">\n<div class=\"wp-block-uagb-info-box uagb-block-8ae9d05a uagb-infobox__content-wrap  uagb-infobox-icon-above-title uagb-infobox-image-valign-top\"><div class=\"uagb-ifb-content\"><div class=\"uagb-ifb-title-wrap\"><h3 class=\"uagb-ifb-title\">\u2705 <strong>Serviamo i mercati del Nord America, dell'Asia e dell'Europa<\/strong><\/h3><\/div><p class=\"uagb-ifb-desc\">Supportiamo i clienti in tutto il mondo con<br>risposte rapide, servizio multilingue,<br>logistica localizzata e vendita diretta in fabbrica<br>soluzioni su misura per la vostra regione.<\/p><\/div><\/div>\n<\/div>\n\n\n\n<div class=\"wp-block-uagb-container uagb-block-65c6724b\">\n<div class=\"wp-block-uagb-info-box uagb-block-2e2f8b09 uagb-infobox__content-wrap  uagb-infobox-icon-above-title uagb-infobox-image-valign-top\"><div class=\"uagb-ifb-content\"><div class=\"uagb-ifb-title-wrap\"><h3 class=\"uagb-ifb-title\">\u2705 <strong>Certificazione ISO 9001 e 14001<br>Sistema di gestione della qualit\u00e0<\/strong><\/h3><\/div><p class=\"uagb-ifb-desc\">Noi di Huade seguiamo i rigorosi standard di lavorazione ISO e ci teniamo informati sulle tendenze del settore tramite Statista per offrire soluzioni CNC intelligenti e pronte per il futuro.<\/p><\/div><\/div>\n<\/div>\n<\/div><\/div>\n\n\n\n<div class=\"wp-block-uagb-container uagb-layout-flex uagb-block-af5df69f alignfull uagb-is-root-container\"><div class=\"uagb-container-inner-blocks-wrap\">\n<div class=\"wp-block-uagb-call-to-action uagb-block-d83192c0 wp-block-button\"><div class=\"uagb-cta__wrap\"><h3 class=\"uagb-cta__title\">Avete bisogno di soluzioni CNC veloci, precise e scalabili? Parlatene oggi!<\/h3><p class=\"uagb-cta__desc\">Fare clic qui per modificare questo testo. Lorem ipsum dolor sit amet, consectetur adipiscing elit. Ut elit tellus, luctus nec ullamcorper mattis, pulvinar dapibus leo.<\/p><\/div><div class=\"uagb-cta__buttons\"><a href=\"https:\/\/hdproto.com\/contact-cnc-machining-company\/\" class=\"uagb-cta__button-link-wrapper wp-block-button__link\" target=\"_blank\" rel=\"noopener noreferrer\">Per saperne di pi\u00f9<\/a><\/div><\/div>\n<\/div><\/div>\n\n\n\n<p><\/p>","protected":false},"excerpt":{"rendered":"<p>About Us Trusted CNC Precision Machining Manufacturer in China Huade is a reliable CNC precision machining manufacturers providing high-quality custom parts for global industries. With years of experience and advanced equipment, we offer flexible production solutions from prototype to mass manufacturing. Our commitment to detail, quality, and on-time delivery has earned the trust of clients [&hellip;]<\/p>\n","protected":false},"author":2,"featured_media":0,"parent":0,"menu_order":0,"comment_status":"closed","ping_status":"closed","template":"","meta":{"_acf_changed":false,"_uag_custom_page_level_css":"","site-sidebar-layout":"no-sidebar","site-content-layout":"plain-container","ast-site-content-layout":"normal-width-container","site-content-style":"unboxed","site-sidebar-style":"unboxed","ast-global-header-display":"","ast-banner-title-visibility":"","ast-main-header-display":"","ast-hfb-above-header-display":"","ast-hfb-below-header-display":"","ast-hfb-mobile-header-display":"","site-post-title":"disabled","ast-breadcrumbs-content":"","ast-featured-img":"disabled","footer-sml-layout":"","ast-disable-related-posts":"","theme-transparent-header-meta":"disabled","adv-header-id-meta":"","stick-header-meta":"","header-above-stick-meta":"","header-main-stick-meta":"","header-below-stick-meta":"","astra-migrate-meta-layouts":"set","ast-page-background-enabled":"default","ast-page-background-meta":{"desktop":{"background-color":"","background-image":"","background-repeat":"repeat","background-position":"center center","background-size":"auto","background-attachment":"scroll","background-type":"","background-media":"","overlay-type":"","overlay-color":"","overlay-opacity":"","overlay-gradient":""},"tablet":{"background-color":"","background-image":"","background-repeat":"repeat","background-position":"center center","background-size":"auto","background-attachment":"scroll","background-type":"","background-media":"","overlay-type":"","overlay-color":"","overlay-opacity":"","overlay-gradient":""},"mobile":{"background-color":"","background-image":"","background-repeat":"repeat","background-position":"center center","background-size":"auto","background-attachment":"scroll","background-type":"","background-media":"","overlay-type":"","overlay-color":"","overlay-opacity":"","overlay-gradient":""}},"ast-content-background-meta":{"desktop":{"background-color":"var(--ast-global-color-5)","background-image":"","background-repeat":"repeat","background-position":"center center","background-size":"auto","background-attachment":"scroll","background-type":"","background-media":"","overlay-type":"","overlay-color":"","overlay-opacity":"","overlay-gradient":""},"tablet":{"background-color":"var(--ast-global-color-5)","background-image":"","background-repeat":"repeat","background-position":"center center","background-size":"auto","background-attachment":"scroll","background-type":"","background-media":"","overlay-type":"","overlay-color":"","overlay-opacity":"","overlay-gradient":""},"mobile":{"background-color":"var(--ast-global-color-5)","background-image":"","background-repeat":"repeat","background-position":"center center","background-size":"auto","background-attachment":"scroll","background-type":"","background-media":"","overlay-type":"","overlay-color":"","overlay-opacity":"","overlay-gradient":""}},"footnotes":""},"class_list":["post-798","page","type-page","status-publish","hentry"],"acf":[],"uagb_featured_image_src":{"full":false,"thumbnail":false,"medium":false,"medium_large":false,"large":false,"1536x1536":false,"2048x2048":false,"trp-custom-language-flag":false},"uagb_author_info":{"display_name":"Huade CNC","author_link":"https:\/\/cms.hdproto.com\/it\/author\/sales\/"},"uagb_comment_info":0,"uagb_excerpt":"About Us Trusted CNC Precision Machining Manufacturer in China Huade is a reliable CNC precision machining manufacturers providing high-quality custom parts for global industries. With years of experience and advanced equipment, we offer flexible production solutions from prototype to mass manufacturing. Our commitment to detail, quality, and on-time delivery has earned the trust of clients&hellip;","_links":{"self":[{"href":"https:\/\/cms.hdproto.com\/it\/wp-json\/wp\/v2\/pages\/798","targetHints":{"allow":["GET"]}}],"collection":[{"href":"https:\/\/cms.hdproto.com\/it\/wp-json\/wp\/v2\/pages"}],"about":[{"href":"https:\/\/cms.hdproto.com\/it\/wp-json\/wp\/v2\/types\/page"}],"author":[{"embeddable":true,"href":"https:\/\/cms.hdproto.com\/it\/wp-json\/wp\/v2\/users\/2"}],"replies":[{"embeddable":true,"href":"https:\/\/cms.hdproto.com\/it\/wp-json\/wp\/v2\/comments?post=798"}],"version-history":[{"count":77,"href":"https:\/\/cms.hdproto.com\/it\/wp-json\/wp\/v2\/pages\/798\/revisions"}],"predecessor-version":[{"id":4564,"href":"https:\/\/cms.hdproto.com\/it\/wp-json\/wp\/v2\/pages\/798\/revisions\/4564"}],"wp:attachment":[{"href":"https:\/\/cms.hdproto.com\/it\/wp-json\/wp\/v2\/media?parent=798"}],"curies":[{"name":"wp","href":"https:\/\/api.w.org\/{rel}","templated":true}]}}