{"id":1383,"date":"2025-07-14T09:46:32","date_gmt":"2025-07-14T09:46:32","guid":{"rendered":"https:\/\/hdproto.com\/?page_id=1383"},"modified":"2026-03-11T08:40:54","modified_gmt":"2026-03-11T08:40:54","slug":"parti-di-macchinari-cnc","status":"publish","type":"page","link":"https:\/\/cms.hdproto.com\/it\/products\/cnc-machinery-parts\/","title":{"rendered":"parti di macchine cnc"},"content":{"rendered":"<div class=\"wp-block-group is-layout-constrained wp-block-group-is-layout-constrained\">\n<div class=\"wp-block-uagb-advanced-heading uagb-block-69af9d91\"><h2 class=\"uagb-heading-text\">Produttore di parti di macchinari CNC di precisione per applicazioni industriali<\/h2><\/div>\n\n\n\n<p><\/p>\n\n\n\n<p>A Dongguan Huade Precision Manufacturing Co., Ltd., forniamo parti lavorate a CNC progettate per le sfide dei macchinari moderni. Dai sistemi di automazione alle attrezzature per impieghi gravosi, i nostri componenti sono costruiti per garantire prestazioni precise, affidabili e costanti.<\/p>\n\n\n\n<p>Ogni pezzo che produciamo \u00e8 realizzato con attenzione ai dettagli, rispettando tolleranze ristrette fino a \u00b10,01 mm e garantendo prestazioni stabili in ambienti meccanici difficili. Sia che stiate costruendo linee di produzione, sistemi robotici o dispositivi meccanici specializzati, i nostri pezzi per macchinari CNC contribuiscono a dare vita ai vostri progetti.<\/p>\n\n\n\n<p>Con anni di esperienza nella fresatura e tornitura CNC e nella prototipazione complessa, il nostro team supporta i clienti in diversi settori, tra cui l'automazione, l'imballaggio, l'energia e la produzione industriale. Offriamo campionature rapide (2-3 giorni), quantit\u00e0 minime d'ordine ridotte e tracciabilit\u00e0 dei materiali per garantire che il vostro progetto si svolga senza problemi dall'ideazione al completamento.<\/p>\n\n\n\n<p>Alla Huade non ci limitiamo a lavorare il metallo, ma progettiamo soluzioni. I nostri pezzi sono personalizzati per soddisfare le vostre esatte esigenze, con finiture superficiali opzionali come anodizzazione, ossido nero, verniciatura a polvere e altro ancora. Che abbiate bisogno di un solo pezzo o di un migliaio, vi assicuriamo una qualit\u00e0 costante, consegne rapide e una comunicazione attenta in ogni fase del processo.<\/p>\n\n\n\n<p>Lasciateci essere il vostro partner di fiducia nella catena di fornitura della produzione CNC. Grazie alla certificazione ISO 9001 e a un team esperto di standard industriali globali, siamo qui per aiutarvi a essere all'avanguardia in un mercato competitivo come quello dei macchinari.<\/p>\n\n\n\n<p><\/p>\n\n\n<h2 class=\"wp-block-heading\" id=\"applications-of-precision-cnc-machinery-parts\">Applicazioni delle parti di macchinari CNC di precisione<\/h2>\n\n\n<div class=\"wp-block-uagb-container uagb-block-542f5bbf alignfull uagb-is-root-container\"><div class=\"uagb-container-inner-blocks-wrap\">\n<div class=\"wp-block-uagb-container uagb-block-14416465\">\n<div class=\"wp-block-uagb-info-box uagb-block-f7c15f6f uagb-infobox__content-wrap  uagb-infobox-icon-above-title uagb-infobox-image-valign-top\"><div class=\"uagb-ifb-content\"><div class=\"uagb-ifb-image-content\"><img decoding=\"async\" src=\"https:\/\/hdproto.com\/wp-content\/uploads\/2025\/07\/\u6444\u5f71\u5668\u67501-1.jpg\" alt=\"Parte in alluminio lavorata a CNC per la staffa dell&#039;attrezzatura fotografica professionale\" width=\"\" height=\"0\" loading=\"lazy\"\/><\/div><div class=\"uagb-ifb-title-wrap\"><h3 class=\"uagb-ifb-title\">Base di montaggio lavorata a CNC per sistemi di telecamere<\/h3><\/div><p class=\"uagb-ifb-desc\">Questo pezzo personalizzato per macchinari CNC \u00e8 costruito appositamente per i rig delle telecamere, gli stabilizzatori e altri sistemi ottici. Realizzato in materiale leggero <strong>Materiali in lega di alluminio 7075<\/strong>, garantisce un supporto rigido e resistente alla corrosione per applicazioni ad alte prestazioni. Ideale per i clienti che cercano componenti CNC di precisione per le apparecchiature fotografiche, questo pezzo assicura un equilibrio tra resistenza, estetica e durata a lungo termine.<\/p><\/div><\/div>\n<\/div>\n\n\n\n<div class=\"wp-block-uagb-container uagb-block-40dd48e2\">\n<div class=\"wp-block-uagb-info-box uagb-block-cde81d2e uagb-infobox__content-wrap  uagb-infobox-icon-above-title uagb-infobox-image-valign-top\"><div class=\"uagb-ifb-content\"><div class=\"uagb-ifb-image-content\"><img decoding=\"async\" src=\"https:\/\/hdproto.com\/wp-content\/uploads\/2026\/01\/Precision-CNC-Parts-for-Machines.jpg\" alt=\"Staffa di montaggio e alloggiamento in alluminio lavorato con precisione CNC\" width=\"\" height=\"0\" loading=\"lazy\"\/><\/div><div class=\"uagb-ifb-title-wrap\"><h3 class=\"uagb-ifb-title\">Staffa di montaggio CNC di precisione per apparecchiature industriali<\/h3><\/div><p class=\"uagb-ifb-desc\">Progettata per apparecchiature industriali ad alte prestazioni, questa staffa di montaggio in alluminio lavorato a CNC offre un alloggiamento rigido e leggero per alberi rotanti e gruppi di utensili. Prodotta in lega di alluminio ad alta resistenza con tolleranze ristrette fino a \u00b10,01 mm, offre un allineamento eccellente, resistenza alla corrosione e stabilit\u00e0 a lungo termine in applicazioni di automazione, imballaggio e macchinari in generale.<\/p><\/div><\/div>\n<\/div>\n\n\n\n<div class=\"wp-block-uagb-container uagb-block-3b0302be\">\n<div class=\"wp-block-uagb-info-box uagb-block-4471a001 uagb-infobox__content-wrap  uagb-infobox-icon-above-title uagb-infobox-image-valign-top\"><div class=\"uagb-ifb-content\"><div class=\"uagb-ifb-image-content\"><img decoding=\"async\" src=\"https:\/\/hdproto.com\/wp-content\/uploads\/2025\/07\/\u5fae\u4fe1\u56fe\u7247_20241227155911_\u526f\u672c.jpg\" alt=\"Parte di base strutturale lavorata a CNC di precisione per parti di macchinari CNC per macchinari industriali\" width=\"\" height=\"0\" loading=\"lazy\"\/><\/div><div class=\"uagb-ifb-title-wrap\"><h3 class=\"uagb-ifb-title\">Alloggiamento strutturale lavorato a CNC per le attrezzature del macchinario<\/h3><\/div><p class=\"uagb-ifb-desc\">Questo <strong>parte di macchinario CNC di alta precisione <\/strong>\u00e8 stato sapientemente progettato per l'uso in basi di macchinari industriali e assemblaggi di grandi attrezzature. Grazie al suo design multi-superficie, il pezzo garantisce un allineamento sicuro, un'eccellente rigidit\u00e0 e una stabilit\u00e0 dimensionale a lungo termine. <strong>Realizzato in lega di alluminio 6082 ad alta resistenza<\/strong>, \u00c8 ideale per le apparecchiature personalizzate in cui il supporto del carico, l'integrit\u00e0 strutturale e la resistenza alla corrosione sono fondamentali.<\/p><\/div><\/div>\n<\/div>\n\n\n\n<div class=\"wp-block-uagb-container uagb-block-cf112ef3\">\n<div class=\"wp-block-uagb-info-box uagb-block-6ad15585 uagb-infobox__content-wrap  uagb-infobox-icon-above-title uagb-infobox-image-valign-top\"><div class=\"uagb-ifb-content\"><div class=\"uagb-ifb-image-content\"><img decoding=\"async\" src=\"https:\/\/hdproto.com\/wp-content\/uploads\/2026\/03\/CNC-Machined-Mounting-Plate.webp\" alt=\"Piastra di montaggio in alluminio lavorata a CNC su misura con fori di precisione\" width=\"\" height=\"0\" loading=\"lazy\"\/><\/div><div class=\"uagb-ifb-title-wrap\"><h3 class=\"uagb-ifb-title\">Piastra di montaggio in alluminio lavorato a CNC con fori di precisione<\/h3><\/div><p class=\"uagb-ifb-desc\">Piastra di montaggio in alluminio lavorata con precisione CNC prodotta da Huade Precision.<br>Fresatura di alta precisione con fori e cavit\u00e0 multiple per apparecchiature industriali e sistemi di automazione.<br>Prodotti con una tecnologia di lavorazione CNC avanzata per garantire tolleranze ristrette, finitura superficiale liscia e prestazioni affidabili in applicazioni ingegneristiche complesse.<\/p><\/div><\/div>\n<\/div>\n<\/div><\/div>\n\n\n\n<p class=\"has-medium-font-size\">Tutti i pezzi sono lavorati con materiali certificati (alluminio 6082\/7075, acciaio inox, titanio, ecc.) e supportano anodizzazione, ossido nero, verniciatura a polvere e altro ancora.<\/p>\n\n\n<h2 class=\"wp-block-heading\" id=\"why-choose-huade-for-cnc-machinery-parts\">Perch\u00e9 scegliere Huade per le parti di macchinari CNC?<\/h2>\n\n\n<p style=\"font-family: 'Inter', 'Poppins', 'Roboto', sans-serif; font-size: 17px; line-height: 1.7; color: #4a5a6a; font-weight: 400;\">\n  Collaborare con <strong style=\"font-weight: 500;\">Dongguan Huade Precision Manufacturing Co., Ltd.<\/strong> significa scegliere affidabilit\u00e0, precisione ed efficienza. Ecco perch\u00e9 i produttori di tutto il mondo si affidano a noi per <strong>Parti di macchinari CNC<\/strong>:\n<\/p>\n\n<div style=\"margin-top: 20px;\">\n  <h3 style=\"font-family: 'Inter', 'Poppins', 'Roboto', sans-serif; font-size: 18px; font-weight: 500; color: #333e48;\">\u2705 Altissima precisione (\u00b10,01 mm)<\/h3>\n  <p style=\"font-family: 'Inter', 'Poppins', 'Roboto', sans-serif; font-size: 17px; line-height: 1.7; color: #4a5a6a;\">\n    Garantiamo una tolleranza di \u00b10,01 mm su tutti i <strong>Parti di macchinari CNC<\/strong>. Questo livello di precisione garantisce un accoppiamento perfetto e prestazioni stabili in assemblaggi meccanici come staffe, alberi, alloggiamenti per ingranaggi e telai di base.\n  <\/p>\n<\/div>\n\n<div style=\"margin-top: 20px;\">\n  <h3 style=\"font-family: 'Inter', 'Poppins', 'Roboto', sans-serif; font-size: 18px; font-weight: 500; color: #333e48;\">\u2705 Prototipazione rapida (2-3 giorni lavorativi)<\/h3>\n  <p style=\"font-family: 'Inter', 'Poppins', 'Roboto', sans-serif; font-size: 17px; line-height: 1.7; color: #4a5a6a;\">\n    Avete bisogno di pezzi in fretta? Supportiamo cicli di sviluppo urgenti con la prototipazione in 2-3 giorni di componenti in alluminio e acciaio inossidabile, ideali per il collaudo dei macchinari, la convalida delle linee o le prove funzionali.\n  <\/p>\n<\/div>\n\n<div style=\"margin-top: 20px;\">\n  <h3 style=\"font-family: 'Inter', 'Poppins', 'Roboto', sans-serif; font-size: 18px; font-weight: 500; color: #333e48;\">Basso quantitativo minimo d'ordine<\/h3>\n  <p style=\"font-family: 'Inter', 'Poppins', 'Roboto', sans-serif; font-size: 17px; line-height: 1.7; color: #4a5a6a;\">\n    Gestiamo sia piccoli lotti che produzioni in serie, perfette per le prove pilota, i pezzi di ricambio o le costruzioni meccaniche personalizzate per uso industriale.\n  <\/p>\n<\/div>\n\n<div style=\"margin-top: 20px;\">\n  <h3 style=\"font-family: 'Inter', 'Poppins', 'Roboto', sans-serif; font-size: 18px; font-weight: 500; color: #333e48;\">Rapporti di ispezione completi<\/h3>\n  <p style=\"font-family: 'Inter', 'Poppins', 'Roboto', sans-serif; font-size: 17px; line-height: 1.7; color: #4a5a6a;\">\n    Ogni consegna comprende rapporti di ispezione completi, che coprono l'accuratezza dimensionale, la qualit\u00e0 della finitura superficiale e la certificazione dei materiali, disponibili su richiesta.\n  <\/p>\n<\/div>\n\n<div style=\"margin-top: 20px;\">\n  <h3 style=\"font-family: 'Inter', 'Poppins', 'Roboto', sans-serif; font-size: 18px; font-weight: 500; color: #333e48;\">\u2705 Spedizione globale e logistica veloce<\/h3>\n  <p style=\"font-family: 'Inter', 'Poppins', 'Roboto', sans-serif; font-size: 17px; line-height: 1.7; color: #4a5a6a;\">\n    Collaboriamo con DHL, FedEx e UPS per consegne internazionali entro 3-7 giorni. Non importa dove vi troviate, spediamo in modo rapido e affidabile.\n  <\/p>\n<\/div>\n\n<div style=\"margin-top: 20px;\">\n  <h3 style=\"font-family: 'Inter', 'Poppins', 'Roboto', sans-serif; font-size: 18px; font-weight: 500; color: #333e48;\">\u2705 Certificazione ISO 9001<\/h3>\n  <p style=\"font-family: 'Inter', 'Poppins', 'Roboto', sans-serif; font-size: 17px; line-height: 1.7; color: #4a5a6a;\">\n    La nostra struttura \u00e8 <a href=\"https:\/\/www.iso.org\/iso-9001-quality-management.html\" target=\"_blank\" rel=\"noopener\">Certificazione ISO 9001<\/a>, garantendo la conformit\u00e0 dei nostri processi agli standard internazionali di qualit\u00e0 e tracciabilit\u00e0 per la produzione di componenti meccanici.\n  <\/p>\n<\/div>\n\n\n\n<p><\/p>\n\n\n<h2 class=\"wp-block-heading\" id=\"get-a-quote-for-cnc-machinery-parts\">Richiedete offerta per Parti di macchinari CNC<\/h2>\n\n<h3 class=\"wp-block-heading\" id=\"should-have-questions-about-your-cnc-machinery-parts-so-far\"><strong>Avete domande sui vostri macchinari CNC finora?<\/strong><\/h3>\n\n\n<p>Il nostro team di esperti \u00e8 pronto a fornirvi un'assistenza rapida e professionale. Sia che abbiate bisogno di un prototipo o di una produzione in grandi volumi, siamo qui per aiutarvi, dalla scelta del materiale alla consegna finale.<\/p>\n\n\n\n<p>Risposta rapida<br>Prezzi competitivi<br>Supporto per le spedizioni internazionali<\/p>\n\n\n\n<p>\ud83d\udce7 sales@hdproto.com o william@hdproto.com<\/p>\n\n\n\n<p>\ud83d\udcde +86 133 9271 1394 (telefono e WhatsApp)<\/p>\n\n\n\n<div class=\"wp-block-uagb-buttons uagb-buttons__outer-wrap uagb-btn__default-btn uagb-btn-tablet__default-btn uagb-btn-mobile__default-btn uagb-block-59119420\"><div class=\"uagb-buttons__wrap uagb-buttons-layout-wrap\">\n<div class=\"wp-block-uagb-buttons-child uagb-buttons__outer-wrap uagb-block-c760d2f4 wp-block-button\"><div class=\"uagb-button__wrapper\"><a class=\"uagb-buttons-repeater wp-block-button__link\" aria-label=\"\" href=\"https:\/\/hdproto.com\/contact-cnc-machining-company\" rel=\"follow noopener\" target=\"_blank\" role=\"button\"><div class=\"uagb-button__link\">Invia la richiesta<\/div><\/a><\/div><\/div>\n<\/div><\/div>\n\n\n\n<p><\/p>\n<\/div>","protected":false},"excerpt":{"rendered":"<p>Precision CNC Machinery Parts Manufacturer for Industrial Applications At Dongguan Huade Precision Manufacturing Co., Ltd., we deliver CNC-machined parts engineered for the challenges of modern machinery. From automation systems to heavy-duty equipment, our components are built to perform\u2014precisely, reliably, and consistently. Every piece we produce is crafted with attention to detail, meeting tight tolerances down [&hellip;]<\/p>\n","protected":false},"author":2,"featured_media":0,"parent":799,"menu_order":0,"comment_status":"closed","ping_status":"closed","template":"","meta":{"_acf_changed":false,"_uag_custom_page_level_css":"","site-sidebar-layout":"default","site-content-layout":"","ast-site-content-layout":"default","site-content-style":"default","site-sidebar-style":"default","ast-global-header-display":"","ast-banner-title-visibility":"","ast-main-header-display":"","ast-hfb-above-header-display":"","ast-hfb-below-header-display":"","ast-hfb-mobile-header-display":"","site-post-title":"","ast-breadcrumbs-content":"","ast-featured-img":"","footer-sml-layout":"","ast-disable-related-posts":"","theme-transparent-header-meta":"","adv-header-id-meta":"","stick-header-meta":"","header-above-stick-meta":"","header-main-stick-meta":"","header-below-stick-meta":"","astra-migrate-meta-layouts":"set","ast-page-background-enabled":"default","ast-page-background-meta":{"desktop":{"background-color":"","background-image":"","background-repeat":"repeat","background-position":"center center","background-size":"auto","background-attachment":"scroll","background-type":"","background-media":"","overlay-type":"","overlay-color":"","overlay-opacity":"","overlay-gradient":""},"tablet":{"background-color":"","background-image":"","background-repeat":"repeat","background-position":"center center","background-size":"auto","background-attachment":"scroll","background-type":"","background-media":"","overlay-type":"","overlay-color":"","overlay-opacity":"","overlay-gradient":""},"mobile":{"background-color":"","background-image":"","background-repeat":"repeat","background-position":"center center","background-size":"auto","background-attachment":"scroll","background-type":"","background-media":"","overlay-type":"","overlay-color":"","overlay-opacity":"","overlay-gradient":""}},"ast-content-background-meta":{"desktop":{"background-color":"var(--ast-global-color-5)","background-image":"","background-repeat":"repeat","background-position":"center center","background-size":"auto","background-attachment":"scroll","background-type":"","background-media":"","overlay-type":"","overlay-color":"","overlay-opacity":"","overlay-gradient":""},"tablet":{"background-color":"var(--ast-global-color-5)","background-image":"","background-repeat":"repeat","background-position":"center center","background-size":"auto","background-attachment":"scroll","background-type":"","background-media":"","overlay-type":"","overlay-color":"","overlay-opacity":"","overlay-gradient":""},"mobile":{"background-color":"var(--ast-global-color-5)","background-image":"","background-repeat":"repeat","background-position":"center center","background-size":"auto","background-attachment":"scroll","background-type":"","background-media":"","overlay-type":"","overlay-color":"","overlay-opacity":"","overlay-gradient":""}},"footnotes":""},"class_list":["post-1383","page","type-page","status-publish","hentry"],"acf":[],"uagb_featured_image_src":{"full":false,"thumbnail":false,"medium":false,"medium_large":false,"large":false,"1536x1536":false,"2048x2048":false,"trp-custom-language-flag":false},"uagb_author_info":{"display_name":"Huade CNC","author_link":"https:\/\/cms.hdproto.com\/it\/author\/sales\/"},"uagb_comment_info":0,"uagb_excerpt":"Precision CNC Machinery Parts Manufacturer for Industrial Applications At Dongguan Huade Precision Manufacturing Co., Ltd., we deliver CNC-machined parts engineered for the challenges of modern machinery. From automation systems to heavy-duty equipment, our components are built to perform\u2014precisely, reliably, and consistently. Every piece we produce is crafted with attention to detail, meeting tight tolerances down&hellip;","_links":{"self":[{"href":"https:\/\/cms.hdproto.com\/it\/wp-json\/wp\/v2\/pages\/1383","targetHints":{"allow":["GET"]}}],"collection":[{"href":"https:\/\/cms.hdproto.com\/it\/wp-json\/wp\/v2\/pages"}],"about":[{"href":"https:\/\/cms.hdproto.com\/it\/wp-json\/wp\/v2\/types\/page"}],"author":[{"embeddable":true,"href":"https:\/\/cms.hdproto.com\/it\/wp-json\/wp\/v2\/users\/2"}],"replies":[{"embeddable":true,"href":"https:\/\/cms.hdproto.com\/it\/wp-json\/wp\/v2\/comments?post=1383"}],"version-history":[{"count":17,"href":"https:\/\/cms.hdproto.com\/it\/wp-json\/wp\/v2\/pages\/1383\/revisions"}],"predecessor-version":[{"id":4308,"href":"https:\/\/cms.hdproto.com\/it\/wp-json\/wp\/v2\/pages\/1383\/revisions\/4308"}],"up":[{"embeddable":true,"href":"https:\/\/cms.hdproto.com\/it\/wp-json\/wp\/v2\/pages\/799"}],"wp:attachment":[{"href":"https:\/\/cms.hdproto.com\/it\/wp-json\/wp\/v2\/media?parent=1383"}],"curies":[{"name":"wp","href":"https:\/\/api.w.org\/{rel}","templated":true}]}}