{"id":798,"date":"2025-07-09T02:39:42","date_gmt":"2025-07-09T02:39:42","guid":{"rendered":"https:\/\/hdproto.com\/about\/"},"modified":"2026-03-24T06:02:54","modified_gmt":"2026-03-24T06:02:54","slug":"a-propos-des-fabricants-dusinage-de-precision-cnc","status":"publish","type":"page","link":"https:\/\/cms.hdproto.com\/fr\/about-cnc-precision-machining-manufacturers\/","title":{"rendered":"\u00c0 propos"},"content":{"rendered":"<div class=\"wp-block-uagb-container uagb-block-ea8750ae alignfull uagb-is-root-container\">\n<div class=\"wp-block-uagb-advanced-heading uagb-block-5d0596af\"><h1 class=\"uagb-heading-text\">\u00c0 propos de nous<\/h1><\/div>\n<\/div>\n\n\n\n<div class=\"wp-block-uagb-container uagb-layout-grid uagb-block-32e874b4 alignfull uagb-is-root-container\"><div class=\"uagb-container-inner-blocks-wrap\">\n<div class=\"wp-block-uagb-info-box uagb-block-fbae65f3 uagb-infobox__content-wrap  uagb-infobox-icon-above-title uagb-infobox-image-valign-top\"><div class=\"uagb-ifb-content\"><div class=\"uagb-ifb-title-wrap\"><h5 class=\"uagb-ifb-title-prefix\">Fabricants fiables d&#039;usinage de pr\u00e9cision CNC en Chine<\/h5><h3 class=\"uagb-ifb-title\">Pr\u00e9cision, excellence et partenariats CNC<br><\/h3><\/div><p class=\"uagb-ifb-desc\">\u00c0 <strong>Huade<\/strong>, Nous nous sp\u00e9cialisons dans l&#039;usinage CNC de pr\u00e9cision, alliant innovation et fiabilit\u00e9. Notre \u00e9quipe s&#039;engage \u00e0 fournir des solutions pr\u00e9cises et \u00e9conomiques, et \u00e0 cr\u00e9er de la valeur \u00e0 long terme pour nos clients du monde entier.<br><br>Le nom de domaine <strong><a href=\"http:\/\/hdproto.com\" target=\"_blank\" rel=\"noreferrer noopener\">hdproto.com<\/a><\/strong> refl\u00e8te notre expertise : <strong>\u201c HD \u201d signifie Huade<\/strong>, et <strong>\u201c Proto \u201d met l&#039;accent sur notre service de prototypage rapide<\/strong>\u2014 l&#039;une de nos offres principales pour les clients internationaux.<\/p><\/div><\/div>\n\n\n\n<div class=\"wp-block-uagb-info-box uagb-block-54f3395c uagb-infobox__content-wrap  uagb-infobox-icon-above-title uagb-infobox-image-valign-top\"><div class=\"uagb-ifb-content\"><div class=\"uagb-ifb-title-wrap\"><h3 class=\"uagb-ifb-title\">Fabricant CNC de confiance depuis 2010<\/h3><\/div><p class=\"uagb-ifb-desc\"><strong>Dongguan Huade Precision Manufacturing Co., Ltd<\/strong>. se sp\u00e9cialise depuis plus d&#039;une d\u00e9cennie dans les composants CNC de haute pr\u00e9cision pour les industries automobile, a\u00e9rospatiale, m\u00e9dicale et \u00e9lectronique.<br><br>Nous sommes fiers d&#039;accompagner des clients dans plus de <strong>15 pays<\/strong>, avec plus de <strong>5 000 pi\u00e8ces CNC uniques livr\u00e9es<\/strong> dans tous les secteurs d&#039;activit\u00e9 \u00e0 travers le monde.<br><br>\ud83d\udccd 1er \u00e9tage, b\u00e2timent 2, n\u00b0 5, rue Jiangcheng Ouest 1, ville de Gaobu, ville de Dongguan, province du Guangdong, Chine.<br>\ud83d\udcde +86 13392711394<br>\ud83c\udf10 <a href=\"https:\/\/hdproto.com\" target=\"_blank\" rel=\"noreferrer noopener\">hdproto.com<\/a><\/p><\/div><\/div>\n<\/div><\/div>\n\n\n\n<div class=\"wp-block-uagb-container uagb-block-4c6e127b alignfull uagb-is-root-container\"><div class=\"uagb-container-inner-blocks-wrap\">\n<div class=\"wp-block-uagb-container uagb-block-6be40f00 alignfull uagb-is-root-container\"><div class=\"uagb-container-inner-blocks-wrap\">\n<div class=\"wp-block-uagb-container uagb-layout-grid uagb-block-f4b0440c\">\n<div class=\"wp-block-uagb-info-box uagb-block-e7c5835b uagb-infobox__content-wrap  uagb-infobox-icon-above-title uagb-infobox-image-valign-top\"><div class=\"uagb-ifb-content\"><div class=\"uagb-ifb-title-wrap\"><h5 class=\"uagb-ifb-title-prefix\">\ud83d\udc49 <strong>Pourquoi les clients internationaux font confiance \u00e0 Huade Precision<\/strong><\/h5><h2 class=\"uagb-ifb-title\">Les chiffres parlent d&#039;eux-m\u00eames<\/h2><\/div><\/div><\/div>\n\n\n\n<div class=\"wp-block-uagb-counter uagb-block-24a0b4ad wp-block-uagb-counter--number\"><div class=\"wp-block-uagb-counter__number\"><span class=\"uagb-counter-block-number\" data-duration=\"2\" data-to-value=\"5000\" data-from-value=\"0\" data-delimiter=\",\"><\/span><\/div><div class=\"wp-block-uagb-counter__title\">Types de pi\u00e8ces uniques<\/div><\/div>\n\n\n\n<div class=\"wp-block-uagb-counter uagb-block-14824e59 wp-block-uagb-counter--number\"><div class=\"wp-block-uagb-counter__number\"><span class=\"uagb-counter-block-number\" data-duration=\"2\" data-to-value=\"15\" data-from-value=\"0\" data-delimiter=\",\"><\/span><\/div><div class=\"wp-block-uagb-counter__title\">Ann\u00e9es d&#039;exp\u00e9rience<\/div><\/div>\n\n\n\n<div class=\"wp-block-uagb-counter uagb-block-604bbe6f wp-block-uagb-counter--number\"><div class=\"wp-block-uagb-counter__number\"><span class=\"uagb-counter-block-number\" data-duration=\"2\" data-to-value=\"1000\" data-from-value=\"0\" data-delimiter=\",\"><\/span><\/div><div class=\"wp-block-uagb-counter__title\">Client\u00e8le mondiale servie<\/div><\/div>\n<\/div>\n\n\n\n<div class=\"wp-block-uagb-container uagb-block-5ac09c0f\">\n<div class=\"wp-block-columns is-layout-flex wp-container-core-columns-is-layout-28f84493 wp-block-columns-is-layout-flex\">\n<div class=\"wp-block-column is-layout-flow wp-block-column-is-layout-flow\">\n<figure class=\"wp-block-video\"><video height=\"720\" style=\"aspect-ratio: 960 \/ 720;\" width=\"960\" controls src=\"https:\/\/hdproto.com\/wp-content\/uploads\/2025\/08\/cnc-milling-machine-operation.mp4\"><\/video><\/figure>\n<\/div>\n\n\n\n<div class=\"wp-block-column is-layout-flow wp-block-column-is-layout-flow\">\n<p>Fabricant de confiance de machines d&#039;usinage de pr\u00e9cision CNC en Chine<\/p>\n\n\n\n<p>Huade est un fabricant fiable de pi\u00e8ces usin\u00e9es CNC de pr\u00e9cision, fournissant des pi\u00e8ces sur mesure de haute qualit\u00e9 aux industries du monde entier. Forts de nombreuses ann\u00e9es d&#039;exp\u00e9rience et d&#039;\u00e9quipements de pointe, nous proposons des solutions de production flexibles, du prototype \u00e0 la production en s\u00e9rie.<\/p>\n\n\n\n<p>Notre souci du d\u00e9tail, la qualit\u00e9 de nos produits et le respect des d\u00e9lais nous ont permis de gagner la confiance de clients des secteurs de l&#039;automobile, de l&#039;a\u00e9rospatiale, de l&#039;\u00e9lectronique et bien d&#039;autres. Faites appel \u00e0 nous pour des pi\u00e8ces de pr\u00e9cision et un service fiable, gages de la r\u00e9ussite de votre entreprise.<\/p>\n<\/div>\n<\/div>\n<\/div>\n\n\n\n<div class=\"wp-block-uagb-advanced-heading uagb-block-8e598847\"><h3 class=\"uagb-heading-text\">\ud83d\udc49 <strong>Chaque d\u00e9tail compte \u2013 du prototype \u00e0 la production<\/strong><br>Chez Huade Precision, nous allons au-del\u00e0 de la simple fabrication\u00a0: nous inspectons chaque d\u00e9tail avec le plus grand soin pour garantir pr\u00e9cision, fonctionnalit\u00e9 et satisfaction. Vos objectifs guident notre processus et votre r\u00e9ussite est notre priorit\u00e9.<\/h3><\/div>\n\n\n\n<div class=\"wp-block-uagb-container uagb-layout-grid uagb-block-2b8639e4\">\n<div class=\"wp-block-uagb-advanced-heading uagb-block-dda0e0fa\"><h4 class=\"uagb-heading-text\">Solutions innovantes<\/h4><p class=\"uagb-desc-text\">Nous proposons des services d&#039;usinage CNC innovants, adapt\u00e9s aux exigences sp\u00e9cifiques de votre produit. De la conception \u00e0 la livraison finale, nous vous aidons \u00e0 relever les d\u00e9fis et \u00e0 concr\u00e9tiser vos id\u00e9es avec une pr\u00e9cision in\u00e9gal\u00e9e.<\/p><\/div>\n\n\n\n<div class=\"wp-block-uagb-advanced-heading uagb-block-b946363e\"><h4 class=\"uagb-heading-text\">Qualit\u00e9 in\u00e9gal\u00e9e<\/h4><p class=\"uagb-desc-text\">Nos pi\u00e8ces font l&#039;objet d&#039;un contr\u00f4le qualit\u00e9 rigoureux avec une tol\u00e9rance de \u00b10,01 mm. Qu&#039;il s&#039;agisse d&#039;un prototype ou d&#039;une production en s\u00e9rie, chaque composant t\u00e9moigne de notre engagement envers une excellence constante.<\/p><\/div>\n\n\n\n<div class=\"wp-block-uagb-advanced-heading uagb-block-21f13684\"><h3 class=\"uagb-heading-text\">Nous fournissons des solutions d&#039;usinage CNC fiables, avec des d\u00e9lais de livraison rapides et un support r\u00e9actif, pour contribuer \u00e0 la croissance de votre entreprise.<\/h3><\/div>\n<\/div>\n<\/div><\/div>\n\n\n\n<div class=\"wp-block-uagb-container uagb-block-e82ccc28\">\n<div class=\"wp-block-uagb-container uagb-block-2df923ca\"><\/div>\n<\/div>\n\n\n\n<p style=\"padding-right:var(--wp--preset--spacing--40);padding-left:var(--wp--preset--spacing--40)\">\ud83d\udccc Vous cherchez <strong>fabricants fiables d&#039;usinage de pr\u00e9cision CNC<\/strong> avec la capacit\u00e9 de g\u00e9rer \u00e0 la fois des prototypes complexes et des commandes \u00e0 grande \u00e9chelle ? <strong>Pr\u00e9cision Huade<\/strong> Nous vous offrons qualit\u00e9, rapidit\u00e9 et flexibilit\u00e9, le tout aupr\u00e8s d&#039;un fournisseur de confiance en Chine. Parlons de votre projet d\u00e8s aujourd&#039;hui.<\/p>\n\n\n\n<div class=\"wp-block-uagb-container uagb-block-27605643\">\n<div class=\"wp-block-columns is-layout-flex wp-container-core-columns-is-layout-954ec4bb wp-block-columns-is-layout-flex\" style=\"padding-right:var(--wp--preset--spacing--40);padding-left:var(--wp--preset--spacing--40)\">\n<div class=\"wp-block-column is-layout-flow wp-block-column-is-layout-flow\">\n<div class=\"wp-block-uagb-image uagb-block-e9332ac5 wp-block-uagb-image--layout-default wp-block-uagb-image--effect-static wp-block-uagb-image--align-none\"><figure class=\"wp-block-uagb-image__figure\"><img loading=\"lazy\" decoding=\"async\" srcset=\"https:\/\/hdproto.com\/wp-content\/uploads\/2025\/10\/Company-Reception-Area.jpg ,https:\/\/hdproto.com\/wp-content\/uploads\/2025\/10\/Company-Reception-Area.jpg 780w, https:\/\/hdproto.com\/wp-content\/uploads\/2025\/10\/Company-Reception-Area.jpg 360w\" sizes=\"auto, (max-width: 480px) 150px\" src=\"https:\/\/hdproto.com\/wp-content\/uploads\/2025\/10\/Company-Reception-Area.jpg\" alt=\"Espace d&#039;accueil de la soci\u00e9t\u00e9 Huade avec comptoir et logo de l&#039;entreprise sur le mur\" class=\"uag-image-3164\" width=\"1067\" height=\"800\" title=\"Espace d&#039;accueil de la soci\u00e9t\u00e9 Huade\" role=\"img\"\/><\/figure><\/div>\n<\/div>\n\n\n\n<div class=\"wp-block-column is-layout-flow wp-block-column-is-layout-flow\"><h3 class=\"wp-block-heading\" id=\"about-huade-precision-your-trusted-cnc-precision-machining-manufacturer-in-china\">\u00c0 propos de Huade Precision \u2013 Votre fabricant de confiance en usinage CNC de pr\u00e9cision en Chine<\/h3>\n\n\n<p>Depuis 2010, <strong>Dongguan Huade Precision Manufacturing Co., Ltd.<\/strong> est un fabricant de confiance sp\u00e9cialis\u00e9 dans l'usinage CNC \u00e0 Dongguan, en Chine, qui fournit des composants m\u00e9talliques personnalis\u00e9s de haute pr\u00e9cision avec des tol\u00e9rances serr\u00e9es et des finitions de surface exceptionnelles. Nous soutenons un large \u00e9ventail d'industries, notamment l'automobile, l'a\u00e9rospatiale, la robotique, les appareils m\u00e9dicaux, l'\u00e9lectronique grand public et l'\u00e9nergie.<\/p>\n\n\n\n<p>En tant qu'usine d'usinage CNC \u00e0 service complet, nous exploitons des centres d'usinage avanc\u00e9s \u00e0 3, 4 et 5 axes, soutenus par des techniciens qualifi\u00e9s et un syst\u00e8me de qualit\u00e9 strict certifi\u00e9 ISO. Qu'il s'agisse de prototypage rapide ou de production par lots, nous offrons une pr\u00e9cision de \u00b10,01 mm, des d\u00e9lais d'ex\u00e9cution rapides et une qualit\u00e9 fiable pour des mat\u00e9riaux tels que l'aluminium, l'acier inoxydable, le laiton, le titane et les plastiques techniques.<\/p>\n<\/div>\n<\/div>\n<\/div>\n\n\n\n<div style=\"height:30px\" aria-hidden=\"true\" class=\"wp-block-spacer\"><\/div>\n\n\n<h2 class=\"wp-block-heading\" style=\"padding-right:var(--wp--preset--spacing--40);padding-left:var(--wp--preset--spacing--40)\" id=\"why-choose-us-among-cnc-precision-machining-manufacturers\">Pourquoi nous choisir parmi les fabricants d&#039;usinage de pr\u00e9cision CNC ?<\/h2>\n\n\n<div class=\"wp-block-uagb-container uagb-block-db65e94f\">\n<div class=\"wp-block-uagb-info-box uagb-block-05abceaa uagb-infobox__content-wrap  uagb-infobox-icon-above-title uagb-infobox-image-valign-top\"><div class=\"uagb-ifb-content\"><div class=\"uagb-ifb-title-wrap\"><h3 class=\"uagb-ifb-title\">\u2705 <strong>La confiance des clients du monde entier<\/strong><br><strong>avec plus de 15 ans d&#039;exp\u00e9rience <\/strong><\/h3><\/div><p class=\"uagb-ifb-desc\">Avec plus de 15 ans d&#039;exp\u00e9rience dans l&#039;usinage de pr\u00e9cision CNC, nous avons gagn\u00e9 la confiance de nos clients dans tous les secteurs et livrons syst\u00e9matiquement des pi\u00e8ces \u00e0 temps avec des tol\u00e9rances strictes.<\/p><\/div><\/div>\n<\/div>\n\n\n\n<div class=\"wp-block-uagb-container uagb-block-efbc577c\">\n<div class=\"wp-block-uagb-info-box uagb-block-c3784b15 uagb-infobox__content-wrap  uagb-infobox-icon-above-title uagb-infobox-image-valign-top\"><div class=\"uagb-ifb-content\"><div class=\"uagb-ifb-title-wrap\"><h3 class=\"uagb-ifb-title\">\u2705 <strong>Assistance technique et <br>Services de conseil DFM <\/strong><\/h3><\/div><p class=\"uagb-ifb-desc\">Nous allons au-del\u00e0 de l&#039;usinage de base \u2014 notre \u00e9quipe<br>fournit des conseils en mati\u00e8re de conception pour la fabrication (DFM) et une revue de conception<br>pour r\u00e9duire les co\u00fbts et garantir la fabricabilit\u00e9<br>avant m\u00eame le d\u00e9but de la production.<\/p><\/div><\/div>\n<\/div>\n\n\n\n<div class=\"wp-block-uagb-container uagb-block-74574038\">\n<div class=\"wp-block-uagb-info-box uagb-block-cd2da091 uagb-infobox__content-wrap  uagb-infobox-icon-above-title uagb-infobox-image-valign-top\"><div class=\"uagb-ifb-content\"><div class=\"uagb-ifb-title-wrap\"><h3 class=\"uagb-ifb-title\">\u2705 <strong>Prototypage CNC rapide et<br>Livraison rapide<\/strong><\/h3><\/div><p class=\"uagb-ifb-desc\">Besoin de r\u00e9sultats rapides\u00a0? Nous proposons des pi\u00e8ces usin\u00e9es CNC.<br>prototypes en 2 \u00e0 3 jours, acc\u00e9l\u00e9rant le processus<br>votre d\u00e9veloppement de produit pendant<br>maintenir une pr\u00e9cision exceptionnelle.<\/p><\/div><\/div>\n<\/div>\n\n\n\n<div class=\"wp-block-uagb-container uagb-block-e0a636d0\">\n<div class=\"wp-block-uagb-info-box uagb-block-18d7a637 uagb-infobox__content-wrap  uagb-infobox-icon-above-title uagb-infobox-image-valign-top\"><div class=\"uagb-ifb-content\"><div class=\"uagb-ifb-title-wrap\"><h3 class=\"uagb-ifb-title\">\u2705 <strong>Contr\u00f4le des \u00e9quipements avanc\u00e9s et des tol\u00e9rances<\/strong><\/h3><\/div><p class=\"uagb-ifb-desc\">Avec des centres d&#039;usinage CNC \u00e0 grande vitesse et<br>Outils d&#039;inspection CMM de pr\u00e9cision,<br>nous garantissons que chaque composant r\u00e9pond aux normes<br>Vos exigences dimensionnelles exactes.<\/p><\/div><\/div>\n<\/div>\n\n\n\n<div class=\"wp-block-uagb-container uagb-block-18ef5428\">\n<div class=\"wp-block-uagb-info-box uagb-block-8ae9d05a uagb-infobox__content-wrap  uagb-infobox-icon-above-title uagb-infobox-image-valign-top\"><div class=\"uagb-ifb-content\"><div class=\"uagb-ifb-title-wrap\"><h3 class=\"uagb-ifb-title\">\u2705 <strong>Nous desservons les march\u00e9s d&#039;Am\u00e9rique du Nord, d&#039;Asie et d&#039;Europe.<\/strong><\/h3><\/div><p class=\"uagb-ifb-desc\">Nous accompagnons nos clients dans le monde entier.<br>R\u00e9ponses rapides, service multilingue,<br>logistique locale et vente directe d&#039;usine<br>Des solutions adapt\u00e9es \u00e0 votre r\u00e9gion.<\/p><\/div><\/div>\n<\/div>\n\n\n\n<div class=\"wp-block-uagb-container uagb-block-65c6724b\">\n<div class=\"wp-block-uagb-info-box uagb-block-2e2f8b09 uagb-infobox__content-wrap  uagb-infobox-icon-above-title uagb-infobox-image-valign-top\"><div class=\"uagb-ifb-content\"><div class=\"uagb-ifb-title-wrap\"><h3 class=\"uagb-ifb-title\">\u2705 <strong>Certifi\u00e9 ISO 9001 et 14001<br>Syst\u00e8me de gestion de la qualit\u00e9<\/strong><\/h3><\/div><p class=\"uagb-ifb-desc\">Chez Huade, nous respectons des normes d&#039;usinage ISO strictes et restons inform\u00e9s des tendances du secteur via Statista afin de fournir des solutions CNC intelligentes et \u00e9volutives.<\/p><\/div><\/div>\n<\/div>\n<\/div><\/div>\n\n\n\n<div class=\"wp-block-uagb-container uagb-layout-flex uagb-block-af5df69f alignfull uagb-is-root-container\"><div class=\"uagb-container-inner-blocks-wrap\">\n<div class=\"wp-block-uagb-call-to-action uagb-block-d83192c0 wp-block-button\"><div class=\"uagb-cta__wrap\"><h3 class=\"uagb-cta__title\">Besoin de solutions CNC rapides, pr\u00e9cises et \u00e9volutives\u00a0? Contactez-nous d\u00e8s aujourd\u2019hui\u00a0!<\/h3><p class=\"uagb-cta__desc\">Cliquez ici pour modifier ce texte. Lorem ipsum dolor sit amet, consectetur adipiscing elit. Ut elit tellus, luctus nec ullamcorper mattis, pulvinar dapibus leo.<\/p><\/div><div class=\"uagb-cta__buttons\"><a href=\"https:\/\/hdproto.com\/contact-cnc-machining-company\/\" class=\"uagb-cta__button-link-wrapper wp-block-button__link\" target=\"_blank\" rel=\"noopener noreferrer\">Apprendre encore plus<\/a><\/div><\/div>\n<\/div><\/div>\n\n\n\n<p><\/p>","protected":false},"excerpt":{"rendered":"<p>About Us Trusted CNC Precision Machining Manufacturer in China Huade is a reliable CNC precision machining manufacturers providing high-quality custom parts for global industries. With years of experience and advanced equipment, we offer flexible production solutions from prototype to mass manufacturing. Our commitment to detail, quality, and on-time delivery has earned the trust of clients [&hellip;]<\/p>\n","protected":false},"author":2,"featured_media":0,"parent":0,"menu_order":0,"comment_status":"closed","ping_status":"closed","template":"","meta":{"_acf_changed":false,"_uag_custom_page_level_css":"","site-sidebar-layout":"no-sidebar","site-content-layout":"plain-container","ast-site-content-layout":"normal-width-container","site-content-style":"unboxed","site-sidebar-style":"unboxed","ast-global-header-display":"","ast-banner-title-visibility":"","ast-main-header-display":"","ast-hfb-above-header-display":"","ast-hfb-below-header-display":"","ast-hfb-mobile-header-display":"","site-post-title":"disabled","ast-breadcrumbs-content":"","ast-featured-img":"disabled","footer-sml-layout":"","ast-disable-related-posts":"","theme-transparent-header-meta":"disabled","adv-header-id-meta":"","stick-header-meta":"","header-above-stick-meta":"","header-main-stick-meta":"","header-below-stick-meta":"","astra-migrate-meta-layouts":"set","ast-page-background-enabled":"default","ast-page-background-meta":{"desktop":{"background-color":"","background-image":"","background-repeat":"repeat","background-position":"center center","background-size":"auto","background-attachment":"scroll","background-type":"","background-media":"","overlay-type":"","overlay-color":"","overlay-opacity":"","overlay-gradient":""},"tablet":{"background-color":"","background-image":"","background-repeat":"repeat","background-position":"center center","background-size":"auto","background-attachment":"scroll","background-type":"","background-media":"","overlay-type":"","overlay-color":"","overlay-opacity":"","overlay-gradient":""},"mobile":{"background-color":"","background-image":"","background-repeat":"repeat","background-position":"center center","background-size":"auto","background-attachment":"scroll","background-type":"","background-media":"","overlay-type":"","overlay-color":"","overlay-opacity":"","overlay-gradient":""}},"ast-content-background-meta":{"desktop":{"background-color":"var(--ast-global-color-5)","background-image":"","background-repeat":"repeat","background-position":"center center","background-size":"auto","background-attachment":"scroll","background-type":"","background-media":"","overlay-type":"","overlay-color":"","overlay-opacity":"","overlay-gradient":""},"tablet":{"background-color":"var(--ast-global-color-5)","background-image":"","background-repeat":"repeat","background-position":"center center","background-size":"auto","background-attachment":"scroll","background-type":"","background-media":"","overlay-type":"","overlay-color":"","overlay-opacity":"","overlay-gradient":""},"mobile":{"background-color":"var(--ast-global-color-5)","background-image":"","background-repeat":"repeat","background-position":"center center","background-size":"auto","background-attachment":"scroll","background-type":"","background-media":"","overlay-type":"","overlay-color":"","overlay-opacity":"","overlay-gradient":""}},"footnotes":""},"class_list":["post-798","page","type-page","status-publish","hentry"],"acf":[],"uagb_featured_image_src":{"full":false,"thumbnail":false,"medium":false,"medium_large":false,"large":false,"1536x1536":false,"2048x2048":false,"trp-custom-language-flag":false},"uagb_author_info":{"display_name":"Huade CNC","author_link":"https:\/\/cms.hdproto.com\/fr\/author\/sales\/"},"uagb_comment_info":0,"uagb_excerpt":"About Us Trusted CNC Precision Machining Manufacturer in China Huade is a reliable CNC precision machining manufacturers providing high-quality custom parts for global industries. With years of experience and advanced equipment, we offer flexible production solutions from prototype to mass manufacturing. Our commitment to detail, quality, and on-time delivery has earned the trust of clients\u2026","_links":{"self":[{"href":"https:\/\/cms.hdproto.com\/fr\/wp-json\/wp\/v2\/pages\/798","targetHints":{"allow":["GET"]}}],"collection":[{"href":"https:\/\/cms.hdproto.com\/fr\/wp-json\/wp\/v2\/pages"}],"about":[{"href":"https:\/\/cms.hdproto.com\/fr\/wp-json\/wp\/v2\/types\/page"}],"author":[{"embeddable":true,"href":"https:\/\/cms.hdproto.com\/fr\/wp-json\/wp\/v2\/users\/2"}],"replies":[{"embeddable":true,"href":"https:\/\/cms.hdproto.com\/fr\/wp-json\/wp\/v2\/comments?post=798"}],"version-history":[{"count":77,"href":"https:\/\/cms.hdproto.com\/fr\/wp-json\/wp\/v2\/pages\/798\/revisions"}],"predecessor-version":[{"id":4564,"href":"https:\/\/cms.hdproto.com\/fr\/wp-json\/wp\/v2\/pages\/798\/revisions\/4564"}],"wp:attachment":[{"href":"https:\/\/cms.hdproto.com\/fr\/wp-json\/wp\/v2\/media?parent=798"}],"curies":[{"name":"wp","href":"https:\/\/api.w.org\/{rel}","templated":true}]}}