{"id":4435,"date":"2026-03-24T03:57:20","date_gmt":"2026-03-24T03:57:20","guid":{"rendered":"https:\/\/hdproto.com\/?page_id=4435"},"modified":"2026-03-25T11:51:41","modified_gmt":"2026-03-25T11:51:41","slug":"usinage-cnc-automobile","status":"publish","type":"page","link":"https:\/\/cms.hdproto.com\/fr\/automotive-cnc-machining\/","title":{"rendered":"Automobile"},"content":{"rendered":"<style>\n.auto-container{\n  max-width:1200px;\n  margin:auto;\n  padding:30px 16px 50px;\n  font-family:Arial, Helvetica, sans-serif;\n}\n\n.auto-container *{\n  box-sizing:border-box;\n}\n\n\/* HERO *\/\n.auto-hero{\n  display:flex;\n  gap:30px;\n  background:#0f172a;\n  color:#fff;\n  padding:40px;\n  border-radius:20px;\n}\n\n.auto-hero-left{\n  flex:1;\n  position:relative;\n  z-index:2;\n}\n\n.auto-hero-right{\n  flex:1;\n  position:relative;\n  z-index:1;\n}\n\n.auto-hero img{\n  width:100%;\n  border-radius:12px;\n  display:block;\n}\n\n.auto-hero h1{\n  font-size:34px;\n  margin:0 0 15px;\n  color:#ffffff !important;\n  line-height:1.15;\n}\n\n.auto-hero p{\n  font-size:16px;\n  line-height:1.7;\n  color:#ffffff !important;\n  margin:0 0 10px;\n}\n\n\/* BUTTONS - fully forced *\/\na.auto-btn,\na.auto-btn:link,\na.auto-btn:visited,\na.auto-btn:hover,\na.auto-btn:active,\na.auto-btn:focus{\n  display:inline-block;\n  padding:12px 22px;\n  border-radius:8px;\n  text-decoration:none !important;\n  font-weight:700 !important;\n  font-size:16px;\n  line-height:1.2;\n  text-align:center;\n  margin-top:15px;\n  box-shadow:none;\n  outline:none;\n}\n\na.auto-btn-white,\na.auto-btn-white:link,\na.auto-btn-white:visited,\na.auto-btn-white:focus{\n  background:#ffffff !important;\n  color:#0ea5e9 !important;\n  border:1px solid #ffffff !important;\n}\n\na.auto-btn-white:hover,\na.auto-btn-white:active{\n  background:#dff4ff !important;\n  color:#0ea5e9 !important;\n  border:1px solid #dff4ff !important;\n}\n\n\/* GRID *\/\n.auto-grid{\n  display:grid;\n  grid-template-columns:repeat(3,1fr);\n  gap:20px;\n  margin-top:30px;\n}\n\n.auto-card{\n  background:#fff;\n  border-radius:14px;\n  overflow:hidden;\n  box-shadow:0 2px 8px rgba(0,0,0,0.05);\n}\n\n.auto-card img{\n  width:100%;\n  height:220px;\n  object-fit:cover;\n  display:block;\n}\n\n.auto-card-content{\n  padding:18px;\n}\n\n.auto-card h3{\n  font-size:18px;\n  margin:0 0 10px;\n  line-height:1.3;\n  word-break:normal;\n  overflow-wrap:break-word;\n  color:#0f172a;\n}\n\n.auto-card p{\n  font-size:14px;\n  color:#555;\n  line-height:1.7;\n  margin:0;\n  word-break:normal;\n  overflow-wrap:break-word;\n}\n\n\/* WHY + APPLICATION *\/\n.auto-two-col{\n  display:grid;\n  grid-template-columns:1fr 1fr;\n  gap:20px;\n  margin-top:50px;\n}\n\n.auto-box{\n  background:#f8fafc;\n  padding:30px;\n  border-radius:16px;\n}\n\n.auto-box h3{\n  margin:0 0 16px;\n  color:#0f172a;\n  line-height:1.25;\n}\n\n.auto-box p{\n  line-height:1.8;\n  color:#333;\n  margin:0 0 14px;\n}\n\n.auto-app{\n  background:#0f172a;\n  color:#fff;\n  padding:30px;\n  border-radius:16px;\n}\n\n.auto-app h3{\n  margin:0 0 16px;\n  color:#fff;\n  line-height:1.25;\n}\n\n.auto-app-grid{\n  display:grid;\n  grid-template-columns:repeat(2,1fr);\n  gap:10px;\n}\n\na.auto-tag,\na.auto-tag:link,\na.auto-tag:visited{\n  background:#1e293b;\n  padding:12px;\n  border-radius:8px;\n  text-align:center;\n  color:#ffffff !important;\n  text-decoration:none !important;\n  line-height:1.5;\n  display:block;\n}\n\na.auto-tag:hover,\na.auto-tag:active{\n  background:#0ea5e9;\n  color:#ffffff !important;\n}\n\n\/* CTA *\/\n.auto-cta{\n  background:linear-gradient(135deg,#0ea5e9,#06b6d4);\n  color:#fff;\n  padding:40px;\n  border-radius:18px;\n  margin-top:50px;\n}\n\n.auto-cta h2{\n  margin:0 0 15px;\n  color:#ffffff !important;\n  line-height:1.2;\n}\n\n.auto-cta p{\n  margin:0 0 20px;\n  color:#ffffff !important;\n  line-height:1.8;\n}\n\n\/* MOBILE *\/\n@media (max-width:768px){\n\n  .auto-container{\n    padding:20px 12px 40px;\n  }\n\n  .auto-hero{\n    flex-direction:column;\n    padding:20px;\n    gap:20px;\n  }\n\n  .auto-hero-right{\n    order:-1;\n  }\n\n  .auto-hero h1{\n    font-size:26px;\n    color:#ffffff !important;\n    line-height:1.2;\n    margin:0 0 14px;\n  }\n\n  .auto-hero p{\n    font-size:15px;\n  }\n\n  a.auto-btn,\n  a.auto-btn:link,\n  a.auto-btn:visited,\n  a.auto-btn:hover,\n  a.auto-btn:active,\n  a.auto-btn:focus{\n    width:100%;\n    padding:14px 16px;\n    font-size:16px;\n  }\n\n  .auto-grid{\n    grid-template-columns:1fr;\n  }\n\n  .auto-card img{\n    height:auto;\n    aspect-ratio:4 \/ 3;\n  }\n\n  .auto-card h3{\n    font-size:20px;\n  }\n\n  .auto-card p{\n    font-size:15px;\n  }\n\n  .auto-two-col{\n    grid-template-columns:1fr;\n  }\n\n  .auto-app-grid{\n    grid-template-columns:1fr;\n  }\n\n  .auto-cta{\n    padding:28px 20px;\n  }\n\n  .auto-cta h2{\n    font-size:28px;\n  }\n\n  .auto-cta p{\n    font-size:16px;\n  }\n}\n<\/style>\n\n<div class=\"auto-container\">\n\n  <!-- HERO -->\n  <div class=\"auto-hero\">\n\n    <div class=\"auto-hero-left\">\n      <h1>Services d'usinage CNC pour l'automobile<\/h1>\n\n      <p>\n        Usinage CNC de pr\u00e9cision pour les composants automobiles, y compris les pi\u00e8ces structurelles, les bo\u00eetiers et les assemblages \u00e0 haute performance. Prise en charge des prototypes et de la production de faibles \u00e0 moyens volumes.\n      <\/p>\n\n      <a href=\"https:\/\/hdproto.com\/contact-cnc-machining-company\/\" class=\"auto-btn auto-btn-white\" target=\"_blank\" rel=\"noopener\">\n        Obtenir un devis\n      <\/a>\n\n      <p style=\"margin-top:10px;font-size:13px;opacity:0.9;\">\n        R\u00e9ponse rapide dans les 24 heures - examen technique et devis sur la base de vos dessins ou de vos exigences.\n      <\/p>\n    <\/div>\n\n    <div class=\"auto-hero-right\">\n      <img decoding=\"async\" src=\"https:\/\/hdproto.com\/wp-content\/uploads\/2026\/03\/Surface-Finishing-Services.webp\"\n      alt=\"Pi\u00e8ces en aluminium usin\u00e9es CNC avec services de finition de surface par Dongguan Huade Precision Manufacturing Co.\">\n    <\/div>\n\n  <\/div>\n\n  <!-- PRODUCTS -->\n  <h2 style=\"margin-top:40px;color:#0f172a;\">Pi\u00e8ces CNC pour l'automobile que nous pouvons fabriquer<\/h2>\n\n  <div class=\"auto-grid\">\n\n    <div class=\"auto-card\">\n      <img decoding=\"async\" src=\"https:\/\/hdproto.com\/wp-content\/uploads\/2026\/03\/Precision-Bushings.webp\"\n      alt=\"Douilles et manchons de pr\u00e9cision usin\u00e9s CNC pour les assemblages automobiles par Dongguan Huade Precision Manufacturing Co.\">\n      <div class=\"auto-card-content\">\n        <h3>Bagues de pr\u00e9cision<\/h3>\n        <p>Bagues et douilles usin\u00e9es CNC pour un ajustement stable, un mouvement r\u00e9gulier et une performance d'usure fiable dans les syst\u00e8mes automobiles.<\/p>\n      <\/div>\n    <\/div>\n\n    <div class=\"auto-card\">\n      <img decoding=\"async\" src=\"https:\/\/hdproto.com\/wp-content\/uploads\/2026\/03\/CNC-Machined-Mounting-Plate.webp\"\n      alt=\"Plaque de montage en aluminium usin\u00e9e CNC avec des trous de pr\u00e9cision et une g\u00e9om\u00e9trie complexe pour des applications automobiles et industrielles par Dongguan Huade Precision Manufacturing Co.\">\n      <div class=\"auto-card-content\">\n        <h3>Plaques de montage<\/h3>\n        <p>Plaques de montage usin\u00e9es avec pr\u00e9cision et dot\u00e9es de trous et de poches complexes pour un soutien structurel et un positionnement pr\u00e9cis.<\/p>\n      <\/div>\n    <\/div>\n\n    <div class=\"auto-card\">\n      <img decoding=\"async\" src=\"https:\/\/hdproto.com\/wp-content\/uploads\/2026\/03\/CNC-Machined-Flange.webp\"\n      alt=\"Composant de bride en aluminium usin\u00e9 CNC avec des trous de pr\u00e9cision et un grand diam\u00e8tre pour des applications automobiles et industrielles par Dongguan Huade Precision Manufacturing Co.\">\n      <div class=\"auto-card-content\">\n        <h3>Composants de la bride<\/h3>\n        <p>Grandes pi\u00e8ces de bride usin\u00e9es CNC con\u00e7ues pour la solidit\u00e9, la stabilit\u00e9 dimensionnelle et la finition de surface propre.<\/p>\n      <\/div>\n    <\/div>\n\n    <div class=\"auto-card\">\n      <img decoding=\"async\" src=\"https:\/\/hdproto.com\/wp-content\/uploads\/2026\/03\/CNC-Machined-Support-Bracket.webp\"\n      alt=\"Support en aluminium usin\u00e9 CNC \u00e0 g\u00e9om\u00e9trie complexe pour les ch\u00e2ssis automobiles et les applications de montage structurel par Dongguan Huade Precision Manufacturing Co.\">\n      <div class=\"auto-card-content\">\n        <h3>Supports de fixation<\/h3>\n        <p>Supports l\u00e9gers mais rigides con\u00e7us pour les ch\u00e2ssis automobiles, les bo\u00eetiers et les syst\u00e8mes de montage multipoints.<\/p>\n      <\/div>\n    <\/div>\n\n    <div class=\"auto-card\">\n      <img decoding=\"async\" src=\"https:\/\/hdproto.com\/wp-content\/uploads\/2026\/03\/Machined-Aluminum-Parts.webp\"\n      alt=\"Pi\u00e8ces en aluminium usin\u00e9es CNC avec une texture de surface pr\u00e9cise et une grande exactitude dimensionnelle pour les applications automobiles et industrielles de Dongguan Huade Precision Manufacturing Co.\">\n      <div class=\"auto-card-content\">\n        <h3>Pi\u00e8ces usin\u00e9es en aluminium<\/h3>\n        <p>Pi\u00e8ces de pr\u00e9cision en aluminium avec des textures de surface fines pour une utilisation structurelle, une g\u00e9om\u00e9trie stable et l'int\u00e9gration de composants.<\/p>\n      <\/div>\n    <\/div>\n\n    <div class=\"auto-card\">\n      <img decoding=\"async\" src=\"https:\/\/hdproto.com\/wp-content\/uploads\/2026\/03\/Linkage-Components.webp\"\n      alt=\"Composants de tringlerie usin\u00e9s CNC avec des trous de pr\u00e9cision et des surfaces lisses pour les syst\u00e8mes de mouvement automobile et les assemblages m\u00e9caniques par Dongguan Huade Precision Manufacturing Co.\">\n      <div class=\"auto-card-content\">\n        <h3>Composants de l'attelage<\/h3>\n        <p>Composants de liaison de pr\u00e9cision con\u00e7us pour un transfert de mouvement pr\u00e9cis, des connexions stables et des performances \u00e0 long terme.<\/p>\n      <\/div>\n    <\/div>\n\n  <\/div>\n\n  <!-- WHY + APPLICATION -->\n  <div class=\"auto-two-col\">\n\n    <div class=\"auto-box\">\n      <h3>Construit pour la pr\u00e9cision et la fiabilit\u00e9<\/h3>\n      <p>Pr\u00e9cision de \u00b10,01 mm pour les caract\u00e9ristiques critiques<\/p>\n      <p>Fraisage et tournage CNC sous un m\u00eame toit<\/p>\n      <p>Faible MOQ pour les prototypes et les \u00e9chantillons<\/p>\n      <p>D\u00e9lai d'ex\u00e9cution rapide pour les projets urgents<\/p>\n    <\/div>\n\n    <div class=\"auto-app\">\n      <h3>Domaines de l'automobile que nous soutenons<\/h3>\n\n      <div class=\"auto-app-grid\">\n        <a class=\"auto-tag\" href=\"https:\/\/hdproto.com\/ev-components-cnc\/\" target=\"_blank\" rel=\"noopener\">Composants de l'EV<\/a>\n        <a class=\"auto-tag\" href=\"https:\/\/hdproto.com\/engine-bay-brackets-cnc\/\" target=\"_blank\" rel=\"noopener\">Supports pour le compartiment moteur<\/a>\n        <a class=\"auto-tag\" href=\"https:\/\/hdproto.com\/thermal-management-parts-cnc\/\" target=\"_blank\" rel=\"noopener\">Pi\u00e8ces thermiques<\/a>\n        <a class=\"auto-tag\" href=\"https:\/\/hdproto.com\/sensor-housings-cnc\/\" target=\"_blank\" rel=\"noopener\">Bo\u00eetiers de capteurs<\/a>\n        <a class=\"auto-tag\" href=\"https:\/\/hdproto.com\/connector-bodies-cnc\/\" target=\"_blank\" rel=\"noopener\">Corps de connecteur<\/a>\n        <a class=\"auto-tag\" href=\"https:\/\/hdproto.com\/structural-aluminum-parts-cnc\/\" target=\"_blank\" rel=\"noopener\">Pi\u00e8ces en aluminium<\/a>\n      <\/div>\n    <\/div>\n\n  <\/div>\n\n  <!-- CTA -->\n  <div class=\"auto-cta\">\n    <h2>Besoin de pi\u00e8ces CNC pour l'automobile pour votre projet ?<\/h2>\n    <p>Envoyez vos demandes et obtenez un devis rapide dans les 24 heures.<\/p>\n\n    <a href=\"https:\/\/hdproto.com\/contact-cnc-machining-company\/\" class=\"auto-btn auto-btn-white\" target=\"_blank\" rel=\"noopener\">\n      Nous contacter\n    <\/a>\n  <\/div>\n\n<\/div>\n\n\n\n<p><\/p>","protected":false},"excerpt":{"rendered":"<p>Automotive CNC Machining Services Precision CNC machining for automotive components including structural parts, housings, and high-performance assemblies. Supporting prototypes and low to mid-volume production. Get a Quote Fast response within 24 hours \u2014 engineering review and quotation based on your drawings or requirements. Automotive CNC Parts We Can Manufacture Precision Bushings CNC machined bushings and [&hellip;]<\/p>\n","protected":false},"author":2,"featured_media":0,"parent":0,"menu_order":0,"comment_status":"closed","ping_status":"closed","template":"","meta":{"_acf_changed":false,"_uag_custom_page_level_css":"","site-sidebar-layout":"default","site-content-layout":"","ast-site-content-layout":"default","site-content-style":"default","site-sidebar-style":"default","ast-global-header-display":"","ast-banner-title-visibility":"","ast-main-header-display":"","ast-hfb-above-header-display":"","ast-hfb-below-header-display":"","ast-hfb-mobile-header-display":"","site-post-title":"","ast-breadcrumbs-content":"","ast-featured-img":"","footer-sml-layout":"","ast-disable-related-posts":"","theme-transparent-header-meta":"","adv-header-id-meta":"","stick-header-meta":"","header-above-stick-meta":"","header-main-stick-meta":"","header-below-stick-meta":"","astra-migrate-meta-layouts":"set","ast-page-background-enabled":"default","ast-page-background-meta":{"desktop":{"background-color":"","background-image":"","background-repeat":"repeat","background-position":"center center","background-size":"auto","background-attachment":"scroll","background-type":"","background-media":"","overlay-type":"","overlay-color":"","overlay-opacity":"","overlay-gradient":""},"tablet":{"background-color":"","background-image":"","background-repeat":"repeat","background-position":"center center","background-size":"auto","background-attachment":"scroll","background-type":"","background-media":"","overlay-type":"","overlay-color":"","overlay-opacity":"","overlay-gradient":""},"mobile":{"background-color":"","background-image":"","background-repeat":"repeat","background-position":"center center","background-size":"auto","background-attachment":"scroll","background-type":"","background-media":"","overlay-type":"","overlay-color":"","overlay-opacity":"","overlay-gradient":""}},"ast-content-background-meta":{"desktop":{"background-color":"var(--ast-global-color-5)","background-image":"","background-repeat":"repeat","background-position":"center center","background-size":"auto","background-attachment":"scroll","background-type":"","background-media":"","overlay-type":"","overlay-color":"","overlay-opacity":"","overlay-gradient":""},"tablet":{"background-color":"var(--ast-global-color-5)","background-image":"","background-repeat":"repeat","background-position":"center center","background-size":"auto","background-attachment":"scroll","background-type":"","background-media":"","overlay-type":"","overlay-color":"","overlay-opacity":"","overlay-gradient":""},"mobile":{"background-color":"var(--ast-global-color-5)","background-image":"","background-repeat":"repeat","background-position":"center center","background-size":"auto","background-attachment":"scroll","background-type":"","background-media":"","overlay-type":"","overlay-color":"","overlay-opacity":"","overlay-gradient":""}},"footnotes":""},"class_list":["post-4435","page","type-page","status-publish","hentry"],"acf":[],"uagb_featured_image_src":{"full":false,"thumbnail":false,"medium":false,"medium_large":false,"large":false,"1536x1536":false,"2048x2048":false,"trp-custom-language-flag":false},"uagb_author_info":{"display_name":"Huade CNC","author_link":"https:\/\/cms.hdproto.com\/fr\/author\/sales\/"},"uagb_comment_info":0,"uagb_excerpt":"Automotive CNC Machining Services Precision CNC machining for automotive components including structural parts, housings, and high-performance assemblies. Supporting prototypes and low to mid-volume production. Get a Quote Fast response within 24 hours \u2014 engineering review and quotation based on your drawings or requirements. Automotive CNC Parts We Can Manufacture Precision Bushings CNC machined bushings and\u2026","_links":{"self":[{"href":"https:\/\/cms.hdproto.com\/fr\/wp-json\/wp\/v2\/pages\/4435","targetHints":{"allow":["GET"]}}],"collection":[{"href":"https:\/\/cms.hdproto.com\/fr\/wp-json\/wp\/v2\/pages"}],"about":[{"href":"https:\/\/cms.hdproto.com\/fr\/wp-json\/wp\/v2\/types\/page"}],"author":[{"embeddable":true,"href":"https:\/\/cms.hdproto.com\/fr\/wp-json\/wp\/v2\/users\/2"}],"replies":[{"embeddable":true,"href":"https:\/\/cms.hdproto.com\/fr\/wp-json\/wp\/v2\/comments?post=4435"}],"version-history":[{"count":7,"href":"https:\/\/cms.hdproto.com\/fr\/wp-json\/wp\/v2\/pages\/4435\/revisions"}],"predecessor-version":[{"id":4497,"href":"https:\/\/cms.hdproto.com\/fr\/wp-json\/wp\/v2\/pages\/4435\/revisions\/4497"}],"wp:attachment":[{"href":"https:\/\/cms.hdproto.com\/fr\/wp-json\/wp\/v2\/media?parent=4435"}],"curies":[{"name":"wp","href":"https:\/\/api.w.org\/{rel}","templated":true}]}}