{"id":4428,"date":"2026-03-24T03:41:23","date_gmt":"2026-03-24T03:41:23","guid":{"rendered":"https:\/\/hdproto.com\/?page_id=4428"},"modified":"2026-03-27T10:18:43","modified_gmt":"2026-03-27T10:18:43","slug":"secteurs-dactivite","status":"publish","type":"page","link":"https:\/\/cms.hdproto.com\/fr\/industries\/","title":{"rendered":"Industries"},"content":{"rendered":"<div class=\"wp-block-uagb-container uagb-block-9irndfl1 alignfull uagb-is-root-container\"><div class=\"uagb-container-inner-blocks-wrap\">\n<div class=\"wp-block-uagb-info-box uagb-block-gr0svcif uagb-infobox__content-wrap  uagb-infobox-icon-above-title uagb-infobox-image-valign-top\"><div class=\"uagb-ifb-content\"><div class=\"uagb-ifb-title-wrap\"><p class=\"uagb-ifb-title-prefix\">SOLUTIONS D'USINAGE CNC DE PR\u00c9CISION<\/p><h2 class=\"uagb-ifb-title\">Solutions d'usinage CNC pour les applications industrielles !<\/h2><\/div><\/div><\/div>\n\n\n\n<div class=\"wp-block-uagb-buttons uagb-buttons__outer-wrap uagb-btn__default-btn uagb-btn-tablet__default-btn uagb-btn-mobile__default-btn uagb-block-565ny3xh\"><div class=\"uagb-buttons__wrap uagb-buttons-layout-wrap\">\n<div class=\"wp-block-uagb-buttons-child uagb-buttons__outer-wrap uagb-block-8edf7ecd wp-block-button\"><div class=\"uagb-button__wrapper\"><a class=\"uagb-buttons-repeater wp-block-button__link\" aria-label=\"\" href=\"https:\/\/hdproto.com\/contact-cnc-machining-company\/\" rel=\"follow noopener\" target=\"_blank\" role=\"button\"><div class=\"uagb-button__link\">Envoyez votre dessin<\/div><\/a><\/div><\/div>\n<\/div><\/div>\n<\/div><\/div>\n\n\n\n<div class=\"wp-block-uagb-container uagb-block-virvvmbd alignfull uagb-is-root-container\"><div class=\"uagb-container-inner-blocks-wrap\">\n<div class=\"wp-block-uagb-container uagb-block-2zqthgbj\">\n<div class=\"wp-block-uagb-image alignleft uagb-block-mclku3lp wp-block-uagb-image--layout-default wp-block-uagb-image--effect-static wp-block-uagb-image--align-left\"><figure class=\"wp-block-uagb-image__figure\"><img loading=\"lazy\" decoding=\"async\" srcset=\"https:\/\/hdproto.com\/wp-content\/uploads\/2026\/03\/cnc-machined-parts-robotics-automation-819x1024.webp ,https:\/\/hdproto.com\/wp-content\/uploads\/2026\/03\/cnc-machined-parts-robotics-automation.webp 780w, https:\/\/hdproto.com\/wp-content\/uploads\/2026\/03\/cnc-machined-parts-robotics-automation.webp 360w\" sizes=\"auto, (max-width: 480px) 150px\" src=\"https:\/\/hdproto.com\/wp-content\/uploads\/2026\/03\/cnc-machined-parts-robotics-automation-819x1024.webp\" alt=\"Pi\u00e8ces usin\u00e9es CNC pour la robotique et les syst\u00e8mes d&#039;automatisation\" class=\"uag-image-4522\" width=\"230\" height=\"360\" title=\"Pi\u00e8ces usin\u00e9es CNC pour l&#039;automatisation de la robotique\" role=\"img\"\/><\/figure><\/div>\n\n\n\n<div class=\"wp-block-uagb-image alignleft uagb-block-yqdnmlmf wp-block-uagb-image--layout-default wp-block-uagb-image--effect-static wp-block-uagb-image--align-left\"><figure class=\"wp-block-uagb-image__figure\"><img loading=\"lazy\" decoding=\"async\" srcset=\"https:\/\/hdproto.com\/wp-content\/uploads\/2026\/03\/automotive-cnc-machined-aluminum-parts-819x1024.webp ,https:\/\/hdproto.com\/wp-content\/uploads\/2026\/03\/automotive-cnc-machined-aluminum-parts.webp 780w, https:\/\/hdproto.com\/wp-content\/uploads\/2026\/03\/automotive-cnc-machined-aluminum-parts.webp 360w\" sizes=\"auto, (max-width: 480px) 150px\" src=\"https:\/\/hdproto.com\/wp-content\/uploads\/2026\/03\/automotive-cnc-machined-aluminum-parts-819x1024.webp\" alt=\"Pi\u00e8ces en aluminium usin\u00e9es CNC pour applications automobiles\" class=\"uag-image-4523\" width=\"230\" height=\"360\" title=\"Pi\u00e8ces en aluminium usin\u00e9es CNC pour l&#039;automobile\" role=\"img\"\/><\/figure><\/div>\n<\/div>\n\n\n\n<div class=\"wp-block-uagb-container uagb-block-g5ahsfjk\">\n<div class=\"wp-block-uagb-info-box uagb-block-o70utfvf uagb-infobox__content-wrap  uagb-infobox-icon-above-title uagb-infobox-image-valign-top\"><div class=\"uagb-ifb-content\"><div class=\"uagb-ifb-title-wrap\"><p class=\"uagb-ifb-title-prefix\">LES SECTEURS QUE NOUS SERVONS<\/p><h3 class=\"uagb-ifb-title\">Usinage CNC de pr\u00e9cision pour de multiples industries<\/h3><\/div><p class=\"uagb-ifb-desc\">Nous fournissons des solutions d'usinage CNC de haute pr\u00e9cision pour un large \u00e9ventail d'industries, y compris la robotique, l'automobile, le m\u00e9dical et l'\u00e9quipement industriel.<br>Gr\u00e2ce \u00e0 des capacit\u00e9s d'usinage avanc\u00e9es et \u00e0 un contr\u00f4le de qualit\u00e9 rigoureux, nous fournissons des pi\u00e8ces m\u00e9talliques personnalis\u00e9es qui r\u00e9pondent \u00e0 des tol\u00e9rances serr\u00e9es et \u00e0 des exigences de performance \u00e9lev\u00e9es.<\/p><\/div><\/div>\n\n\n\n<div class=\"wp-block-uagb-icon-list uagb-block-lrfwnply\"><div class=\"uagb-icon-list__wrap\">\n<div class=\"wp-block-uagb-icon-list-child uagb-block-sqyps6b4\"><span class=\"uagb-icon-list__source-wrap\"><svg xmlns=\"https:\/\/www.w3.org\/2000\/svg\" viewbox=\"0 0 448 512\"><path d=\"M438.6 105.4C451.1 117.9 451.1 138.1 438.6 150.6L182.6 406.6C170.1 419.1 149.9 419.1 137.4 406.6L9.372 278.6C-3.124 266.1-3.124 245.9 9.372 233.4C21.87 220.9 42.13 220.9 54.63 233.4L159.1 338.7L393.4 105.4C405.9 92.88 426.1 92.88 438.6 105.4H438.6z\"><\/path><\/svg><\/span><span class=\"uagb-icon-list__label\">Usinage de haute pr\u00e9cision (\u00b10,01mm)<\/span><\/div>\n\n\n\n<div class=\"wp-block-uagb-icon-list-child uagb-block-fdtgdsms\"><span class=\"uagb-icon-list__source-wrap\"><svg xmlns=\"https:\/\/www.w3.org\/2000\/svg\" viewbox=\"0 0 448 512\"><path d=\"M438.6 105.4C451.1 117.9 451.1 138.1 438.6 150.6L182.6 406.6C170.1 419.1 149.9 419.1 137.4 406.6L9.372 278.6C-3.124 266.1-3.124 245.9 9.372 233.4C21.87 220.9 42.13 220.9 54.63 233.4L159.1 338.7L393.4 105.4C405.9 92.88 426.1 92.88 438.6 105.4H438.6z\"><\/path><\/svg><\/span><span class=\"uagb-icon-list__label\">Fabrication de pi\u00e8ces CNC sur mesure<\/span><\/div>\n\n\n\n<div class=\"wp-block-uagb-icon-list-child uagb-block-mmmglibk\"><span class=\"uagb-icon-list__source-wrap\"><svg xmlns=\"https:\/\/www.w3.org\/2000\/svg\" viewbox=\"0 0 448 512\"><path d=\"M438.6 105.4C451.1 117.9 451.1 138.1 438.6 150.6L182.6 406.6C170.1 419.1 149.9 419.1 137.4 406.6L9.372 278.6C-3.124 266.1-3.124 245.9 9.372 233.4C21.87 220.9 42.13 220.9 54.63 233.4L159.1 338.7L393.4 105.4C405.9 92.88 426.1 92.88 438.6 105.4H438.6z\"><\/path><\/svg><\/span><span class=\"uagb-icon-list__label\">Prototypage et production rapides<\/span><\/div>\n\n\n\n<div class=\"wp-block-uagb-icon-list-child uagb-block-excqnls6\"><span class=\"uagb-icon-list__source-wrap\"><svg xmlns=\"https:\/\/www.w3.org\/2000\/svg\" viewbox=\"0 0 448 512\"><path d=\"M438.6 105.4C451.1 117.9 451.1 138.1 438.6 150.6L182.6 406.6C170.1 419.1 149.9 419.1 137.4 406.6L9.372 278.6C-3.124 266.1-3.124 245.9 9.372 233.4C21.87 220.9 42.13 220.9 54.63 233.4L159.1 338.7L393.4 105.4C405.9 92.88 426.1 92.88 438.6 105.4H438.6z\"><\/path><\/svg><\/span><span class=\"uagb-icon-list__label\">Large choix de mat\u00e9riaux (aluminium, acier, laiton, plastique)<\/span><\/div>\n<\/div><\/div>\n<\/div>\n<\/div><\/div>\n\n\n\n<div class=\"wp-block-uagb-container uagb-block-2xp9me5y alignfull uagb-is-root-container\"><div class=\"uagb-container-inner-blocks-wrap\">\n<div class=\"wp-block-uagb-container uagb-block-ydpxtirt\">\n<div class=\"wp-block-uagb-image alignleft uagb-block-i4cd5min wp-block-uagb-image--layout-default wp-block-uagb-image--effect-static wp-block-uagb-image--align-left\"><figure class=\"wp-block-uagb-image__figure\"><img loading=\"lazy\" decoding=\"async\" srcset=\"https:\/\/hdproto.com\/wp-content\/uploads\/2026\/03\/medical-cnc-machined-precision-components.webp ,https:\/\/hdproto.com\/wp-content\/uploads\/2026\/03\/medical-cnc-machined-precision-components.webp 780w, https:\/\/hdproto.com\/wp-content\/uploads\/2026\/03\/medical-cnc-machined-precision-components.webp 360w\" sizes=\"auto, (max-width: 480px) 150px\" src=\"https:\/\/hdproto.com\/wp-content\/uploads\/2026\/03\/medical-cnc-machined-precision-components.webp\" alt=\"composants m\u00e9dicaux de pr\u00e9cision en acier inoxydable usin\u00e9s par CNC\" class=\"uag-image-4524\" width=\"564\" height=\"400\" title=\"Composants de pr\u00e9cision m\u00e9dicaux usin\u00e9s CNC\" role=\"img\"\/><\/figure><\/div>\n\n\n\n<div class=\"wp-block-uagb-info-box uagb-block-1sf3sk8n uagb-infobox__content-wrap  uagb-infobox-icon-above-title uagb-infobox-image-valign-top\"><div class=\"uagb-ifb-content\"><div class=\"uagb-ifb-title-wrap\"><h3 class=\"uagb-ifb-title\"><strong>Dispositifs m\u00e9dicaux et composants de pr\u00e9cision<\/strong><\/h3><\/div><p class=\"uagb-ifb-desc\">Nous fournissons des solutions d'usinage CNC de haute pr\u00e9cision pour les dispositifs m\u00e9dicaux et les instruments chirurgicaux, y compris les composants en acier inoxydable et en aluminium.<br><br>Nos capacit\u00e9s d'usinage garantissent des tol\u00e9rances serr\u00e9es, des finitions de surface lisses et la qualit\u00e9 constante requise pour les applications m\u00e9dicales critiques.<\/p><\/div><\/div>\n<\/div>\n\n\n\n<div class=\"wp-block-uagb-container uagb-block-mg4f5zod\">\n<div class=\"wp-block-uagb-info-box uagb-block-as2pmfhk uagb-infobox__content-wrap  uagb-infobox-icon-above-title uagb-infobox-image-valign-top\"><div class=\"uagb-ifb-content\"><div class=\"uagb-ifb-title-wrap\"><h3 class=\"uagb-ifb-title\">Automatisation et \u00e9quipements industriels<\/h3><\/div><p class=\"uagb-ifb-desc\">Nous fournissons des solutions d'usinage CNC pour les syst\u00e8mes et \u00e9quipements d'automatisation industrielle, y compris les pi\u00e8ces structurelles, les bo\u00eetiers et les composants de pr\u00e9cision utilis\u00e9s dans les lignes de production et les machines.<br><br>Nos capacit\u00e9s permettent de r\u00e9pondre \u00e0 des applications de haute performance n\u00e9cessitant durabilit\u00e9, pr\u00e9cision et qualit\u00e9 constante dans des environnements industriels exigeants.<\/p><\/div><\/div>\n\n\n\n<div class=\"wp-block-uagb-image alignleft uagb-block-rtrfpjzy wp-block-uagb-image--layout-default wp-block-uagb-image--effect-static wp-block-uagb-image--align-left\"><figure class=\"wp-block-uagb-image__figure\"><img loading=\"lazy\" decoding=\"async\" srcset=\"https:\/\/hdproto.com\/wp-content\/uploads\/2026\/03\/industrial-equipment-cnc-machining-parts.webp ,https:\/\/hdproto.com\/wp-content\/uploads\/2026\/03\/industrial-equipment-cnc-machining-parts.webp 780w, https:\/\/hdproto.com\/wp-content\/uploads\/2026\/03\/industrial-equipment-cnc-machining-parts.webp 360w\" sizes=\"auto, (max-width: 480px) 150px\" src=\"https:\/\/hdproto.com\/wp-content\/uploads\/2026\/03\/industrial-equipment-cnc-machining-parts.webp\" alt=\"Pi\u00e8ces usin\u00e9es CNC pour machines et \u00e9quipements industriels\" class=\"uag-image-4525\" width=\"564\" height=\"400\" title=\"\u00c9quipement industriel Pi\u00e8ces usin\u00e9es CNC\" role=\"img\"\/><\/figure><\/div>\n<\/div>\n\n\n\n<div class=\"wp-block-uagb-container uagb-block-cvdvqtsa\">\n<div class=\"wp-block-uagb-image alignleft uagb-block-e7bfzpmt wp-block-uagb-image--layout-default wp-block-uagb-image--effect-static wp-block-uagb-image--align-left\"><figure class=\"wp-block-uagb-image__figure\"><img loading=\"lazy\" decoding=\"async\" srcset=\"https:\/\/hdproto.com\/wp-content\/uploads\/2026\/03\/electronics-energy-cnc-machined-components.webp ,https:\/\/hdproto.com\/wp-content\/uploads\/2026\/03\/electronics-energy-cnc-machined-components.webp 780w, https:\/\/hdproto.com\/wp-content\/uploads\/2026\/03\/electronics-energy-cnc-machined-components.webp 360w\" sizes=\"auto, (max-width: 480px) 150px\" src=\"https:\/\/hdproto.com\/wp-content\/uploads\/2026\/03\/electronics-energy-cnc-machined-components.webp\" alt=\"Composants usin\u00e9s CNC pour l&#039;\u00e9lectronique et l&#039;\u00e9quipement \u00e9lectrique\" class=\"uag-image-4526\" width=\"564\" height=\"400\" title=\"Pi\u00e8ces usin\u00e9es CNC pour l&#039;\u00e9lectronique et l&#039;\u00e9lectricit\u00e9\" role=\"img\"\/><\/figure><\/div>\n\n\n\n<div class=\"wp-block-uagb-info-box uagb-block-qaai95rh uagb-infobox__content-wrap  uagb-infobox-icon-above-title uagb-infobox-image-valign-top\"><div class=\"uagb-ifb-content\"><div class=\"uagb-ifb-title-wrap\"><h3 class=\"uagb-ifb-title\">Usinage CNC de l'\u00e9lectronique<\/h3><\/div><p class=\"uagb-ifb-desc\">Nous fabriquons des composants usin\u00e9s CNC de pr\u00e9cision pour les \u00e9quipements \u00e9lectroniques et \u00e9lectriques, notamment des bo\u00eetiers, des connecteurs et des pi\u00e8ces structurelles.<br><br>Nos solutions d'usinage garantissent une grande pr\u00e9cision, des performances stables et une qualit\u00e9 fiable pour les applications \u00e9lectroniques exigeantes.<\/p><\/div><\/div>\n<\/div>\n<\/div><\/div>\n\n\n\n<div class=\"wp-block-uagb-container uagb-block-bvizzoia alignfull uagb-is-root-container\"><div class=\"uagb-container-inner-blocks-wrap\">\n<div class=\"wp-block-uagb-info-box uagb-block-zci93rte uagb-infobox__content-wrap  uagb-infobox-icon-above-title uagb-infobox-image-valign-top wp-block-uagb-info-box--has-margin\"><div class=\"uagb-infobox-margin-wrapper\"><div class=\"uagb-ifb-content\"><div class=\"uagb-ifb-title-wrap\"><h2 class=\"uagb-ifb-title\">Obtenez un devis rapide pour vos pi\u00e8ces CNC personnalis\u00e9es !<\/h2><\/div><\/div><\/div><\/div>\n\n\n\n<div class=\"wp-block-uagb-container uagb-block-33a8mr8f\">\n<div class=\"wp-block-uagb-info-box uagb-block-jtqbnw9c uagb-infobox__content-wrap  uagb-infobox-icon-above-title uagb-infobox-image-valign-top\"><div class=\"uagb-ifb-content\"><div class=\"uagb-ifb-title-wrap\"><\/div><p class=\"uagb-ifb-desc\">Envoyez-nous vos dessins ou vos exigences d\u00e8s aujourd'hui. Notre \u00e9quipe d'ing\u00e9nieurs vous fournira rapidement des informations, des prix comp\u00e9titifs et des solutions de fabrication fiables.<\/p><\/div><\/div>\n\n\n\n<div class=\"wp-block-uagb-buttons uagb-buttons__outer-wrap uagb-btn__default-btn uagb-btn-tablet__default-btn uagb-btn-mobile__default-btn uagb-block-zav3udfe\"><div class=\"uagb-buttons__wrap uagb-buttons-layout-wrap\">\n<div class=\"wp-block-uagb-buttons-child uagb-buttons__outer-wrap uagb-block-59d2e7d2 wp-block-button\"><div class=\"uagb-button__wrapper\"><a class=\"uagb-buttons-repeater wp-block-button__link\" aria-label=\"\" href=\"https:\/\/hdproto.com\/contact-cnc-machining-company\/\" rel=\"follow noopener\" target=\"_blank\" role=\"button\"><div class=\"uagb-button__link\">Demander un devis<\/div><\/a><\/div><\/div>\n<\/div><\/div>\n<\/div>\n<\/div><\/div>","protected":false},"excerpt":{"rendered":"","protected":false},"author":2,"featured_media":0,"parent":0,"menu_order":0,"comment_status":"closed","ping_status":"closed","template":"","meta":{"_acf_changed":false,"_uag_custom_page_level_css":"","site-sidebar-layout":"default","site-content-layout":"","ast-site-content-layout":"default","site-content-style":"default","site-sidebar-style":"default","ast-global-header-display":"","ast-banner-title-visibility":"","ast-main-header-display":"","ast-hfb-above-header-display":"","ast-hfb-below-header-display":"","ast-hfb-mobile-header-display":"","site-post-title":"","ast-breadcrumbs-content":"","ast-featured-img":"","footer-sml-layout":"","ast-disable-related-posts":"","theme-transparent-header-meta":"","adv-header-id-meta":"","stick-header-meta":"","header-above-stick-meta":"","header-main-stick-meta":"","header-below-stick-meta":"","astra-migrate-meta-layouts":"set","ast-page-background-enabled":"default","ast-page-background-meta":{"desktop":{"background-color":"","background-image":"","background-repeat":"repeat","background-position":"center center","background-size":"auto","background-attachment":"scroll","background-type":"","background-media":"","overlay-type":"","overlay-color":"","overlay-opacity":"","overlay-gradient":""},"tablet":{"background-color":"","background-image":"","background-repeat":"repeat","background-position":"center center","background-size":"auto","background-attachment":"scroll","background-type":"","background-media":"","overlay-type":"","overlay-color":"","overlay-opacity":"","overlay-gradient":""},"mobile":{"background-color":"","background-image":"","background-repeat":"repeat","background-position":"center center","background-size":"auto","background-attachment":"scroll","background-type":"","background-media":"","overlay-type":"","overlay-color":"","overlay-opacity":"","overlay-gradient":""}},"ast-content-background-meta":{"desktop":{"background-color":"var(--ast-global-color-5)","background-image":"","background-repeat":"repeat","background-position":"center center","background-size":"auto","background-attachment":"scroll","background-type":"","background-media":"","overlay-type":"","overlay-color":"","overlay-opacity":"","overlay-gradient":""},"tablet":{"background-color":"var(--ast-global-color-5)","background-image":"","background-repeat":"repeat","background-position":"center center","background-size":"auto","background-attachment":"scroll","background-type":"","background-media":"","overlay-type":"","overlay-color":"","overlay-opacity":"","overlay-gradient":""},"mobile":{"background-color":"var(--ast-global-color-5)","background-image":"","background-repeat":"repeat","background-position":"center center","background-size":"auto","background-attachment":"scroll","background-type":"","background-media":"","overlay-type":"","overlay-color":"","overlay-opacity":"","overlay-gradient":""}},"footnotes":""},"class_list":["post-4428","page","type-page","status-publish","hentry"],"acf":[],"uagb_featured_image_src":{"full":false,"thumbnail":false,"medium":false,"medium_large":false,"large":false,"1536x1536":false,"2048x2048":false,"trp-custom-language-flag":false},"uagb_author_info":{"display_name":"Huade CNC","author_link":"https:\/\/cms.hdproto.com\/fr\/author\/sales\/"},"uagb_comment_info":0,"uagb_excerpt":null,"_links":{"self":[{"href":"https:\/\/cms.hdproto.com\/fr\/wp-json\/wp\/v2\/pages\/4428","targetHints":{"allow":["GET"]}}],"collection":[{"href":"https:\/\/cms.hdproto.com\/fr\/wp-json\/wp\/v2\/pages"}],"about":[{"href":"https:\/\/cms.hdproto.com\/fr\/wp-json\/wp\/v2\/types\/page"}],"author":[{"embeddable":true,"href":"https:\/\/cms.hdproto.com\/fr\/wp-json\/wp\/v2\/users\/2"}],"replies":[{"embeddable":true,"href":"https:\/\/cms.hdproto.com\/fr\/wp-json\/wp\/v2\/comments?post=4428"}],"version-history":[{"count":5,"href":"https:\/\/cms.hdproto.com\/fr\/wp-json\/wp\/v2\/pages\/4428\/revisions"}],"predecessor-version":[{"id":4531,"href":"https:\/\/cms.hdproto.com\/fr\/wp-json\/wp\/v2\/pages\/4428\/revisions\/4531"}],"wp:attachment":[{"href":"https:\/\/cms.hdproto.com\/fr\/wp-json\/wp\/v2\/media?parent=4428"}],"curies":[{"name":"wp","href":"https:\/\/api.w.org\/{rel}","templated":true}]}}