{"id":1762,"date":"2025-08-01T04:01:49","date_gmt":"2025-08-01T04:01:49","guid":{"rendered":"https:\/\/hdproto.com\/?page_id=1762"},"modified":"2026-03-11T08:58:54","modified_gmt":"2026-03-11T08:58:54","slug":"fraisage-cnc","status":"publish","type":"page","link":"https:\/\/cms.hdproto.com\/fr\/cnc-milling\/","title":{"rendered":"fraisage CNC"},"content":{"rendered":"<div class=\"wp-block-columns alignfull is-layout-flex wp-container-core-columns-is-layout-28f84493 wp-block-columns-is-layout-flex\">\n<div class=\"wp-block-column is-layout-flow wp-block-column-is-layout-flow\" style=\"flex-basis:50%\">\n<div class=\"wp-block-cover is-light\" style=\"min-height:600px;aspect-ratio:unset;\"><span aria-hidden=\"true\" class=\"wp-block-cover__background has-background-dim-100 has-background-dim\" style=\"background-color:#f6f6f6\"><\/span><div class=\"wp-block-cover__inner-container is-layout-flow wp-block-cover-is-layout-flow\">\n<figure class=\"wp-block-video\"><video height=\"720\" style=\"aspect-ratio: 960 \/ 720;\" width=\"960\" controls src=\"https:\/\/hdproto.com\/wp-content\/uploads\/2025\/08\/cnc-milling-machine-is-running.mp4\"><\/video><\/figure>\n<\/div><\/div>\n<\/div>\n\n\n\n<div class=\"wp-block-column is-vertically-aligned-center is-layout-flow wp-block-column-is-layout-flow\" style=\"padding-top:1em;padding-right:1em;padding-bottom:1em;padding-left:1em\">\n<div class=\"wp-block-group is-layout-constrained wp-block-group-is-layout-constrained\">\n<div class=\"wp-block-uagb-container uagb-block-0946e95d default uagb-is-root-container\">\n<div class=\"wp-block-uagb-container uagb-block-6f20f0aa\"><h2 class=\"wp-block-heading has-small-font-size\" id=\"cnc-milling-services\"><strong>Services de fraisage CNC<\/strong><\/h2>\n\n\n<p class=\"has-small-font-size\" style=\"line-height:1.6\">Chez Huade Precision, notre<strong> <a href=\"https:\/\/hdproto.com\/cnc-machining-services\/\" target=\"_blank\" data-type=\"link\" data-id=\"https:\/\/hdproto.com\/cnc-machining-services\/\" rel=\"noreferrer noopener\">services de fraisage CNC<\/a><\/strong> Nos solutions sont con\u00e7ues pour r\u00e9pondre aux besoins \u00e9volutifs des industries modernes. Que vous d\u00e9veloppiez des pi\u00e8ces m\u00e9caniques, des composants structurels ou des prototypes fonctionnels, nous vous garantissons des r\u00e9sultats impeccables, pr\u00e9cis et reproductibles, \u00e0 chaque fois.<\/p>\n\n\n\n<p class=\"has-small-font-size\" style=\"line-height:1.6\">.Gr\u00e2ce \u00e0 nos fraiseuses multiaxes de pointe et \u00e0 nos techniciens qualifi\u00e9s, nous travaillons une large gamme de mat\u00e9riaux, dont l&#039;aluminium, l&#039;acier inoxydable, le laiton, le bronze et les plastiques techniques. Des petites pi\u00e8ces complexes aux composants de grande taille aux g\u00e9om\u00e9tries complexes, nous garantissons des surfaces lisses et des ajustements pr\u00e9cis, pour une qualit\u00e9 constante.<\/p>\n\n\n\n<p class=\"has-small-font-size\" style=\"line-height:1.6\">Que vous ayez besoin de prototypes en petite s\u00e9rie ou de productions \u00e0 long terme, notre <strong>Fraisage CNC<\/strong> Nos services offrent flexibilit\u00e9, d\u00e9lais de livraison rapides et assistance fiable. Nous collaborons \u00e9troitement avec les ing\u00e9nieurs et les acheteurs afin de comprendre les besoins techniques et applicatifs de chaque pi\u00e8ce, vous garantissant ainsi une solution parfaitement adapt\u00e9e \u00e0 votre projet.<\/p>\n\n\n\n<p>Laissez-nous vous aider \u00e0 donner vie \u00e0 vos id\u00e9es de produits gr\u00e2ce \u00e0 des solutions fiables et performantes. <strong>pi\u00e8ces usin\u00e9es CNC<\/strong> Adapt\u00e9 \u00e0 vos sp\u00e9cifications exactes. <a href=\"https:\/\/hdproto.com\/cnc-machining-services\/\" target=\"_blank\" rel=\"noreferrer noopener\">Apprenez-en davantage sur les techniques CNC sur Autodesk<\/a><\/p>\n<\/div>\n<\/div>\n<\/div>\n<\/div>\n<\/div>\n\n\n\n<div class=\"wp-block-columns alignwide are-vertically-aligned-top is-layout-flex wp-container-core-columns-is-layout-08c01c1c wp-block-columns-is-layout-flex\">\n<div class=\"wp-block-column is-vertically-aligned-top is-layout-flow wp-block-column-is-layout-flow\">\n<div class=\"wp-block-group wp-container-content-231d8afb is-vertical is-content-justification-left is-nowrap is-layout-flex wp-container-core-group-is-layout-d439c89b wp-block-group-is-layout-flex\" style=\"margin-top:0;margin-bottom:0\">\n<figure class=\"wp-block-image size-full is-style-default wp-container-content-0733e5d0\"><img fetchpriority=\"high\" decoding=\"async\" width=\"600\" height=\"800\" src=\"https:\/\/hdproto.com\/wp-content\/uploads\/2025\/11\/CNC-Turning-Part-for-Audio-System.jpg\" alt=\"Pi\u00e8ce de tournage CNC de Dongguan Huade pour syst\u00e8me audio\" class=\"wp-image-3411\" srcset=\"https:\/\/cms.hdproto.com\/wp-content\/uploads\/2025\/11\/CNC-Turning-Part-for-Audio-System.jpg 600w, https:\/\/cms.hdproto.com\/wp-content\/uploads\/2025\/11\/CNC-Turning-Part-for-Audio-System-225x300.jpg 225w, https:\/\/cms.hdproto.com\/wp-content\/uploads\/2025\/11\/CNC-Turning-Part-for-Audio-System-9x12.jpg 9w\" sizes=\"(max-width: 600px) 100vw, 600px\" \/><figcaption class=\"wp-element-caption\">Services de fraisage CNC sur mesure pour les syst\u00e8mes audio<\/figcaption><\/figure>\n\n\n\n<div class=\"wp-block-group is-vertical is-nowrap is-layout-flex wp-container-core-group-is-layout-5280e479 wp-block-group-is-layout-flex\">\n<p class=\"has-medium-font-size\"><strong>Composants usin\u00e9s CNC de pr\u00e9cision<\/strong><\/p>\n\n\n\n<p class=\"has-small-font-size\">Con\u00e7u gr\u00e2ce \u00e0 des techniques avanc\u00e9es <strong>Fraisage CNC<\/strong> Gr\u00e2ce \u00e0 nos techniques de pointe, nos composants sont con\u00e7us pour offrir pr\u00e9cision, fonctionnalit\u00e9 et qualit\u00e9 constante. Que vous fabriquiez des assemblages m\u00e9caniques, des bo\u00eetiers structuraux ou des pi\u00e8ces de pr\u00e9cision de petite taille, nous garantissons des r\u00e9sultats fiables dans de nombreux secteurs d&#039;activit\u00e9.<\/p>\n\n\n\n<p>Chaque pi\u00e8ce est fabriqu\u00e9e avec un souci du d\u00e9tail, garantissant des ar\u00eates nettes, des finitions lisses et des dimensions pr\u00e9cises. Du prototype unique \u00e0 la production en s\u00e9rie, notre <strong>services de fraisage CNC<\/strong> soutenir des projets dans les secteurs de l&#039;automobile, de l&#039;\u00e9lectronique, des produits de consommation, et bien plus encore.<\/p>\n<\/div>\n<\/div>\n<\/div>\n\n\n\n<div class=\"wp-block-column is-vertically-aligned-top is-layout-flow wp-block-column-is-layout-flow\">\n<div class=\"wp-block-group wp-container-content-231d8afb is-vertical is-layout-flex wp-container-core-group-is-layout-05b43539 wp-block-group-is-layout-flex\" style=\"margin-top:0;margin-bottom:0\">\n<div class=\"wp-block-group is-vertical is-nowrap is-layout-flex wp-container-core-group-is-layout-5280e479 wp-block-group-is-layout-flex\">\n<p class=\"has-medium-font-size\"><strong>Fraisage CNC de pr\u00e9cision pour composants m\u00e9talliques complexes<\/strong><\/p>\n\n\n\n<p class=\"has-small-font-size\">Ces pi\u00e8ces m\u00e9talliques illustrent la polyvalence de l&#039;usinage CNC, permettant de produire des composants complexes et multifonctionnels aux ar\u00eates nettes et aux dimensions pr\u00e9cises. Id\u00e9ales pour les applications en automatisation, robotique, instrumentation et structures m\u00e9caniques, chaque pi\u00e8ce est con\u00e7ue pour garantir des performances constantes et un assemblage pr\u00e9cis.<\/p>\n<\/div>\n\n\n\n<figure class=\"wp-block-image size-full\" style=\"font-size:14px\"><img decoding=\"async\" width=\"626\" height=\"900\" src=\"https:\/\/hdproto.com\/wp-content\/uploads\/2025\/08\/cnc-milling-components.jpg\" alt=\"Usinage CNC de composants de pr\u00e9cision \u00e0 g\u00e9om\u00e9trie complexe pour assemblages m\u00e9caniques\" class=\"wp-image-1769\" srcset=\"https:\/\/cms.hdproto.com\/wp-content\/uploads\/2025\/08\/cnc-milling-components.jpg 626w, https:\/\/cms.hdproto.com\/wp-content\/uploads\/2025\/08\/cnc-milling-components-209x300.jpg 209w\" sizes=\"(max-width: 626px) 100vw, 626px\" \/><figcaption class=\"wp-element-caption\">Composants haute performance fabriqu\u00e9s par fraisage CNC, adapt\u00e9s aux syst\u00e8mes structurels, m\u00e9caniques et de contr\u00f4le de mouvement.<\/figcaption><\/figure>\n<\/div>\n<\/div>\n<\/div>\n\n\n\n<div class=\"wp-block-group alignfull has-ast-global-color-8-background-color has-background is-layout-flow wp-block-group-is-layout-flow\" style=\"padding-top:6vw;padding-right:6vw;padding-bottom:6vw;padding-left:6vw\">\n<div class=\"wp-block-group is-vertical is-nowrap is-layout-flex wp-container-core-group-is-layout-36fd9ea3 wp-block-group-is-layout-flex\" style=\"padding-right:0;padding-left:0\"><h6 class=\"wp-block-heading has-text-color\" id=\"ecosystem\" style=\"color:#000000;font-size:16px\">Services d&#039;usinage CNC<\/h6>\n\n\n<p class=\"has-text-color\" style=\"color:#000000;font-size:6vw;font-style:normal;font-weight:700;letter-spacing:0px;line-height:0.9;text-decoration:none;text-transform:none\">Fraisage CNC<\/p>\n<\/div>\n\n\n\n<div style=\"height:1vw\" aria-hidden=\"true\" class=\"wp-block-spacer\"><\/div>\n\n\n\n<div class=\"wp-block-group alignwide is-vertical is-nowrap is-layout-flex wp-container-core-group-is-layout-7946b6b8 wp-block-group-is-layout-flex\" style=\"padding-top:0;padding-right:0;padding-bottom:0;padding-left:0\">\n<div class=\"wp-block-columns alignwide is-layout-flex wp-container-core-columns-is-layout-21b20327 wp-block-columns-is-layout-flex\">\n<div class=\"wp-block-column is-layout-flow wp-block-column-is-layout-flow\" style=\"flex-basis:33.38%\"><h2 class=\"wp-block-heading has-text-color\" style=\"color:#000000;font-size:17px\" id=\"precision-cnc-milling-for-demanding-industrial-applications\">Fraisage CNC de pr\u00e9cision pour applications industrielles exigeantes<\/h2>\n\n\n<p>Nous travaillons l&#039;aluminium, l&#039;acier inoxydable, le laiton, le cuivre et les plastiques techniques, et usinons toutes sortes de pi\u00e8ces, des g\u00e9om\u00e9tries plates simples aux pi\u00e8ces \u00e0 cavit\u00e9s profondes et aux assemblages courbes. Que vous ayez besoin de trous de fixation, de contre-d\u00e9pouilles, de faces \u00e9tag\u00e9es ou de fentes fonctionnelles, notre <strong>processus d&#039;usinage CNC<\/strong> permet un contr\u00f4le pr\u00e9cis de chaque caract\u00e9ristique, garantissant des performances m\u00e9caniques de pr\u00e9cision et un ajustement fiable lors de l&#039;assemblage final.<\/p>\n\n\n\n<p>Notre <strong><a href=\"https:\/\/hdproto.com\/cnc-machining-services\/\" data-type=\"link\" data-id=\"https:\/\/hdproto.com\/cnc-machining-services\/\" target=\"_blank\" rel=\"noopener\">solutions de fraisage CNC<\/a><\/strong> Elles sont largement utilis\u00e9es dans les syst\u00e8mes d&#039;automatisation, la robotique, les machines lourdes et les ch\u00e2ssis d&#039;\u00e9quipements. Pour chaque projet, nous adaptons la strat\u00e9gie d&#039;usinage \u00e0 vos tol\u00e9rances, au comportement du mat\u00e9riau et \u00e0 vos besoins fonctionnels. <\/p>\n<\/div>\n\n\n\n<div class=\"wp-block-column is-layout-flow wp-block-column-is-layout-flow\" style=\"flex-basis:33%\">\n<div style=\"height:2vw\" aria-hidden=\"true\" class=\"wp-block-spacer\"><\/div>\n\n\n\n<figure class=\"wp-block-image size-full\"><img decoding=\"async\" width=\"600\" height=\"800\" src=\"https:\/\/hdproto.com\/wp-content\/uploads\/2026\/01\/CNC-Automotive-Parts.jpg\" alt=\"Composants de suspension automobile en aluminium avec filetages et brides\" class=\"wp-image-3965\" srcset=\"https:\/\/cms.hdproto.com\/wp-content\/uploads\/2026\/01\/CNC-Automotive-Parts.jpg 600w, https:\/\/cms.hdproto.com\/wp-content\/uploads\/2026\/01\/CNC-Automotive-Parts-225x300.jpg 225w, https:\/\/cms.hdproto.com\/wp-content\/uploads\/2026\/01\/CNC-Automotive-Parts-9x12.jpg 9w\" sizes=\"(max-width: 600px) 100vw, 600px\" \/><figcaption class=\"wp-element-caption\">Composants en aluminium usin\u00e9s CNC de haute pr\u00e9cision pour la suspension automobile - tol\u00e9rances serr\u00e9es et caract\u00e9ristiques filet\u00e9es<\/figcaption><\/figure>\n<\/div>\n\n\n\n<div class=\"wp-block-column is-layout-flow wp-block-column-is-layout-flow\" style=\"flex-basis:33.62%\">\n<figure class=\"wp-block-image size-full\"><img loading=\"lazy\" decoding=\"async\" width=\"600\" height=\"800\" src=\"https:\/\/hdproto.com\/wp-content\/uploads\/2026\/01\/CNC-machined-parts.jpg\" alt=\"Bague de serrage ou collier de montage usin\u00e9 CNC avec trous de fixation et conception \u00e9tag\u00e9e\" class=\"wp-image-3967\" srcset=\"https:\/\/cms.hdproto.com\/wp-content\/uploads\/2026\/01\/CNC-machined-parts.jpg 600w, https:\/\/cms.hdproto.com\/wp-content\/uploads\/2026\/01\/CNC-machined-parts-225x300.jpg 225w, https:\/\/cms.hdproto.com\/wp-content\/uploads\/2026\/01\/CNC-machined-parts-9x12.jpg 9w\" sizes=\"(max-width: 600px) 100vw, 600px\" \/><figcaption class=\"wp-element-caption\">Anneau \/ collier de serrage en aluminium usin\u00e9 CNC de haute pr\u00e9cision - finition anodis\u00e9e noire, plusieurs trous de fixation pour un assemblage s\u00fbr.<\/figcaption><\/figure>\n\n\n\n<p>Cette image pr\u00e9sente des composants en aluminium sur mesure, fabriqu\u00e9s par fraisage CNC, avec des profils de bords nets et des structures fonctionnelles destin\u00e9s \u00e0 \u00eatre utilis\u00e9s dans des bo\u00eetiers, des supports ou des \u00e9quipements personnalis\u00e9s.<\/p>\n<\/div>\n<\/div>\n\n\n\n<div class=\"wp-block-columns alignwide is-layout-flex wp-container-core-columns-is-layout-c24efe4f wp-block-columns-is-layout-flex\">\n<div class=\"wp-block-column is-layout-flow wp-block-column-is-layout-flow\" style=\"flex-basis:69%\">\n<figure class=\"wp-block-image size-full\"><img loading=\"lazy\" decoding=\"async\" width=\"800\" height=\"600\" src=\"https:\/\/hdproto.com\/wp-content\/uploads\/2026\/03\/CNC-Machinery-Parts.webp\" alt=\"Pi\u00e8ces de machines en aluminium usin\u00e9es CNC sur mesure\" class=\"wp-image-4303\" srcset=\"https:\/\/cms.hdproto.com\/wp-content\/uploads\/2026\/03\/CNC-Machinery-Parts.webp 800w, https:\/\/cms.hdproto.com\/wp-content\/uploads\/2026\/03\/CNC-Machinery-Parts-300x225.webp 300w, https:\/\/cms.hdproto.com\/wp-content\/uploads\/2026\/03\/CNC-Machinery-Parts-768x576.webp 768w, https:\/\/cms.hdproto.com\/wp-content\/uploads\/2026\/03\/CNC-Machinery-Parts-16x12.webp 16w\" sizes=\"(max-width: 800px) 100vw, 800px\" \/><figcaption class=\"wp-element-caption\">Pi\u00e8ces de machines usin\u00e9es CNC de pr\u00e9cision sur mesure pour les \u00e9quipements industriels et les assemblages m\u00e9caniques.<\/figcaption><\/figure>\n<\/div>\n\n\n\n<div class=\"wp-block-column is-vertically-aligned-center is-layout-flow wp-block-column-is-layout-flow\" style=\"flex-basis:33%\"><h6 class=\"wp-block-heading has-text-color\" style=\"color:#000000;font-size:17px\" id=\"precision-machining-for-industrialgrade-components\">Usinage de pr\u00e9cision pour composants de qualit\u00e9 industrielle<\/h6>\n\n\n<p>Nos services d&#039;usinage offrent une grande constance et une excellente r\u00e9p\u00e9tabilit\u00e9, permettant la production de pi\u00e8ces structurellement identiques, id\u00e9ales pour les syst\u00e8mes d&#039;automatisation, les composants de machines et les liaisons m\u00e9caniques. Chaque pi\u00e8ce fait l&#039;objet d&#039;une s\u00e9lection rigoureuse des mat\u00e9riaux et d&#039;un usinage multiaxes afin de garantir une g\u00e9om\u00e9trie pr\u00e9cise, un \u00e9tat de surface uniforme et un contr\u00f4le dimensionnel pr\u00e9cis.<\/p>\n<\/div>\n<\/div>\n<\/div>\n<\/div>\n\n\n\n<div class=\"wp-block-uagb-container uagb-block-749f57d1 alignfull uagb-is-root-container\"><div class=\"uagb-container-inner-blocks-wrap\"><h2 class=\"wp-block-heading\" id=\"you-may-want-to-ask\">Vous pourriez vouloir demander<\/h2>\n\n\n<p>Q : Pouvez-vous fournir des \u00e9chantillons de pi\u00e8ces usin\u00e9es CNC ?<br>R : Oui, nous proposons un prototypage rapide en 2 \u00e0 3 jours.<\/p>\n\n\n\n<p>Q : Quels formats de fichiers acceptez-vous ?<br>R: Nous acceptons les formats STEP, IGES, STL et PDF 2D.<\/p>\n\n\n\n<p>Q : Comment garantit-on la biocompatibilit\u00e9 des mat\u00e9riaux ?<br>A: Nous nous approvisionnons exclusivement en mat\u00e9riaux certifi\u00e9s de qualit\u00e9 m\u00e9dicale aupr\u00e8s de fournisseurs de confiance.<\/p>\n<\/div><\/div>\n\n\n\n<div class=\"wp-block-uagb-container uagb-block-a815ca67 alignfull uagb-is-root-container\"><div class=\"uagb-container-inner-blocks-wrap\"><h2 class=\"wp-block-heading\" id=\"%25e2%259c%2585-call-to-action\">\u2705 Appel \u00e0 l&#039;action<\/h2>\n\n\n<p><strong>Pr\u00eat \u00e0 d\u00e9velopper vos pi\u00e8ces usin\u00e9es CNC sur mesure ?<\/strong><br>Transformons votre projet en r\u00e9alit\u00e9 \u2014 rapidement, pr\u00e9cis\u00e9ment et professionnellement.<\/p>\n<\/div><\/div>\n\n\n\n<div class=\"wp-block-uagb-buttons uagb-buttons__outer-wrap uagb-btn__default-btn uagb-btn-tablet__default-btn uagb-btn-mobile__default-btn uagb-block-01f2a104\"><div class=\"uagb-buttons__wrap uagb-buttons-layout-wrap\">\n<div class=\"wp-block-uagb-buttons-child uagb-buttons__outer-wrap uagb-block-a1a82a92 wp-block-button\"><div class=\"uagb-button__wrapper\"><a class=\"uagb-buttons-repeater wp-block-button__link\" aria-label=\"\" href=\"https:\/\/hdproto.com\/contact-cnc-machining-company\/\" rel=\"follow noopener\" target=\"_blank\" role=\"button\"><div class=\"uagb-button__link\">Contactez-nous<\/div><\/a><\/div><\/div>\n<\/div><\/div>\n\n\n\n<p><\/p>","protected":false},"excerpt":{"rendered":"<p>CNC Milling Services At Huade Precision, our CNC milling services are built to meet the evolving needs of modern industries. Whether you&#8217;re developing mechanical parts, structural components, or functional prototypes, we deliver clean, accurate, and repeatable results\u2014every time. .With advanced multi-axis milling machines and skilled technicians, we handle a wide range of materials including aluminum, [&hellip;]<\/p>\n","protected":false},"author":2,"featured_media":4303,"parent":0,"menu_order":0,"comment_status":"closed","ping_status":"closed","template":"","meta":{"_acf_changed":false,"_uag_custom_page_level_css":"","site-sidebar-layout":"default","site-content-layout":"","ast-site-content-layout":"default","site-content-style":"default","site-sidebar-style":"default","ast-global-header-display":"","ast-banner-title-visibility":"","ast-main-header-display":"","ast-hfb-above-header-display":"","ast-hfb-below-header-display":"","ast-hfb-mobile-header-display":"","site-post-title":"","ast-breadcrumbs-content":"","ast-featured-img":"disabled","footer-sml-layout":"","ast-disable-related-posts":"","theme-transparent-header-meta":"","adv-header-id-meta":"","stick-header-meta":"","header-above-stick-meta":"","header-main-stick-meta":"","header-below-stick-meta":"","astra-migrate-meta-layouts":"set","ast-page-background-enabled":"default","ast-page-background-meta":{"desktop":{"background-color":"","background-image":"","background-repeat":"repeat","background-position":"center center","background-size":"auto","background-attachment":"scroll","background-type":"","background-media":"","overlay-type":"","overlay-color":"","overlay-opacity":"","overlay-gradient":""},"tablet":{"background-color":"","background-image":"","background-repeat":"repeat","background-position":"center center","background-size":"auto","background-attachment":"scroll","background-type":"","background-media":"","overlay-type":"","overlay-color":"","overlay-opacity":"","overlay-gradient":""},"mobile":{"background-color":"","background-image":"","background-repeat":"repeat","background-position":"center center","background-size":"auto","background-attachment":"scroll","background-type":"","background-media":"","overlay-type":"","overlay-color":"","overlay-opacity":"","overlay-gradient":""}},"ast-content-background-meta":{"desktop":{"background-color":"var(--ast-global-color-5)","background-image":"","background-repeat":"repeat","background-position":"center center","background-size":"auto","background-attachment":"scroll","background-type":"","background-media":"","overlay-type":"","overlay-color":"","overlay-opacity":"","overlay-gradient":""},"tablet":{"background-color":"var(--ast-global-color-5)","background-image":"","background-repeat":"repeat","background-position":"center center","background-size":"auto","background-attachment":"scroll","background-type":"","background-media":"","overlay-type":"","overlay-color":"","overlay-opacity":"","overlay-gradient":""},"mobile":{"background-color":"var(--ast-global-color-5)","background-image":"","background-repeat":"repeat","background-position":"center center","background-size":"auto","background-attachment":"scroll","background-type":"","background-media":"","overlay-type":"","overlay-color":"","overlay-opacity":"","overlay-gradient":""}},"footnotes":""},"class_list":["post-1762","page","type-page","status-publish","has-post-thumbnail","hentry"],"acf":[],"uagb_featured_image_src":{"full":["https:\/\/cms.hdproto.com\/wp-content\/uploads\/2026\/03\/CNC-Machinery-Parts.webp",800,600,false],"thumbnail":["https:\/\/cms.hdproto.com\/wp-content\/uploads\/2026\/03\/CNC-Machinery-Parts-150x150.webp",150,150,true],"medium":["https:\/\/cms.hdproto.com\/wp-content\/uploads\/2026\/03\/CNC-Machinery-Parts-300x225.webp",300,225,true],"medium_large":["https:\/\/cms.hdproto.com\/wp-content\/uploads\/2026\/03\/CNC-Machinery-Parts-768x576.webp",768,576,true],"large":["https:\/\/cms.hdproto.com\/wp-content\/uploads\/2026\/03\/CNC-Machinery-Parts.webp",800,600,false],"1536x1536":["https:\/\/cms.hdproto.com\/wp-content\/uploads\/2026\/03\/CNC-Machinery-Parts.webp",800,600,false],"2048x2048":["https:\/\/cms.hdproto.com\/wp-content\/uploads\/2026\/03\/CNC-Machinery-Parts.webp",800,600,false],"trp-custom-language-flag":["https:\/\/cms.hdproto.com\/wp-content\/uploads\/2026\/03\/CNC-Machinery-Parts-16x12.webp",16,12,true]},"uagb_author_info":{"display_name":"Huade CNC","author_link":"https:\/\/cms.hdproto.com\/fr\/author\/sales\/"},"uagb_comment_info":0,"uagb_excerpt":"CNC Milling Services At Huade Precision, our CNC milling services are built to meet the evolving needs of modern industries. Whether you&#8217;re developing mechanical parts, structural components, or functional prototypes, we deliver clean, accurate, and repeatable results\u2014every time. .With advanced multi-axis milling machines and skilled technicians, we handle a wide range of materials including aluminum,\u2026","_links":{"self":[{"href":"https:\/\/cms.hdproto.com\/fr\/wp-json\/wp\/v2\/pages\/1762","targetHints":{"allow":["GET"]}}],"collection":[{"href":"https:\/\/cms.hdproto.com\/fr\/wp-json\/wp\/v2\/pages"}],"about":[{"href":"https:\/\/cms.hdproto.com\/fr\/wp-json\/wp\/v2\/types\/page"}],"author":[{"embeddable":true,"href":"https:\/\/cms.hdproto.com\/fr\/wp-json\/wp\/v2\/users\/2"}],"replies":[{"embeddable":true,"href":"https:\/\/cms.hdproto.com\/fr\/wp-json\/wp\/v2\/comments?post=1762"}],"version-history":[{"count":25,"href":"https:\/\/cms.hdproto.com\/fr\/wp-json\/wp\/v2\/pages\/1762\/revisions"}],"predecessor-version":[{"id":4315,"href":"https:\/\/cms.hdproto.com\/fr\/wp-json\/wp\/v2\/pages\/1762\/revisions\/4315"}],"wp:featuredmedia":[{"embeddable":true,"href":"https:\/\/cms.hdproto.com\/fr\/wp-json\/wp\/v2\/media\/4303"}],"wp:attachment":[{"href":"https:\/\/cms.hdproto.com\/fr\/wp-json\/wp\/v2\/media?parent=1762"}],"curies":[{"name":"wp","href":"https:\/\/api.w.org\/{rel}","templated":true}]}}