{"id":1383,"date":"2025-07-14T09:46:32","date_gmt":"2025-07-14T09:46:32","guid":{"rendered":"https:\/\/hdproto.com\/?page_id=1383"},"modified":"2026-03-11T08:40:54","modified_gmt":"2026-03-11T08:40:54","slug":"pieces-de-machines-cnc","status":"publish","type":"page","link":"https:\/\/cms.hdproto.com\/fr\/products\/cnc-machinery-parts\/","title":{"rendered":"pi\u00e8ces de machines CNC"},"content":{"rendered":"<div class=\"wp-block-group is-layout-constrained wp-block-group-is-layout-constrained\">\n<div class=\"wp-block-uagb-advanced-heading uagb-block-69af9d91\"><h2 class=\"uagb-heading-text\">Fabricant de pi\u00e8ces de machines CNC de pr\u00e9cision pour applications industrielles<\/h2><\/div>\n\n\n\n<p><\/p>\n\n\n\n<p>Chez Dongguan Huade Precision Manufacturing Co., Ltd., nous fournissons des pi\u00e8ces usin\u00e9es CNC con\u00e7ues pour r\u00e9pondre aux exigences des machines modernes. Des syst\u00e8mes d&#039;automatisation aux \u00e9quipements lourds, nos composants sont con\u00e7us pour offrir des performances pr\u00e9cises, fiables et constantes.<\/p>\n\n\n\n<p>Chaque pi\u00e8ce que nous produisons est fabriqu\u00e9e avec un souci du d\u00e9tail extr\u00eame, respectant des tol\u00e9rances strictes jusqu&#039;\u00e0 \u00b10,01 mm et garantissant une performance stable m\u00eame dans des environnements m\u00e9caniques exigeants. Que vous construisiez des lignes de production, des syst\u00e8mes robotis\u00e9s ou des dispositifs m\u00e9caniques sp\u00e9cialis\u00e9s, nos pi\u00e8ces usin\u00e9es CNC contribuent \u00e0 donner vie \u00e0 vos conceptions.<\/p>\n\n\n\n<p>Forts d&#039;une longue exp\u00e9rience en fraisage et tournage CNC, ainsi qu&#039;en prototypage complexe, nous accompagnons des clients issus de secteurs vari\u00e9s, tels que l&#039;automatisation, l&#039;emballage, l&#039;\u00e9nergie et la production industrielle. Nous proposons un \u00e9chantillonnage rapide (2 \u00e0 3 jours), des quantit\u00e9s minimales de commande r\u00e9duites et une tra\u00e7abilit\u00e9 des mat\u00e9riaux pour garantir le bon d\u00e9roulement de votre projet, de sa conception \u00e0 sa r\u00e9alisation.<\/p>\n\n\n\n<p>Chez Huade, nous ne nous contentons pas d&#039;usiner le m\u00e9tal\u00a0: nous concevons des solutions. Nos pi\u00e8ces sont personnalis\u00e9es pour r\u00e9pondre pr\u00e9cis\u00e9ment \u00e0 vos besoins, avec des finitions de surface optionnelles telles que l&#039;anodisation, l&#039;oxydation noire, le rev\u00eatement en poudre, et bien plus encore. Que vous ayez besoin d&#039;une seule pi\u00e8ce ou de mille, nous vous garantissons une qualit\u00e9 constante, une livraison rapide et une communication r\u00e9active \u00e0 chaque \u00e9tape.<\/p>\n\n\n\n<p>Faites de nous votre partenaire de confiance pour votre cha\u00eene d&#039;approvisionnement en fabrication CNC. Certifi\u00e9s ISO 9001 et forts d&#039;une \u00e9quipe ma\u00eetrisant les normes industrielles internationales, nous vous aidons \u00e0 garder une longueur d&#039;avance sur un march\u00e9 des machines concurrentiel.<\/p>\n\n\n\n<p><\/p>\n\n\n<h2 class=\"wp-block-heading\" id=\"applications-of-precision-cnc-machinery-parts\">Applications des pi\u00e8ces de machines CNC de pr\u00e9cision<\/h2>\n\n\n<div class=\"wp-block-uagb-container uagb-block-542f5bbf alignfull uagb-is-root-container\"><div class=\"uagb-container-inner-blocks-wrap\">\n<div class=\"wp-block-uagb-container uagb-block-14416465\">\n<div class=\"wp-block-uagb-info-box uagb-block-f7c15f6f uagb-infobox__content-wrap  uagb-infobox-icon-above-title uagb-infobox-image-valign-top\"><div class=\"uagb-ifb-content\"><div class=\"uagb-ifb-image-content\"><img decoding=\"async\" src=\"https:\/\/hdproto.com\/wp-content\/uploads\/2025\/07\/\u6444\u5f71\u5668\u67501-1.jpg\" alt=\"Pi\u00e8ce en aluminium usin\u00e9e CNC pour support d&#039;\u00e9quipement photo professionnel\" width=\"\" height=\"0\" loading=\"lazy\"\/><\/div><div class=\"uagb-ifb-title-wrap\"><h3 class=\"uagb-ifb-title\">Socle de montage usin\u00e9 CNC pour syst\u00e8mes de cam\u00e9ras<\/h3><\/div><p class=\"uagb-ifb-desc\">Cette pi\u00e8ce de machine CNC personnalis\u00e9e est con\u00e7ue pour les supports de cam\u00e9ra, les stabilisateurs et autres syst\u00e8mes optiques. Fabriqu\u00e9e \u00e0 partir de mat\u00e9riaux l\u00e9gers <strong>mat\u00e9riaux en alliage d&#039;aluminium 7075<\/strong>, Elle assure un support rigide et r\u00e9sistant \u00e0 la corrosion pour les applications hautes performances. Id\u00e9ale pour les clients recherchant des composants CNC de pr\u00e9cision pour leur \u00e9quipement photographique, cette pi\u00e8ce garantit un \u00e9quilibre parfait entre robustesse, esth\u00e9tique et durabilit\u00e9.<\/p><\/div><\/div>\n<\/div>\n\n\n\n<div class=\"wp-block-uagb-container uagb-block-40dd48e2\">\n<div class=\"wp-block-uagb-info-box uagb-block-cde81d2e uagb-infobox__content-wrap  uagb-infobox-icon-above-title uagb-infobox-image-valign-top\"><div class=\"uagb-ifb-content\"><div class=\"uagb-ifb-image-content\"><img decoding=\"async\" src=\"https:\/\/hdproto.com\/wp-content\/uploads\/2026\/01\/Precision-CNC-Parts-for-Machines.jpg\" alt=\"Support de montage et composant du bo\u00eetier en aluminium usin\u00e9 avec pr\u00e9cision par CNC\" width=\"\" height=\"0\" loading=\"lazy\"\/><\/div><div class=\"uagb-ifb-title-wrap\"><h3 class=\"uagb-ifb-title\">Support de montage CNC de pr\u00e9cision pour \u00e9quipements industriels<\/h3><\/div><p class=\"uagb-ifb-desc\">Con\u00e7u pour les \u00e9quipements industriels \u00e0 hautes performances, ce support de montage en aluminium usin\u00e9 CNC offre un logement rigide et l\u00e9ger pour les arbres rotatifs et les assemblages d'outillage. Fabriqu\u00e9 en alliage d'aluminium haute r\u00e9sistance avec des tol\u00e9rances serr\u00e9es allant jusqu'\u00e0 \u00b10,01 mm, il offre un excellent alignement, une r\u00e9sistance \u00e0 la corrosion et une stabilit\u00e9 \u00e0 long terme dans les applications d'automatisation, d'emballage et de machinerie g\u00e9n\u00e9rale.<\/p><\/div><\/div>\n<\/div>\n\n\n\n<div class=\"wp-block-uagb-container uagb-block-3b0302be\">\n<div class=\"wp-block-uagb-info-box uagb-block-4471a001 uagb-infobox__content-wrap  uagb-infobox-icon-above-title uagb-infobox-image-valign-top\"><div class=\"uagb-ifb-content\"><div class=\"uagb-ifb-image-content\"><img decoding=\"async\" src=\"https:\/\/hdproto.com\/wp-content\/uploads\/2025\/07\/\u5fae\u4fe1\u56fe\u7247_20241227155911_\u526f\u672c.jpg\" alt=\"Pi\u00e8ce de base structurelle usin\u00e9e CNC de pr\u00e9cision pour pi\u00e8ces de machines CNC destin\u00e9es aux machines industrielles\" width=\"\" height=\"0\" loading=\"lazy\"\/><\/div><div class=\"uagb-ifb-title-wrap\"><h3 class=\"uagb-ifb-title\">Bo\u00eetier structurel usin\u00e9 CNC pour \u00e9quipements de machines<\/h3><\/div><p class=\"uagb-ifb-desc\">Ce <strong>Pi\u00e8ce de machine CNC de haute pr\u00e9cision <\/strong>Con\u00e7ue avec expertise pour les b\u00e2tis de machines industrielles et les ensembles d&#039;\u00e9quipements de grande taille, cette pi\u00e8ce, gr\u00e2ce \u00e0 sa conception multi-surfaces, garantit un alignement pr\u00e9cis, une excellente rigidit\u00e9 et une stabilit\u00e9 dimensionnelle durable. <strong>Fabriqu\u00e9 en alliage d&#039;aluminium haute r\u00e9sistance 6082<\/strong>, Il est id\u00e9al pour les \u00e9quipements sur mesure o\u00f9 le support de charge, l&#039;int\u00e9grit\u00e9 structurelle et la r\u00e9sistance \u00e0 la corrosion sont essentiels.<\/p><\/div><\/div>\n<\/div>\n\n\n\n<div class=\"wp-block-uagb-container uagb-block-cf112ef3\">\n<div class=\"wp-block-uagb-info-box uagb-block-6ad15585 uagb-infobox__content-wrap  uagb-infobox-icon-above-title uagb-infobox-image-valign-top\"><div class=\"uagb-ifb-content\"><div class=\"uagb-ifb-image-content\"><img decoding=\"async\" src=\"https:\/\/hdproto.com\/wp-content\/uploads\/2026\/03\/CNC-Machined-Mounting-Plate.webp\" alt=\"Plaque de montage en aluminium usin\u00e9e CNC sur mesure avec des trous de pr\u00e9cision\" width=\"\" height=\"0\" loading=\"lazy\"\/><\/div><div class=\"uagb-ifb-title-wrap\"><h3 class=\"uagb-ifb-title\">Plaque de montage en aluminium usin\u00e9 CNC avec trous de pr\u00e9cision<\/h3><\/div><p class=\"uagb-ifb-desc\">Plaque de montage en aluminium usin\u00e9e CNC de pr\u00e9cision fabriqu\u00e9e par Huade Precision.<br>Fraisage de haute pr\u00e9cision avec trous et cavit\u00e9s multiples pour les \u00e9quipements industriels et les syst\u00e8mes d'automatisation.<br>Fabriqu\u00e9s \u00e0 l'aide d'une technologie d'usinage CNC avanc\u00e9e, ils garantissent des tol\u00e9rances serr\u00e9es, une finition de surface lisse et des performances fiables dans les applications d'ing\u00e9nierie exigeantes.<\/p><\/div><\/div>\n<\/div>\n<\/div><\/div>\n\n\n\n<p class=\"has-medium-font-size\">Toutes les pi\u00e8ces sont usin\u00e9es \u00e0 partir de mat\u00e9riaux certifi\u00e9s (aluminium 6082\/7075, acier inoxydable, titane, etc.), prenant en charge l&#039;anodisation, l&#039;oxyde noir, le rev\u00eatement en poudre, et plus encore.<\/p>\n\n\n<h2 class=\"wp-block-heading\" id=\"why-choose-huade-for-cnc-machinery-parts\">Pourquoi choisir Huade pour les pi\u00e8ces de machines CNC ?<\/h2>\n\n\n<p style=\"font-family: 'Inter', 'Poppins', 'Roboto', sans-serif; font-size: 17px; line-height: 1.7; color: #4a5a6a; font-weight: 400;\">\n  En partenariat avec <strong style=\"font-weight: 500;\">Dongguan Huade Precision Manufacturing Co., Ltd.<\/strong> Cela signifie choisir la fiabilit\u00e9, la pr\u00e9cision et l&#039;efficacit\u00e9. Voici pourquoi les fabricants du monde entier nous font confiance pour <strong>pi\u00e8ces de machines CNC<\/strong>:\n<\/p>\n\n<div style=\"margin-top: 20px;\">\n  <h3 style=\"font-family: 'Inter', 'Poppins', 'Roboto', sans-serif; font-size: 18px; font-weight: 500; color: #333e48;\">\u2705 Ultra-haute pr\u00e9cision (\u00b10,01 mm)<\/h3>\n  <p style=\"font-family: 'Inter', 'Poppins', 'Roboto', sans-serif; font-size: 17px; line-height: 1.7; color: #4a5a6a;\">\n    Nous garantissons une tol\u00e9rance de \u00b10,01 mm sur l&#039;ensemble des <strong>pi\u00e8ces de machines CNC<\/strong>. Ce niveau de pr\u00e9cision garantit un ajustement parfait et des performances stables dans les assemblages m\u00e9caniques tels que les supports, les arbres, les carters d&#039;engrenages et les ch\u00e2ssis de base.\n  <\/p>\n<\/div>\n\n<div style=\"margin-top: 20px;\">\n  <h3 style=\"font-family: 'Inter', 'Poppins', 'Roboto', sans-serif; font-size: 18px; font-weight: 500; color: #333e48;\">\u2705 Prototypage rapide (2 \u00e0 3 jours ouvrables)<\/h3>\n  <p style=\"font-family: 'Inter', 'Poppins', 'Roboto', sans-serif; font-size: 17px; line-height: 1.7; color: #4a5a6a;\">\n    Besoin de pi\u00e8ces rapidement ? Nous prenons en charge les cycles de d\u00e9veloppement urgents gr\u00e2ce \u00e0 un prototypage en 2 \u00e0 3 jours pour les composants en aluminium et en acier inoxydable \u2013 id\u00e9al pour les tests de machines, la validation de lignes de production ou les essais fonctionnels.\n  <\/p>\n<\/div>\n\n<div style=\"margin-top: 20px;\">\n  <h3 style=\"font-family: 'Inter', 'Poppins', 'Roboto', sans-serif; font-size: 18px; font-weight: 500; color: #333e48;\">\u2705 Faible quantit\u00e9 minimale de commande<\/h3>\n  <p style=\"font-family: 'Inter', 'Poppins', 'Roboto', sans-serif; font-size: 17px; line-height: 1.7; color: #4a5a6a;\">\n    Nous g\u00e9rons aussi bien les petites s\u00e9ries que la production en grande quantit\u00e9 \u2013 id\u00e9al pour les essais pilotes, les pi\u00e8ces de rechange ou les constructions m\u00e9caniques sur mesure \u00e0 usage industriel.\n  <\/p>\n<\/div>\n\n<div style=\"margin-top: 20px;\">\n  <h3 style=\"font-family: 'Inter', 'Poppins', 'Roboto', sans-serif; font-size: 18px; font-weight: 500; color: #333e48;\">\u2705 Rapports d&#039;inspection complets<\/h3>\n  <p style=\"font-family: 'Inter', 'Poppins', 'Roboto', sans-serif; font-size: 17px; line-height: 1.7; color: #4a5a6a;\">\n    Chaque livraison comprend des rapports d&#039;inspection complets \u2014 couvrant la pr\u00e9cision dimensionnelle, la qualit\u00e9 de la finition de surface et la certification des mat\u00e9riaux \u2014 disponibles sur demande.\n  <\/p>\n<\/div>\n\n<div style=\"margin-top: 20px;\">\n  <h3 style=\"font-family: 'Inter', 'Poppins', 'Roboto', sans-serif; font-size: 18px; font-weight: 500; color: #333e48;\">\u2705 Livraison internationale et logistique rapide<\/h3>\n  <p style=\"font-family: 'Inter', 'Poppins', 'Roboto', sans-serif; font-size: 17px; line-height: 1.7; color: #4a5a6a;\">\n    Nous travaillons en partenariat avec DHL, FedEx et UPS pour assurer une livraison internationale sous 3 \u00e0 7 jours. O\u00f9 que vous soyez, nous vous livrons rapidement et en toute fiabilit\u00e9.\n  <\/p>\n<\/div>\n\n<div style=\"margin-top: 20px;\">\n  <h3 style=\"font-family: 'Inter', 'Poppins', 'Roboto', sans-serif; font-size: 18px; font-weight: 500; color: #333e48;\">\u2705 Certifi\u00e9 ISO 9001<\/h3>\n  <p style=\"font-family: 'Inter', 'Poppins', 'Roboto', sans-serif; font-size: 17px; line-height: 1.7; color: #4a5a6a;\">\n    Notre \u00e9tablissement est <a href=\"https:\/\/www.iso.org\/iso-9001-quality-management.html\" target=\"_blank\" rel=\"noopener\">Certifi\u00e9 ISO 9001<\/a>, garantissant ainsi que nos processus r\u00e9pondent aux normes internationales de qualit\u00e9 et de tra\u00e7abilit\u00e9 pour la fabrication de composants m\u00e9caniques.\n  <\/p>\n<\/div>\n\n\n\n<p><\/p>\n\n\n<h2 class=\"wp-block-heading\" id=\"get-a-quote-for-cnc-machinery-parts\">Obtenez un devis pour des pi\u00e8ces de machines CNC<\/h2>\n\n<h3 class=\"wp-block-heading\" id=\"should-have-questions-about-your-cnc-machinery-parts-so-far\"><strong>Avez-vous d\u00e9j\u00e0 eu des questions concernant les pi\u00e8ces de vos machines CNC ?<\/strong><\/h3>\n\n\n<p>Notre \u00e9quipe d&#039;experts est \u00e0 votre disposition pour vous apporter une assistance rapide et professionnelle. Que vous ayez besoin d&#039;un prototype ou d&#039;une production en grande s\u00e9rie, nous sommes l\u00e0 pour vous accompagner, du choix des mat\u00e9riaux \u00e0 la livraison finale.<\/p>\n\n\n\n<p>\u2705 R\u00e9ponse rapide<br>\u2705 Prix comp\u00e9titifs<br>\u2705 Assistance pour les exp\u00e9ditions internationales<\/p>\n\n\n\n<p>\ud83d\udce7 sales@hdproto.com ou william@hdproto.com<\/p>\n\n\n\n<p>\ud83d\udcde +86 133 9271 1394 (T\u00e9l\u00e9phone et WhatsApp)<\/p>\n\n\n\n<div class=\"wp-block-uagb-buttons uagb-buttons__outer-wrap uagb-btn__default-btn uagb-btn-tablet__default-btn uagb-btn-mobile__default-btn uagb-block-59119420\"><div class=\"uagb-buttons__wrap uagb-buttons-layout-wrap\">\n<div class=\"wp-block-uagb-buttons-child uagb-buttons__outer-wrap uagb-block-c760d2f4 wp-block-button\"><div class=\"uagb-button__wrapper\"><a class=\"uagb-buttons-repeater wp-block-button__link\" aria-label=\"\" href=\"https:\/\/hdproto.com\/contact-cnc-machining-company\" rel=\"follow noopener\" target=\"_blank\" role=\"button\"><div class=\"uagb-button__link\">Envoyer une demande<\/div><\/a><\/div><\/div>\n<\/div><\/div>\n\n\n\n<p><\/p>\n<\/div>","protected":false},"excerpt":{"rendered":"<p>Precision CNC Machinery Parts Manufacturer for Industrial Applications At Dongguan Huade Precision Manufacturing Co., Ltd., we deliver CNC-machined parts engineered for the challenges of modern machinery. From automation systems to heavy-duty equipment, our components are built to perform\u2014precisely, reliably, and consistently. Every piece we produce is crafted with attention to detail, meeting tight tolerances down [&hellip;]<\/p>\n","protected":false},"author":2,"featured_media":0,"parent":799,"menu_order":0,"comment_status":"closed","ping_status":"closed","template":"","meta":{"_acf_changed":false,"_uag_custom_page_level_css":"","site-sidebar-layout":"default","site-content-layout":"","ast-site-content-layout":"default","site-content-style":"default","site-sidebar-style":"default","ast-global-header-display":"","ast-banner-title-visibility":"","ast-main-header-display":"","ast-hfb-above-header-display":"","ast-hfb-below-header-display":"","ast-hfb-mobile-header-display":"","site-post-title":"","ast-breadcrumbs-content":"","ast-featured-img":"","footer-sml-layout":"","ast-disable-related-posts":"","theme-transparent-header-meta":"","adv-header-id-meta":"","stick-header-meta":"","header-above-stick-meta":"","header-main-stick-meta":"","header-below-stick-meta":"","astra-migrate-meta-layouts":"set","ast-page-background-enabled":"default","ast-page-background-meta":{"desktop":{"background-color":"","background-image":"","background-repeat":"repeat","background-position":"center center","background-size":"auto","background-attachment":"scroll","background-type":"","background-media":"","overlay-type":"","overlay-color":"","overlay-opacity":"","overlay-gradient":""},"tablet":{"background-color":"","background-image":"","background-repeat":"repeat","background-position":"center center","background-size":"auto","background-attachment":"scroll","background-type":"","background-media":"","overlay-type":"","overlay-color":"","overlay-opacity":"","overlay-gradient":""},"mobile":{"background-color":"","background-image":"","background-repeat":"repeat","background-position":"center center","background-size":"auto","background-attachment":"scroll","background-type":"","background-media":"","overlay-type":"","overlay-color":"","overlay-opacity":"","overlay-gradient":""}},"ast-content-background-meta":{"desktop":{"background-color":"var(--ast-global-color-5)","background-image":"","background-repeat":"repeat","background-position":"center center","background-size":"auto","background-attachment":"scroll","background-type":"","background-media":"","overlay-type":"","overlay-color":"","overlay-opacity":"","overlay-gradient":""},"tablet":{"background-color":"var(--ast-global-color-5)","background-image":"","background-repeat":"repeat","background-position":"center center","background-size":"auto","background-attachment":"scroll","background-type":"","background-media":"","overlay-type":"","overlay-color":"","overlay-opacity":"","overlay-gradient":""},"mobile":{"background-color":"var(--ast-global-color-5)","background-image":"","background-repeat":"repeat","background-position":"center center","background-size":"auto","background-attachment":"scroll","background-type":"","background-media":"","overlay-type":"","overlay-color":"","overlay-opacity":"","overlay-gradient":""}},"footnotes":""},"class_list":["post-1383","page","type-page","status-publish","hentry"],"acf":[],"uagb_featured_image_src":{"full":false,"thumbnail":false,"medium":false,"medium_large":false,"large":false,"1536x1536":false,"2048x2048":false,"trp-custom-language-flag":false},"uagb_author_info":{"display_name":"Huade CNC","author_link":"https:\/\/cms.hdproto.com\/fr\/author\/sales\/"},"uagb_comment_info":0,"uagb_excerpt":"Precision CNC Machinery Parts Manufacturer for Industrial Applications At Dongguan Huade Precision Manufacturing Co., Ltd., we deliver CNC-machined parts engineered for the challenges of modern machinery. From automation systems to heavy-duty equipment, our components are built to perform\u2014precisely, reliably, and consistently. Every piece we produce is crafted with attention to detail, meeting tight tolerances down\u2026","_links":{"self":[{"href":"https:\/\/cms.hdproto.com\/fr\/wp-json\/wp\/v2\/pages\/1383","targetHints":{"allow":["GET"]}}],"collection":[{"href":"https:\/\/cms.hdproto.com\/fr\/wp-json\/wp\/v2\/pages"}],"about":[{"href":"https:\/\/cms.hdproto.com\/fr\/wp-json\/wp\/v2\/types\/page"}],"author":[{"embeddable":true,"href":"https:\/\/cms.hdproto.com\/fr\/wp-json\/wp\/v2\/users\/2"}],"replies":[{"embeddable":true,"href":"https:\/\/cms.hdproto.com\/fr\/wp-json\/wp\/v2\/comments?post=1383"}],"version-history":[{"count":17,"href":"https:\/\/cms.hdproto.com\/fr\/wp-json\/wp\/v2\/pages\/1383\/revisions"}],"predecessor-version":[{"id":4308,"href":"https:\/\/cms.hdproto.com\/fr\/wp-json\/wp\/v2\/pages\/1383\/revisions\/4308"}],"up":[{"embeddable":true,"href":"https:\/\/cms.hdproto.com\/fr\/wp-json\/wp\/v2\/pages\/799"}],"wp:attachment":[{"href":"https:\/\/cms.hdproto.com\/fr\/wp-json\/wp\/v2\/media?parent=1383"}],"curies":[{"name":"wp","href":"https:\/\/api.w.org\/{rel}","templated":true}]}}