{"id":1367,"date":"2025-07-14T09:35:20","date_gmt":"2025-07-14T09:35:20","guid":{"rendered":"https:\/\/hdproto.com\/?page_id=1367"},"modified":"2026-02-06T09:56:59","modified_gmt":"2026-02-06T09:56:59","slug":"pieces-automobiles-usinees-cnc","status":"publish","type":"page","link":"https:\/\/cms.hdproto.com\/fr\/products\/cnc-automotive-parts\/","title":{"rendered":"pi\u00e8ces automobiles usin\u00e9es CNC"},"content":{"rendered":"<div class=\"wp-block-uagb-advanced-heading uagb-block-69af9d91\"><h2 class=\"uagb-heading-text\">Fabricant de pi\u00e8ces automobiles CNC sur mesure en Chine<\/h2><\/div>\n\n\n\n<p><\/p>\n\n\n\n<p>Dongguan Huade Precision Manufacturing Co., Ltd. est sp\u00e9cialis\u00e9e dans la production de haute pr\u00e9cision <strong>pi\u00e8ces automobiles CNC<\/strong> Pour les \u00e9quipementiers et les clients du march\u00e9 de la rechange du monde entier. Avec une tol\u00e9rance de \u00b10,01 mm, un prototypage rapide en 2 \u00e0 3 jours et une tra\u00e7abilit\u00e9 compl\u00e8te des mat\u00e9riaux, nos composants usin\u00e9s sont largement utilis\u00e9s dans les syst\u00e8mes de moteurs automobiles, les supports de suspension, les carters de bo\u00eete de vitesses, les dissipateurs thermiques et les supports structurels.<\/p>\n\n\n\n<p>Nous prenons en charge les commandes personnalis\u00e9es en petites s\u00e9ries et garantissons une livraison rapide et fiable \u00e0 nos clients du monde entier. Que vous ayez besoin de pi\u00e8ces usin\u00e9es CNC en aluminium ou en acier inoxydable pour des composants de transmission, des syst\u00e8mes de freinage ou des ch\u00e2ssis l\u00e9gers, Huade vous offre pr\u00e9cision et performance. Notre \u00e9quipe d&#039;ing\u00e9nieurs interne travaille en \u00e9troite collaboration avec les clients pour r\u00e9pondre \u00e0 leurs sp\u00e9cifications exactes, du prototypage \u00e0 la production en s\u00e9rie.<\/p>\n\n\n\n<p>En tant que personne de confiance <strong>pi\u00e8ces automobiles CNC<\/strong> Fabricant bas\u00e9 en Chine, nous associons des \u00e9quipements de pointe \u00e0 un contr\u00f4le qualit\u00e9 rigoureux afin de garantir une production constante. Tous nos mat\u00e9riaux proviennent de fournisseurs certifi\u00e9s et nous proposons diff\u00e9rentes finitions de surface, telles que l&#039;anodisation, le rev\u00eatement en poudre, l&#039;oxydation noire et le plaquage, pour r\u00e9pondre aux normes de durabilit\u00e9 du secteur automobile.<\/p>\n\n\n\n<p>Choisir Huade, c&#039;est s&#039;associer \u00e0 une \u00e9quipe qui comprend les enjeux de la fabrication de pi\u00e8ces automobiles, notamment le contr\u00f4le des tol\u00e9rances, la cadence de production et la conformit\u00e9 aux normes internationales. Nous nous engageons \u00e0 vous aider \u00e0 acc\u00e9l\u00e9rer le d\u00e9veloppement de vos produits et \u00e0 conserver un avantage concurrentiel dans l&#039;industrie automobile. Notre usine est <a href=\"https:\/\/www.iso.org\/iso-9001-quality-management.html\" target=\"_blank\" data-type=\"link\" data-id=\"https:\/\/www.iso.org\/iso-9001-quality-management.html\" rel=\"noreferrer noopener\">ISO 9001<\/a><a> agr\u00e9\u00e9<\/a>, ce qui signifie que notre production, notre contr\u00f4le et notre gestion r\u00e9pondent aux normes de qualit\u00e9 internationales.<\/p>\n\n\n\n<p><\/p>\n\n\n\n<p><\/p>\n\n\n<h2 class=\"wp-block-heading\" id=\"applications-of-cnc-machined-automotive-parts\">Applications des pi\u00e8ces automobiles usin\u00e9es CNC<\/h2>\n\n\n<div class=\"wp-block-uagb-container uagb-block-542f5bbf alignfull uagb-is-root-container\"><div class=\"uagb-container-inner-blocks-wrap\">\n<div class=\"wp-block-uagb-container uagb-block-14416465\">\n<div class=\"wp-block-uagb-info-box uagb-block-f7c15f6f uagb-infobox__content-wrap  uagb-infobox-icon-above-title uagb-infobox-image-valign-top\"><div class=\"uagb-ifb-content\"><div class=\"uagb-ifb-image-content\"><img decoding=\"async\" src=\"https:\/\/hdproto.com\/wp-content\/uploads\/2026\/01\/CNC-parts.jpg\" alt=\"Pi\u00e8ces automobiles usin\u00e9es CNC\" width=\"\" height=\"0\" loading=\"lazy\"\/><\/div><div class=\"uagb-ifb-title-wrap\"><h3 class=\"uagb-ifb-title\">Bo\u00eetier de pompe turbo automobile CNC<\/h3><\/div><p class=\"uagb-ifb-desc\">En tant que pi\u00e8ce automobile CNC de pr\u00e9cision, ce bo\u00eetier de pompe turbo en aluminium est con\u00e7u pour les syst\u00e8mes de refroidissement et de lubrification des moteurs turbocompress\u00e9s. Avec une pr\u00e9cision d'usinage de \u00b10,01 mm et une excellente r\u00e9sistance \u00e0 la corrosion, il est id\u00e9al pour les applications OEM et aftermarket qui exigent une grande fiabilit\u00e9 et des performances stables.<\/p><\/div><\/div>\n<\/div>\n\n\n\n<div class=\"wp-block-uagb-container uagb-block-40dd48e2\">\n<div class=\"wp-block-uagb-info-box uagb-block-cde81d2e uagb-infobox__content-wrap  uagb-infobox-icon-above-title uagb-infobox-image-valign-top\"><div class=\"uagb-ifb-content\"><div class=\"uagb-ifb-image-content\"><img decoding=\"async\" src=\"https:\/\/hdproto.com\/wp-content\/uploads\/2026\/01\/precision-machined-CNC-automotive-parts.jpg\" alt=\"Huade Precision CNC machined automotive parts - turned aluminum components\" width=\"\" height=\"0\" loading=\"lazy\"\/><\/div><div class=\"uagb-ifb-title-wrap\"><h3 class=\"uagb-ifb-title\">Bo\u00eetier de joint automobile CNC<\/h3><\/div><p class=\"uagb-ifb-desc\">En tant que pi\u00e8ce automobile CNC de pr\u00e9cision, ce bo\u00eetier de joint en aluminium est con\u00e7u pour les syst\u00e8mes de transmission et de suspension. Dot\u00e9 d'un filetage profond, d'un fraisage multi-axes et d'un contr\u00f4le de tol\u00e9rance de \u00b10,01 mm, il offre un support de charge solide et des performances fiables \u00e0 long terme pour les applications OEM et aftermarket.<\/p><\/div><\/div>\n<\/div>\n\n\n\n<div class=\"wp-block-uagb-container uagb-block-3b0302be\">\n<div class=\"wp-block-uagb-info-box uagb-block-4471a001 uagb-infobox__content-wrap  uagb-infobox-icon-above-title uagb-infobox-image-valign-top\"><div class=\"uagb-ifb-content\"><div class=\"uagb-ifb-image-content\"><img decoding=\"async\" src=\"https:\/\/hdproto.com\/wp-content\/uploads\/2026\/01\/Huade-CNC-automotive-parts.jpg\" alt=\"Bo\u00eetier de joint automobile en aluminium usin\u00e9 CNC avec pr\u00e9cision, avec un al\u00e9sage \u00e0 filetage profond et une structure d&#039;\u00e9trier frais\u00e9e sur plusieurs axes.\" width=\"\" height=\"0\" loading=\"lazy\"\/><\/div><div class=\"uagb-ifb-title-wrap\"><h3 class=\"uagb-ifb-title\">Bo\u00eetiers et carters automobiles CNC<\/h3><\/div><p class=\"uagb-ifb-desc\">Bo\u00eetiers de joints en aluminium usin\u00e9s avec pr\u00e9cision par CNC, utilis\u00e9s dans les syst\u00e8mes de transmission et de suspension automobiles. Ces pi\u00e8ces CNC sont dot\u00e9es d'un filetage profond et de bras d'articulation frais\u00e9s sur plusieurs axes avec une pr\u00e9cision de \u00b10,01 mm, ce qui leur conf\u00e8re une grande rigidit\u00e9, une rotation sans \u00e0-coups et une fiabilit\u00e9 \u00e0 long terme. <\/p><\/div><\/div>\n<\/div>\n\n\n\n<div class=\"wp-block-uagb-container uagb-block-cf112ef3\">\n<div class=\"wp-block-uagb-info-box uagb-block-6ad15585 uagb-infobox__content-wrap  uagb-infobox-icon-above-title uagb-infobox-image-valign-top\"><div class=\"uagb-ifb-content\"><div class=\"uagb-ifb-image-content\"><img decoding=\"async\" src=\"https:\/\/hdproto.com\/wp-content\/uploads\/2026\/01\/CNC-Automotive-Component-from-Huade.webp\" alt=\"Support de suspension automobile usin\u00e9 CNC\" width=\"\" height=\"0\" loading=\"lazy\"\/><\/div><div class=\"uagb-ifb-title-wrap\"><h3 class=\"uagb-ifb-title\">Supports de suspension automobile CNC<\/h3><\/div><p class=\"uagb-ifb-desc\">Ces supports de suspension usin\u00e9s avec pr\u00e9cision par CNC sont fabriqu\u00e9s en aluminium haute r\u00e9sistance avec une pr\u00e9cision de \u00b10,01 mm. Ils pr\u00e9sentent plusieurs faces de montage et des al\u00e9sages contr\u00f4l\u00e9s pour un alignement stable, ce qui les rend id\u00e9aux pour les applications automobiles OEM et de performance.<\/p><\/div><\/div>\n<\/div>\n<\/div><\/div>\n\n\n\n<p class=\"has-medium-font-size\">Toutes les pi\u00e8ces sont usin\u00e9es \u00e0 partir de mat\u00e9riaux certifi\u00e9s (aluminium 6082\/7075, acier inoxydable, titane, etc.), prenant en charge l&#039;anodisation, l&#039;oxyde noir, le rev\u00eatement en poudre, et plus encore.<\/p>\n\n\n<h2 class=\"wp-block-heading\" id=\"why-choose-huade-for-cnc-automotive-parts\">Pourquoi choisir Huade pour vos pi\u00e8ces automobiles usin\u00e9es CNC ?<\/h2>\n\n\n<p style=\"font-family: 'Inter', 'Poppins', 'Roboto', sans-serif; font-size: 17px; line-height: 1.7; color: #4a5a6a; font-weight: 400;\">\n  En partenariat avec <strong style=\"font-weight: 500;\">Dongguan Huade Precision Manufacturing Co., Ltd.<\/strong> Choisir la fiabilit\u00e9, la pr\u00e9cision et le service, c&#039;est opter pour la fiabilit\u00e9. Voici pourquoi les marques automobiles internationales nous font confiance\u00a0:\n<\/p>\n\n<div style=\"margin-top: 20px;\">\n  <h3 style=\"font-family: 'Inter', 'Poppins', 'Roboto', sans-serif; font-size: 18px; font-weight: 500; color: #333e48;\">\u2705 Ultra-haute pr\u00e9cision (\u00b10,01 mm)<\/h3>\n  <p style=\"font-family: 'Inter', 'Poppins', 'Roboto', sans-serif; font-size: 17px; line-height: 1.7; color: #4a5a6a;\">\n    Nous garantissons une tol\u00e9rance de \u00b10,01 mm sur toutes les pi\u00e8ces automobiles usin\u00e9es CNC. Ce niveau de pr\u00e9cision assure un ajustement parfait et un fonctionnement fiable dans les applications automobiles critiques telles que les blocs-moteurs, les supports de suspension et les carters.\n  <\/p>\n<\/div>\n\n<div style=\"margin-top: 20px;\">\n  <h3 style=\"font-family: 'Inter', 'Poppins', 'Roboto', sans-serif; font-size: 18px; font-weight: 500; color: #333e48;\">\u2705 Prototypage rapide (2 \u00e0 3 jours ouvrables)<\/h3>\n  <p style=\"font-family: 'Inter', 'Poppins', 'Roboto', sans-serif; font-size: 17px; line-height: 1.7; color: #4a5a6a;\">\n    Besoin d&#039;une solution rapide\u00a0? Nous prenons en charge les cycles de d\u00e9veloppement produit urgents gr\u00e2ce \u00e0 un prototypage rapide en 2 \u00e0 3 jours pour la plupart des pi\u00e8ces en aluminium et en acier inoxydable, vous permettant ainsi de r\u00e9duire votre d\u00e9lai de mise sur le march\u00e9.\n  <\/p>\n<\/div>\n\n<div style=\"margin-top: 20px;\">\n  <h3 style=\"font-family: 'Inter', 'Poppins', 'Roboto', sans-serif; font-size: 18px; font-weight: 500; color: #333e48;\">\u2705 Faible quantit\u00e9 minimale de commande<\/h3>\n  <p style=\"font-family: 'Inter', 'Poppins', 'Roboto', sans-serif; font-size: 17px; line-height: 1.7; color: #4a5a6a;\">\n    Nous prenons en charge les productions en petites et grandes s\u00e9ries, id\u00e9ales pour le prototypage, le support apr\u00e8s-vente ou la fabrication en s\u00e9ries limit\u00e9es.\n  <\/p>\n<\/div>\n\n<div style=\"margin-top: 20px;\">\n  <h3 style=\"font-family: 'Inter', 'Poppins', 'Roboto', sans-serif; font-size: 18px; font-weight: 500; color: #333e48;\">\u2705 Rapports d&#039;inspection complets<\/h3>\n  <p style=\"font-family: 'Inter', 'Poppins', 'Roboto', sans-serif; font-size: 17px; line-height: 1.7; color: #4a5a6a;\">\n    Chaque envoi est accompagn\u00e9, sur demande, de rapports de qualit\u00e9 complets comprenant les dimensions, l&#039;analyse de l&#039;\u00e9tat de surface et les certifications des mat\u00e9riaux.\n  <\/p>\n<\/div>\n\n<div style=\"margin-top: 20px;\">\n  <h3 style=\"font-family: 'Inter', 'Poppins', 'Roboto', sans-serif; font-size: 18px; font-weight: 500; color: #333e48;\">\u2705 Livraison internationale et logistique rapide<\/h3>\n  <p style=\"font-family: 'Inter', 'Poppins', 'Roboto', sans-serif; font-size: 17px; line-height: 1.7; color: #4a5a6a;\">\n    Nous collaborons avec DHL, FedEx et UPS pour assurer une livraison internationale en 3 \u00e0 7 jours. Que vous soyez en Am\u00e9rique du Nord, en Europe ou en Asie du Sud-Est, nous livrons rapidement.\n  <\/p>\n<\/div>\n\n<div style=\"margin-top: 20px;\">\n  <h3 style=\"font-family: 'Inter', 'Poppins', 'Roboto', sans-serif; font-size: 18px; font-weight: 500; color: #333e48;\">\u2705 Certifi\u00e9 ISO 9001<\/h3>\n  <p style=\"font-family: 'Inter', 'Poppins', 'Roboto', sans-serif; font-size: 17px; line-height: 1.7; color: #4a5a6a;\">\n    Notre \u00e9tablissement est certifi\u00e9 ISO 9001, ce qui signifie que notre production, notre inspection et notre gestion r\u00e9pondent aux normes de qualit\u00e9 internationales, vous assurant ainsi une totale tranquillit\u00e9 d&#039;esprit.\n  <\/p>\n<\/div>\n\n\n\n<p><\/p>\n\n\n<h2 class=\"wp-block-heading\" id=\"get-a-quote-for-cnc-automotive-parts\">Obtenez un devis pour des pi\u00e8ces automobiles usin\u00e9es CNC<\/h2>\n\n<h3 class=\"wp-block-heading\" id=\"have-questions-about-your-cnc-automotive-project\"><strong>Vous avez des questions concernant votre projet automobile CNC ?<\/strong><\/h3>\n\n\n<p>Notre \u00e9quipe d&#039;experts est \u00e0 votre disposition pour vous apporter une assistance rapide et professionnelle. Que vous ayez besoin d&#039;un prototype ou d&#039;une production en grande s\u00e9rie, nous sommes l\u00e0 pour vous accompagner, du choix des mat\u00e9riaux \u00e0 la livraison finale.<\/p>\n\n\n\n<p>\u2705 R\u00e9ponse rapide<br>\u2705 Prix comp\u00e9titifs<br>\u2705 Assistance pour les exp\u00e9ditions internationales<\/p>\n\n\n\n<p>\ud83d\udce7 sales@hdproto.com ou william@hdproto.com<\/p>\n\n\n\n<p>\ud83d\udcde +86 133 9271 1394 (T\u00e9l\u00e9phone et WhatsApp)<\/p>\n\n\n\n<div class=\"wp-block-uagb-buttons uagb-buttons__outer-wrap uagb-btn__default-btn uagb-btn-tablet__default-btn uagb-btn-mobile__default-btn uagb-block-59119420\"><div class=\"uagb-buttons__wrap uagb-buttons-layout-wrap\">\n<div class=\"wp-block-uagb-buttons-child uagb-buttons__outer-wrap uagb-block-c760d2f4 wp-block-button\"><div class=\"uagb-button__wrapper\"><a class=\"uagb-buttons-repeater wp-block-button__link\" aria-label=\"\" href=\"https:\/\/hdproto.com\/contact-cnc-machining-company\" rel=\"follow noopener\" target=\"_self\" role=\"button\"><div class=\"uagb-button__link\">Envoyer une demande<\/div><\/a><\/div><\/div>\n<\/div><\/div>\n\n\n\n<p><\/p>","protected":false},"excerpt":{"rendered":"<p>Custom CNC Automotive Parts Manufacturer in China Dongguan Huade Precision Manufacturing Co., Ltd. specializes in the production of high-precision CNC automotive parts for global OEM and aftermarket customers. With \u00b10.01mm tolerance, 2\u20133 day rapid prototyping, and full material traceability, our machined components are widely used in automotive engine systems, suspension brackets, gearbox housings, heat sinks, [&hellip;]<\/p>\n","protected":false},"author":2,"featured_media":0,"parent":799,"menu_order":0,"comment_status":"closed","ping_status":"closed","template":"","meta":{"_acf_changed":false,"_uag_custom_page_level_css":"","site-sidebar-layout":"default","site-content-layout":"","ast-site-content-layout":"default","site-content-style":"default","site-sidebar-style":"default","ast-global-header-display":"","ast-banner-title-visibility":"","ast-main-header-display":"","ast-hfb-above-header-display":"","ast-hfb-below-header-display":"","ast-hfb-mobile-header-display":"","site-post-title":"","ast-breadcrumbs-content":"","ast-featured-img":"","footer-sml-layout":"","ast-disable-related-posts":"","theme-transparent-header-meta":"","adv-header-id-meta":"","stick-header-meta":"","header-above-stick-meta":"","header-main-stick-meta":"","header-below-stick-meta":"","astra-migrate-meta-layouts":"set","ast-page-background-enabled":"default","ast-page-background-meta":{"desktop":{"background-color":"","background-image":"","background-repeat":"repeat","background-position":"center center","background-size":"auto","background-attachment":"scroll","background-type":"","background-media":"","overlay-type":"","overlay-color":"","overlay-opacity":"","overlay-gradient":""},"tablet":{"background-color":"","background-image":"","background-repeat":"repeat","background-position":"center center","background-size":"auto","background-attachment":"scroll","background-type":"","background-media":"","overlay-type":"","overlay-color":"","overlay-opacity":"","overlay-gradient":""},"mobile":{"background-color":"","background-image":"","background-repeat":"repeat","background-position":"center center","background-size":"auto","background-attachment":"scroll","background-type":"","background-media":"","overlay-type":"","overlay-color":"","overlay-opacity":"","overlay-gradient":""}},"ast-content-background-meta":{"desktop":{"background-color":"var(--ast-global-color-5)","background-image":"","background-repeat":"repeat","background-position":"center center","background-size":"auto","background-attachment":"scroll","background-type":"","background-media":"","overlay-type":"","overlay-color":"","overlay-opacity":"","overlay-gradient":""},"tablet":{"background-color":"var(--ast-global-color-5)","background-image":"","background-repeat":"repeat","background-position":"center center","background-size":"auto","background-attachment":"scroll","background-type":"","background-media":"","overlay-type":"","overlay-color":"","overlay-opacity":"","overlay-gradient":""},"mobile":{"background-color":"var(--ast-global-color-5)","background-image":"","background-repeat":"repeat","background-position":"center center","background-size":"auto","background-attachment":"scroll","background-type":"","background-media":"","overlay-type":"","overlay-color":"","overlay-opacity":"","overlay-gradient":""}},"footnotes":""},"class_list":["post-1367","page","type-page","status-publish","hentry"],"acf":[],"uagb_featured_image_src":{"full":false,"thumbnail":false,"medium":false,"medium_large":false,"large":false,"1536x1536":false,"2048x2048":false,"trp-custom-language-flag":false},"uagb_author_info":{"display_name":"Huade CNC","author_link":"https:\/\/cms.hdproto.com\/fr\/author\/sales\/"},"uagb_comment_info":0,"uagb_excerpt":"Custom CNC Automotive Parts Manufacturer in China Dongguan Huade Precision Manufacturing Co., Ltd. specializes in the production of high-precision CNC automotive parts for global OEM and aftermarket customers. With \u00b10.01mm tolerance, 2\u20133 day rapid prototyping, and full material traceability, our machined components are widely used in automotive engine systems, suspension brackets, gearbox housings, heat sinks,\u2026","_links":{"self":[{"href":"https:\/\/cms.hdproto.com\/fr\/wp-json\/wp\/v2\/pages\/1367","targetHints":{"allow":["GET"]}}],"collection":[{"href":"https:\/\/cms.hdproto.com\/fr\/wp-json\/wp\/v2\/pages"}],"about":[{"href":"https:\/\/cms.hdproto.com\/fr\/wp-json\/wp\/v2\/types\/page"}],"author":[{"embeddable":true,"href":"https:\/\/cms.hdproto.com\/fr\/wp-json\/wp\/v2\/users\/2"}],"replies":[{"embeddable":true,"href":"https:\/\/cms.hdproto.com\/fr\/wp-json\/wp\/v2\/comments?post=1367"}],"version-history":[{"count":19,"href":"https:\/\/cms.hdproto.com\/fr\/wp-json\/wp\/v2\/pages\/1367\/revisions"}],"predecessor-version":[{"id":4208,"href":"https:\/\/cms.hdproto.com\/fr\/wp-json\/wp\/v2\/pages\/1367\/revisions\/4208"}],"up":[{"embeddable":true,"href":"https:\/\/cms.hdproto.com\/fr\/wp-json\/wp\/v2\/pages\/799"}],"wp:attachment":[{"href":"https:\/\/cms.hdproto.com\/fr\/wp-json\/wp\/v2\/media?parent=1367"}],"curies":[{"name":"wp","href":"https:\/\/api.w.org\/{rel}","templated":true}]}}