{"id":798,"date":"2025-07-09T02:39:42","date_gmt":"2025-07-09T02:39:42","guid":{"rendered":"https:\/\/hdproto.com\/about\/"},"modified":"2026-03-24T06:02:54","modified_gmt":"2026-03-24T06:02:54","slug":"acerca-de-los-fabricantes-de-mecanizado-de-precision-cnc","status":"publish","type":"page","link":"https:\/\/cms.hdproto.com\/es\/about-cnc-precision-machining-manufacturers\/","title":{"rendered":"Acerca de"},"content":{"rendered":"<div class=\"wp-block-uagb-container uagb-block-ea8750ae alignfull uagb-is-root-container\">\n<div class=\"wp-block-uagb-advanced-heading uagb-block-5d0596af\"><h1 class=\"uagb-heading-text\">Sobre nosotros<\/h1><\/div>\n<\/div>\n\n\n\n<div class=\"wp-block-uagb-container uagb-layout-grid uagb-block-32e874b4 alignfull uagb-is-root-container\"><div class=\"uagb-container-inner-blocks-wrap\">\n<div class=\"wp-block-uagb-info-box uagb-block-fbae65f3 uagb-infobox__content-wrap  uagb-infobox-icon-above-title uagb-infobox-image-valign-top\"><div class=\"uagb-ifb-content\"><div class=\"uagb-ifb-title-wrap\"><h5 class=\"uagb-ifb-title-prefix\">Fabricantes confiables de mecanizado de precisi\u00f3n CNC en China<\/h5><h3 class=\"uagb-ifb-title\">Precisi\u00f3n, excelencia y alianzas CNC<br><\/h3><\/div><p class=\"uagb-ifb-desc\">En <strong>huade<\/strong>, Nos especializamos en brindar servicios de mecanizado CNC de precisi\u00f3n, con innovaci\u00f3n y confiabilidad. Nuestro equipo est\u00e1 comprometido con la exactitud, las soluciones rentables y la creaci\u00f3n de valor a largo plazo para clientes en todo el mundo.<br><br>El nombre de dominio <strong><a href=\"http:\/\/hdproto.com\" target=\"_blank\" rel=\"noreferrer noopener\">hdproto.com<\/a><\/strong> refleja nuestra experiencia: <strong>\u201cHD\u201d significa Huade<\/strong>, y <strong>\u201cProto\u201d destaca nuestro servicio de prototipado r\u00e1pido.<\/strong>\u2014uno de nuestros servicios principales para clientes globales.<\/p><\/div><\/div>\n\n\n\n<div class=\"wp-block-uagb-info-box uagb-block-54f3395c uagb-infobox__content-wrap  uagb-infobox-icon-above-title uagb-infobox-image-valign-top\"><div class=\"uagb-ifb-content\"><div class=\"uagb-ifb-title-wrap\"><h3 class=\"uagb-ifb-title\">Fabricante de CNC de confianza desde 2010<\/h3><\/div><p class=\"uagb-ifb-desc\"><strong>Dongguan Huade Precision Manufacturing Co., Ltd<\/strong>. se ha especializado durante m\u00e1s de una d\u00e9cada en componentes CNC de alta precisi\u00f3n para las industrias automotriz, aeroespacial, m\u00e9dica y electr\u00f3nica.<br><br>Nos enorgullece brindar apoyo a clientes en m\u00e1s de <strong>15 pa\u00edses<\/strong>, con m\u00e1s de <strong>Se entregaron 5000 piezas CNC \u00fanicas<\/strong> en todos los sectores a nivel mundial.<br><br>\ud83d\udccd 1er piso, Edificio 2, No. 5, Calle Jiangcheng Oeste 1, Pueblo de Gaobu, Ciudad de Dongguan, Provincia de Guangdong, China.<br>\ud83d\udcde +86 13392711394<br>\ud83c\udf10 <a href=\"https:\/\/hdproto.com\" target=\"_blank\" rel=\"noreferrer noopener\">hdproto.com<\/a><\/p><\/div><\/div>\n<\/div><\/div>\n\n\n\n<div class=\"wp-block-uagb-container uagb-block-4c6e127b alignfull uagb-is-root-container\"><div class=\"uagb-container-inner-blocks-wrap\">\n<div class=\"wp-block-uagb-container uagb-block-6be40f00 alignfull uagb-is-root-container\"><div class=\"uagb-container-inner-blocks-wrap\">\n<div class=\"wp-block-uagb-container uagb-layout-grid uagb-block-f4b0440c\">\n<div class=\"wp-block-uagb-info-box uagb-block-e7c5835b uagb-infobox__content-wrap  uagb-infobox-icon-above-title uagb-infobox-image-valign-top\"><div class=\"uagb-ifb-content\"><div class=\"uagb-ifb-title-wrap\"><h5 class=\"uagb-ifb-title-prefix\">\ud83d\udc49 <strong>\u00bfPor qu\u00e9 los clientes globales conf\u00edan en Huade Precision?<\/strong><\/h5><h2 class=\"uagb-ifb-title\">Los n\u00fameros hablan por s\u00ed solos.<\/h2><\/div><\/div><\/div>\n\n\n\n<div class=\"wp-block-uagb-counter uagb-block-24a0b4ad wp-block-uagb-counter--number\"><div class=\"wp-block-uagb-counter__number\"><span class=\"uagb-counter-block-number\" data-duration=\"2\" data-to-value=\"5000\" data-from-value=\"0\" data-delimiter=\",\"><\/span><\/div><div class=\"wp-block-uagb-counter__title\">Tipos de piezas \u00fanicas<\/div><\/div>\n\n\n\n<div class=\"wp-block-uagb-counter uagb-block-14824e59 wp-block-uagb-counter--number\"><div class=\"wp-block-uagb-counter__number\"><span class=\"uagb-counter-block-number\" data-duration=\"2\" data-to-value=\"15\" data-from-value=\"0\" data-delimiter=\",\"><\/span><\/div><div class=\"wp-block-uagb-counter__title\">A\u00f1os de experiencia<\/div><\/div>\n\n\n\n<div class=\"wp-block-uagb-counter uagb-block-604bbe6f wp-block-uagb-counter--number\"><div class=\"wp-block-uagb-counter__number\"><span class=\"uagb-counter-block-number\" data-duration=\"2\" data-to-value=\"1000\" data-from-value=\"0\" data-delimiter=\",\"><\/span><\/div><div class=\"wp-block-uagb-counter__title\">Clientes globales atendidos<\/div><\/div>\n<\/div>\n\n\n\n<div class=\"wp-block-uagb-container uagb-block-5ac09c0f\">\n<div class=\"wp-block-columns is-layout-flex wp-container-core-columns-is-layout-28f84493 wp-block-columns-is-layout-flex\">\n<div class=\"wp-block-column is-layout-flow wp-block-column-is-layout-flow\">\n<figure class=\"wp-block-video\"><video height=\"720\" style=\"aspect-ratio: 960 \/ 720;\" width=\"960\" controls src=\"https:\/\/hdproto.com\/wp-content\/uploads\/2025\/08\/cnc-milling-machine-operation.mp4\"><\/video><\/figure>\n<\/div>\n\n\n\n<div class=\"wp-block-column is-layout-flow wp-block-column-is-layout-flow\">\n<p>Fabricante de mecanizado CNC de precisi\u00f3n de confianza en China<\/p>\n\n\n\n<p>Huade es un fabricante confiable de mecanizado CNC de precisi\u00f3n que ofrece piezas personalizadas de alta calidad para industrias globales. Con a\u00f1os de experiencia y equipos avanzados, ofrecemos soluciones de producci\u00f3n flexibles, desde prototipos hasta producci\u00f3n en serie.<\/p>\n\n\n\n<p>Nuestro compromiso con la atenci\u00f3n al detalle, la calidad y la puntualidad en las entregas nos ha granjeado la confianza de clientes en los sectores de automoci\u00f3n, aeroespacial, electr\u00f3nica y otros. Colabore con nosotros para obtener piezas de precisi\u00f3n y un servicio fiable que impulsen el \u00e9xito de su negocio.<\/p>\n<\/div>\n<\/div>\n<\/div>\n\n\n\n<div class=\"wp-block-uagb-advanced-heading uagb-block-8e598847\"><h3 class=\"uagb-heading-text\">\ud83d\udc49 <strong>Cada detalle importa: desde el prototipo hasta la producci\u00f3n<\/strong><br>En Huade Precision, vamos m\u00e1s all\u00e1 de la fabricaci\u00f3n; inspeccionamos cada detalle para garantizar precisi\u00f3n, funcionalidad y satisfacci\u00f3n. Sus objetivos impulsan nuestro proceso y su \u00e9xito es nuestra prioridad.<\/h3><\/div>\n\n\n\n<div class=\"wp-block-uagb-container uagb-layout-grid uagb-block-2b8639e4\">\n<div class=\"wp-block-uagb-advanced-heading uagb-block-dda0e0fa\"><h4 class=\"uagb-heading-text\">Soluciones innovadoras<\/h4><p class=\"uagb-desc-text\">Ofrecemos servicios innovadores de mecanizado CNC adaptados a las necesidades espec\u00edficas de su producto. Desde el concepto hasta la entrega final, le ayudamos a superar los retos y a convertir sus ideas en realidad con una precisi\u00f3n inigualable.<\/p><\/div>\n\n\n\n<div class=\"wp-block-uagb-advanced-heading uagb-block-b946363e\"><h4 class=\"uagb-heading-text\">Calidad insuperable<\/h4><p class=\"uagb-desc-text\">Nuestras piezas se someten a un estricto control de calidad con una tolerancia de \u00b10,01 mm. Ya se trate de un prototipo o de producci\u00f3n en serie, cada componente refleja nuestro compromiso con la excelencia constante.<\/p><\/div>\n\n\n\n<div class=\"wp-block-uagb-advanced-heading uagb-block-21f13684\"><h3 class=\"uagb-heading-text\">Ofrecemos soluciones de mecanizado CNC fiables con plazos de entrega r\u00e1pidos y un soporte eficaz para ayudar a que su negocio crezca.<\/h3><\/div>\n<\/div>\n<\/div><\/div>\n\n\n\n<div class=\"wp-block-uagb-container uagb-block-e82ccc28\">\n<div class=\"wp-block-uagb-container uagb-block-2df923ca\"><\/div>\n<\/div>\n\n\n\n<p style=\"padding-right:var(--wp--preset--spacing--40);padding-left:var(--wp--preset--spacing--40)\">\ud83d\udccc Buscando <strong>fabricantes confiables de mecanizado de precisi\u00f3n CNC<\/strong> \u00bfCon capacidad para gestionar tanto prototipos complejos como pedidos a gran escala? <strong>Huade Precision<\/strong> Ofrecemos calidad, rapidez y flexibilidad, todo de una fuente confiable en China. Hablemos hoy mismo sobre su proyecto.<\/p>\n\n\n\n<div class=\"wp-block-uagb-container uagb-block-27605643\">\n<div class=\"wp-block-columns is-layout-flex wp-container-core-columns-is-layout-954ec4bb wp-block-columns-is-layout-flex\" style=\"padding-right:var(--wp--preset--spacing--40);padding-left:var(--wp--preset--spacing--40)\">\n<div class=\"wp-block-column is-layout-flow wp-block-column-is-layout-flow\">\n<div class=\"wp-block-uagb-image uagb-block-e9332ac5 wp-block-uagb-image--layout-default wp-block-uagb-image--effect-static wp-block-uagb-image--align-none\"><figure class=\"wp-block-uagb-image__figure\"><img loading=\"lazy\" decoding=\"async\" srcset=\"https:\/\/hdproto.com\/wp-content\/uploads\/2025\/10\/Company-Reception-Area.jpg ,https:\/\/hdproto.com\/wp-content\/uploads\/2025\/10\/Company-Reception-Area.jpg 780w, https:\/\/hdproto.com\/wp-content\/uploads\/2025\/10\/Company-Reception-Area.jpg 360w\" sizes=\"auto, (max-width: 480px) 150px\" src=\"https:\/\/hdproto.com\/wp-content\/uploads\/2025\/10\/Company-Reception-Area.jpg\" alt=\"Recepci\u00f3n de la empresa Huade con mostrador y logotipo de la empresa en la pared.\" class=\"uag-image-3164\" width=\"1067\" height=\"800\" title=\"\u00c1rea de recepci\u00f3n de la empresa Huade\" role=\"img\"\/><\/figure><\/div>\n<\/div>\n\n\n\n<div class=\"wp-block-column is-layout-flow wp-block-column-is-layout-flow\"><h3 class=\"wp-block-heading\" id=\"about-huade-precision-your-trusted-cnc-precision-machining-manufacturer-in-china\">Acerca de Huade Precision: su fabricante de confianza de mecanizado CNC de precisi\u00f3n en China.<\/h3>\n\n\n<p>Desde 2010, <strong>Dongguan Huade Precision Manufacturing Co., Ltd.<\/strong> ha sido un fabricante de mecanizado CNC de confianza en Dongguan, China, que proporciona componentes met\u00e1licos personalizados de alta precisi\u00f3n con tolerancias estrechas y acabados superficiales excepcionales. Prestamos servicio a una amplia gama de industrias, como la automoci\u00f3n, la aeroespacial, la rob\u00f3tica, los dispositivos m\u00e9dicos, la electr\u00f3nica de consumo y la energ\u00eda.<\/p>\n\n\n\n<p>Como f\u00e1brica de mecanizado CNC de servicio completo, contamos con avanzados centros de mecanizado de 3, 4 y 5 ejes, respaldados por t\u00e9cnicos cualificados y un estricto sistema de calidad con certificaci\u00f3n ISO. Tanto si se trata de prototipos r\u00e1pidos como de producci\u00f3n por lotes, ofrecemos precisi\u00f3n de \u00b10,01 mm, plazos de entrega r\u00e1pidos y calidad fiable en materiales como aluminio, acero inoxidable, lat\u00f3n, titanio y pl\u00e1sticos t\u00e9cnicos.<\/p>\n<\/div>\n<\/div>\n<\/div>\n\n\n\n<div style=\"height:30px\" aria-hidden=\"true\" class=\"wp-block-spacer\"><\/div>\n\n\n<h2 class=\"wp-block-heading\" style=\"padding-right:var(--wp--preset--spacing--40);padding-left:var(--wp--preset--spacing--40)\" id=\"why-choose-us-among-cnc-precision-machining-manufacturers\">\u00bfPor qu\u00e9 elegirnos entre los fabricantes de mecanizado de precisi\u00f3n CNC?<\/h2>\n\n\n<div class=\"wp-block-uagb-container uagb-block-db65e94f\">\n<div class=\"wp-block-uagb-info-box uagb-block-05abceaa uagb-infobox__content-wrap  uagb-infobox-icon-above-title uagb-infobox-image-valign-top\"><div class=\"uagb-ifb-content\"><div class=\"uagb-ifb-title-wrap\"><h3 class=\"uagb-ifb-title\">\u2705 <strong>Con la confianza de clientes globales<\/strong><br><strong>con m\u00e1s de 15 a\u00f1os <\/strong><\/h3><\/div><p class=\"uagb-ifb-desc\">Con m\u00e1s de 15 a\u00f1os de experiencia en mecanizado CNC de precisi\u00f3n, nos hemos ganado la confianza de clientes de diversos sectores y entregamos piezas de forma constante a tiempo y con tolerancias muy ajustadas.<\/p><\/div><\/div>\n<\/div>\n\n\n\n<div class=\"wp-block-uagb-container uagb-block-efbc577c\">\n<div class=\"wp-block-uagb-info-box uagb-block-c3784b15 uagb-infobox__content-wrap  uagb-infobox-icon-above-title uagb-infobox-image-valign-top\"><div class=\"uagb-ifb-content\"><div class=\"uagb-ifb-title-wrap\"><h3 class=\"uagb-ifb-title\">\u2705 <strong>Soporte de ingenier\u00eda y <br>Servicios de consultor\u00eda DFM <\/strong><\/h3><\/div><p class=\"uagb-ifb-desc\">Vamos m\u00e1s all\u00e1 del mecanizado b\u00e1sico: nuestro equipo<br>Proporciona orientaci\u00f3n sobre DFM y revisi\u00f3n de dise\u00f1o.<br>para reducir costes y garantizar la capacidad de fabricaci\u00f3n<br>Antes incluso de que comience la producci\u00f3n.<\/p><\/div><\/div>\n<\/div>\n\n\n\n<div class=\"wp-block-uagb-container uagb-block-74574038\">\n<div class=\"wp-block-uagb-info-box uagb-block-cd2da091 uagb-infobox__content-wrap  uagb-infobox-icon-above-title uagb-infobox-image-valign-top\"><div class=\"uagb-ifb-content\"><div class=\"uagb-ifb-title-wrap\"><h3 class=\"uagb-ifb-title\">\u2705 <strong>Prototipado CNC r\u00e1pido y<br>Entrega en plazo corto<\/strong><\/h3><\/div><p class=\"uagb-ifb-desc\">\u00bfNecesita resultados r\u00e1pidos? Ofrecemos mecanizado CNC.<br>prototipos en 2-3 d\u00edas, acelerando<br>El desarrollo de su producto mientras<br>manteniendo una precisi\u00f3n excepcional.<\/p><\/div><\/div>\n<\/div>\n\n\n\n<div class=\"wp-block-uagb-container uagb-block-e0a636d0\">\n<div class=\"wp-block-uagb-info-box uagb-block-18d7a637 uagb-infobox__content-wrap  uagb-infobox-icon-above-title uagb-infobox-image-valign-top\"><div class=\"uagb-ifb-content\"><div class=\"uagb-ifb-title-wrap\"><h3 class=\"uagb-ifb-title\">\u2705 <strong>Control avanzado de equipos y tolerancias<\/strong><\/h3><\/div><p class=\"uagb-ifb-desc\">Con centros CNC de alta velocidad y<br>Herramientas de inspecci\u00f3n CMM de precisi\u00f3n,<br>Garantizamos que todos los componentes cumplen con los est\u00e1ndares<br>sus requisitos dimensionales exactos.<\/p><\/div><\/div>\n<\/div>\n\n\n\n<div class=\"wp-block-uagb-container uagb-block-18ef5428\">\n<div class=\"wp-block-uagb-info-box uagb-block-8ae9d05a uagb-infobox__content-wrap  uagb-infobox-icon-above-title uagb-infobox-image-valign-top\"><div class=\"uagb-ifb-content\"><div class=\"uagb-ifb-title-wrap\"><h3 class=\"uagb-ifb-title\">\u2705 <strong>Damos servicio a los mercados de Norteam\u00e9rica, Asia y Europa.<\/strong><\/h3><\/div><p class=\"uagb-ifb-desc\">Brindamos soporte a clientes en todo el mundo con<br>Respuestas r\u00e1pidas, servicio multiling\u00fce,<br>log\u00edstica localizada y directa de f\u00e1brica<br>Soluciones adaptadas a su regi\u00f3n.<\/p><\/div><\/div>\n<\/div>\n\n\n\n<div class=\"wp-block-uagb-container uagb-block-65c6724b\">\n<div class=\"wp-block-uagb-info-box uagb-block-2e2f8b09 uagb-infobox__content-wrap  uagb-infobox-icon-above-title uagb-infobox-image-valign-top\"><div class=\"uagb-ifb-content\"><div class=\"uagb-ifb-title-wrap\"><h3 class=\"uagb-ifb-title\">\u2705 <strong>Certificaci\u00f3n ISO 9001 y 14001<br>Sistema de gesti\u00f3n de la calidad<\/strong><\/h3><\/div><p class=\"uagb-ifb-desc\">En Huade, seguimos estrictas normas de mecanizado ISO y nos mantenemos informados sobre las tendencias de la industria a trav\u00e9s de Statista para ofrecer soluciones CNC inteligentes y preparadas para el futuro.<\/p><\/div><\/div>\n<\/div>\n<\/div><\/div>\n\n\n\n<div class=\"wp-block-uagb-container uagb-layout-flex uagb-block-af5df69f alignfull uagb-is-root-container\"><div class=\"uagb-container-inner-blocks-wrap\">\n<div class=\"wp-block-uagb-call-to-action uagb-block-d83192c0 wp-block-button\"><div class=\"uagb-cta__wrap\"><h3 class=\"uagb-cta__title\">\u00bfNecesita soluciones CNC r\u00e1pidas, precisas y escalables? \u00a1Hable con nosotros hoy mismo!<\/h3><p class=\"uagb-cta__desc\">Haga clic aqu\u00ed para cambiar este texto. Lorem ipsum dolor sit amet, consectetur adipiscing elit. Ut elit tellus, luctus nec ullamcorper mattis, pulvinar dapibus leo.<\/p><\/div><div class=\"uagb-cta__buttons\"><a href=\"https:\/\/hdproto.com\/contact-cnc-machining-company\/\" class=\"uagb-cta__button-link-wrapper wp-block-button__link\" target=\"_blank\" rel=\"noopener noreferrer\">M\u00e1s informaci\u00f3n<\/a><\/div><\/div>\n<\/div><\/div>\n\n\n\n<p><\/p>","protected":false},"excerpt":{"rendered":"<p>About Us Trusted CNC Precision Machining Manufacturer in China Huade is a reliable CNC precision machining manufacturers providing high-quality custom parts for global industries. With years of experience and advanced equipment, we offer flexible production solutions from prototype to mass manufacturing. Our commitment to detail, quality, and on-time delivery has earned the trust of clients [&hellip;]<\/p>\n","protected":false},"author":2,"featured_media":0,"parent":0,"menu_order":0,"comment_status":"closed","ping_status":"closed","template":"","meta":{"_acf_changed":false,"_uag_custom_page_level_css":"","site-sidebar-layout":"no-sidebar","site-content-layout":"plain-container","ast-site-content-layout":"normal-width-container","site-content-style":"unboxed","site-sidebar-style":"unboxed","ast-global-header-display":"","ast-banner-title-visibility":"","ast-main-header-display":"","ast-hfb-above-header-display":"","ast-hfb-below-header-display":"","ast-hfb-mobile-header-display":"","site-post-title":"disabled","ast-breadcrumbs-content":"","ast-featured-img":"disabled","footer-sml-layout":"","ast-disable-related-posts":"","theme-transparent-header-meta":"disabled","adv-header-id-meta":"","stick-header-meta":"","header-above-stick-meta":"","header-main-stick-meta":"","header-below-stick-meta":"","astra-migrate-meta-layouts":"set","ast-page-background-enabled":"default","ast-page-background-meta":{"desktop":{"background-color":"","background-image":"","background-repeat":"repeat","background-position":"center center","background-size":"auto","background-attachment":"scroll","background-type":"","background-media":"","overlay-type":"","overlay-color":"","overlay-opacity":"","overlay-gradient":""},"tablet":{"background-color":"","background-image":"","background-repeat":"repeat","background-position":"center center","background-size":"auto","background-attachment":"scroll","background-type":"","background-media":"","overlay-type":"","overlay-color":"","overlay-opacity":"","overlay-gradient":""},"mobile":{"background-color":"","background-image":"","background-repeat":"repeat","background-position":"center center","background-size":"auto","background-attachment":"scroll","background-type":"","background-media":"","overlay-type":"","overlay-color":"","overlay-opacity":"","overlay-gradient":""}},"ast-content-background-meta":{"desktop":{"background-color":"var(--ast-global-color-5)","background-image":"","background-repeat":"repeat","background-position":"center center","background-size":"auto","background-attachment":"scroll","background-type":"","background-media":"","overlay-type":"","overlay-color":"","overlay-opacity":"","overlay-gradient":""},"tablet":{"background-color":"var(--ast-global-color-5)","background-image":"","background-repeat":"repeat","background-position":"center center","background-size":"auto","background-attachment":"scroll","background-type":"","background-media":"","overlay-type":"","overlay-color":"","overlay-opacity":"","overlay-gradient":""},"mobile":{"background-color":"var(--ast-global-color-5)","background-image":"","background-repeat":"repeat","background-position":"center center","background-size":"auto","background-attachment":"scroll","background-type":"","background-media":"","overlay-type":"","overlay-color":"","overlay-opacity":"","overlay-gradient":""}},"footnotes":""},"class_list":["post-798","page","type-page","status-publish","hentry"],"acf":[],"uagb_featured_image_src":{"full":false,"thumbnail":false,"medium":false,"medium_large":false,"large":false,"1536x1536":false,"2048x2048":false,"trp-custom-language-flag":false},"uagb_author_info":{"display_name":"Huade CNC","author_link":"https:\/\/cms.hdproto.com\/es\/author\/sales\/"},"uagb_comment_info":0,"uagb_excerpt":"About Us Trusted CNC Precision Machining Manufacturer in China Huade is a reliable CNC precision machining manufacturers providing high-quality custom parts for global industries. With years of experience and advanced equipment, we offer flexible production solutions from prototype to mass manufacturing. Our commitment to detail, quality, and on-time delivery has earned the trust of clients&hellip;","_links":{"self":[{"href":"https:\/\/cms.hdproto.com\/es\/wp-json\/wp\/v2\/pages\/798","targetHints":{"allow":["GET"]}}],"collection":[{"href":"https:\/\/cms.hdproto.com\/es\/wp-json\/wp\/v2\/pages"}],"about":[{"href":"https:\/\/cms.hdproto.com\/es\/wp-json\/wp\/v2\/types\/page"}],"author":[{"embeddable":true,"href":"https:\/\/cms.hdproto.com\/es\/wp-json\/wp\/v2\/users\/2"}],"replies":[{"embeddable":true,"href":"https:\/\/cms.hdproto.com\/es\/wp-json\/wp\/v2\/comments?post=798"}],"version-history":[{"count":77,"href":"https:\/\/cms.hdproto.com\/es\/wp-json\/wp\/v2\/pages\/798\/revisions"}],"predecessor-version":[{"id":4564,"href":"https:\/\/cms.hdproto.com\/es\/wp-json\/wp\/v2\/pages\/798\/revisions\/4564"}],"wp:attachment":[{"href":"https:\/\/cms.hdproto.com\/es\/wp-json\/wp\/v2\/media?parent=798"}],"curies":[{"name":"wp","href":"https:\/\/api.w.org\/{rel}","templated":true}]}}