{"id":4428,"date":"2026-03-24T03:41:23","date_gmt":"2026-03-24T03:41:23","guid":{"rendered":"https:\/\/hdproto.com\/?page_id=4428"},"modified":"2026-03-27T10:18:43","modified_gmt":"2026-03-27T10:18:43","slug":"industrias","status":"publish","type":"page","link":"https:\/\/cms.hdproto.com\/es\/industries\/","title":{"rendered":"Industrias"},"content":{"rendered":"<div class=\"wp-block-uagb-container uagb-block-9irndfl1 alignfull uagb-is-root-container\"><div class=\"uagb-container-inner-blocks-wrap\">\n<div class=\"wp-block-uagb-info-box uagb-block-gr0svcif uagb-infobox__content-wrap  uagb-infobox-icon-above-title uagb-infobox-image-valign-top\"><div class=\"uagb-ifb-content\"><div class=\"uagb-ifb-title-wrap\"><p class=\"uagb-ifb-title-prefix\">SOLUCIONES DE MECANIZADO CNC DE PRECISI\u00d3N<\/p><h2 class=\"uagb-ifb-title\">Soluciones de mecanizado CNC para aplicaciones industriales<\/h2><\/div><\/div><\/div>\n\n\n\n<div class=\"wp-block-uagb-buttons uagb-buttons__outer-wrap uagb-btn__default-btn uagb-btn-tablet__default-btn uagb-btn-mobile__default-btn uagb-block-565ny3xh\"><div class=\"uagb-buttons__wrap uagb-buttons-layout-wrap\">\n<div class=\"wp-block-uagb-buttons-child uagb-buttons__outer-wrap uagb-block-8edf7ecd wp-block-button\"><div class=\"uagb-button__wrapper\"><a class=\"uagb-buttons-repeater wp-block-button__link\" aria-label=\"\" href=\"https:\/\/hdproto.com\/contact-cnc-machining-company\/\" rel=\"follow noopener\" target=\"_blank\" role=\"button\"><div class=\"uagb-button__link\">Env\u00ede su dibujo<\/div><\/a><\/div><\/div>\n<\/div><\/div>\n<\/div><\/div>\n\n\n\n<div class=\"wp-block-uagb-container uagb-block-virvvmbd alignfull uagb-is-root-container\"><div class=\"uagb-container-inner-blocks-wrap\">\n<div class=\"wp-block-uagb-container uagb-block-2zqthgbj\">\n<div class=\"wp-block-uagb-image alignleft uagb-block-mclku3lp wp-block-uagb-image--layout-default wp-block-uagb-image--effect-static wp-block-uagb-image--align-left\"><figure class=\"wp-block-uagb-image__figure\"><img loading=\"lazy\" decoding=\"async\" srcset=\"https:\/\/hdproto.com\/wp-content\/uploads\/2026\/03\/cnc-machined-parts-robotics-automation-819x1024.webp ,https:\/\/hdproto.com\/wp-content\/uploads\/2026\/03\/cnc-machined-parts-robotics-automation.webp 780w, https:\/\/hdproto.com\/wp-content\/uploads\/2026\/03\/cnc-machined-parts-robotics-automation.webp 360w\" sizes=\"auto, (max-width: 480px) 150px\" src=\"https:\/\/hdproto.com\/wp-content\/uploads\/2026\/03\/cnc-machined-parts-robotics-automation-819x1024.webp\" alt=\"Piezas mecanizadas CNC para rob\u00f3tica y sistemas de automatizaci\u00f3n\" class=\"uag-image-4522\" width=\"230\" height=\"360\" title=\"Piezas mecanizadas CNC para automatizaci\u00f3n rob\u00f3tica\" role=\"img\"\/><\/figure><\/div>\n\n\n\n<div class=\"wp-block-uagb-image alignleft uagb-block-yqdnmlmf wp-block-uagb-image--layout-default wp-block-uagb-image--effect-static wp-block-uagb-image--align-left\"><figure class=\"wp-block-uagb-image__figure\"><img loading=\"lazy\" decoding=\"async\" srcset=\"https:\/\/hdproto.com\/wp-content\/uploads\/2026\/03\/automotive-cnc-machined-aluminum-parts-819x1024.webp ,https:\/\/hdproto.com\/wp-content\/uploads\/2026\/03\/automotive-cnc-machined-aluminum-parts.webp 780w, https:\/\/hdproto.com\/wp-content\/uploads\/2026\/03\/automotive-cnc-machined-aluminum-parts.webp 360w\" sizes=\"auto, (max-width: 480px) 150px\" src=\"https:\/\/hdproto.com\/wp-content\/uploads\/2026\/03\/automotive-cnc-machined-aluminum-parts-819x1024.webp\" alt=\"Piezas de aluminio mecanizadas por CNC para aplicaciones de automoci\u00f3n\" class=\"uag-image-4523\" width=\"230\" height=\"360\" title=\"Piezas de aluminio mecanizadas CNC para autom\u00f3viles\" role=\"img\"\/><\/figure><\/div>\n<\/div>\n\n\n\n<div class=\"wp-block-uagb-container uagb-block-g5ahsfjk\">\n<div class=\"wp-block-uagb-info-box uagb-block-o70utfvf uagb-infobox__content-wrap  uagb-infobox-icon-above-title uagb-infobox-image-valign-top\"><div class=\"uagb-ifb-content\"><div class=\"uagb-ifb-title-wrap\"><p class=\"uagb-ifb-title-prefix\">SECTORES A LOS QUE SERVIMOS<\/p><h3 class=\"uagb-ifb-title\">Mecanizado CNC de precisi\u00f3n para m\u00faltiples industrias<\/h3><\/div><p class=\"uagb-ifb-desc\">Ofrecemos soluciones de mecanizado CNC de alta precisi\u00f3n para una amplia gama de sectores, como rob\u00f3tica, automoci\u00f3n, medicina y equipos industriales.<br>Con avanzadas capacidades de mecanizado y un estricto control de calidad, suministramos piezas met\u00e1licas a medida que cumplen tolerancias estrictas y exigentes requisitos de rendimiento.<\/p><\/div><\/div>\n\n\n\n<div class=\"wp-block-uagb-icon-list uagb-block-lrfwnply\"><div class=\"uagb-icon-list__wrap\">\n<div class=\"wp-block-uagb-icon-list-child uagb-block-sqyps6b4\"><span class=\"uagb-icon-list__source-wrap\"><svg xmlns=\"https:\/\/www.w3.org\/2000\/svg\" viewbox=\"0 0 448 512\"><path d=\"M438.6 105.4C451.1 117.9 451.1 138.1 438.6 150.6L182.6 406.6C170.1 419.1 149.9 419.1 137.4 406.6L9.372 278.6C-3.124 266.1-3.124 245.9 9.372 233.4C21.87 220.9 42.13 220.9 54.63 233.4L159.1 338.7L393.4 105.4C405.9 92.88 426.1 92.88 438.6 105.4H438.6z\"><\/path><\/svg><\/span><span class=\"uagb-icon-list__label\">Mecanizado de alta precisi\u00f3n (\u00b10,01 mm)<\/span><\/div>\n\n\n\n<div class=\"wp-block-uagb-icon-list-child uagb-block-fdtgdsms\"><span class=\"uagb-icon-list__source-wrap\"><svg xmlns=\"https:\/\/www.w3.org\/2000\/svg\" viewbox=\"0 0 448 512\"><path d=\"M438.6 105.4C451.1 117.9 451.1 138.1 438.6 150.6L182.6 406.6C170.1 419.1 149.9 419.1 137.4 406.6L9.372 278.6C-3.124 266.1-3.124 245.9 9.372 233.4C21.87 220.9 42.13 220.9 54.63 233.4L159.1 338.7L393.4 105.4C405.9 92.88 426.1 92.88 438.6 105.4H438.6z\"><\/path><\/svg><\/span><span class=\"uagb-icon-list__label\">Fabricaci\u00f3n de piezas CNC a medida<\/span><\/div>\n\n\n\n<div class=\"wp-block-uagb-icon-list-child uagb-block-mmmglibk\"><span class=\"uagb-icon-list__source-wrap\"><svg xmlns=\"https:\/\/www.w3.org\/2000\/svg\" viewbox=\"0 0 448 512\"><path d=\"M438.6 105.4C451.1 117.9 451.1 138.1 438.6 150.6L182.6 406.6C170.1 419.1 149.9 419.1 137.4 406.6L9.372 278.6C-3.124 266.1-3.124 245.9 9.372 233.4C21.87 220.9 42.13 220.9 54.63 233.4L159.1 338.7L393.4 105.4C405.9 92.88 426.1 92.88 438.6 105.4H438.6z\"><\/path><\/svg><\/span><span class=\"uagb-icon-list__label\">Prototipos y producci\u00f3n r\u00e1pidos<\/span><\/div>\n\n\n\n<div class=\"wp-block-uagb-icon-list-child uagb-block-excqnls6\"><span class=\"uagb-icon-list__source-wrap\"><svg xmlns=\"https:\/\/www.w3.org\/2000\/svg\" viewbox=\"0 0 448 512\"><path d=\"M438.6 105.4C451.1 117.9 451.1 138.1 438.6 150.6L182.6 406.6C170.1 419.1 149.9 419.1 137.4 406.6L9.372 278.6C-3.124 266.1-3.124 245.9 9.372 233.4C21.87 220.9 42.13 220.9 54.63 233.4L159.1 338.7L393.4 105.4C405.9 92.88 426.1 92.88 438.6 105.4H438.6z\"><\/path><\/svg><\/span><span class=\"uagb-icon-list__label\">Amplias opciones de materiales (aluminio, acero, lat\u00f3n, pl\u00e1sticos)<\/span><\/div>\n<\/div><\/div>\n<\/div>\n<\/div><\/div>\n\n\n\n<div class=\"wp-block-uagb-container uagb-block-2xp9me5y alignfull uagb-is-root-container\"><div class=\"uagb-container-inner-blocks-wrap\">\n<div class=\"wp-block-uagb-container uagb-block-ydpxtirt\">\n<div class=\"wp-block-uagb-image alignleft uagb-block-i4cd5min wp-block-uagb-image--layout-default wp-block-uagb-image--effect-static wp-block-uagb-image--align-left\"><figure class=\"wp-block-uagb-image__figure\"><img loading=\"lazy\" decoding=\"async\" srcset=\"https:\/\/hdproto.com\/wp-content\/uploads\/2026\/03\/medical-cnc-machined-precision-components.webp ,https:\/\/hdproto.com\/wp-content\/uploads\/2026\/03\/medical-cnc-machined-precision-components.webp 780w, https:\/\/hdproto.com\/wp-content\/uploads\/2026\/03\/medical-cnc-machined-precision-components.webp 360w\" sizes=\"auto, (max-width: 480px) 150px\" src=\"https:\/\/hdproto.com\/wp-content\/uploads\/2026\/03\/medical-cnc-machined-precision-components.webp\" alt=\"componentes m\u00e9dicos de precisi\u00f3n mecanizados CNC piezas de acero inoxidable\" class=\"uag-image-4524\" width=\"564\" height=\"400\" title=\"Componentes m\u00e9dicos de precisi\u00f3n mecanizados por CNC\" role=\"img\"\/><\/figure><\/div>\n\n\n\n<div class=\"wp-block-uagb-info-box uagb-block-1sf3sk8n uagb-infobox__content-wrap  uagb-infobox-icon-above-title uagb-infobox-image-valign-top\"><div class=\"uagb-ifb-content\"><div class=\"uagb-ifb-title-wrap\"><h3 class=\"uagb-ifb-title\"><strong>Dispositivos m\u00e9dicos y componentes de precisi\u00f3n<\/strong><\/h3><\/div><p class=\"uagb-ifb-desc\">Ofrecemos soluciones de mecanizado CNC de alta precisi\u00f3n para dispositivos m\u00e9dicos e instrumentos quir\u00fargicos, incluidos componentes de acero inoxidable y aluminio.<br><br>Nuestras capacidades de mecanizado garantizan las estrechas tolerancias, los acabados superficiales suaves y la calidad constante que requieren las aplicaciones m\u00e9dicas cr\u00edticas.<\/p><\/div><\/div>\n<\/div>\n\n\n\n<div class=\"wp-block-uagb-container uagb-block-mg4f5zod\">\n<div class=\"wp-block-uagb-info-box uagb-block-as2pmfhk uagb-infobox__content-wrap  uagb-infobox-icon-above-title uagb-infobox-image-valign-top\"><div class=\"uagb-ifb-content\"><div class=\"uagb-ifb-title-wrap\"><h3 class=\"uagb-ifb-title\">Automatizaci\u00f3n y equipamiento industrial<\/h3><\/div><p class=\"uagb-ifb-desc\">Proporcionamos soluciones de mecanizado CNC para sistemas y equipos de automatizaci\u00f3n industrial, incluidas piezas estructurales, carcasas y componentes de precisi\u00f3n utilizados en l\u00edneas de producci\u00f3n y maquinaria.<br><br>Nuestras capacidades son compatibles con aplicaciones de alto rendimiento que requieren durabilidad, precisi\u00f3n y calidad constante en entornos industriales exigentes.<\/p><\/div><\/div>\n\n\n\n<div class=\"wp-block-uagb-image alignleft uagb-block-rtrfpjzy wp-block-uagb-image--layout-default wp-block-uagb-image--effect-static wp-block-uagb-image--align-left\"><figure class=\"wp-block-uagb-image__figure\"><img loading=\"lazy\" decoding=\"async\" srcset=\"https:\/\/hdproto.com\/wp-content\/uploads\/2026\/03\/industrial-equipment-cnc-machining-parts.webp ,https:\/\/hdproto.com\/wp-content\/uploads\/2026\/03\/industrial-equipment-cnc-machining-parts.webp 780w, https:\/\/hdproto.com\/wp-content\/uploads\/2026\/03\/industrial-equipment-cnc-machining-parts.webp 360w\" sizes=\"auto, (max-width: 480px) 150px\" src=\"https:\/\/hdproto.com\/wp-content\/uploads\/2026\/03\/industrial-equipment-cnc-machining-parts.webp\" alt=\"Piezas mecanizadas CNC para maquinaria y equipos industriales\" class=\"uag-image-4525\" width=\"564\" height=\"400\" title=\"Piezas mecanizadas CNC para equipos industriales\" role=\"img\"\/><\/figure><\/div>\n<\/div>\n\n\n\n<div class=\"wp-block-uagb-container uagb-block-cvdvqtsa\">\n<div class=\"wp-block-uagb-image alignleft uagb-block-e7bfzpmt wp-block-uagb-image--layout-default wp-block-uagb-image--effect-static wp-block-uagb-image--align-left\"><figure class=\"wp-block-uagb-image__figure\"><img loading=\"lazy\" decoding=\"async\" srcset=\"https:\/\/hdproto.com\/wp-content\/uploads\/2026\/03\/electronics-energy-cnc-machined-components.webp ,https:\/\/hdproto.com\/wp-content\/uploads\/2026\/03\/electronics-energy-cnc-machined-components.webp 780w, https:\/\/hdproto.com\/wp-content\/uploads\/2026\/03\/electronics-energy-cnc-machined-components.webp 360w\" sizes=\"auto, (max-width: 480px) 150px\" src=\"https:\/\/hdproto.com\/wp-content\/uploads\/2026\/03\/electronics-energy-cnc-machined-components.webp\" alt=\"Componentes mecanizados por CNC para equipos electr\u00f3nicos y el\u00e9ctricos\" class=\"uag-image-4526\" width=\"564\" height=\"400\" title=\"Piezas mecanizadas CNC para electr\u00f3nica y electricidad\" role=\"img\"\/><\/figure><\/div>\n\n\n\n<div class=\"wp-block-uagb-info-box uagb-block-qaai95rh uagb-infobox__content-wrap  uagb-infobox-icon-above-title uagb-infobox-image-valign-top\"><div class=\"uagb-ifb-content\"><div class=\"uagb-ifb-title-wrap\"><h3 class=\"uagb-ifb-title\">Mecanizado CNC de electr\u00f3nica<\/h3><\/div><p class=\"uagb-ifb-desc\">Fabricamos componentes mecanizados CNC de precisi\u00f3n para equipos electr\u00f3nicos y el\u00e9ctricos, incluidas carcasas, conectores y piezas estructurales.<br><br>Nuestras soluciones de mecanizado garantizan una gran precisi\u00f3n, un rendimiento estable y una calidad fiable para aplicaciones electr\u00f3nicas exigentes.<\/p><\/div><\/div>\n<\/div>\n<\/div><\/div>\n\n\n\n<div class=\"wp-block-uagb-container uagb-block-bvizzoia alignfull uagb-is-root-container\"><div class=\"uagb-container-inner-blocks-wrap\">\n<div class=\"wp-block-uagb-info-box uagb-block-zci93rte uagb-infobox__content-wrap  uagb-infobox-icon-above-title uagb-infobox-image-valign-top wp-block-uagb-info-box--has-margin\"><div class=\"uagb-infobox-margin-wrapper\"><div class=\"uagb-ifb-content\"><div class=\"uagb-ifb-title-wrap\"><h2 class=\"uagb-ifb-title\">\u00a1Obtenga un presupuesto r\u00e1pido para sus piezas CNC personalizadas!<\/h2><\/div><\/div><\/div><\/div>\n\n\n\n<div class=\"wp-block-uagb-container uagb-block-33a8mr8f\">\n<div class=\"wp-block-uagb-info-box uagb-block-jtqbnw9c uagb-infobox__content-wrap  uagb-infobox-icon-above-title uagb-infobox-image-valign-top\"><div class=\"uagb-ifb-content\"><div class=\"uagb-ifb-title-wrap\"><\/div><p class=\"uagb-ifb-desc\">Env\u00edenos hoy mismo sus planos o requisitos. Nuestro equipo de ingenieros le proporcionar\u00e1 informaci\u00f3n r\u00e1pida, precios competitivos y soluciones de fabricaci\u00f3n fiables.<\/p><\/div><\/div>\n\n\n\n<div class=\"wp-block-uagb-buttons uagb-buttons__outer-wrap uagb-btn__default-btn uagb-btn-tablet__default-btn uagb-btn-mobile__default-btn uagb-block-zav3udfe\"><div class=\"uagb-buttons__wrap uagb-buttons-layout-wrap\">\n<div class=\"wp-block-uagb-buttons-child uagb-buttons__outer-wrap uagb-block-59d2e7d2 wp-block-button\"><div class=\"uagb-button__wrapper\"><a class=\"uagb-buttons-repeater wp-block-button__link\" aria-label=\"\" href=\"https:\/\/hdproto.com\/contact-cnc-machining-company\/\" rel=\"follow noopener\" target=\"_blank\" role=\"button\"><div class=\"uagb-button__link\">Solicitar presupuesto<\/div><\/a><\/div><\/div>\n<\/div><\/div>\n<\/div>\n<\/div><\/div>","protected":false},"excerpt":{"rendered":"","protected":false},"author":2,"featured_media":0,"parent":0,"menu_order":0,"comment_status":"closed","ping_status":"closed","template":"","meta":{"_acf_changed":false,"_uag_custom_page_level_css":"","site-sidebar-layout":"default","site-content-layout":"","ast-site-content-layout":"default","site-content-style":"default","site-sidebar-style":"default","ast-global-header-display":"","ast-banner-title-visibility":"","ast-main-header-display":"","ast-hfb-above-header-display":"","ast-hfb-below-header-display":"","ast-hfb-mobile-header-display":"","site-post-title":"","ast-breadcrumbs-content":"","ast-featured-img":"","footer-sml-layout":"","ast-disable-related-posts":"","theme-transparent-header-meta":"","adv-header-id-meta":"","stick-header-meta":"","header-above-stick-meta":"","header-main-stick-meta":"","header-below-stick-meta":"","astra-migrate-meta-layouts":"set","ast-page-background-enabled":"default","ast-page-background-meta":{"desktop":{"background-color":"","background-image":"","background-repeat":"repeat","background-position":"center center","background-size":"auto","background-attachment":"scroll","background-type":"","background-media":"","overlay-type":"","overlay-color":"","overlay-opacity":"","overlay-gradient":""},"tablet":{"background-color":"","background-image":"","background-repeat":"repeat","background-position":"center center","background-size":"auto","background-attachment":"scroll","background-type":"","background-media":"","overlay-type":"","overlay-color":"","overlay-opacity":"","overlay-gradient":""},"mobile":{"background-color":"","background-image":"","background-repeat":"repeat","background-position":"center center","background-size":"auto","background-attachment":"scroll","background-type":"","background-media":"","overlay-type":"","overlay-color":"","overlay-opacity":"","overlay-gradient":""}},"ast-content-background-meta":{"desktop":{"background-color":"var(--ast-global-color-5)","background-image":"","background-repeat":"repeat","background-position":"center center","background-size":"auto","background-attachment":"scroll","background-type":"","background-media":"","overlay-type":"","overlay-color":"","overlay-opacity":"","overlay-gradient":""},"tablet":{"background-color":"var(--ast-global-color-5)","background-image":"","background-repeat":"repeat","background-position":"center center","background-size":"auto","background-attachment":"scroll","background-type":"","background-media":"","overlay-type":"","overlay-color":"","overlay-opacity":"","overlay-gradient":""},"mobile":{"background-color":"var(--ast-global-color-5)","background-image":"","background-repeat":"repeat","background-position":"center center","background-size":"auto","background-attachment":"scroll","background-type":"","background-media":"","overlay-type":"","overlay-color":"","overlay-opacity":"","overlay-gradient":""}},"footnotes":""},"class_list":["post-4428","page","type-page","status-publish","hentry"],"acf":[],"uagb_featured_image_src":{"full":false,"thumbnail":false,"medium":false,"medium_large":false,"large":false,"1536x1536":false,"2048x2048":false,"trp-custom-language-flag":false},"uagb_author_info":{"display_name":"Huade CNC","author_link":"https:\/\/cms.hdproto.com\/es\/author\/sales\/"},"uagb_comment_info":0,"uagb_excerpt":null,"_links":{"self":[{"href":"https:\/\/cms.hdproto.com\/es\/wp-json\/wp\/v2\/pages\/4428","targetHints":{"allow":["GET"]}}],"collection":[{"href":"https:\/\/cms.hdproto.com\/es\/wp-json\/wp\/v2\/pages"}],"about":[{"href":"https:\/\/cms.hdproto.com\/es\/wp-json\/wp\/v2\/types\/page"}],"author":[{"embeddable":true,"href":"https:\/\/cms.hdproto.com\/es\/wp-json\/wp\/v2\/users\/2"}],"replies":[{"embeddable":true,"href":"https:\/\/cms.hdproto.com\/es\/wp-json\/wp\/v2\/comments?post=4428"}],"version-history":[{"count":5,"href":"https:\/\/cms.hdproto.com\/es\/wp-json\/wp\/v2\/pages\/4428\/revisions"}],"predecessor-version":[{"id":4531,"href":"https:\/\/cms.hdproto.com\/es\/wp-json\/wp\/v2\/pages\/4428\/revisions\/4531"}],"wp:attachment":[{"href":"https:\/\/cms.hdproto.com\/es\/wp-json\/wp\/v2\/media?parent=4428"}],"curies":[{"name":"wp","href":"https:\/\/api.w.org\/{rel}","templated":true}]}}