{"id":1863,"date":"2025-08-05T10:01:02","date_gmt":"2025-08-05T10:01:02","guid":{"rendered":"https:\/\/hdproto.com\/?page_id=1863"},"modified":"2026-03-24T03:06:19","modified_gmt":"2026-03-24T03:06:19","slug":"acabados-superficiales-de-mecanizado-cnc","status":"publish","type":"page","link":"https:\/\/cms.hdproto.com\/es\/cnc-machining-surface-finishes\/","title":{"rendered":"Acabado de superficies"},"content":{"rendered":"<div class=\"wp-block-group is-layout-constrained wp-block-group-is-layout-constrained\"><h2 class=\"wp-block-heading\" id=\"applications-of-cnc-machining-surface-finishes\">Aplicaciones de <strong>Acabados superficiales de mecanizado CNC<\/strong><\/h2>\n\n\n<div class=\"wp-block-uagb-container uagb-block-542f5bbf alignfull uagb-is-root-container\"><div class=\"uagb-container-inner-blocks-wrap\">\n<div class=\"wp-block-uagb-container uagb-block-14416465\">\n<div class=\"wp-block-uagb-info-box uagb-block-f7c15f6f uagb-infobox__content-wrap  uagb-infobox-icon-above-title uagb-infobox-image-valign-top\"><div class=\"uagb-ifb-content\"><div class=\"uagb-ifb-image-content\"><img decoding=\"async\" src=\"https:\/\/hdproto.com\/wp-content\/uploads\/2025\/08\/cnc-machining-surface-finishes-shows.jpg\" alt=\"Pieza CNC anodizada en azul con acabados superficiales mecanizados por CNC\" width=\"\" height=\"0\" loading=\"lazy\"\/><\/div><div class=\"uagb-ifb-title-wrap\"><h3 class=\"uagb-ifb-title\">Componente CNC anodizado y arenado<\/h3><\/div><p class=\"uagb-ifb-desc\">Esta pieza de aluminio mecanizada por CNC cuenta con un acabado anodizado y arenado que le confiere una textura mate suave, durabilidad y resistencia a la corrosi\u00f3n. El arenado mejora la adherencia y la resistencia al desgaste. El acabado garantiza un color duradero, resistencia a los ara\u00f1azos y una apariencia de alta calidad para componentes electr\u00f3nicos, bienes de consumo y piezas de automoci\u00f3n.<\/p><\/div><\/div>\n<\/div>\n\n\n\n<div class=\"wp-block-uagb-container uagb-block-40dd48e2\">\n<div class=\"wp-block-uagb-info-box uagb-block-cde81d2e uagb-infobox__content-wrap  uagb-infobox-icon-above-title uagb-infobox-image-valign-top\"><div class=\"uagb-ifb-content\"><div class=\"uagb-ifb-image-content\"><img decoding=\"async\" src=\"https:\/\/hdproto.com\/wp-content\/uploads\/2025\/08\/Hard-anodized-pictures-1.jpg\" alt=\"Im\u00e1genes anodizadas duras\" width=\"\" height=\"0\" loading=\"lazy\"\/><\/div><div class=\"uagb-ifb-title-wrap\"><h3 class=\"uagb-ifb-title\">Componente con acabado superficial anodizado duro<\/h3><\/div><p class=\"uagb-ifb-desc\">Este componente mecanizado por CNC presenta un acabado superficial anodizado duro, que proporciona una resistencia superior al desgaste, protecci\u00f3n contra la corrosi\u00f3n y mayor dureza. El anodizado duro crea una densa capa de \u00f3xido, ideal para piezas en entornos exigentes o aplicaciones de alta exigencia en la industria aeroespacial, automotriz y de maquinaria industrial.<\/p><\/div><\/div>\n<\/div>\n\n\n\n<div class=\"wp-block-uagb-container uagb-block-3b0302be\">\n<div class=\"wp-block-uagb-info-box uagb-block-4471a001 uagb-infobox__content-wrap  uagb-infobox-icon-above-title uagb-infobox-image-valign-top\"><div class=\"uagb-ifb-content\"><div class=\"uagb-ifb-image-content\"><img decoding=\"async\" src=\"https:\/\/hdproto.com\/wp-content\/uploads\/2025\/08\/cnc-machining-surface-finishes-for-displaying.jpg\" alt=\"Pieza de aluminio anodizado CNC con acabado superficial mecanizado CNC en rojo metalizado para aplicaciones est\u00e9ticas.\" width=\"\" height=\"0\" loading=\"lazy\"\/><\/div><div class=\"uagb-ifb-title-wrap\"><h3 class=\"uagb-ifb-title\">Pieza mecanizada con acabado de pintura en polvo<\/h3><\/div><p class=\"uagb-ifb-desc\">Esta pieza mecanizada por CNC cuenta con un acabado de pintura en polvo de alta calidad, que le confiere una superficie lisa, duradera y decorativa. La pintura en polvo proporciona una excelente resistencia a los ara\u00f1azos, la decoloraci\u00f3n y la corrosi\u00f3n, adem\u00e1s de ofrecer una amplia gama de colores vibrantes. Se utiliza com\u00fanmente en productos de consumo, expositores, accesorios para autom\u00f3viles y carcasas de equipos industriales.<\/p><\/div><\/div>\n<\/div>\n\n\n\n<div class=\"wp-block-uagb-container uagb-block-cf112ef3\">\n<div class=\"wp-block-uagb-info-box uagb-block-6ad15585 uagb-infobox__content-wrap  uagb-infobox-icon-above-title uagb-infobox-image-valign-top\"><div class=\"uagb-ifb-content\"><div class=\"uagb-ifb-image-content\"><img decoding=\"async\" src=\"https:\/\/hdproto.com\/wp-content\/uploads\/2025\/08\/cnc-machining-surface-finishes-pictures.jpg\" alt=\"Acabados superficiales de mecanizado CNC de primera calidad en Huade\" width=\"\" height=\"0\" loading=\"lazy\"\/><\/div><div class=\"uagb-ifb-title-wrap\"><h3 class=\"uagb-ifb-title\">Piezas CNC con superficie grabada con l\u00e1ser<\/h3><\/div><p class=\"uagb-ifb-desc\">Esta pieza mecanizada por CNC presenta un elegante acabado anodizado negro con finas ranuras grabadas con l\u00e1ser. Este tratamiento mejora la resistencia a la corrosi\u00f3n, la durabilidad y proporciona un excelente agarre y una est\u00e9tica atractiva. Se utiliza habitualmente en aplicaciones que requieren resistencia y estilo, como carcasas mec\u00e1nicas, soportes o piezas estructurales en la industria automotriz e industrial.<\/p><\/div><\/div>\n<\/div>\n<\/div><\/div>\n\n\n\n<p class=\"has-medium-font-size\">Todas las piezas est\u00e1n mecanizadas a partir de materiales certificados (aluminio 6082\/7075, acero inoxidable, titanio, etc.), y admiten anodizado, pavonado, recubrimiento en polvo y m\u00e1s.<\/p>\n\n\n\n<div class=\"wp-block-uagb-buttons uagb-buttons__outer-wrap uagb-btn__default-btn uagb-btn-tablet__default-btn uagb-btn-mobile__default-btn uagb-block-0d7b26b3\"><div class=\"uagb-buttons__wrap uagb-buttons-layout-wrap\">\n<div class=\"wp-block-uagb-buttons-child uagb-buttons__outer-wrap uagb-block-1e5f3e0c wp-block-button\"><div class=\"uagb-button__wrapper\"><a class=\"uagb-buttons-repeater wp-block-button__link\" aria-label=\"\" href=\"https:\/\/hdproto.com\/contact-cnc-machining-company\/\" rel=\"follow noopener\" target=\"_blank\" role=\"button\"><div class=\"uagb-button__link\">Cont\u00e1ctanos <\/div><\/a><\/div><\/div>\n<\/div><\/div>\n\n\n<h2 class=\"wp-block-heading\" id=\"why-choose-huade-for-cnc-machining-surface-finishes\">\u00bfPor qu\u00e9 elegir Huade? <strong>Acabados superficiales de mecanizado CNC<\/strong>?<\/h2>\n\n\n<p style=\"font-family: 'Inter', 'Poppins', 'Roboto', sans-serif; font-size: 17px; line-height: 1.7; color: #4a5a6a; font-weight: 400;\">\n  Elegir <strong style=\"font-weight: 500;\">Dongguan Huade Precision Manufacturing Co., Ltd.<\/strong> Para acabados superficiales de mecanizado CNC de alta calidad, en los que conf\u00edan las principales marcas automotrices e industriales. M\u00e1s informaci\u00f3n sobre <a href=\"https:\/\/en.wikipedia.org\/wiki\/Surface_finish\" target=\"_blank\" rel=\"noopener\" style=\"color: #0073e6;\">est\u00e1ndares de acabado superficial<\/a> en la fabricaci\u00f3n de precisi\u00f3n.\n<\/p>\n\n<div style=\"margin-top: 20px;\">\n  <h3 style=\"font-family: 'Inter', 'Poppins', 'Roboto', sans-serif; font-size: 18px; font-weight: 500; color: #333e48;\">\u2705 Acabado superficial tipo espejo (Ra \u2264 0,2 \u03bcm)<\/h3>\n  <p style=\"font-family: 'Inter', 'Poppins', 'Roboto', sans-serif; font-size: 17px; line-height: 1.7; color: #4a5a6a;\">\n    Los procesos avanzados de pulido y rectificado proporcionan acabados ultrasuaves, ideales para piezas de alto rendimiento y est\u00e9ticas.\n  <\/p>\n<\/div>\n\n<div style=\"margin-top: 20px;\">\n  <h3 style=\"font-family: 'Inter', 'Poppins', 'Roboto', sans-serif; font-size: 18px; font-weight: 500; color: #333e48;\">\u2705 Amplia gama de tratamientos de superficie<\/h3>\n  <p style=\"font-family: 'Inter', 'Poppins', 'Roboto', sans-serif; font-size: 17px; line-height: 1.7; color: #4a5a6a;\">\n    Anodizado, recubrimiento en polvo, granallado, cepillado y pasivado para aluminio, acero inoxidable y titanio.\n  <\/p>\n<\/div>\n\n<div style=\"margin-top: 20px;\">\n  <h3 style=\"font-family: 'Inter', 'Poppins', 'Roboto', sans-serif; font-size: 18px; font-weight: 500; color: #333e48;\">\u2705 Acabado uniforme en todos los lotes<\/h3>\n  <p style=\"font-family: 'Inter', 'Poppins', 'Roboto', sans-serif; font-size: 17px; line-height: 1.7; color: #4a5a6a;\">\n    Calidad de superficie uniforme para prototipos y series de producci\u00f3n: lo que garantiza la coherencia y el rendimiento de la marca.\n  <\/p>\n<\/div>\n\n<div style=\"margin-top: 20px;\">\n  <h3 style=\"font-family: 'Inter', 'Poppins', 'Roboto', sans-serif; font-size: 18px; font-weight: 500; color: #333e48;\">\u2705 Informes de inspecci\u00f3n de acabado superficial<\/h3>\n  <p style=\"font-family: 'Inter', 'Poppins', 'Roboto', sans-serif; font-size: 17px; line-height: 1.7; color: #4a5a6a;\">\n    Incluye datos de rugosidad superficial, resultados de inspecci\u00f3n visual y espesor del recubrimiento para un cumplimiento total.\n  <\/p>\n<\/div>\n\n<div style=\"margin-top: 20px;\">\n  <h3 style=\"font-family: 'Inter', 'Poppins', 'Roboto', sans-serif; font-size: 18px; font-weight: 500; color: #333e48;\">\u2705 Entrega r\u00e1pida de servicios de acabado<\/h3>\n  <p style=\"font-family: 'Inter', 'Poppins', 'Roboto', sans-serif; font-size: 17px; line-height: 1.7; color: #4a5a6a;\">\n    La mayor\u00eda de los procesos de acabado se completan en 2-3 d\u00edas laborables para cumplir con los ajustados plazos de desarrollo.\n  <\/p>\n<\/div>\n\n<div style=\"margin-top: 20px;\">\n  <h3 style=\"font-family: 'Inter', 'Poppins', 'Roboto', sans-serif; font-size: 18px; font-weight: 500; color: #333e48;\">\u2705 Control de calidad certificado seg\u00fan la norma ISO 9001<\/h3>\n  <p style=\"font-family: 'Inter', 'Poppins', 'Roboto', sans-serif; font-size: 17px; line-height: 1.7; color: #4a5a6a;\">\n    Los procesos certificados garantizan que cada acabado cumpla con las normas. <a href=\"https:\/\/www.iso.org\/iso-9001-quality-management.html\" target=\"_blank\" rel=\"noopener\" style=\"color: #0073e6;\">Normas internacionales ISO 9001<\/a> por su durabilidad, apariencia y precisi\u00f3n.\n  <\/p>\n<\/div>\n\n\n\n<p><\/p>\n\n\n<h2 class=\"wp-block-heading\" id=\"cnc-machining-surface-finishes-precision-protection-and-aesthetics\">Acabados superficiales en mecanizado CNC: Precisi\u00f3n, protecci\u00f3n y est\u00e9tica<\/h2>\n\n\n<p>Ofrecemos servicios de acabado de superficies CNC de alta calidad, como anodizado, arenado, pulido y revestimiento. Nuestras soluciones mejoran la durabilidad, la resistencia a la corrosi\u00f3n y el aspecto visual de piezas de precisi\u00f3n de todos los sectores. Desde el prototipo hasta la producci\u00f3n en serie, garantizamos a nuestros clientes de todo el mundo una calidad de superficie constante y plazos de entrega r\u00e1pidos. <\/p>\n\n\n<h3 class=\"wp-block-heading\" id=\"have-questions-about-your-cnc-machining-surface-finishes\"><strong>\u00bfTienes preguntas sobre tu <strong>Acabados superficiales de mecanizado CNC<\/strong>?<\/strong><\/h3>\n\n\n<p>Nuestro equipo de expertos est\u00e1 listo para brindarle asistencia r\u00e1pida y profesional. Ya sea que necesite un prototipo o una producci\u00f3n en gran volumen, estamos aqu\u00ed para ayudarle, desde la selecci\u00f3n de materiales hasta la entrega final.<\/p>\n\n\n\n<p>\u2705 Respuesta r\u00e1pida<br>\u2705 Precios competitivos<br>\u2705 Soporte para env\u00edos internacionales<\/p>\n\n\n\n<p>\ud83d\udce7 sales@hdproto.com o william@hdproto.com<\/p>\n\n\n\n<p>\ud83d\udcde +86 133 9271 1394 (Tel\u00e9fono y WhatsApp)<\/p>\n\n\n\n<div class=\"wp-block-uagb-buttons uagb-buttons__outer-wrap uagb-btn__default-btn uagb-btn-tablet__default-btn uagb-btn-mobile__default-btn uagb-block-59119420\"><div class=\"uagb-buttons__wrap uagb-buttons-layout-wrap\">\n<div class=\"wp-block-uagb-buttons-child uagb-buttons__outer-wrap uagb-block-c760d2f4 wp-block-button\"><div class=\"uagb-button__wrapper\"><a class=\"uagb-buttons-repeater wp-block-button__link\" aria-label=\"\" href=\"https:\/\/hdproto.com\/contact-cnc-machining-company\" rel=\"follow noopener\" target=\"_blank\" role=\"button\"><div class=\"uagb-button__link\">Enviar consulta<\/div><\/a><\/div><\/div>\n<\/div><\/div>\n\n\n\n<p><\/p>\n<\/div>","protected":false},"excerpt":{"rendered":"<p>Applications of CNC Machining Surface Finishes All parts are machined from certified materials (Aluminum 6082\/7075, Stainless Steel, Titanium, etc.), supporting anodizing, black oxide, powder coating, and more. Why Choose Huade for CNC Machining Surface Finishes? Choose Dongguan Huade Precision Manufacturing Co., Ltd. for expert CNC machining surface finishes trusted by leading automotive and industrial brands. [&hellip;]<\/p>\n","protected":false},"author":2,"featured_media":0,"parent":0,"menu_order":0,"comment_status":"closed","ping_status":"closed","template":"","meta":{"_acf_changed":false,"_uag_custom_page_level_css":"","site-sidebar-layout":"default","site-content-layout":"","ast-site-content-layout":"default","site-content-style":"default","site-sidebar-style":"default","ast-global-header-display":"","ast-banner-title-visibility":"","ast-main-header-display":"","ast-hfb-above-header-display":"","ast-hfb-below-header-display":"","ast-hfb-mobile-header-display":"","site-post-title":"","ast-breadcrumbs-content":"","ast-featured-img":"","footer-sml-layout":"","ast-disable-related-posts":"","theme-transparent-header-meta":"","adv-header-id-meta":"","stick-header-meta":"","header-above-stick-meta":"","header-main-stick-meta":"","header-below-stick-meta":"","astra-migrate-meta-layouts":"set","ast-page-background-enabled":"default","ast-page-background-meta":{"desktop":{"background-color":"","background-image":"","background-repeat":"repeat","background-position":"center center","background-size":"auto","background-attachment":"scroll","background-type":"","background-media":"","overlay-type":"","overlay-color":"","overlay-opacity":"","overlay-gradient":""},"tablet":{"background-color":"","background-image":"","background-repeat":"repeat","background-position":"center center","background-size":"auto","background-attachment":"scroll","background-type":"","background-media":"","overlay-type":"","overlay-color":"","overlay-opacity":"","overlay-gradient":""},"mobile":{"background-color":"","background-image":"","background-repeat":"repeat","background-position":"center center","background-size":"auto","background-attachment":"scroll","background-type":"","background-media":"","overlay-type":"","overlay-color":"","overlay-opacity":"","overlay-gradient":""}},"ast-content-background-meta":{"desktop":{"background-color":"var(--ast-global-color-5)","background-image":"","background-repeat":"repeat","background-position":"center center","background-size":"auto","background-attachment":"scroll","background-type":"","background-media":"","overlay-type":"","overlay-color":"","overlay-opacity":"","overlay-gradient":""},"tablet":{"background-color":"var(--ast-global-color-5)","background-image":"","background-repeat":"repeat","background-position":"center center","background-size":"auto","background-attachment":"scroll","background-type":"","background-media":"","overlay-type":"","overlay-color":"","overlay-opacity":"","overlay-gradient":""},"mobile":{"background-color":"var(--ast-global-color-5)","background-image":"","background-repeat":"repeat","background-position":"center center","background-size":"auto","background-attachment":"scroll","background-type":"","background-media":"","overlay-type":"","overlay-color":"","overlay-opacity":"","overlay-gradient":""}},"footnotes":""},"class_list":["post-1863","page","type-page","status-publish","hentry"],"acf":[],"uagb_featured_image_src":{"full":false,"thumbnail":false,"medium":false,"medium_large":false,"large":false,"1536x1536":false,"2048x2048":false,"trp-custom-language-flag":false},"uagb_author_info":{"display_name":"Huade CNC","author_link":"https:\/\/cms.hdproto.com\/es\/author\/sales\/"},"uagb_comment_info":0,"uagb_excerpt":"Applications of CNC Machining Surface Finishes All parts are machined from certified materials (Aluminum 6082\/7075, Stainless Steel, Titanium, etc.), supporting anodizing, black oxide, powder coating, and more. Why Choose Huade for CNC Machining Surface Finishes? Choose Dongguan Huade Precision Manufacturing Co., Ltd. for expert CNC machining surface finishes trusted by leading automotive and industrial brands.&hellip;","_links":{"self":[{"href":"https:\/\/cms.hdproto.com\/es\/wp-json\/wp\/v2\/pages\/1863","targetHints":{"allow":["GET"]}}],"collection":[{"href":"https:\/\/cms.hdproto.com\/es\/wp-json\/wp\/v2\/pages"}],"about":[{"href":"https:\/\/cms.hdproto.com\/es\/wp-json\/wp\/v2\/types\/page"}],"author":[{"embeddable":true,"href":"https:\/\/cms.hdproto.com\/es\/wp-json\/wp\/v2\/users\/2"}],"replies":[{"embeddable":true,"href":"https:\/\/cms.hdproto.com\/es\/wp-json\/wp\/v2\/comments?post=1863"}],"version-history":[{"count":19,"href":"https:\/\/cms.hdproto.com\/es\/wp-json\/wp\/v2\/pages\/1863\/revisions"}],"predecessor-version":[{"id":4426,"href":"https:\/\/cms.hdproto.com\/es\/wp-json\/wp\/v2\/pages\/1863\/revisions\/4426"}],"wp:attachment":[{"href":"https:\/\/cms.hdproto.com\/es\/wp-json\/wp\/v2\/media?parent=1863"}],"curies":[{"name":"wp","href":"https:\/\/api.w.org\/{rel}","templated":true}]}}