{"id":1762,"date":"2025-08-01T04:01:49","date_gmt":"2025-08-01T04:01:49","guid":{"rendered":"https:\/\/hdproto.com\/?page_id=1762"},"modified":"2026-03-11T08:58:54","modified_gmt":"2026-03-11T08:58:54","slug":"fresado-cnc","status":"publish","type":"page","link":"https:\/\/cms.hdproto.com\/es\/cnc-milling\/","title":{"rendered":"fresado CNC"},"content":{"rendered":"<div class=\"wp-block-columns alignfull is-layout-flex wp-container-core-columns-is-layout-28f84493 wp-block-columns-is-layout-flex\">\n<div class=\"wp-block-column is-layout-flow wp-block-column-is-layout-flow\" style=\"flex-basis:50%\">\n<div class=\"wp-block-cover is-light\" style=\"min-height:600px;aspect-ratio:unset;\"><span aria-hidden=\"true\" class=\"wp-block-cover__background has-background-dim-100 has-background-dim\" style=\"background-color:#f6f6f6\"><\/span><div class=\"wp-block-cover__inner-container is-layout-flow wp-block-cover-is-layout-flow\">\n<figure class=\"wp-block-video\"><video height=\"720\" style=\"aspect-ratio: 960 \/ 720;\" width=\"960\" controls src=\"https:\/\/hdproto.com\/wp-content\/uploads\/2025\/08\/cnc-milling-machine-is-running.mp4\"><\/video><\/figure>\n<\/div><\/div>\n<\/div>\n\n\n\n<div class=\"wp-block-column is-vertically-aligned-center is-layout-flow wp-block-column-is-layout-flow\" style=\"padding-top:1em;padding-right:1em;padding-bottom:1em;padding-left:1em\">\n<div class=\"wp-block-group is-layout-constrained wp-block-group-is-layout-constrained\">\n<div class=\"wp-block-uagb-container uagb-block-0946e95d default uagb-is-root-container\">\n<div class=\"wp-block-uagb-container uagb-block-6f20f0aa\"><h2 class=\"wp-block-heading has-small-font-size\" id=\"cnc-milling-services\"><strong>Servicios de fresado CNC<\/strong><\/h2>\n\n\n<p class=\"has-small-font-size\" style=\"line-height:1.6\">En Huade Precision, nuestro<strong> <a href=\"https:\/\/hdproto.com\/cnc-machining-services\/\" target=\"_blank\" data-type=\"link\" data-id=\"https:\/\/hdproto.com\/cnc-machining-services\/\" rel=\"noreferrer noopener\">Servicios de fresado CNC<\/a><\/strong> Est\u00e1n dise\u00f1ados para satisfacer las necesidades cambiantes de las industrias modernas. Ya sea que est\u00e9 desarrollando piezas mec\u00e1nicas, componentes estructurales o prototipos funcionales, le brindamos resultados limpios, precisos y repetibles, siempre.<\/p>\n\n\n\n<p class=\"has-small-font-size\" style=\"line-height:1.6\">.Con avanzadas fresadoras multieje y t\u00e9cnicos especializados, trabajamos con una amplia gama de materiales, como aluminio, acero inoxidable, lat\u00f3n, bronce y pl\u00e1sticos de ingenier\u00eda. Desde piezas peque\u00f1as e intrincadas hasta componentes de mayor tama\u00f1o con geometr\u00edas complejas, garantizamos superficies lisas y ajustes precisos con una calidad constante.<\/p>\n\n\n\n<p class=\"has-small-font-size\" style=\"line-height:1.6\">Tanto si necesita prototipos de bajo volumen como series de producci\u00f3n a largo plazo, nuestra <strong>fresado CNC<\/strong> Nuestros servicios ofrecen flexibilidad, plazos de entrega r\u00e1pidos y soporte fiable. Trabajamos en estrecha colaboraci\u00f3n con ingenieros y compradores para comprender las necesidades t\u00e9cnicas y de aplicaci\u00f3n de cada componente, de modo que obtenga exactamente lo que su proyecto requiere.<\/p>\n\n\n\n<p>Perm\u00edtanos ayudarle a dar vida a sus ideas de productos con un rendimiento fiable y de alta calidad. <strong>piezas fresadas por CNC<\/strong> Adaptado a sus especificaciones exactas. <a href=\"https:\/\/hdproto.com\/cnc-machining-services\/\" target=\"_blank\" rel=\"noreferrer noopener\">Obt\u00e9n m\u00e1s informaci\u00f3n sobre t\u00e9cnicas CNC en Autodesk.<\/a><\/p>\n<\/div>\n<\/div>\n<\/div>\n<\/div>\n<\/div>\n\n\n\n<div class=\"wp-block-columns alignwide are-vertically-aligned-top is-layout-flex wp-container-core-columns-is-layout-08c01c1c wp-block-columns-is-layout-flex\">\n<div class=\"wp-block-column is-vertically-aligned-top is-layout-flow wp-block-column-is-layout-flow\">\n<div class=\"wp-block-group wp-container-content-231d8afb is-vertical is-content-justification-left is-nowrap is-layout-flex wp-container-core-group-is-layout-d439c89b wp-block-group-is-layout-flex\" style=\"margin-top:0;margin-bottom:0\">\n<figure class=\"wp-block-image size-full is-style-default wp-container-content-0733e5d0\"><img fetchpriority=\"high\" decoding=\"async\" width=\"600\" height=\"800\" src=\"https:\/\/hdproto.com\/wp-content\/uploads\/2025\/11\/CNC-Turning-Part-for-Audio-System.jpg\" alt=\"Dongguan Huade CNC torneado pieza para sistema de audio\" class=\"wp-image-3411\" srcset=\"https:\/\/cms.hdproto.com\/wp-content\/uploads\/2025\/11\/CNC-Turning-Part-for-Audio-System.jpg 600w, https:\/\/cms.hdproto.com\/wp-content\/uploads\/2025\/11\/CNC-Turning-Part-for-Audio-System-225x300.jpg 225w, https:\/\/cms.hdproto.com\/wp-content\/uploads\/2025\/11\/CNC-Turning-Part-for-Audio-System-9x12.jpg 9w\" sizes=\"(max-width: 600px) 100vw, 600px\" \/><figcaption class=\"wp-element-caption\">Servicios de fresado CNC a medida para sistemas de audio<\/figcaption><\/figure>\n\n\n\n<div class=\"wp-block-group is-vertical is-nowrap is-layout-flex wp-container-core-group-is-layout-5280e479 wp-block-group-is-layout-flex\">\n<p class=\"has-medium-font-size\"><strong>Componentes mecanizados CNC de precisi\u00f3n<\/strong><\/p>\n\n\n\n<p class=\"has-small-font-size\">Elaborado mediante t\u00e9cnicas avanzadas <strong>fresado CNC<\/strong> Gracias a nuestras t\u00e9cnicas, nuestros componentes est\u00e1n dise\u00f1ados para ofrecer precisi\u00f3n, funcionalidad y una calidad constante. Ya sea que fabrique conjuntos mec\u00e1nicos, estructuras o piezas peque\u00f1as de precisi\u00f3n, le brindamos resultados confiables en una amplia gama de industrias.<\/p>\n\n\n\n<p>Cada pieza se fabrica con atenci\u00f3n al detalle, garantizando bordes limpios, acabados lisos y dimensiones precisas. Desde prototipos individuales hasta la producci\u00f3n a gran escala, nuestra <strong>Servicios de fresado CNC<\/strong> Apoyamos proyectos en los sectores de automoci\u00f3n, electr\u00f3nica, productos de consumo y m\u00e1s.<\/p>\n<\/div>\n<\/div>\n<\/div>\n\n\n\n<div class=\"wp-block-column is-vertically-aligned-top is-layout-flow wp-block-column-is-layout-flow\">\n<div class=\"wp-block-group wp-container-content-231d8afb is-vertical is-layout-flex wp-container-core-group-is-layout-05b43539 wp-block-group-is-layout-flex\" style=\"margin-top:0;margin-bottom:0\">\n<div class=\"wp-block-group is-vertical is-nowrap is-layout-flex wp-container-core-group-is-layout-5280e479 wp-block-group-is-layout-flex\">\n<p class=\"has-medium-font-size\"><strong>Fresado CNC de precisi\u00f3n para componentes met\u00e1licos complejos<\/strong><\/p>\n\n\n\n<p class=\"has-small-font-size\">Estas piezas met\u00e1licas ponen de manifiesto la versatilidad de las piezas mecanizadas por CNC para producir componentes complejos y multifuncionales con bordes limpios y dimensiones precisas. Ideales para aplicaciones en automatizaci\u00f3n, rob\u00f3tica, instrumentaci\u00f3n y estructuras mec\u00e1nicas, cada pieza est\u00e1 dise\u00f1ada para un rendimiento constante y un ensamblaje preciso.<\/p>\n<\/div>\n\n\n\n<figure class=\"wp-block-image size-full\" style=\"font-size:14px\"><img decoding=\"async\" width=\"626\" height=\"900\" src=\"https:\/\/hdproto.com\/wp-content\/uploads\/2025\/08\/cnc-milling-components.jpg\" alt=\"Fresado CNC de componentes de precisi\u00f3n con geometr\u00eda compleja para ensamblajes mec\u00e1nicos\" class=\"wp-image-1769\" srcset=\"https:\/\/cms.hdproto.com\/wp-content\/uploads\/2025\/08\/cnc-milling-components.jpg 626w, https:\/\/cms.hdproto.com\/wp-content\/uploads\/2025\/08\/cnc-milling-components-209x300.jpg 209w\" sizes=\"(max-width: 626px) 100vw, 626px\" \/><figcaption class=\"wp-element-caption\">Componentes de alto rendimiento fabricados mediante fresado CNC, adecuados para sistemas estructurales, mec\u00e1nicos y de control de movimiento.<\/figcaption><\/figure>\n<\/div>\n<\/div>\n<\/div>\n\n\n\n<div class=\"wp-block-group alignfull has-ast-global-color-8-background-color has-background is-layout-flow wp-block-group-is-layout-flow\" style=\"padding-top:6vw;padding-right:6vw;padding-bottom:6vw;padding-left:6vw\">\n<div class=\"wp-block-group is-vertical is-nowrap is-layout-flex wp-container-core-group-is-layout-36fd9ea3 wp-block-group-is-layout-flex\" style=\"padding-right:0;padding-left:0\"><h6 class=\"wp-block-heading has-text-color\" id=\"ecosystem\" style=\"color:#000000;font-size:16px\">Servicios de mecanizado CNC<\/h6>\n\n\n<p class=\"has-text-color\" style=\"color:#000000;font-size:6vw;font-style:normal;font-weight:700;letter-spacing:0px;line-height:0.9;text-decoration:none;text-transform:none\">Fresado CNC<\/p>\n<\/div>\n\n\n\n<div style=\"height:1vw\" aria-hidden=\"true\" class=\"wp-block-spacer\"><\/div>\n\n\n\n<div class=\"wp-block-group alignwide is-vertical is-nowrap is-layout-flex wp-container-core-group-is-layout-7946b6b8 wp-block-group-is-layout-flex\" style=\"padding-top:0;padding-right:0;padding-bottom:0;padding-left:0\">\n<div class=\"wp-block-columns alignwide is-layout-flex wp-container-core-columns-is-layout-21b20327 wp-block-columns-is-layout-flex\">\n<div class=\"wp-block-column is-layout-flow wp-block-column-is-layout-flow\" style=\"flex-basis:33.38%\"><h2 class=\"wp-block-heading has-text-color\" style=\"color:#000000;font-size:17px\" id=\"precision-cnc-milling-for-demanding-industrial-applications\">Fresado CNC de precisi\u00f3n para aplicaciones industriales exigentes<\/h2>\n\n\n<p>Trabajamos con aluminio, acero inoxidable, lat\u00f3n, cobre y pl\u00e1sticos de ingenier\u00eda, mecanizando desde geometr\u00edas planas b\u00e1sicas hasta piezas con cavidades profundas y ensamblajes curvos. Ya sea que necesite orificios de montaje, rebajes, caras escalonadas o ranuras funcionales, nuestros servicios le ofrecen la soluci\u00f3n. <strong>proceso de mecanizado CNC<\/strong> Permite un control preciso de cada caracter\u00edstica, lo que favorece un rendimiento mec\u00e1nico preciso y un ajuste fiable durante el montaje final.<\/p>\n\n\n\n<p>Nuestro <strong><a href=\"https:\/\/hdproto.com\/cnc-machining-services\/\" data-type=\"link\" data-id=\"https:\/\/hdproto.com\/cnc-machining-services\/\" target=\"_blank\" rel=\"noopener\">soluciones de fresado CNC<\/a><\/strong> Se utilizan ampliamente en sistemas de automatizaci\u00f3n, rob\u00f3tica, maquinaria pesada y estructuras de equipos. Para cada proyecto, adaptamos la estrategia de mecanizado a sus tolerancias, comportamiento del material y necesidades funcionales. <\/p>\n<\/div>\n\n\n\n<div class=\"wp-block-column is-layout-flow wp-block-column-is-layout-flow\" style=\"flex-basis:33%\">\n<div style=\"height:2vw\" aria-hidden=\"true\" class=\"wp-block-spacer\"><\/div>\n\n\n\n<figure class=\"wp-block-image size-full\"><img decoding=\"async\" width=\"600\" height=\"800\" src=\"https:\/\/hdproto.com\/wp-content\/uploads\/2026\/01\/CNC-Automotive-Parts.jpg\" alt=\"Componentes de suspensi\u00f3n de aluminio para autom\u00f3viles con roscas y bridas\" class=\"wp-image-3965\" srcset=\"https:\/\/cms.hdproto.com\/wp-content\/uploads\/2026\/01\/CNC-Automotive-Parts.jpg 600w, https:\/\/cms.hdproto.com\/wp-content\/uploads\/2026\/01\/CNC-Automotive-Parts-225x300.jpg 225w, https:\/\/cms.hdproto.com\/wp-content\/uploads\/2026\/01\/CNC-Automotive-Parts-9x12.jpg 9w\" sizes=\"(max-width: 600px) 100vw, 600px\" \/><figcaption class=\"wp-element-caption\">Componentes de aluminio mecanizado CNC de alta precisi\u00f3n para suspensi\u00f3n de autom\u00f3viles: tolerancias estrechas y caracter\u00edsticas roscadas<\/figcaption><\/figure>\n<\/div>\n\n\n\n<div class=\"wp-block-column is-layout-flow wp-block-column-is-layout-flow\" style=\"flex-basis:33.62%\">\n<figure class=\"wp-block-image size-full\"><img loading=\"lazy\" decoding=\"async\" width=\"600\" height=\"800\" src=\"https:\/\/hdproto.com\/wp-content\/uploads\/2026\/01\/CNC-machined-parts.jpg\" alt=\"Anillo de sujeci\u00f3n o collar de montaje mecanizado mediante CNC con orificios de montaje y dise\u00f1o escalonado\" class=\"wp-image-3967\" srcset=\"https:\/\/cms.hdproto.com\/wp-content\/uploads\/2026\/01\/CNC-machined-parts.jpg 600w, https:\/\/cms.hdproto.com\/wp-content\/uploads\/2026\/01\/CNC-machined-parts-225x300.jpg 225w, https:\/\/cms.hdproto.com\/wp-content\/uploads\/2026\/01\/CNC-machined-parts-9x12.jpg 9w\" sizes=\"(max-width: 600px) 100vw, 600px\" \/><figcaption class=\"wp-element-caption\">Anillo \/ collar de sujeci\u00f3n de aluminio mecanizado CNC de alta precisi\u00f3n - acabado anodizado negro, m\u00faltiples orificios de montaje para un montaje seguro<\/figcaption><\/figure>\n\n\n\n<p>Esta imagen muestra componentes de aluminio personalizados fabricados con fresado CNC, que presentan perfiles de bordes limpios y estructuras funcionales para su uso en carcasas, soportes o equipos personalizados.<\/p>\n<\/div>\n<\/div>\n\n\n\n<div class=\"wp-block-columns alignwide is-layout-flex wp-container-core-columns-is-layout-c24efe4f wp-block-columns-is-layout-flex\">\n<div class=\"wp-block-column is-layout-flow wp-block-column-is-layout-flow\" style=\"flex-basis:69%\">\n<figure class=\"wp-block-image size-full\"><img loading=\"lazy\" decoding=\"async\" width=\"800\" height=\"600\" src=\"https:\/\/hdproto.com\/wp-content\/uploads\/2026\/03\/CNC-Machinery-Parts.webp\" alt=\"piezas de maquinaria de aluminio mecanizadas CNC a medida\" class=\"wp-image-4303\" srcset=\"https:\/\/cms.hdproto.com\/wp-content\/uploads\/2026\/03\/CNC-Machinery-Parts.webp 800w, https:\/\/cms.hdproto.com\/wp-content\/uploads\/2026\/03\/CNC-Machinery-Parts-300x225.webp 300w, https:\/\/cms.hdproto.com\/wp-content\/uploads\/2026\/03\/CNC-Machinery-Parts-768x576.webp 768w, https:\/\/cms.hdproto.com\/wp-content\/uploads\/2026\/03\/CNC-Machinery-Parts-16x12.webp 16w\" sizes=\"(max-width: 800px) 100vw, 800px\" \/><figcaption class=\"wp-element-caption\">Piezas de maquinaria mecanizadas con CNC de precisi\u00f3n a medida para equipos industriales y conjuntos mec\u00e1nicos.<\/figcaption><\/figure>\n<\/div>\n\n\n\n<div class=\"wp-block-column is-vertically-aligned-center is-layout-flow wp-block-column-is-layout-flow\" style=\"flex-basis:33%\"><h6 class=\"wp-block-heading has-text-color\" style=\"color:#000000;font-size:17px\" id=\"precision-machining-for-industrialgrade-components\">Mecanizado de precisi\u00f3n para componentes de grado industrial<\/h6>\n\n\n<p>Nuestros servicios de fresado ofrecen una alta consistencia y repetibilidad, lo que permite la producci\u00f3n de piezas estructuralmente id\u00e9nticas, ideales para sistemas de automatizaci\u00f3n, componentes de maquinaria y mecanismos de articulaci\u00f3n. Cada pieza se somete a una cuidadosa selecci\u00f3n de materiales y a un mecanizado multieje para garantizar una geometr\u00eda limpia, un acabado superficial uniforme y un control dimensional preciso.<\/p>\n<\/div>\n<\/div>\n<\/div>\n<\/div>\n\n\n\n<div class=\"wp-block-uagb-container uagb-block-749f57d1 alignfull uagb-is-root-container\"><div class=\"uagb-container-inner-blocks-wrap\"><h2 class=\"wp-block-heading\" id=\"you-may-want-to-ask\">Quiz\u00e1s quieras preguntar<\/h2>\n\n\n<p>P: \u00bfPueden proporcionar muestras de piezas mecanizadas por CNC?<br>A: S\u00ed, ofrecemos prototipado r\u00e1pido en 2-3 d\u00edas.<\/p>\n\n\n\n<p>P: \u00bfQu\u00e9 formatos de archivo aceptan?<br>A: Aceptamos archivos STEP, IGES, STL y PDF 2D.<\/p>\n\n\n\n<p>P: \u00bfC\u00f3mo se garantiza la biocompatibilidad de los materiales?<br>A: Solo utilizamos materiales certificados de grado m\u00e9dico de proveedores de confianza.<\/p>\n<\/div><\/div>\n\n\n\n<div class=\"wp-block-uagb-container uagb-block-a815ca67 alignfull uagb-is-root-container\"><div class=\"uagb-container-inner-blocks-wrap\"><h2 class=\"wp-block-heading\" id=\"%25e2%259c%2585-call-to-action\">\u2705 Llamada a la acci\u00f3n<\/h2>\n\n\n<p><strong>\u00bfListo para desarrollar sus piezas mecanizadas CNC personalizadas?<\/strong><br>Convirtamos su dise\u00f1o en realidad: de forma r\u00e1pida, precisa y profesional.<\/p>\n<\/div><\/div>\n\n\n\n<div class=\"wp-block-uagb-buttons uagb-buttons__outer-wrap uagb-btn__default-btn uagb-btn-tablet__default-btn uagb-btn-mobile__default-btn uagb-block-01f2a104\"><div class=\"uagb-buttons__wrap uagb-buttons-layout-wrap\">\n<div class=\"wp-block-uagb-buttons-child uagb-buttons__outer-wrap uagb-block-a1a82a92 wp-block-button\"><div class=\"uagb-button__wrapper\"><a class=\"uagb-buttons-repeater wp-block-button__link\" aria-label=\"\" href=\"https:\/\/hdproto.com\/contact-cnc-machining-company\/\" rel=\"follow noopener\" target=\"_blank\" role=\"button\"><div class=\"uagb-button__link\">Cont\u00e1ctanos<\/div><\/a><\/div><\/div>\n<\/div><\/div>\n\n\n\n<p><\/p>","protected":false},"excerpt":{"rendered":"<p>CNC Milling Services At Huade Precision, our CNC milling services are built to meet the evolving needs of modern industries. Whether you&#8217;re developing mechanical parts, structural components, or functional prototypes, we deliver clean, accurate, and repeatable results\u2014every time. .With advanced multi-axis milling machines and skilled technicians, we handle a wide range of materials including aluminum, [&hellip;]<\/p>\n","protected":false},"author":2,"featured_media":4303,"parent":0,"menu_order":0,"comment_status":"closed","ping_status":"closed","template":"","meta":{"_acf_changed":false,"_uag_custom_page_level_css":"","site-sidebar-layout":"default","site-content-layout":"","ast-site-content-layout":"default","site-content-style":"default","site-sidebar-style":"default","ast-global-header-display":"","ast-banner-title-visibility":"","ast-main-header-display":"","ast-hfb-above-header-display":"","ast-hfb-below-header-display":"","ast-hfb-mobile-header-display":"","site-post-title":"","ast-breadcrumbs-content":"","ast-featured-img":"disabled","footer-sml-layout":"","ast-disable-related-posts":"","theme-transparent-header-meta":"","adv-header-id-meta":"","stick-header-meta":"","header-above-stick-meta":"","header-main-stick-meta":"","header-below-stick-meta":"","astra-migrate-meta-layouts":"set","ast-page-background-enabled":"default","ast-page-background-meta":{"desktop":{"background-color":"","background-image":"","background-repeat":"repeat","background-position":"center center","background-size":"auto","background-attachment":"scroll","background-type":"","background-media":"","overlay-type":"","overlay-color":"","overlay-opacity":"","overlay-gradient":""},"tablet":{"background-color":"","background-image":"","background-repeat":"repeat","background-position":"center center","background-size":"auto","background-attachment":"scroll","background-type":"","background-media":"","overlay-type":"","overlay-color":"","overlay-opacity":"","overlay-gradient":""},"mobile":{"background-color":"","background-image":"","background-repeat":"repeat","background-position":"center center","background-size":"auto","background-attachment":"scroll","background-type":"","background-media":"","overlay-type":"","overlay-color":"","overlay-opacity":"","overlay-gradient":""}},"ast-content-background-meta":{"desktop":{"background-color":"var(--ast-global-color-5)","background-image":"","background-repeat":"repeat","background-position":"center center","background-size":"auto","background-attachment":"scroll","background-type":"","background-media":"","overlay-type":"","overlay-color":"","overlay-opacity":"","overlay-gradient":""},"tablet":{"background-color":"var(--ast-global-color-5)","background-image":"","background-repeat":"repeat","background-position":"center center","background-size":"auto","background-attachment":"scroll","background-type":"","background-media":"","overlay-type":"","overlay-color":"","overlay-opacity":"","overlay-gradient":""},"mobile":{"background-color":"var(--ast-global-color-5)","background-image":"","background-repeat":"repeat","background-position":"center center","background-size":"auto","background-attachment":"scroll","background-type":"","background-media":"","overlay-type":"","overlay-color":"","overlay-opacity":"","overlay-gradient":""}},"footnotes":""},"class_list":["post-1762","page","type-page","status-publish","has-post-thumbnail","hentry"],"acf":[],"uagb_featured_image_src":{"full":["https:\/\/cms.hdproto.com\/wp-content\/uploads\/2026\/03\/CNC-Machinery-Parts.webp",800,600,false],"thumbnail":["https:\/\/cms.hdproto.com\/wp-content\/uploads\/2026\/03\/CNC-Machinery-Parts-150x150.webp",150,150,true],"medium":["https:\/\/cms.hdproto.com\/wp-content\/uploads\/2026\/03\/CNC-Machinery-Parts-300x225.webp",300,225,true],"medium_large":["https:\/\/cms.hdproto.com\/wp-content\/uploads\/2026\/03\/CNC-Machinery-Parts-768x576.webp",768,576,true],"large":["https:\/\/cms.hdproto.com\/wp-content\/uploads\/2026\/03\/CNC-Machinery-Parts.webp",800,600,false],"1536x1536":["https:\/\/cms.hdproto.com\/wp-content\/uploads\/2026\/03\/CNC-Machinery-Parts.webp",800,600,false],"2048x2048":["https:\/\/cms.hdproto.com\/wp-content\/uploads\/2026\/03\/CNC-Machinery-Parts.webp",800,600,false],"trp-custom-language-flag":["https:\/\/cms.hdproto.com\/wp-content\/uploads\/2026\/03\/CNC-Machinery-Parts-16x12.webp",16,12,true]},"uagb_author_info":{"display_name":"Huade CNC","author_link":"https:\/\/cms.hdproto.com\/es\/author\/sales\/"},"uagb_comment_info":0,"uagb_excerpt":"CNC Milling Services At Huade Precision, our CNC milling services are built to meet the evolving needs of modern industries. Whether you&#8217;re developing mechanical parts, structural components, or functional prototypes, we deliver clean, accurate, and repeatable results\u2014every time. .With advanced multi-axis milling machines and skilled technicians, we handle a wide range of materials including aluminum,&hellip;","_links":{"self":[{"href":"https:\/\/cms.hdproto.com\/es\/wp-json\/wp\/v2\/pages\/1762","targetHints":{"allow":["GET"]}}],"collection":[{"href":"https:\/\/cms.hdproto.com\/es\/wp-json\/wp\/v2\/pages"}],"about":[{"href":"https:\/\/cms.hdproto.com\/es\/wp-json\/wp\/v2\/types\/page"}],"author":[{"embeddable":true,"href":"https:\/\/cms.hdproto.com\/es\/wp-json\/wp\/v2\/users\/2"}],"replies":[{"embeddable":true,"href":"https:\/\/cms.hdproto.com\/es\/wp-json\/wp\/v2\/comments?post=1762"}],"version-history":[{"count":25,"href":"https:\/\/cms.hdproto.com\/es\/wp-json\/wp\/v2\/pages\/1762\/revisions"}],"predecessor-version":[{"id":4315,"href":"https:\/\/cms.hdproto.com\/es\/wp-json\/wp\/v2\/pages\/1762\/revisions\/4315"}],"wp:featuredmedia":[{"embeddable":true,"href":"https:\/\/cms.hdproto.com\/es\/wp-json\/wp\/v2\/media\/4303"}],"wp:attachment":[{"href":"https:\/\/cms.hdproto.com\/es\/wp-json\/wp\/v2\/media?parent=1762"}],"curies":[{"name":"wp","href":"https:\/\/api.w.org\/{rel}","templated":true}]}}