{"id":1383,"date":"2025-07-14T09:46:32","date_gmt":"2025-07-14T09:46:32","guid":{"rendered":"https:\/\/hdproto.com\/?page_id=1383"},"modified":"2026-03-11T08:40:54","modified_gmt":"2026-03-11T08:40:54","slug":"piezas-para-maquinaria-cnc","status":"publish","type":"page","link":"https:\/\/cms.hdproto.com\/es\/products\/cnc-machinery-parts\/","title":{"rendered":"Piezas para maquinaria CNC"},"content":{"rendered":"<div class=\"wp-block-group is-layout-constrained wp-block-group-is-layout-constrained\">\n<div class=\"wp-block-uagb-advanced-heading uagb-block-69af9d91\"><h2 class=\"uagb-heading-text\">Fabricante de piezas de maquinaria CNC de precisi\u00f3n para aplicaciones industriales<\/h2><\/div>\n\n\n\n<p><\/p>\n\n\n\n<p>En Dongguan Huade Precision Manufacturing Co., Ltd., fabricamos piezas mecanizadas por CNC dise\u00f1adas para afrontar los retos de la maquinaria moderna. Desde sistemas de automatizaci\u00f3n hasta equipos de alta resistencia, nuestros componentes est\u00e1n fabricados para ofrecer un rendimiento preciso, fiable y constante.<\/p>\n\n\n\n<p>Cada pieza que fabricamos se elabora con meticulosa atenci\u00f3n al detalle, cumpliendo tolerancias estrictas de hasta \u00b10,01 mm y garantizando un rendimiento estable en entornos mec\u00e1nicos exigentes. Tanto si est\u00e1 creando l\u00edneas de producci\u00f3n, sistemas rob\u00f3ticos o dispositivos mec\u00e1nicos especializados, nuestras piezas para maquinaria CNC le ayudar\u00e1n a hacer realidad sus dise\u00f1os.<\/p>\n\n\n\n<p>Con a\u00f1os de experiencia en fresado CNC, torneado y prototipado complejo, nuestro equipo apoya a clientes de diversos sectores, como automatizaci\u00f3n, embalaje, energ\u00eda y fabricaci\u00f3n industrial. Ofrecemos muestreo r\u00e1pido (2-3 d\u00edas), cantidades m\u00ednimas de pedido bajas y trazabilidad de materiales para garantizar que su proyecto se desarrolle sin problemas desde la concepci\u00f3n hasta la finalizaci\u00f3n.<\/p>\n\n\n\n<p>En Huade, no solo mecanizamos metal, sino que dise\u00f1amos soluciones. Nuestras piezas se personalizan para satisfacer sus necesidades exactas, con acabados superficiales opcionales como anodizado, pavonado, pintura en polvo y m\u00e1s. Ya sea que necesite una pieza o mil, le garantizamos una calidad constante, una entrega r\u00e1pida y una comunicaci\u00f3n fluida en cada etapa del proceso.<\/p>\n\n\n\n<p>Perm\u00edtanos ser su socio de confianza en la cadena de suministro de fabricaci\u00f3n CNC. Con la certificaci\u00f3n ISO 9001 y un equipo experto en est\u00e1ndares industriales globales, estamos aqu\u00ed para ayudarle a mantenerse a la vanguardia en un mercado de maquinaria competitivo.<\/p>\n\n\n\n<p><\/p>\n\n\n<h2 class=\"wp-block-heading\" id=\"applications-of-precision-cnc-machinery-parts\">Aplicaciones de piezas de maquinaria CNC de precisi\u00f3n<\/h2>\n\n\n<div class=\"wp-block-uagb-container uagb-block-542f5bbf alignfull uagb-is-root-container\"><div class=\"uagb-container-inner-blocks-wrap\">\n<div class=\"wp-block-uagb-container uagb-block-14416465\">\n<div class=\"wp-block-uagb-info-box uagb-block-f7c15f6f uagb-infobox__content-wrap  uagb-infobox-icon-above-title uagb-infobox-image-valign-top\"><div class=\"uagb-ifb-content\"><div class=\"uagb-ifb-image-content\"><img decoding=\"async\" src=\"https:\/\/hdproto.com\/wp-content\/uploads\/2025\/07\/\u6444\u5f71\u5668\u67501-1.jpg\" alt=\"Pieza de aluminio mecanizada por CNC para soporte de equipo de c\u00e1mara profesional\" width=\"\" height=\"0\" loading=\"lazy\"\/><\/div><div class=\"uagb-ifb-title-wrap\"><h3 class=\"uagb-ifb-title\">Base de montaje mecanizada por CNC para sistemas de c\u00e1mara<\/h3><\/div><p class=\"uagb-ifb-desc\">Esta pieza de maquinaria CNC a medida se ha fabricado especialmente para rigs de c\u00e1mara, estabilizadores y otros sistemas \u00f3pticos. Fabricada con materiales ligeros <strong>materiales de aleaci\u00f3n de aluminio 7075<\/strong>, Garantiza un soporte r\u00edgido y resistente a la corrosi\u00f3n para aplicaciones de alto rendimiento. Ideal para clientes que buscan componentes CNC de precisi\u00f3n para equipos fotogr\u00e1ficos, esta pieza ofrece un equilibrio perfecto entre resistencia, est\u00e9tica y durabilidad a largo plazo.<\/p><\/div><\/div>\n<\/div>\n\n\n\n<div class=\"wp-block-uagb-container uagb-block-40dd48e2\">\n<div class=\"wp-block-uagb-info-box uagb-block-cde81d2e uagb-infobox__content-wrap  uagb-infobox-icon-above-title uagb-infobox-image-valign-top\"><div class=\"uagb-ifb-content\"><div class=\"uagb-ifb-image-content\"><img decoding=\"async\" src=\"https:\/\/hdproto.com\/wp-content\/uploads\/2026\/01\/Precision-CNC-Parts-for-Machines.jpg\" alt=\"Soporte de montaje y carcasa de aluminio mecanizado con CNC de precisi\u00f3n\" width=\"\" height=\"0\" loading=\"lazy\"\/><\/div><div class=\"uagb-ifb-title-wrap\"><h3 class=\"uagb-ifb-title\">Soporte de montaje CNC de precisi\u00f3n para equipos industriales<\/h3><\/div><p class=\"uagb-ifb-desc\">Dise\u00f1ado para equipos industriales de alto rendimiento, este soporte de montaje de aluminio mecanizado por CNC proporciona un alojamiento r\u00edgido y ligero para ejes giratorios y conjuntos de herramientas. Fabricado a partir de una aleaci\u00f3n de aluminio de alta resistencia con tolerancias estrechas de hasta \u00b10,01 mm, ofrece una excelente alineaci\u00f3n, resistencia a la corrosi\u00f3n y estabilidad a largo plazo en aplicaciones de automatizaci\u00f3n, envasado y maquinaria en general.<\/p><\/div><\/div>\n<\/div>\n\n\n\n<div class=\"wp-block-uagb-container uagb-block-3b0302be\">\n<div class=\"wp-block-uagb-info-box uagb-block-4471a001 uagb-infobox__content-wrap  uagb-infobox-icon-above-title uagb-infobox-image-valign-top\"><div class=\"uagb-ifb-content\"><div class=\"uagb-ifb-image-content\"><img decoding=\"async\" src=\"https:\/\/hdproto.com\/wp-content\/uploads\/2025\/07\/\u5fae\u4fe1\u56fe\u7247_20241227155911_\u526f\u672c.jpg\" alt=\"Pieza base estructural mecanizada con precisi\u00f3n CNC para piezas de maquinaria CNC para maquinaria industrial\" width=\"\" height=\"0\" loading=\"lazy\"\/><\/div><div class=\"uagb-ifb-title-wrap\"><h3 class=\"uagb-ifb-title\">Carcasa estructural mecanizada por CNC para equipos de maquinaria<\/h3><\/div><p class=\"uagb-ifb-desc\">Este <strong>pieza de maquinaria CNC de alta precisi\u00f3n <\/strong>Est\u00e1 dise\u00f1ada por expertos para su uso en bases de maquinaria industrial y grandes conjuntos de equipos. Gracias a su dise\u00f1o multisuperficie, la pieza garantiza una alineaci\u00f3n segura, una rigidez excelente y una estabilidad dimensional a largo plazo. <strong>Fabricado con aleaci\u00f3n de aluminio de alta resistencia 6082<\/strong>, Es ideal para equipos personalizados donde el soporte de carga, la integridad estructural y la resistencia a la corrosi\u00f3n son fundamentales.<\/p><\/div><\/div>\n<\/div>\n\n\n\n<div class=\"wp-block-uagb-container uagb-block-cf112ef3\">\n<div class=\"wp-block-uagb-info-box uagb-block-6ad15585 uagb-infobox__content-wrap  uagb-infobox-icon-above-title uagb-infobox-image-valign-top\"><div class=\"uagb-ifb-content\"><div class=\"uagb-ifb-image-content\"><img decoding=\"async\" src=\"https:\/\/hdproto.com\/wp-content\/uploads\/2026\/03\/CNC-Machined-Mounting-Plate.webp\" alt=\"Placa de montaje de aluminio mecanizado CNC con orificios de precisi\u00f3n\" width=\"\" height=\"0\" loading=\"lazy\"\/><\/div><div class=\"uagb-ifb-title-wrap\"><h3 class=\"uagb-ifb-title\">Placa de montaje de aluminio mecanizado CNC con orificios de precisi\u00f3n<\/h3><\/div><p class=\"uagb-ifb-desc\">Placa de montaje de aluminio mecanizado CNC de precisi\u00f3n personalizada fabricada por Huade Precision.<br>Fresado de alta precisi\u00f3n con m\u00faltiples orificios y cavidades para equipos industriales y sistemas de automatizaci\u00f3n.<br>Se fabrican utilizando tecnolog\u00eda avanzada de mecanizado CNC para garantizar tolerancias ajustadas, un acabado superficial liso y un rendimiento fiable en aplicaciones de ingenier\u00eda exigentes.<\/p><\/div><\/div>\n<\/div>\n<\/div><\/div>\n\n\n\n<p class=\"has-medium-font-size\">Todas las piezas est\u00e1n mecanizadas a partir de materiales certificados (aluminio 6082\/7075, acero inoxidable, titanio, etc.), y admiten anodizado, pavonado, recubrimiento en polvo y m\u00e1s.<\/p>\n\n\n<h2 class=\"wp-block-heading\" id=\"why-choose-huade-for-cnc-machinery-parts\">\u00bfPor qu\u00e9 elegir Huade para piezas de maquinaria CNC?<\/h2>\n\n\n<p style=\"font-family: 'Inter', 'Poppins', 'Roboto', sans-serif; font-size: 17px; line-height: 1.7; color: #4a5a6a; font-weight: 400;\">\n  Colaboraci\u00f3n con <strong style=\"font-weight: 500;\">Dongguan Huade Precision Manufacturing Co., Ltd.<\/strong> significa elegir fiabilidad, precisi\u00f3n y eficiencia. He aqu\u00ed por qu\u00e9 los fabricantes de todo el mundo conf\u00edan en nosotros para <strong>piezas de maquinaria CNC<\/strong>:\n<\/p>\n\n<div style=\"margin-top: 20px;\">\n  <h3 style=\"font-family: 'Inter', 'Poppins', 'Roboto', sans-serif; font-size: 18px; font-weight: 500; color: #333e48;\">\u2705 Ultra alta precisi\u00f3n (\u00b10,01 mm)<\/h3>\n  <p style=\"font-family: 'Inter', 'Poppins', 'Roboto', sans-serif; font-size: 17px; line-height: 1.7; color: #4a5a6a;\">\n    Garantizamos una tolerancia de \u00b10,01 mm en todas las mediciones. <strong>piezas de maquinaria CNC<\/strong>. Este nivel de precisi\u00f3n garantiza un ajuste perfecto y un rendimiento estable en conjuntos mec\u00e1nicos como soportes, ejes, carcasas de engranajes y bastidores base.\n  <\/p>\n<\/div>\n\n<div style=\"margin-top: 20px;\">\n  <h3 style=\"font-family: 'Inter', 'Poppins', 'Roboto', sans-serif; font-size: 18px; font-weight: 500; color: #333e48;\">\u2705 Prototipado r\u00e1pido (2\u20133 d\u00edas laborables)<\/h3>\n  <p style=\"font-family: 'Inter', 'Poppins', 'Roboto', sans-serif; font-size: 17px; line-height: 1.7; color: #4a5a6a;\">\n    \u00bfNecesita piezas r\u00e1pidamente? Apoyamos ciclos de desarrollo urgentes con prototipos de 2 a 3 d\u00edas para componentes de aluminio y acero inoxidable, ideales para pruebas de maquinaria, validaci\u00f3n de l\u00edneas o ensayos funcionales.\n  <\/p>\n<\/div>\n\n<div style=\"margin-top: 20px;\">\n  <h3 style=\"font-family: 'Inter', 'Poppins', 'Roboto', sans-serif; font-size: 18px; font-weight: 500; color: #333e48;\">\u2705 Cantidad m\u00ednima de pedido baja<\/h3>\n  <p style=\"font-family: 'Inter', 'Poppins', 'Roboto', sans-serif; font-size: 17px; line-height: 1.7; color: #4a5a6a;\">\n    Gestionamos tanto lotes peque\u00f1os como producci\u00f3n en volumen: perfecto para series piloto, piezas de repuesto o ensamblajes mec\u00e1nicos personalizados para uso industrial.\n  <\/p>\n<\/div>\n\n<div style=\"margin-top: 20px;\">\n  <h3 style=\"font-family: 'Inter', 'Poppins', 'Roboto', sans-serif; font-size: 18px; font-weight: 500; color: #333e48;\">\u2705 Informes de inspecci\u00f3n completos<\/h3>\n  <p style=\"font-family: 'Inter', 'Poppins', 'Roboto', sans-serif; font-size: 17px; line-height: 1.7; color: #4a5a6a;\">\n    Cada entrega incluye informes de inspecci\u00f3n completos \u2014que abarcan la precisi\u00f3n dimensional, la calidad del acabado superficial y la certificaci\u00f3n de materiales\u2014 disponibles a petici\u00f3n.\n  <\/p>\n<\/div>\n\n<div style=\"margin-top: 20px;\">\n  <h3 style=\"font-family: 'Inter', 'Poppins', 'Roboto', sans-serif; font-size: 18px; font-weight: 500; color: #333e48;\">\u2705 Env\u00edos internacionales y log\u00edstica r\u00e1pida<\/h3>\n  <p style=\"font-family: 'Inter', 'Poppins', 'Roboto', sans-serif; font-size: 17px; line-height: 1.7; color: #4a5a6a;\">\n    Colaboramos con DHL, FedEx y UPS para realizar env\u00edos internacionales en un plazo de 3 a 7 d\u00edas. No importa d\u00f3nde se encuentre, le enviamos sus pedidos de forma r\u00e1pida y fiable.\n  <\/p>\n<\/div>\n\n<div style=\"margin-top: 20px;\">\n  <h3 style=\"font-family: 'Inter', 'Poppins', 'Roboto', sans-serif; font-size: 18px; font-weight: 500; color: #333e48;\">\u2705 Certificaci\u00f3n ISO 9001<\/h3>\n  <p style=\"font-family: 'Inter', 'Poppins', 'Roboto', sans-serif; font-size: 17px; line-height: 1.7; color: #4a5a6a;\">\n    Nuestras instalaciones son <a href=\"https:\/\/www.iso.org\/iso-9001-quality-management.html\" target=\"_blank\" rel=\"noopener\">Certificaci\u00f3n ISO 9001<\/a>, garantizando que nuestros procesos cumplan con los est\u00e1ndares internacionales de calidad y trazabilidad para la fabricaci\u00f3n de componentes mec\u00e1nicos.\n  <\/p>\n<\/div>\n\n\n\n<p><\/p>\n\n\n<h2 class=\"wp-block-heading\" id=\"get-a-quote-for-cnc-machinery-parts\">Solicite un presupuesto para piezas de maquinaria CNC<\/h2>\n\n<h3 class=\"wp-block-heading\" id=\"should-have-questions-about-your-cnc-machinery-parts-so-far\"><strong>\u00bfTiene alguna pregunta sobre las piezas de su maquinaria CNC hasta el momento?<\/strong><\/h3>\n\n\n<p>Nuestro equipo de expertos est\u00e1 listo para brindarle asistencia r\u00e1pida y profesional. Ya sea que necesite un prototipo o una producci\u00f3n en gran volumen, estamos aqu\u00ed para ayudarle, desde la selecci\u00f3n de materiales hasta la entrega final.<\/p>\n\n\n\n<p>\u2705 Respuesta r\u00e1pida<br>\u2705 Precios competitivos<br>\u2705 Soporte para env\u00edos internacionales<\/p>\n\n\n\n<p>\ud83d\udce7 sales@hdproto.com o william@hdproto.com<\/p>\n\n\n\n<p>\ud83d\udcde +86 133 9271 1394 (Tel\u00e9fono y WhatsApp)<\/p>\n\n\n\n<div class=\"wp-block-uagb-buttons uagb-buttons__outer-wrap uagb-btn__default-btn uagb-btn-tablet__default-btn uagb-btn-mobile__default-btn uagb-block-59119420\"><div class=\"uagb-buttons__wrap uagb-buttons-layout-wrap\">\n<div class=\"wp-block-uagb-buttons-child uagb-buttons__outer-wrap uagb-block-c760d2f4 wp-block-button\"><div class=\"uagb-button__wrapper\"><a class=\"uagb-buttons-repeater wp-block-button__link\" aria-label=\"\" href=\"https:\/\/hdproto.com\/contact-cnc-machining-company\" rel=\"follow noopener\" target=\"_blank\" role=\"button\"><div class=\"uagb-button__link\">Enviar consulta<\/div><\/a><\/div><\/div>\n<\/div><\/div>\n\n\n\n<p><\/p>\n<\/div>","protected":false},"excerpt":{"rendered":"<p>Precision CNC Machinery Parts Manufacturer for Industrial Applications At Dongguan Huade Precision Manufacturing Co., Ltd., we deliver CNC-machined parts engineered for the challenges of modern machinery. From automation systems to heavy-duty equipment, our components are built to perform\u2014precisely, reliably, and consistently. Every piece we produce is crafted with attention to detail, meeting tight tolerances down [&hellip;]<\/p>\n","protected":false},"author":2,"featured_media":0,"parent":799,"menu_order":0,"comment_status":"closed","ping_status":"closed","template":"","meta":{"_acf_changed":false,"_uag_custom_page_level_css":"","site-sidebar-layout":"default","site-content-layout":"","ast-site-content-layout":"default","site-content-style":"default","site-sidebar-style":"default","ast-global-header-display":"","ast-banner-title-visibility":"","ast-main-header-display":"","ast-hfb-above-header-display":"","ast-hfb-below-header-display":"","ast-hfb-mobile-header-display":"","site-post-title":"","ast-breadcrumbs-content":"","ast-featured-img":"","footer-sml-layout":"","ast-disable-related-posts":"","theme-transparent-header-meta":"","adv-header-id-meta":"","stick-header-meta":"","header-above-stick-meta":"","header-main-stick-meta":"","header-below-stick-meta":"","astra-migrate-meta-layouts":"set","ast-page-background-enabled":"default","ast-page-background-meta":{"desktop":{"background-color":"","background-image":"","background-repeat":"repeat","background-position":"center center","background-size":"auto","background-attachment":"scroll","background-type":"","background-media":"","overlay-type":"","overlay-color":"","overlay-opacity":"","overlay-gradient":""},"tablet":{"background-color":"","background-image":"","background-repeat":"repeat","background-position":"center center","background-size":"auto","background-attachment":"scroll","background-type":"","background-media":"","overlay-type":"","overlay-color":"","overlay-opacity":"","overlay-gradient":""},"mobile":{"background-color":"","background-image":"","background-repeat":"repeat","background-position":"center center","background-size":"auto","background-attachment":"scroll","background-type":"","background-media":"","overlay-type":"","overlay-color":"","overlay-opacity":"","overlay-gradient":""}},"ast-content-background-meta":{"desktop":{"background-color":"var(--ast-global-color-5)","background-image":"","background-repeat":"repeat","background-position":"center center","background-size":"auto","background-attachment":"scroll","background-type":"","background-media":"","overlay-type":"","overlay-color":"","overlay-opacity":"","overlay-gradient":""},"tablet":{"background-color":"var(--ast-global-color-5)","background-image":"","background-repeat":"repeat","background-position":"center center","background-size":"auto","background-attachment":"scroll","background-type":"","background-media":"","overlay-type":"","overlay-color":"","overlay-opacity":"","overlay-gradient":""},"mobile":{"background-color":"var(--ast-global-color-5)","background-image":"","background-repeat":"repeat","background-position":"center center","background-size":"auto","background-attachment":"scroll","background-type":"","background-media":"","overlay-type":"","overlay-color":"","overlay-opacity":"","overlay-gradient":""}},"footnotes":""},"class_list":["post-1383","page","type-page","status-publish","hentry"],"acf":[],"uagb_featured_image_src":{"full":false,"thumbnail":false,"medium":false,"medium_large":false,"large":false,"1536x1536":false,"2048x2048":false,"trp-custom-language-flag":false},"uagb_author_info":{"display_name":"Huade CNC","author_link":"https:\/\/cms.hdproto.com\/es\/author\/sales\/"},"uagb_comment_info":0,"uagb_excerpt":"Precision CNC Machinery Parts Manufacturer for Industrial Applications At Dongguan Huade Precision Manufacturing Co., Ltd., we deliver CNC-machined parts engineered for the challenges of modern machinery. From automation systems to heavy-duty equipment, our components are built to perform\u2014precisely, reliably, and consistently. Every piece we produce is crafted with attention to detail, meeting tight tolerances down&hellip;","_links":{"self":[{"href":"https:\/\/cms.hdproto.com\/es\/wp-json\/wp\/v2\/pages\/1383","targetHints":{"allow":["GET"]}}],"collection":[{"href":"https:\/\/cms.hdproto.com\/es\/wp-json\/wp\/v2\/pages"}],"about":[{"href":"https:\/\/cms.hdproto.com\/es\/wp-json\/wp\/v2\/types\/page"}],"author":[{"embeddable":true,"href":"https:\/\/cms.hdproto.com\/es\/wp-json\/wp\/v2\/users\/2"}],"replies":[{"embeddable":true,"href":"https:\/\/cms.hdproto.com\/es\/wp-json\/wp\/v2\/comments?post=1383"}],"version-history":[{"count":17,"href":"https:\/\/cms.hdproto.com\/es\/wp-json\/wp\/v2\/pages\/1383\/revisions"}],"predecessor-version":[{"id":4308,"href":"https:\/\/cms.hdproto.com\/es\/wp-json\/wp\/v2\/pages\/1383\/revisions\/4308"}],"up":[{"embeddable":true,"href":"https:\/\/cms.hdproto.com\/es\/wp-json\/wp\/v2\/pages\/799"}],"wp:attachment":[{"href":"https:\/\/cms.hdproto.com\/es\/wp-json\/wp\/v2\/media?parent=1383"}],"curies":[{"name":"wp","href":"https:\/\/api.w.org\/{rel}","templated":true}]}}