{"id":1367,"date":"2025-07-14T09:35:20","date_gmt":"2025-07-14T09:35:20","guid":{"rendered":"https:\/\/hdproto.com\/?page_id=1367"},"modified":"2026-02-06T09:56:59","modified_gmt":"2026-02-06T09:56:59","slug":"piezas-de-automocion-cnc","status":"publish","type":"page","link":"https:\/\/cms.hdproto.com\/es\/products\/cnc-automotive-parts\/","title":{"rendered":"piezas de automoci\u00f3n CNC"},"content":{"rendered":"<div class=\"wp-block-uagb-advanced-heading uagb-block-69af9d91\"><h2 class=\"uagb-heading-text\">Fabricante de piezas de automoci\u00f3n CNC personalizadas en China<\/h2><\/div>\n\n\n\n<p><\/p>\n\n\n\n<p>Dongguan Huade Precision Manufacturing Co., Ltd. se especializa en la producci\u00f3n de alta precisi\u00f3n <strong>Piezas de automoci\u00f3n CNC<\/strong> Para clientes OEM y del mercado de repuestos a nivel mundial. Con una tolerancia de \u00b10,01 mm, prototipado r\u00e1pido en 2-3 d\u00edas y trazabilidad completa del material, nuestros componentes mecanizados se utilizan ampliamente en sistemas de motores de autom\u00f3viles, soportes de suspensi\u00f3n, carcasas de cajas de cambios, disipadores de calor y soportes estructurales.<\/p>\n\n\n\n<p>Damos soporte a pedidos personalizados de bajo volumen y garantizamos una entrega r\u00e1pida y fiable a clientes de todo el mundo. Tanto si necesita piezas CNC de aluminio o acero inoxidable para componentes de transmisi\u00f3n, sistemas de frenado o chasis ligeros, Huade le ofrece precisi\u00f3n y rendimiento. Nuestro equipo de ingenier\u00eda interno colabora estrechamente con los clientes para cumplir con sus especificaciones exactas, desde la creaci\u00f3n de prototipos hasta la producci\u00f3n en serie.<\/p>\n\n\n\n<p>Como una persona de confianza <strong>Piezas de automoci\u00f3n CNC<\/strong> Como fabricantes en China, combinamos equipos de vanguardia con un estricto control de calidad para garantizar una producci\u00f3n uniforme. Todos los materiales provienen de proveedores certificados y ofrecemos acabados superficiales como anodizado, pintura en polvo, pavonado y galvanoplastia para cumplir con los est\u00e1ndares de durabilidad del sector automotriz.<\/p>\n\n\n\n<p>Elegir Huade significa asociarse con un equipo que comprende los desaf\u00edos de la fabricaci\u00f3n de autopartes, incluyendo el control de tolerancias, la velocidad de producci\u00f3n y el cumplimiento de las normas internacionales. Nos comprometemos a ayudarle a acelerar el desarrollo de sus productos y a mantener una ventaja competitiva en la industria automotriz. Nuestras instalaciones est\u00e1n <a href=\"https:\/\/www.iso.org\/iso-9001-quality-management.html\" target=\"_blank\" data-type=\"link\" data-id=\"https:\/\/www.iso.org\/iso-9001-quality-management.html\" rel=\"noreferrer noopener\">ISO 9001<\/a><a> certificado<\/a>, lo que significa que nuestra producci\u00f3n, inspecci\u00f3n y gesti\u00f3n cumplen con los est\u00e1ndares internacionales de calidad.<\/p>\n\n\n\n<p><\/p>\n\n\n\n<p><\/p>\n\n\n<h2 class=\"wp-block-heading\" id=\"applications-of-cnc-machined-automotive-parts\">Aplicaciones de piezas automotrices mecanizadas por CNC<\/h2>\n\n\n<div class=\"wp-block-uagb-container uagb-block-542f5bbf alignfull uagb-is-root-container\"><div class=\"uagb-container-inner-blocks-wrap\">\n<div class=\"wp-block-uagb-container uagb-block-14416465\">\n<div class=\"wp-block-uagb-info-box uagb-block-f7c15f6f uagb-infobox__content-wrap  uagb-infobox-icon-above-title uagb-infobox-image-valign-top\"><div class=\"uagb-ifb-content\"><div class=\"uagb-ifb-image-content\"><img decoding=\"async\" src=\"https:\/\/hdproto.com\/wp-content\/uploads\/2026\/01\/CNC-parts.jpg\" alt=\"Componentes de piezas de automoci\u00f3n mecanizadas por CNC\" width=\"\" height=\"0\" loading=\"lazy\"\/><\/div><div class=\"uagb-ifb-title-wrap\"><h3 class=\"uagb-ifb-title\">Carcasa de bomba turbo automotriz CNC<\/h3><\/div><p class=\"uagb-ifb-desc\">Como pieza de automoci\u00f3n CNC de precisi\u00f3n, esta carcasa de turbobomba de aluminio est\u00e1 dise\u00f1ada para sistemas de refrigeraci\u00f3n y lubricaci\u00f3n de motores turboalimentados. Con una precisi\u00f3n de mecanizado de \u00b10,01 mm y una excelente resistencia a la corrosi\u00f3n, es ideal tanto para aplicaciones OEM como de posventa que requieren una alta fiabilidad y un rendimiento estable.<\/p><\/div><\/div>\n<\/div>\n\n\n\n<div class=\"wp-block-uagb-container uagb-block-40dd48e2\">\n<div class=\"wp-block-uagb-info-box uagb-block-cde81d2e uagb-infobox__content-wrap  uagb-infobox-icon-above-title uagb-infobox-image-valign-top\"><div class=\"uagb-ifb-content\"><div class=\"uagb-ifb-image-content\"><img decoding=\"async\" src=\"https:\/\/hdproto.com\/wp-content\/uploads\/2026\/01\/precision-machined-CNC-automotive-parts.jpg\" alt=\"Huade Precision CNC mecanizado de piezas de autom\u00f3viles - componentes de aluminio torneado\" width=\"\" height=\"0\" loading=\"lazy\"\/><\/div><div class=\"uagb-ifb-title-wrap\"><h3 class=\"uagb-ifb-title\">CNC Carcasa de junta de automoci\u00f3n<\/h3><\/div><p class=\"uagb-ifb-desc\">Como pieza CNC de precisi\u00f3n para automoci\u00f3n, este alojamiento de junta de aluminio est\u00e1 dise\u00f1ado para sistemas de transmisi\u00f3n y suspensi\u00f3n. Con roscado profundo, fresado multieje y control de tolerancia de \u00b10,01 mm, proporciona un fuerte soporte de carga y un rendimiento fiable a largo plazo tanto para aplicaciones OEM como de posventa.<\/p><\/div><\/div>\n<\/div>\n\n\n\n<div class=\"wp-block-uagb-container uagb-block-3b0302be\">\n<div class=\"wp-block-uagb-info-box uagb-block-4471a001 uagb-infobox__content-wrap  uagb-infobox-icon-above-title uagb-infobox-image-valign-top\"><div class=\"uagb-ifb-content\"><div class=\"uagb-ifb-image-content\"><img decoding=\"async\" src=\"https:\/\/hdproto.com\/wp-content\/uploads\/2026\/01\/Huade-CNC-automotive-parts.jpg\" alt=\"Carcasa de la junta de automoci\u00f3n de aluminio mecanizado CNC de precisi\u00f3n con taladro de rosca profunda y estructura de yugo fresada en varios ejes.\" width=\"\" height=\"0\" loading=\"lazy\"\/><\/div><div class=\"uagb-ifb-title-wrap\"><h3 class=\"uagb-ifb-title\">CNC Carcasas de autom\u00f3viles<\/h3><\/div><p class=\"uagb-ifb-desc\">Carcasas de juntas de aluminio mecanizadas con CNC de precisi\u00f3n utilizadas en sistemas de transmisi\u00f3n y suspensi\u00f3n de automoci\u00f3n. Estas piezas CNC cuentan con roscado profundo y brazos de yugo fresados en varios ejes con una precisi\u00f3n de \u00b10,01 mm, lo que proporciona una gran rigidez, una rotaci\u00f3n suave y fiabilidad a largo plazo. <\/p><\/div><\/div>\n<\/div>\n\n\n\n<div class=\"wp-block-uagb-container uagb-block-cf112ef3\">\n<div class=\"wp-block-uagb-info-box uagb-block-6ad15585 uagb-infobox__content-wrap  uagb-infobox-icon-above-title uagb-infobox-image-valign-top\"><div class=\"uagb-ifb-content\"><div class=\"uagb-ifb-image-content\"><img decoding=\"async\" src=\"https:\/\/hdproto.com\/wp-content\/uploads\/2026\/01\/CNC-Automotive-Component-from-Huade.webp\" alt=\"Soporte de suspensi\u00f3n para autom\u00f3viles mecanizado por CNC\" width=\"\" height=\"0\" loading=\"lazy\"\/><\/div><div class=\"uagb-ifb-title-wrap\"><h3 class=\"uagb-ifb-title\">Soportes de suspensi\u00f3n CNC para automoci\u00f3n<\/h3><\/div><p class=\"uagb-ifb-desc\">Estos soportes de suspensi\u00f3n de precisi\u00f3n mecanizados por CNC est\u00e1n fabricados en aluminio de alta resistencia con una precisi\u00f3n de \u00b10,01 mm. Cuentan con m\u00faltiples caras de montaje y orificios controlados para una alineaci\u00f3n estable, lo que los hace ideales para aplicaciones de automoci\u00f3n OEM y de alto rendimiento.<\/p><\/div><\/div>\n<\/div>\n<\/div><\/div>\n\n\n\n<p class=\"has-medium-font-size\">Todas las piezas est\u00e1n mecanizadas a partir de materiales certificados (aluminio 6082\/7075, acero inoxidable, titanio, etc.), y admiten anodizado, pavonado, recubrimiento en polvo y m\u00e1s.<\/p>\n\n\n<h2 class=\"wp-block-heading\" id=\"why-choose-huade-for-cnc-automotive-parts\">\u00bfPor qu\u00e9 elegir Huade para piezas de automoci\u00f3n CNC?<\/h2>\n\n\n<p style=\"font-family: 'Inter', 'Poppins', 'Roboto', sans-serif; font-size: 17px; line-height: 1.7; color: #4a5a6a; font-weight: 400;\">\n  Colaboraci\u00f3n con <strong style=\"font-weight: 500;\">Dongguan Huade Precision Manufacturing Co., Ltd.<\/strong> Significa elegir fiabilidad, precisi\u00f3n y servicio. He aqu\u00ed por qu\u00e9 las marcas automovil\u00edsticas globales conf\u00edan en nosotros:\n<\/p>\n\n<div style=\"margin-top: 20px;\">\n  <h3 style=\"font-family: 'Inter', 'Poppins', 'Roboto', sans-serif; font-size: 18px; font-weight: 500; color: #333e48;\">\u2705 Ultra alta precisi\u00f3n (\u00b10,01 mm)<\/h3>\n  <p style=\"font-family: 'Inter', 'Poppins', 'Roboto', sans-serif; font-size: 17px; line-height: 1.7; color: #4a5a6a;\">\n    Garantizamos una tolerancia de \u00b10,01 mm en todas las piezas automotrices mecanizadas por CNC. Este nivel de precisi\u00f3n asegura un ajuste perfecto y un funcionamiento fiable en aplicaciones automotrices cr\u00edticas como bloques de motor, soportes de suspensi\u00f3n y carcasas.\n  <\/p>\n<\/div>\n\n<div style=\"margin-top: 20px;\">\n  <h3 style=\"font-family: 'Inter', 'Poppins', 'Roboto', sans-serif; font-size: 18px; font-weight: 500; color: #333e48;\">\u2705 Prototipado r\u00e1pido (2\u20133 d\u00edas laborables)<\/h3>\n  <p style=\"font-family: 'Inter', 'Poppins', 'Roboto', sans-serif; font-size: 17px; line-height: 1.7; color: #4a5a6a;\">\n    \u00bfLo necesita r\u00e1pido? Apoyamos los ciclos de desarrollo de productos urgentes con prototipos r\u00e1pidos de 2 a 3 d\u00edas para la mayor\u00eda de las piezas de aluminio y acero inoxidable, lo que le ayuda a acortar el tiempo de comercializaci\u00f3n.\n  <\/p>\n<\/div>\n\n<div style=\"margin-top: 20px;\">\n  <h3 style=\"font-family: 'Inter', 'Poppins', 'Roboto', sans-serif; font-size: 18px; font-weight: 500; color: #333e48;\">\u2705 Cantidad m\u00ednima de pedido baja<\/h3>\n  <p style=\"font-family: 'Inter', 'Poppins', 'Roboto', sans-serif; font-size: 17px; line-height: 1.7; color: #4a5a6a;\">\n    Nos adaptamos tanto a tiradas de producci\u00f3n de bajo volumen como de alto volumen, ideales para la creaci\u00f3n de prototipos, el soporte posventa o la fabricaci\u00f3n de series limitadas.\n  <\/p>\n<\/div>\n\n<div style=\"margin-top: 20px;\">\n  <h3 style=\"font-family: 'Inter', 'Poppins', 'Roboto', sans-serif; font-size: 18px; font-weight: 500; color: #333e48;\">\u2705 Informes de inspecci\u00f3n completos<\/h3>\n  <p style=\"font-family: 'Inter', 'Poppins', 'Roboto', sans-serif; font-size: 17px; line-height: 1.7; color: #4a5a6a;\">\n    Cada env\u00edo incluye informes de calidad completos con mediciones dimensionales, an\u00e1lisis del acabado superficial y certificaciones de materiales a petici\u00f3n del cliente.\n  <\/p>\n<\/div>\n\n<div style=\"margin-top: 20px;\">\n  <h3 style=\"font-family: 'Inter', 'Poppins', 'Roboto', sans-serif; font-size: 18px; font-weight: 500; color: #333e48;\">\u2705 Env\u00edos internacionales y log\u00edstica r\u00e1pida<\/h3>\n  <p style=\"font-family: 'Inter', 'Poppins', 'Roboto', sans-serif; font-size: 17px; line-height: 1.7; color: #4a5a6a;\">\n    Colaboramos con DHL, FedEx y UPS para garantizar la entrega global en un plazo de 3 a 7 d\u00edas. Ya sea que te encuentres en Norteam\u00e9rica, Europa o el Sudeste Asi\u00e1tico, te entregamos r\u00e1pido.\n  <\/p>\n<\/div>\n\n<div style=\"margin-top: 20px;\">\n  <h3 style=\"font-family: 'Inter', 'Poppins', 'Roboto', sans-serif; font-size: 18px; font-weight: 500; color: #333e48;\">\u2705 Certificaci\u00f3n ISO 9001<\/h3>\n  <p style=\"font-family: 'Inter', 'Poppins', 'Roboto', sans-serif; font-size: 17px; line-height: 1.7; color: #4a5a6a;\">\n    Nuestras instalaciones cuentan con la certificaci\u00f3n ISO 9001, lo que significa que nuestra producci\u00f3n, inspecci\u00f3n y gesti\u00f3n cumplen con los est\u00e1ndares internacionales de calidad, brind\u00e1ndole tranquilidad.\n  <\/p>\n<\/div>\n\n\n\n<p><\/p>\n\n\n<h2 class=\"wp-block-heading\" id=\"get-a-quote-for-cnc-automotive-parts\">Solicite un presupuesto para piezas automotrices CNC.<\/h2>\n\n<h3 class=\"wp-block-heading\" id=\"have-questions-about-your-cnc-automotive-project\"><strong>\u00bfTienes preguntas sobre tu proyecto CNC para automoci\u00f3n?<\/strong><\/h3>\n\n\n<p>Nuestro equipo de expertos est\u00e1 listo para brindarle asistencia r\u00e1pida y profesional. Ya sea que necesite un prototipo o una producci\u00f3n en gran volumen, estamos aqu\u00ed para ayudarle, desde la selecci\u00f3n de materiales hasta la entrega final.<\/p>\n\n\n\n<p>\u2705 Respuesta r\u00e1pida<br>\u2705 Precios competitivos<br>\u2705 Soporte para env\u00edos internacionales<\/p>\n\n\n\n<p>\ud83d\udce7 sales@hdproto.com o william@hdproto.com<\/p>\n\n\n\n<p>\ud83d\udcde +86 133 9271 1394 (Tel\u00e9fono y WhatsApp)<\/p>\n\n\n\n<div class=\"wp-block-uagb-buttons uagb-buttons__outer-wrap uagb-btn__default-btn uagb-btn-tablet__default-btn uagb-btn-mobile__default-btn uagb-block-59119420\"><div class=\"uagb-buttons__wrap uagb-buttons-layout-wrap\">\n<div class=\"wp-block-uagb-buttons-child uagb-buttons__outer-wrap uagb-block-c760d2f4 wp-block-button\"><div class=\"uagb-button__wrapper\"><a class=\"uagb-buttons-repeater wp-block-button__link\" aria-label=\"\" href=\"https:\/\/hdproto.com\/contact-cnc-machining-company\" rel=\"follow noopener\" target=\"_self\" role=\"button\"><div class=\"uagb-button__link\">Enviar consulta<\/div><\/a><\/div><\/div>\n<\/div><\/div>\n\n\n\n<p><\/p>","protected":false},"excerpt":{"rendered":"<p>Custom CNC Automotive Parts Manufacturer in China Dongguan Huade Precision Manufacturing Co., Ltd. specializes in the production of high-precision CNC automotive parts for global OEM and aftermarket customers. With \u00b10.01mm tolerance, 2\u20133 day rapid prototyping, and full material traceability, our machined components are widely used in automotive engine systems, suspension brackets, gearbox housings, heat sinks, [&hellip;]<\/p>\n","protected":false},"author":2,"featured_media":0,"parent":799,"menu_order":0,"comment_status":"closed","ping_status":"closed","template":"","meta":{"_acf_changed":false,"_uag_custom_page_level_css":"","site-sidebar-layout":"default","site-content-layout":"","ast-site-content-layout":"default","site-content-style":"default","site-sidebar-style":"default","ast-global-header-display":"","ast-banner-title-visibility":"","ast-main-header-display":"","ast-hfb-above-header-display":"","ast-hfb-below-header-display":"","ast-hfb-mobile-header-display":"","site-post-title":"","ast-breadcrumbs-content":"","ast-featured-img":"","footer-sml-layout":"","ast-disable-related-posts":"","theme-transparent-header-meta":"","adv-header-id-meta":"","stick-header-meta":"","header-above-stick-meta":"","header-main-stick-meta":"","header-below-stick-meta":"","astra-migrate-meta-layouts":"set","ast-page-background-enabled":"default","ast-page-background-meta":{"desktop":{"background-color":"","background-image":"","background-repeat":"repeat","background-position":"center center","background-size":"auto","background-attachment":"scroll","background-type":"","background-media":"","overlay-type":"","overlay-color":"","overlay-opacity":"","overlay-gradient":""},"tablet":{"background-color":"","background-image":"","background-repeat":"repeat","background-position":"center center","background-size":"auto","background-attachment":"scroll","background-type":"","background-media":"","overlay-type":"","overlay-color":"","overlay-opacity":"","overlay-gradient":""},"mobile":{"background-color":"","background-image":"","background-repeat":"repeat","background-position":"center center","background-size":"auto","background-attachment":"scroll","background-type":"","background-media":"","overlay-type":"","overlay-color":"","overlay-opacity":"","overlay-gradient":""}},"ast-content-background-meta":{"desktop":{"background-color":"var(--ast-global-color-5)","background-image":"","background-repeat":"repeat","background-position":"center center","background-size":"auto","background-attachment":"scroll","background-type":"","background-media":"","overlay-type":"","overlay-color":"","overlay-opacity":"","overlay-gradient":""},"tablet":{"background-color":"var(--ast-global-color-5)","background-image":"","background-repeat":"repeat","background-position":"center center","background-size":"auto","background-attachment":"scroll","background-type":"","background-media":"","overlay-type":"","overlay-color":"","overlay-opacity":"","overlay-gradient":""},"mobile":{"background-color":"var(--ast-global-color-5)","background-image":"","background-repeat":"repeat","background-position":"center center","background-size":"auto","background-attachment":"scroll","background-type":"","background-media":"","overlay-type":"","overlay-color":"","overlay-opacity":"","overlay-gradient":""}},"footnotes":""},"class_list":["post-1367","page","type-page","status-publish","hentry"],"acf":[],"uagb_featured_image_src":{"full":false,"thumbnail":false,"medium":false,"medium_large":false,"large":false,"1536x1536":false,"2048x2048":false,"trp-custom-language-flag":false},"uagb_author_info":{"display_name":"Huade CNC","author_link":"https:\/\/cms.hdproto.com\/es\/author\/sales\/"},"uagb_comment_info":0,"uagb_excerpt":"Custom CNC Automotive Parts Manufacturer in China Dongguan Huade Precision Manufacturing Co., Ltd. specializes in the production of high-precision CNC automotive parts for global OEM and aftermarket customers. With \u00b10.01mm tolerance, 2\u20133 day rapid prototyping, and full material traceability, our machined components are widely used in automotive engine systems, suspension brackets, gearbox housings, heat sinks,&hellip;","_links":{"self":[{"href":"https:\/\/cms.hdproto.com\/es\/wp-json\/wp\/v2\/pages\/1367","targetHints":{"allow":["GET"]}}],"collection":[{"href":"https:\/\/cms.hdproto.com\/es\/wp-json\/wp\/v2\/pages"}],"about":[{"href":"https:\/\/cms.hdproto.com\/es\/wp-json\/wp\/v2\/types\/page"}],"author":[{"embeddable":true,"href":"https:\/\/cms.hdproto.com\/es\/wp-json\/wp\/v2\/users\/2"}],"replies":[{"embeddable":true,"href":"https:\/\/cms.hdproto.com\/es\/wp-json\/wp\/v2\/comments?post=1367"}],"version-history":[{"count":19,"href":"https:\/\/cms.hdproto.com\/es\/wp-json\/wp\/v2\/pages\/1367\/revisions"}],"predecessor-version":[{"id":4208,"href":"https:\/\/cms.hdproto.com\/es\/wp-json\/wp\/v2\/pages\/1367\/revisions\/4208"}],"up":[{"embeddable":true,"href":"https:\/\/cms.hdproto.com\/es\/wp-json\/wp\/v2\/pages\/799"}],"wp:attachment":[{"href":"https:\/\/cms.hdproto.com\/es\/wp-json\/wp\/v2\/media?parent=1367"}],"curies":[{"name":"wp","href":"https:\/\/api.w.org\/{rel}","templated":true}]}}