{"id":798,"date":"2025-07-09T02:39:42","date_gmt":"2025-07-09T02:39:42","guid":{"rendered":"https:\/\/hdproto.com\/about\/"},"modified":"2026-03-24T06:02:54","modified_gmt":"2026-03-24T06:02:54","slug":"uber-cnc-prazisionsbearbeitungshersteller","status":"publish","type":"page","link":"https:\/\/cms.hdproto.com\/de\/about-cnc-precision-machining-manufacturers\/","title":{"rendered":"Um"},"content":{"rendered":"<div class=\"wp-block-uagb-container uagb-block-ea8750ae alignfull uagb-is-root-container\">\n<div class=\"wp-block-uagb-advanced-heading uagb-block-5d0596af\"><h1 class=\"uagb-heading-text\">\u00dcber uns<\/h1><\/div>\n<\/div>\n\n\n\n<div class=\"wp-block-uagb-container uagb-layout-grid uagb-block-32e874b4 alignfull uagb-is-root-container\"><div class=\"uagb-container-inner-blocks-wrap\">\n<div class=\"wp-block-uagb-info-box uagb-block-fbae65f3 uagb-infobox__content-wrap  uagb-infobox-icon-above-title uagb-infobox-image-valign-top\"><div class=\"uagb-ifb-content\"><div class=\"uagb-ifb-title-wrap\"><h5 class=\"uagb-ifb-title-prefix\">Zuverl\u00e4ssige Hersteller von CNC-Pr\u00e4zisionsbearbeitungsmaschinen in China<\/h5><h3 class=\"uagb-ifb-title\">Pr\u00e4zision, Exzellenz &amp; CNC-Partnerschaften<br><\/h3><\/div><p class=\"uagb-ifb-desc\">Bei <strong>Huade<\/strong>, Wir konzentrieren uns auf die Bereitstellung pr\u00e4ziser CNC-Bearbeitungsdienstleistungen mit Innovation und Zuverl\u00e4ssigkeit. Unser Team engagiert sich f\u00fcr Genauigkeit, kosteneffiziente L\u00f6sungen und die Schaffung langfristiger Mehrwerte f\u00fcr Kunden weltweit.<br><br>Der Domainname <strong><a href=\"http:\/\/hdproto.com\" target=\"_blank\" rel=\"noreferrer noopener\">hdproto.com<\/a><\/strong> spiegelt unsere Expertise wider: <strong>\u201cHD\u201d steht f\u00fcr Huade<\/strong>, Und <strong>\u201cProto\u201d unterstreicht unseren Service f\u00fcr schnelles Prototyping.<\/strong>\u2014eines unserer Kernangebote f\u00fcr globale Kunden.<\/p><\/div><\/div>\n\n\n\n<div class=\"wp-block-uagb-info-box uagb-block-54f3395c uagb-infobox__content-wrap  uagb-infobox-icon-above-title uagb-infobox-image-valign-top\"><div class=\"uagb-ifb-content\"><div class=\"uagb-ifb-title-wrap\"><h3 class=\"uagb-ifb-title\">Vertrauensw\u00fcrdiger CNC-Hersteller seit 2010<\/h3><\/div><p class=\"uagb-ifb-desc\"><strong>Dongguan Huade Precision Manufacturing Co., Ltd<\/strong>. hat sich seit \u00fcber einem Jahrzehnt auf hochpr\u00e4zise CNC-Komponenten f\u00fcr die Automobil-, Luft- und Raumfahrt-, Medizin- und Elektronikindustrie spezialisiert.<br><br>Wir sind stolz darauf, Kunden in \u00fcber <strong>15 L\u00e4nder<\/strong>, mit mehr als <strong>5.000 einzigartige CNC-Teile geliefert<\/strong> branchen\u00fcbergreifend weltweit.<br><br>\ud83d\udccd 1. Stock, Geb\u00e4ude 2, Nr. 5, Jiangcheng West 1st Street, Gaobu Town, Dongguan City, Provinz Guangdong, China.<br>\ud83d\udcde +86 13392711394<br>\ud83c\udf10 <a href=\"https:\/\/hdproto.com\" target=\"_blank\" rel=\"noreferrer noopener\">hdproto.com<\/a><\/p><\/div><\/div>\n<\/div><\/div>\n\n\n\n<div class=\"wp-block-uagb-container uagb-block-4c6e127b alignfull uagb-is-root-container\"><div class=\"uagb-container-inner-blocks-wrap\">\n<div class=\"wp-block-uagb-container uagb-block-6be40f00 alignfull uagb-is-root-container\"><div class=\"uagb-container-inner-blocks-wrap\">\n<div class=\"wp-block-uagb-container uagb-layout-grid uagb-block-f4b0440c\">\n<div class=\"wp-block-uagb-info-box uagb-block-e7c5835b uagb-infobox__content-wrap  uagb-infobox-icon-above-title uagb-infobox-image-valign-top\"><div class=\"uagb-ifb-content\"><div class=\"uagb-ifb-title-wrap\"><h5 class=\"uagb-ifb-title-prefix\">\ud83d\udc49 <strong>Warum globale Kunden Huade Precision vertrauen<\/strong><\/h5><h2 class=\"uagb-ifb-title\">Die Zahlen sprechen f\u00fcr sich selbst.<\/h2><\/div><\/div><\/div>\n\n\n\n<div class=\"wp-block-uagb-counter uagb-block-24a0b4ad wp-block-uagb-counter--number\"><div class=\"wp-block-uagb-counter__number\"><span class=\"uagb-counter-block-number\" data-duration=\"2\" data-to-value=\"5000\" data-from-value=\"0\" data-delimiter=\",\"><\/span><\/div><div class=\"wp-block-uagb-counter__title\">Einzigartige Teilearten<\/div><\/div>\n\n\n\n<div class=\"wp-block-uagb-counter uagb-block-14824e59 wp-block-uagb-counter--number\"><div class=\"wp-block-uagb-counter__number\"><span class=\"uagb-counter-block-number\" data-duration=\"2\" data-to-value=\"15\" data-from-value=\"0\" data-delimiter=\",\"><\/span><\/div><div class=\"wp-block-uagb-counter__title\">Jahre Erfahrung<\/div><\/div>\n\n\n\n<div class=\"wp-block-uagb-counter uagb-block-604bbe6f wp-block-uagb-counter--number\"><div class=\"wp-block-uagb-counter__number\"><span class=\"uagb-counter-block-number\" data-duration=\"2\" data-to-value=\"1000\" data-from-value=\"0\" data-delimiter=\",\"><\/span><\/div><div class=\"wp-block-uagb-counter__title\">Betreuung globaler Kunden<\/div><\/div>\n<\/div>\n\n\n\n<div class=\"wp-block-uagb-container uagb-block-5ac09c0f\">\n<div class=\"wp-block-columns is-layout-flex wp-container-core-columns-is-layout-28f84493 wp-block-columns-is-layout-flex\">\n<div class=\"wp-block-column is-layout-flow wp-block-column-is-layout-flow\">\n<figure class=\"wp-block-video\"><video height=\"720\" style=\"aspect-ratio: 960 \/ 720;\" width=\"960\" controls src=\"https:\/\/hdproto.com\/wp-content\/uploads\/2025\/08\/cnc-milling-machine-operation.mp4\"><\/video><\/figure>\n<\/div>\n\n\n\n<div class=\"wp-block-column is-layout-flow wp-block-column-is-layout-flow\">\n<p>Vertrauensw\u00fcrdiger Hersteller von CNC-Pr\u00e4zisionsbearbeitungsmaschinen in China<\/p>\n\n\n\n<p>Huade ist ein zuverl\u00e4ssiger Hersteller von CNC-Pr\u00e4zisionsteilen und fertigt hochwertige, kundenspezifische Komponenten f\u00fcr Branchen weltweit. Dank langj\u00e4hriger Erfahrung und modernster Ausstattung bieten wir flexible Produktionsl\u00f6sungen \u2013 vom Prototypen bis zur Serienfertigung.<\/p>\n\n\n\n<p>Unser Engagement f\u00fcr Detailgenauigkeit, Qualit\u00e4t und termingerechte Lieferung hat uns das Vertrauen von Kunden aus der Automobil-, Luft- und Raumfahrt-, Elektronik- und weiteren Branchen eingebracht. Setzen Sie auf uns als Partner f\u00fcr Pr\u00e4zisionsteile und zuverl\u00e4ssigen Service, der Ihren Gesch\u00e4ftserfolg unterst\u00fctzt.<\/p>\n<\/div>\n<\/div>\n<\/div>\n\n\n\n<div class=\"wp-block-uagb-advanced-heading uagb-block-8e598847\"><h3 class=\"uagb-heading-text\">\ud83d\udc49 <strong>Jedes Detail z\u00e4hlt \u2013 vom Prototyp bis zur Serienproduktion<\/strong><br>Bei Huade Precision gehen wir \u00fcber die reine Fertigung hinaus. Wir pr\u00fcfen jedes noch so kleine Detail, um Pr\u00e4zision, Funktionalit\u00e4t und Kundenzufriedenheit zu gew\u00e4hrleisten. Ihre Ziele bestimmen unseren Prozess, und Ihr Erfolg ist unser oberstes Ziel.<\/h3><\/div>\n\n\n\n<div class=\"wp-block-uagb-container uagb-layout-grid uagb-block-2b8639e4\">\n<div class=\"wp-block-uagb-advanced-heading uagb-block-dda0e0fa\"><h4 class=\"uagb-heading-text\">Innovative L\u00f6sungen<\/h4><p class=\"uagb-desc-text\">Wir bieten innovative CNC-Bearbeitungsdienstleistungen, die exakt auf Ihre individuellen Produktanforderungen zugeschnitten sind. Von der Konzeption bis zur Auslieferung unterst\u00fctzen wir Sie dabei, Herausforderungen zu meistern und Ihre Ideen mit h\u00f6chster Pr\u00e4zision umzusetzen.<\/p><\/div>\n\n\n\n<div class=\"wp-block-uagb-advanced-heading uagb-block-b946363e\"><h4 class=\"uagb-heading-text\">Un\u00fcbertroffene Qualit\u00e4t<\/h4><p class=\"uagb-desc-text\">Unsere Teile unterliegen einer strengen Qualit\u00e4tskontrolle mit einer Toleranz von \u00b10,01 mm. Ob Prototyp oder Serienfertigung \u2013 jedes Bauteil spiegelt unser Engagement f\u00fcr gleichbleibende Exzellenz wider.<\/p><\/div>\n\n\n\n<div class=\"wp-block-uagb-advanced-heading uagb-block-21f13684\"><h3 class=\"uagb-heading-text\">Wir liefern zuverl\u00e4ssige CNC-Bearbeitungsl\u00f6sungen mit kurzen Lieferzeiten und reaktionsschnellem Support, um Ihr Unternehmenswachstum zu f\u00f6rdern.<\/h3><\/div>\n<\/div>\n<\/div><\/div>\n\n\n\n<div class=\"wp-block-uagb-container uagb-block-e82ccc28\">\n<div class=\"wp-block-uagb-container uagb-block-2df923ca\"><\/div>\n<\/div>\n\n\n\n<p style=\"padding-right:var(--wp--preset--spacing--40);padding-left:var(--wp--preset--spacing--40)\">\ud83d\udccc Auf der Suche nach <strong>zuverl\u00e4ssige Hersteller von CNC-Pr\u00e4zisionsbearbeitungen<\/strong> mit der F\u00e4higkeit, sowohl komplexe Prototypen als auch Gro\u00dfauftr\u00e4ge abzuwickeln? <strong>Huade Precision<\/strong> Wir bieten Qualit\u00e4t, Schnelligkeit und Flexibilit\u00e4t \u2013 alles aus einer Hand in China. Sprechen wir noch heute \u00fcber Ihr Projekt.<\/p>\n\n\n\n<div class=\"wp-block-uagb-container uagb-block-27605643\">\n<div class=\"wp-block-columns is-layout-flex wp-container-core-columns-is-layout-954ec4bb wp-block-columns-is-layout-flex\" style=\"padding-right:var(--wp--preset--spacing--40);padding-left:var(--wp--preset--spacing--40)\">\n<div class=\"wp-block-column is-layout-flow wp-block-column-is-layout-flow\">\n<div class=\"wp-block-uagb-image uagb-block-e9332ac5 wp-block-uagb-image--layout-default wp-block-uagb-image--effect-static wp-block-uagb-image--align-none\"><figure class=\"wp-block-uagb-image__figure\"><img loading=\"lazy\" decoding=\"async\" srcset=\"https:\/\/hdproto.com\/wp-content\/uploads\/2025\/10\/Company-Reception-Area.jpg ,https:\/\/hdproto.com\/wp-content\/uploads\/2025\/10\/Company-Reception-Area.jpg 780w, https:\/\/hdproto.com\/wp-content\/uploads\/2025\/10\/Company-Reception-Area.jpg 360w\" sizes=\"auto, (max-width: 480px) 150px\" src=\"https:\/\/hdproto.com\/wp-content\/uploads\/2025\/10\/Company-Reception-Area.jpg\" alt=\"Empfangsbereich der Firma Huade mit Rezeption und Firmenlogo an der Wand\" class=\"uag-image-3164\" width=\"1067\" height=\"800\" title=\"Empfangsbereich der Firma Huade\" role=\"img\"\/><\/figure><\/div>\n<\/div>\n\n\n\n<div class=\"wp-block-column is-layout-flow wp-block-column-is-layout-flow\"><h3 class=\"wp-block-heading\" id=\"about-huade-precision-your-trusted-cnc-precision-machining-manufacturer-in-china\">\u00dcber Huade Precision \u2013 Ihr zuverl\u00e4ssiger Hersteller von CNC-Pr\u00e4zisionsbearbeitung in China<\/h3>\n\n\n<p>Seit 2010, <strong>Dongguan Huade Precision Manufacturing Co., Ltd.<\/strong> ist ein zuverl\u00e4ssiger Hersteller von CNC-Bearbeitungsmaschinen in Dongguan, China, der hochpr\u00e4zise kundenspezifische Metallkomponenten mit engen Toleranzen und au\u00dfergew\u00f6hnlichen Oberfl\u00e4cheng\u00fcten liefert. Wir unterst\u00fctzen eine Vielzahl von Branchen, darunter die Automobilindustrie, Luft- und Raumfahrt, Robotik, medizinische Ger\u00e4te, Unterhaltungselektronik und Energie.<\/p>\n\n\n\n<p>Als Full-Service-CNC-Bearbeitungsbetrieb verf\u00fcgen wir \u00fcber fortschrittliche 3-, 4- und 5-Achsen-Bearbeitungszentren, die von qualifizierten Technikern und einem strengen ISO-zertifizierten Qualit\u00e4tssystem unterst\u00fctzt werden. Ob f\u00fcr das Rapid Prototyping oder die Serienfertigung, wir liefern \u00b10,01 mm Pr\u00e4zision, schnelle Durchlaufzeiten und zuverl\u00e4ssige Qualit\u00e4t f\u00fcr Materialien wie Aluminium, Edelstahl, Messing, Titan und technische Kunststoffe.<\/p>\n<\/div>\n<\/div>\n<\/div>\n\n\n\n<div style=\"height:30px\" aria-hidden=\"true\" class=\"wp-block-spacer\"><\/div>\n\n\n<h2 class=\"wp-block-heading\" style=\"padding-right:var(--wp--preset--spacing--40);padding-left:var(--wp--preset--spacing--40)\" id=\"why-choose-us-among-cnc-precision-machining-manufacturers\">Warum sollten Sie sich unter den Herstellern von CNC-Pr\u00e4zisionsbearbeitungsmaschinen f\u00fcr uns entscheiden?<\/h2>\n\n\n<div class=\"wp-block-uagb-container uagb-block-db65e94f\">\n<div class=\"wp-block-uagb-info-box uagb-block-05abceaa uagb-infobox__content-wrap  uagb-infobox-icon-above-title uagb-infobox-image-valign-top\"><div class=\"uagb-ifb-content\"><div class=\"uagb-ifb-title-wrap\"><h3 class=\"uagb-ifb-title\">\u2705 <strong>Von globalen Kunden gesch\u00e4tzt<\/strong><br><strong>mit \u00fcber 15 Jahren <\/strong><\/h3><\/div><p class=\"uagb-ifb-desc\">Mit \u00fcber 15 Jahren Erfahrung in der CNC-Pr\u00e4zisionsbearbeitung haben wir uns das Vertrauen von Kunden aus verschiedenen Branchen erworben und liefern Teile stets termingerecht und mit engen Toleranzen.<\/p><\/div><\/div>\n<\/div>\n\n\n\n<div class=\"wp-block-uagb-container uagb-block-efbc577c\">\n<div class=\"wp-block-uagb-info-box uagb-block-c3784b15 uagb-infobox__content-wrap  uagb-infobox-icon-above-title uagb-infobox-image-valign-top\"><div class=\"uagb-ifb-content\"><div class=\"uagb-ifb-title-wrap\"><h3 class=\"uagb-ifb-title\">\u2705 <strong>Technischer Support &amp; <br>DFM-Beratungsdienstleistungen <\/strong><\/h3><\/div><p class=\"uagb-ifb-desc\">Wir gehen \u00fcber die reine Bearbeitung hinaus \u2013 unser Team<br>bietet DFM-Leitfaden und Designpr\u00fcfung<br>um die Kosten zu senken und die Herstellbarkeit sicherzustellen<br>noch bevor die Produktion \u00fcberhaupt beginnt.<\/p><\/div><\/div>\n<\/div>\n\n\n\n<div class=\"wp-block-uagb-container uagb-block-74574038\">\n<div class=\"wp-block-uagb-info-box uagb-block-cd2da091 uagb-infobox__content-wrap  uagb-infobox-icon-above-title uagb-infobox-image-valign-top\"><div class=\"uagb-ifb-content\"><div class=\"uagb-ifb-title-wrap\"><h3 class=\"uagb-ifb-title\">\u2705 <strong>Schnelle CNC-Prototypenfertigung &amp;<br>Lieferung mit kurzer Lieferzeit<\/strong><\/h3><\/div><p class=\"uagb-ifb-desc\">Sie ben\u00f6tigen schnelle Ergebnisse? Wir liefern CNC-gefr\u00e4ste Teile.<br>Prototypen innerhalb von 2\u20133 Tagen, wodurch die Entwicklung beschleunigt wird.<br>Ihre Produktentwicklung w\u00e4hrend<br>Beibehaltung au\u00dfergew\u00f6hnlicher Genauigkeit.<\/p><\/div><\/div>\n<\/div>\n\n\n\n<div class=\"wp-block-uagb-container uagb-block-e0a636d0\">\n<div class=\"wp-block-uagb-info-box uagb-block-18d7a637 uagb-infobox__content-wrap  uagb-infobox-icon-above-title uagb-infobox-image-valign-top\"><div class=\"uagb-ifb-content\"><div class=\"uagb-ifb-title-wrap\"><h3 class=\"uagb-ifb-title\">\u2705 <strong>Fortschrittliche Ausr\u00fcstung &amp; Toleranzkontrolle<\/strong><\/h3><\/div><p class=\"uagb-ifb-desc\">Mit Hochgeschwindigkeits-CNC-Bearbeitungszentren und<br>Pr\u00e4zisions-KMG-Pr\u00fcfger\u00e4te,<br>Wir garantieren, dass jede Komponente den Anforderungen entspricht.<br>Ihre genauen Ma\u00dfvorgaben.<\/p><\/div><\/div>\n<\/div>\n\n\n\n<div class=\"wp-block-uagb-container uagb-block-18ef5428\">\n<div class=\"wp-block-uagb-info-box uagb-block-8ae9d05a uagb-infobox__content-wrap  uagb-infobox-icon-above-title uagb-infobox-image-valign-top\"><div class=\"uagb-ifb-content\"><div class=\"uagb-ifb-title-wrap\"><h3 class=\"uagb-ifb-title\">\u2705 <strong>Wir bedienen die M\u00e4rkte Nordamerikas, Asiens und Europas.<\/strong><\/h3><\/div><p class=\"uagb-ifb-desc\">Wir unterst\u00fctzen Kunden weltweit mit<br>schnelle Antworten, mehrsprachiger Service,<br>lokale Logistik und Direktvertrieb ab Werk<br>L\u00f6sungen, die auf Ihre Region zugeschnitten sind.<\/p><\/div><\/div>\n<\/div>\n\n\n\n<div class=\"wp-block-uagb-container uagb-block-65c6724b\">\n<div class=\"wp-block-uagb-info-box uagb-block-2e2f8b09 uagb-infobox__content-wrap  uagb-infobox-icon-above-title uagb-infobox-image-valign-top\"><div class=\"uagb-ifb-content\"><div class=\"uagb-ifb-title-wrap\"><h3 class=\"uagb-ifb-title\">\u2705 <strong>ISO 9001 &amp; 14001 zertifiziert<br>Qualit\u00e4tsmanagementsystem<\/strong><\/h3><\/div><p class=\"uagb-ifb-desc\">Bei Huade befolgen wir strenge ISO-Bearbeitungsstandards und halten uns \u00fcber Statista \u00fcber Branchentrends auf dem Laufenden, um intelligente, zukunftsf\u00e4hige CNC-L\u00f6sungen zu liefern.<\/p><\/div><\/div>\n<\/div>\n<\/div><\/div>\n\n\n\n<div class=\"wp-block-uagb-container uagb-layout-flex uagb-block-af5df69f alignfull uagb-is-root-container\"><div class=\"uagb-container-inner-blocks-wrap\">\n<div class=\"wp-block-uagb-call-to-action uagb-block-d83192c0 wp-block-button\"><div class=\"uagb-cta__wrap\"><h3 class=\"uagb-cta__title\">Ben\u00f6tigen Sie schnelle, pr\u00e4zise und skalierbare CNC-L\u00f6sungen? Sprechen Sie noch heute mit uns!<\/h3><p class=\"uagb-cta__desc\">Klicken Sie hier, um diesen Text zu \u00e4ndern. Lorem ipsum dolor sit amet, consectetur adipiscing elit. Ut elit tellus, luctus nec ullamcorper mattis, pulvinar dapibus leo.<\/p><\/div><div class=\"uagb-cta__buttons\"><a href=\"https:\/\/hdproto.com\/contact-cnc-machining-company\/\" class=\"uagb-cta__button-link-wrapper wp-block-button__link\" target=\"_blank\" rel=\"noopener noreferrer\">Mehr erfahren<\/a><\/div><\/div>\n<\/div><\/div>\n\n\n\n<p><\/p>","protected":false},"excerpt":{"rendered":"<p>About Us Trusted CNC Precision Machining Manufacturer in China Huade is a reliable CNC precision machining manufacturers providing high-quality custom parts for global industries. With years of experience and advanced equipment, we offer flexible production solutions from prototype to mass manufacturing. Our commitment to detail, quality, and on-time delivery has earned the trust of clients [&hellip;]<\/p>\n","protected":false},"author":2,"featured_media":0,"parent":0,"menu_order":0,"comment_status":"closed","ping_status":"closed","template":"","meta":{"_acf_changed":false,"_uag_custom_page_level_css":"","site-sidebar-layout":"no-sidebar","site-content-layout":"plain-container","ast-site-content-layout":"normal-width-container","site-content-style":"unboxed","site-sidebar-style":"unboxed","ast-global-header-display":"","ast-banner-title-visibility":"","ast-main-header-display":"","ast-hfb-above-header-display":"","ast-hfb-below-header-display":"","ast-hfb-mobile-header-display":"","site-post-title":"disabled","ast-breadcrumbs-content":"","ast-featured-img":"disabled","footer-sml-layout":"","ast-disable-related-posts":"","theme-transparent-header-meta":"disabled","adv-header-id-meta":"","stick-header-meta":"","header-above-stick-meta":"","header-main-stick-meta":"","header-below-stick-meta":"","astra-migrate-meta-layouts":"set","ast-page-background-enabled":"default","ast-page-background-meta":{"desktop":{"background-color":"","background-image":"","background-repeat":"repeat","background-position":"center center","background-size":"auto","background-attachment":"scroll","background-type":"","background-media":"","overlay-type":"","overlay-color":"","overlay-opacity":"","overlay-gradient":""},"tablet":{"background-color":"","background-image":"","background-repeat":"repeat","background-position":"center center","background-size":"auto","background-attachment":"scroll","background-type":"","background-media":"","overlay-type":"","overlay-color":"","overlay-opacity":"","overlay-gradient":""},"mobile":{"background-color":"","background-image":"","background-repeat":"repeat","background-position":"center center","background-size":"auto","background-attachment":"scroll","background-type":"","background-media":"","overlay-type":"","overlay-color":"","overlay-opacity":"","overlay-gradient":""}},"ast-content-background-meta":{"desktop":{"background-color":"var(--ast-global-color-5)","background-image":"","background-repeat":"repeat","background-position":"center center","background-size":"auto","background-attachment":"scroll","background-type":"","background-media":"","overlay-type":"","overlay-color":"","overlay-opacity":"","overlay-gradient":""},"tablet":{"background-color":"var(--ast-global-color-5)","background-image":"","background-repeat":"repeat","background-position":"center center","background-size":"auto","background-attachment":"scroll","background-type":"","background-media":"","overlay-type":"","overlay-color":"","overlay-opacity":"","overlay-gradient":""},"mobile":{"background-color":"var(--ast-global-color-5)","background-image":"","background-repeat":"repeat","background-position":"center center","background-size":"auto","background-attachment":"scroll","background-type":"","background-media":"","overlay-type":"","overlay-color":"","overlay-opacity":"","overlay-gradient":""}},"footnotes":""},"class_list":["post-798","page","type-page","status-publish","hentry"],"acf":[],"uagb_featured_image_src":{"full":false,"thumbnail":false,"medium":false,"medium_large":false,"large":false,"1536x1536":false,"2048x2048":false,"trp-custom-language-flag":false},"uagb_author_info":{"display_name":"Huade CNC","author_link":"https:\/\/cms.hdproto.com\/de\/author\/sales\/"},"uagb_comment_info":0,"uagb_excerpt":"About Us Trusted CNC Precision Machining Manufacturer in China Huade is a reliable CNC precision machining manufacturers providing high-quality custom parts for global industries. With years of experience and advanced equipment, we offer flexible production solutions from prototype to mass manufacturing. Our commitment to detail, quality, and on-time delivery has earned the trust of clients&hellip;","_links":{"self":[{"href":"https:\/\/cms.hdproto.com\/de\/wp-json\/wp\/v2\/pages\/798","targetHints":{"allow":["GET"]}}],"collection":[{"href":"https:\/\/cms.hdproto.com\/de\/wp-json\/wp\/v2\/pages"}],"about":[{"href":"https:\/\/cms.hdproto.com\/de\/wp-json\/wp\/v2\/types\/page"}],"author":[{"embeddable":true,"href":"https:\/\/cms.hdproto.com\/de\/wp-json\/wp\/v2\/users\/2"}],"replies":[{"embeddable":true,"href":"https:\/\/cms.hdproto.com\/de\/wp-json\/wp\/v2\/comments?post=798"}],"version-history":[{"count":77,"href":"https:\/\/cms.hdproto.com\/de\/wp-json\/wp\/v2\/pages\/798\/revisions"}],"predecessor-version":[{"id":4564,"href":"https:\/\/cms.hdproto.com\/de\/wp-json\/wp\/v2\/pages\/798\/revisions\/4564"}],"wp:attachment":[{"href":"https:\/\/cms.hdproto.com\/de\/wp-json\/wp\/v2\/media?parent=798"}],"curies":[{"name":"wp","href":"https:\/\/api.w.org\/{rel}","templated":true}]}}