{"id":4438,"date":"2026-03-24T04:00:49","date_gmt":"2026-03-24T04:00:49","guid":{"rendered":"https:\/\/hdproto.com\/?page_id=4438"},"modified":"2026-03-26T09:20:41","modified_gmt":"2026-03-26T09:20:41","slug":"industrielle-ausrustung-cnc","status":"publish","type":"page","link":"https:\/\/cms.hdproto.com\/de\/industrial-equipment-cnc\/","title":{"rendered":"Industrieanlagen"},"content":{"rendered":"<div class=\"wp-block-uagb-container uagb-block-yq7qffpv alignfull uagb-is-root-container\"><div class=\"uagb-container-inner-blocks-wrap\">\n<div class=\"wp-block-uagb-container uagb-block-d7hghkoy\">\n<div class=\"wp-block-uagb-info-box uagb-block-3h0g5fii uagb-infobox__content-wrap  uagb-infobox-icon-above-title uagb-infobox-image-valign-top\"><div class=\"uagb-ifb-content\"><div class=\"uagb-ifb-title-wrap\"><h2 class=\"uagb-ifb-title\">Pr\u00e4zisions-CNC-Bearbeitung f\u00fcr Industrieanlagen<\/h2><\/div><p class=\"uagb-ifb-desc\">Wir bieten hochpr\u00e4zise CNC-Bearbeitungsl\u00f6sungen f\u00fcr Industrieausr\u00fcstungen, darunter Strukturteile, Hydraulikkomponenten und komplexe Baugruppen. Vom Prototyping bis zur Produktion gew\u00e4hrleisten wir enge Toleranzen und zuverl\u00e4ssige Leistung.<\/p><\/div><\/div>\n\n\n\n<div class=\"wp-block-uagb-buttons uagb-buttons__outer-wrap uagb-btn__default-btn uagb-btn-tablet__default-btn uagb-btn-mobile__default-btn uagb-block-3ed9mstp\"><div class=\"uagb-buttons__wrap uagb-buttons-layout-wrap\">\n<div class=\"wp-block-uagb-buttons-child uagb-buttons__outer-wrap uagb-block-b44aca4c wp-block-button\"><div class=\"uagb-button__wrapper\"><a class=\"uagb-buttons-repeater wp-block-button__link\" aria-label=\"\" href=\"https:\/\/hdproto.com\/contact-cnc-machining-company\/\" rel=\"follow noopener\" target=\"_blank\" role=\"button\"><div class=\"uagb-button__link\">Angebot einholen \u2192<\/div><\/a><\/div><\/div>\n<\/div><\/div>\n<\/div>\n<\/div><\/div>\n\n\n\n<div class=\"wp-block-uagb-container uagb-block-w4iorpyp alignfull uagb-is-root-container\"><div class=\"uagb-container-inner-blocks-wrap\">\n<div class=\"wp-block-uagb-info-box uagb-block-e5qdzbx6 uagb-infobox__content-wrap  uagb-infobox-icon-above-title uagb-infobox-image-valign-top\"><div class=\"uagb-ifb-content\"><div class=\"uagb-ifb-title-wrap\"><h2 class=\"uagb-ifb-title\">Industrielle CNC-Bearbeitungsl\u00f6sungen<\/h2><\/div><p class=\"uagb-ifb-desc\">Ma\u00dfgeschneiderte CNC-Bearbeitungsdienstleistungen f\u00fcr Industrieanlagen, einschlie\u00dflich Hydraulikkomponenten, Strukturteile und komplexe Baugruppen mit hoher Pr\u00e4zision und Zuverl\u00e4ssigkeit.<\/p><\/div><\/div>\n\n\n\n<div class=\"wp-block-uagb-container uagb-block-nrq2u3qn\">\n<div class=\"wp-block-uagb-container uagb-block-h0ccmwn6\">\n<div class=\"wp-block-uagb-image alignleft uagb-block-4aaxs5js wp-block-uagb-image--layout-default wp-block-uagb-image--effect-static wp-block-uagb-image--align-left\"><figure class=\"wp-block-uagb-image__figure\"><img loading=\"lazy\" decoding=\"async\" srcset=\"https:\/\/hdproto.com\/wp-content\/uploads\/2026\/03\/cnc-machined-hydraulic-manifold-block-industrial.webp ,https:\/\/hdproto.com\/wp-content\/uploads\/2026\/03\/cnc-machined-hydraulic-manifold-block-industrial.webp 780w, https:\/\/hdproto.com\/wp-content\/uploads\/2026\/03\/cnc-machined-hydraulic-manifold-block-industrial.webp 360w\" sizes=\"auto, (max-width: 480px) 150px\" src=\"https:\/\/hdproto.com\/wp-content\/uploads\/2026\/03\/cnc-machined-hydraulic-manifold-block-industrial.webp\" alt=\"CNC-gefr\u00e4ste Hydraulikverteilerbl\u00f6cke mit Gewindeanschl\u00fcssen f\u00fcr industrielle Fl\u00fcssigkeitssysteme\" class=\"uag-image-4500\" width=\"352\" height=\"260\" title=\"Hydraulische Komponenten\" role=\"img\"\/><\/figure><\/div>\n\n\n\n<div class=\"wp-block-uagb-info-box uagb-block-idyxd9xc uagb-infobox__content-wrap  uagb-infobox-icon-above-title uagb-infobox-image-valign-top\"><div class=\"uagb-ifb-content\"><div class=\"uagb-ifb-title-wrap\"><h3 class=\"uagb-ifb-title\">Hydraulische Komponenten<\/h3><\/div><p class=\"uagb-ifb-desc\">CNC-Pr\u00e4zisionsbearbeitung von Hydraulikverteilerbl\u00f6cken und Fluidsystemkomponenten, die eine leckagefreie Leistung und eine enge Toleranzkontrolle gew\u00e4hrleisten.<\/p><\/div><\/div>\n\n\n\n<div class=\"wp-block-uagb-buttons uagb-buttons__outer-wrap uagb-btn__default-btn uagb-btn-tablet__default-btn uagb-btn-mobile__default-btn uagb-block-qtxzoipw\"><div class=\"uagb-buttons__wrap uagb-buttons-layout-wrap\">\n<div class=\"wp-block-uagb-buttons-child uagb-buttons__outer-wrap uagb-block-ziiavhy2 wp-block-button\"><div class=\"uagb-button__wrapper\"><a class=\"uagb-buttons-repeater wp-block-button__link\" aria-label=\"\" href=\"\/de\/verteilerblock-bearbeitung\/\" rel=\"follow noopener\" target=\"_blank\" role=\"button\"><div class=\"uagb-button__link\">Mehr lesen<\/div><span class=\"uagb-button__icon uagb-button__icon-position-after\"><svg xmlns=\"https:\/\/www.w3.org\/2000\/svg\" viewbox=\"0 0 320 512\" aria-hidden=\"true\" focussable=\"false\"><path d=\"M96 480c-8.188 0-16.38-3.125-22.62-9.375c-12.5-12.5-12.5-32.75 0-45.25L242.8 256L73.38 86.63c-12.5-12.5-12.5-32.75 0-45.25s32.75-12.5 45.25 0l192 192c12.5 12.5 12.5 32.75 0 45.25l-192 192C112.4 476.9 104.2 480 96 480z\"><\/path><\/svg><\/span><\/a><\/div><\/div>\n<\/div><\/div>\n<\/div>\n\n\n\n<div class=\"wp-block-uagb-container uagb-block-uhitjjn8\">\n<div class=\"wp-block-uagb-image alignleft uagb-block-lo6sbvwa wp-block-uagb-image--layout-default wp-block-uagb-image--effect-static wp-block-uagb-image--align-left\"><figure class=\"wp-block-uagb-image__figure\"><img loading=\"lazy\" decoding=\"async\" srcset=\"https:\/\/hdproto.com\/wp-content\/uploads\/2026\/03\/complex-cnc-machined-industrial-parts-anodized-components.webp ,https:\/\/hdproto.com\/wp-content\/uploads\/2026\/03\/complex-cnc-machined-industrial-parts-anodized-components.webp 780w, https:\/\/hdproto.com\/wp-content\/uploads\/2026\/03\/complex-cnc-machined-industrial-parts-anodized-components.webp 360w\" sizes=\"auto, (max-width: 480px) 150px\" src=\"https:\/\/hdproto.com\/wp-content\/uploads\/2026\/03\/complex-cnc-machined-industrial-parts-anodized-components.webp\" alt=\"komplexe CNC-gefr\u00e4ste Industrieteile mit eloxierter Oberfl\u00e4che und mehreren Bohrungen f\u00fcr die mechanische Montage\" class=\"uag-image-4501\" width=\"352\" height=\"260\" title=\"Komplexe CNC-Teile\" role=\"img\"\/><\/figure><\/div>\n\n\n\n<div class=\"wp-block-uagb-info-box uagb-block-zbbi0ny2 uagb-infobox__content-wrap  uagb-infobox-icon-above-title uagb-infobox-image-valign-top\"><div class=\"uagb-ifb-content\"><div class=\"uagb-ifb-title-wrap\"><h3 class=\"uagb-ifb-title\">Komplexe CNC-Teile<\/h3><\/div><p class=\"uagb-ifb-desc\">Herstellung komplexer Industrieteile mit mehreren L\u00f6chern, Hohlr\u00e4umen und Pr\u00e4zisionsmerkmalen f\u00fcr Automatisierungs- und Maschinenanwendungen.<\/p><\/div><\/div>\n\n\n\n<div class=\"wp-block-uagb-buttons uagb-buttons__outer-wrap uagb-btn__default-btn uagb-btn-tablet__default-btn uagb-btn-mobile__default-btn uagb-block-01tlqosl\"><div class=\"uagb-buttons__wrap uagb-buttons-layout-wrap\">\n<div class=\"wp-block-uagb-buttons-child uagb-buttons__outer-wrap uagb-block-yr9zpzvf wp-block-button\"><div class=\"uagb-button__wrapper\"><a class=\"uagb-buttons-repeater wp-block-button__link\" aria-label=\"\" href=\"\/de\/cnc-bearbeitungsdienstleistungen\/\" rel=\"follow noopener\" target=\"_blank\" role=\"button\"><div class=\"uagb-button__link\">Mehr lesen<\/div><span class=\"uagb-button__icon uagb-button__icon-position-after\"><svg xmlns=\"https:\/\/www.w3.org\/2000\/svg\" viewbox=\"0 0 320 512\" aria-hidden=\"true\" focussable=\"false\"><path d=\"M96 480c-8.188 0-16.38-3.125-22.62-9.375c-12.5-12.5-12.5-32.75 0-45.25L242.8 256L73.38 86.63c-12.5-12.5-12.5-32.75 0-45.25s32.75-12.5 45.25 0l192 192c12.5 12.5 12.5 32.75 0 45.25l-192 192C112.4 476.9 104.2 480 96 480z\"><\/path><\/svg><\/span><\/a><\/div><\/div>\n<\/div><\/div>\n<\/div>\n\n\n\n<div class=\"wp-block-uagb-container uagb-block-jwixhubj\">\n<div class=\"wp-block-uagb-image alignleft uagb-block-nfuq8zub wp-block-uagb-image--layout-default wp-block-uagb-image--effect-static wp-block-uagb-image--align-left\"><figure class=\"wp-block-uagb-image__figure\"><img loading=\"lazy\" decoding=\"async\" srcset=\"https:\/\/hdproto.com\/wp-content\/uploads\/2026\/03\/large-cnc-machined-aluminum-industrial-structure-part.webp ,https:\/\/hdproto.com\/wp-content\/uploads\/2026\/03\/large-cnc-machined-aluminum-industrial-structure-part.webp 780w, https:\/\/hdproto.com\/wp-content\/uploads\/2026\/03\/large-cnc-machined-aluminum-industrial-structure-part.webp 360w\" sizes=\"auto, (max-width: 480px) 150px\" src=\"https:\/\/hdproto.com\/wp-content\/uploads\/2026\/03\/large-cnc-machined-aluminum-industrial-structure-part.webp\" alt=\"gro\u00dfes CNC-gefr\u00e4stes Aluminium-Strukturbauteil mit Pr\u00e4zisionsschlitzen und -l\u00f6chern\" class=\"uag-image-4502\" width=\"352\" height=\"260\" title=\"Strukturelle CNC-Teile\" role=\"img\"\/><\/figure><\/div>\n\n\n\n<div class=\"wp-block-uagb-info-box uagb-block-5sr1gc9n uagb-infobox__content-wrap  uagb-infobox-icon-above-title uagb-infobox-image-valign-top\"><div class=\"uagb-ifb-content\"><div class=\"uagb-ifb-title-wrap\"><h3 class=\"uagb-ifb-title\">Strukturelle CNC-Teile<\/h3><\/div><p class=\"uagb-ifb-desc\">Ma\u00dfgeschneiderte CNC-Bearbeitung von gro\u00dfen Aluminiumbauteilen f\u00fcr Industrieanlagen, die Festigkeit, Stabilit\u00e4t und Pr\u00e4zision bieten.<\/p><\/div><\/div>\n\n\n\n<div class=\"wp-block-uagb-buttons uagb-buttons__outer-wrap uagb-btn__default-btn uagb-btn-tablet__default-btn uagb-btn-mobile__default-btn uagb-block-e1nrfwq2\"><div class=\"uagb-buttons__wrap uagb-buttons-layout-wrap\">\n<div class=\"wp-block-uagb-buttons-child uagb-buttons__outer-wrap uagb-block-tmncuuzo wp-block-button\"><div class=\"uagb-button__wrapper\"><a class=\"uagb-buttons-repeater wp-block-button__link\" aria-label=\"\" href=\"\/de\/cnc-bearbeitung-kontakt\/\" rel=\"follow noopener\" target=\"_blank\" role=\"button\"><div class=\"uagb-button__link\">Mehr lesen<\/div><span class=\"uagb-button__icon uagb-button__icon-position-after\"><svg xmlns=\"https:\/\/www.w3.org\/2000\/svg\" viewbox=\"0 0 320 512\" aria-hidden=\"true\" focussable=\"false\"><path d=\"M96 480c-8.188 0-16.38-3.125-22.62-9.375c-12.5-12.5-12.5-32.75 0-45.25L242.8 256L73.38 86.63c-12.5-12.5-12.5-32.75 0-45.25s32.75-12.5 45.25 0l192 192c12.5 12.5 12.5 32.75 0 45.25l-192 192C112.4 476.9 104.2 480 96 480z\"><\/path><\/svg><\/span><\/a><\/div><\/div>\n<\/div><\/div>\n<\/div>\n<\/div>\n<\/div><\/div>\n\n\n\n<div class=\"wp-block-uagb-container uagb-block-td3evpgd alignfull uagb-is-root-container\"><div class=\"uagb-container-inner-blocks-wrap\">\n<div class=\"wp-block-uagb-container uagb-block-zoriafol\">\n<div class=\"wp-block-uagb-container uagb-block-cf40djbg\">\n<div class=\"wp-block-uagb-image alignleft uagb-block-odqkpg19 wp-block-uagb-image--layout-default wp-block-uagb-image--effect-static wp-block-uagb-image--align-left\"><figure class=\"wp-block-uagb-image__figure\"><img loading=\"lazy\" decoding=\"async\" srcset=\"https:\/\/hdproto.com\/wp-content\/uploads\/2026\/03\/cnc-machined-industrial-disc-black-anodized-aluminum.webp ,https:\/\/hdproto.com\/wp-content\/uploads\/2026\/03\/cnc-machined-industrial-disc-black-anodized-aluminum.webp 780w, https:\/\/hdproto.com\/wp-content\/uploads\/2026\/03\/cnc-machined-industrial-disc-black-anodized-aluminum.webp 360w\" sizes=\"auto, (max-width: 480px) 150px\" src=\"https:\/\/hdproto.com\/wp-content\/uploads\/2026\/03\/cnc-machined-industrial-disc-black-anodized-aluminum.webp\" alt=\"Gro\u00dfes CNC-gefr\u00e4stes industrielles Scheibenteil aus schwarz eloxiertem Aluminium mit Pr\u00e4zisionsnuten\" class=\"uag-image-4503\" width=\"352\" height=\"260\" title=\"CNC-bearbeitete Scheibenkomponenten\" role=\"img\"\/><\/figure><\/div>\n\n\n\n<div class=\"wp-block-uagb-info-box uagb-block-yzota4r1 uagb-infobox__content-wrap  uagb-infobox-icon-above-title uagb-infobox-image-valign-top\"><div class=\"uagb-ifb-content\"><div class=\"uagb-ifb-title-wrap\"><h3 class=\"uagb-ifb-title\">CNC-Scheiben-Komponenten<\/h3><\/div><p class=\"uagb-ifb-desc\">Pr\u00e4zisions-CNC-Drehen und -Fr\u00e4sen von Scheibenkomponenten f\u00fcr Industriemaschinen, die glatte Oberfl\u00e4chen und genaue Abmessungen gew\u00e4hrleisten.<\/p><\/div><\/div>\n\n\n\n<div class=\"wp-block-uagb-buttons uagb-buttons__outer-wrap uagb-btn__default-btn uagb-btn-tablet__default-btn uagb-btn-mobile__default-btn uagb-block-gwf1jynx\"><div class=\"uagb-buttons__wrap uagb-buttons-layout-wrap\">\n<div class=\"wp-block-uagb-buttons-child uagb-buttons__outer-wrap uagb-block-iuw8izyd wp-block-button\"><div class=\"uagb-button__wrapper\"><a class=\"uagb-buttons-repeater wp-block-button__link\" aria-label=\"\" href=\"\/de\/cnc-bearbeitung-kontakt\/\" rel=\"follow noopener\" target=\"_blank\" role=\"button\"><div class=\"uagb-button__link\">Mehr lesen<\/div><span class=\"uagb-button__icon uagb-button__icon-position-after\"><svg xmlns=\"https:\/\/www.w3.org\/2000\/svg\" viewbox=\"0 0 320 512\" aria-hidden=\"true\" focussable=\"false\"><path d=\"M96 480c-8.188 0-16.38-3.125-22.62-9.375c-12.5-12.5-12.5-32.75 0-45.25L242.8 256L73.38 86.63c-12.5-12.5-12.5-32.75 0-45.25s32.75-12.5 45.25 0l192 192c12.5 12.5 12.5 32.75 0 45.25l-192 192C112.4 476.9 104.2 480 96 480z\"><\/path><\/svg><\/span><\/a><\/div><\/div>\n<\/div><\/div>\n<\/div>\n\n\n\n<div class=\"wp-block-uagb-container uagb-block-gn4ded6s\">\n<div class=\"wp-block-uagb-image alignleft uagb-block-ajh1egi8 wp-block-uagb-image--layout-default wp-block-uagb-image--effect-static wp-block-uagb-image--align-left\"><figure class=\"wp-block-uagb-image__figure\"><img loading=\"lazy\" decoding=\"async\" srcset=\"https:\/\/hdproto.com\/wp-content\/uploads\/2026\/03\/cnc-machined-aluminum-industrial-components-milled-parts.webp ,https:\/\/hdproto.com\/wp-content\/uploads\/2026\/03\/cnc-machined-aluminum-industrial-components-milled-parts.webp 780w, https:\/\/hdproto.com\/wp-content\/uploads\/2026\/03\/cnc-machined-aluminum-industrial-components-milled-parts.webp 360w\" sizes=\"auto, (max-width: 480px) 150px\" src=\"https:\/\/hdproto.com\/wp-content\/uploads\/2026\/03\/cnc-machined-aluminum-industrial-components-milled-parts.webp\" alt=\"CNC-gefr\u00e4ste Aluminiumkomponenten f\u00fcr die Industrie mit gekr\u00fcmmten Oberfl\u00e4chen und Gewindebohrungen\" class=\"uag-image-4504\" width=\"352\" height=\"260\" title=\"Pr\u00e4zisions-Aluminiumteile\" role=\"img\"\/><\/figure><\/div>\n\n\n\n<div class=\"wp-block-uagb-info-box uagb-block-2y7tuz6d uagb-infobox__content-wrap  uagb-infobox-icon-above-title uagb-infobox-image-valign-top\"><div class=\"uagb-ifb-content\"><div class=\"uagb-ifb-title-wrap\"><h3 class=\"uagb-ifb-title\">Pr\u00e4zisions-Aluminiumteile<\/h3><\/div><p class=\"uagb-ifb-desc\">Kundenspezifische CNC-Bearbeitung von Aluminiumteilen mit hervorragender Oberfl\u00e4cheng\u00fcte und engen Toleranzen f\u00fcr industrielle Anwendungen.<\/p><\/div><\/div>\n\n\n\n<div class=\"wp-block-uagb-buttons uagb-buttons__outer-wrap uagb-btn__default-btn uagb-btn-tablet__default-btn uagb-btn-mobile__default-btn uagb-block-c7wfeals\"><div class=\"uagb-buttons__wrap uagb-buttons-layout-wrap\">\n<div class=\"wp-block-uagb-buttons-child uagb-buttons__outer-wrap uagb-block-udesckso wp-block-button\"><div class=\"uagb-button__wrapper\"><a class=\"uagb-buttons-repeater wp-block-button__link\" aria-label=\"\" href=\"\/de\/cnc-bearbeitungsdienstleistungen\/\" rel=\"follow noopener\" target=\"_blank\" role=\"button\"><div class=\"uagb-button__link\">Mehr lesen<\/div><span class=\"uagb-button__icon uagb-button__icon-position-after\"><svg xmlns=\"https:\/\/www.w3.org\/2000\/svg\" viewbox=\"0 0 320 512\" aria-hidden=\"true\" focussable=\"false\"><path d=\"M96 480c-8.188 0-16.38-3.125-22.62-9.375c-12.5-12.5-12.5-32.75 0-45.25L242.8 256L73.38 86.63c-12.5-12.5-12.5-32.75 0-45.25s32.75-12.5 45.25 0l192 192c12.5 12.5 12.5 32.75 0 45.25l-192 192C112.4 476.9 104.2 480 96 480z\"><\/path><\/svg><\/span><\/a><\/div><\/div>\n<\/div><\/div>\n<\/div>\n\n\n\n<div class=\"wp-block-uagb-container uagb-block-yjatj2gz\">\n<div class=\"wp-block-uagb-image alignleft uagb-block-6jwb5l7g wp-block-uagb-image--layout-default wp-block-uagb-image--effect-static wp-block-uagb-image--align-left\"><figure class=\"wp-block-uagb-image__figure\"><img loading=\"lazy\" decoding=\"async\" srcset=\"https:\/\/hdproto.com\/wp-content\/uploads\/2026\/03\/cnc-machined-industrial-bracket-anodized-aluminum.webp ,https:\/\/hdproto.com\/wp-content\/uploads\/2026\/03\/cnc-machined-industrial-bracket-anodized-aluminum.webp 780w, https:\/\/hdproto.com\/wp-content\/uploads\/2026\/03\/cnc-machined-industrial-bracket-anodized-aluminum.webp 360w\" sizes=\"auto, (max-width: 480px) 150px\" src=\"https:\/\/hdproto.com\/wp-content\/uploads\/2026\/03\/cnc-machined-industrial-bracket-anodized-aluminum.webp\" alt=\"CNC-gefr\u00e4ste Industriehalterung aus eloxiertem Aluminium mit Pr\u00e4zisionsbohrungen und Befestigungsstruktur\" class=\"uag-image-4505\" width=\"352\" height=\"260\" title=\"CNC-Industriekonsolen-Komponente\" role=\"img\"\/><\/figure><\/div>\n\n\n\n<div class=\"wp-block-uagb-info-box uagb-block-snq5x6rk uagb-infobox__content-wrap  uagb-infobox-icon-above-title uagb-infobox-image-valign-top\"><div class=\"uagb-ifb-content\"><div class=\"uagb-ifb-title-wrap\"><h3 class=\"uagb-ifb-title\">Industrielle Halterungen<\/h3><\/div><p class=\"uagb-ifb-desc\">CNC-gefr\u00e4ste Halterungen und Montagekomponenten f\u00fcr mechanische Systeme, die Festigkeit, Stabilit\u00e4t und eine pr\u00e4zise Montage gew\u00e4hrleisten.<\/p><\/div><\/div>\n\n\n\n<div class=\"wp-block-uagb-buttons uagb-buttons__outer-wrap uagb-btn__default-btn uagb-btn-tablet__default-btn uagb-btn-mobile__default-btn uagb-block-lczvcdmz\"><div class=\"uagb-buttons__wrap uagb-buttons-layout-wrap\">\n<div class=\"wp-block-uagb-buttons-child uagb-buttons__outer-wrap uagb-block-zsqmgyd4 wp-block-button\"><div class=\"uagb-button__wrapper\"><a class=\"uagb-buttons-repeater wp-block-button__link\" aria-label=\"\" href=\"\/de\/cnc-bearbeitung-kontakt\/\" rel=\"follow noopener\" target=\"_blank\" role=\"button\"><div class=\"uagb-button__link\">Mehr lesen<\/div><span class=\"uagb-button__icon uagb-button__icon-position-after\"><svg xmlns=\"https:\/\/www.w3.org\/2000\/svg\" viewbox=\"0 0 320 512\" aria-hidden=\"true\" focussable=\"false\"><path d=\"M96 480c-8.188 0-16.38-3.125-22.62-9.375c-12.5-12.5-12.5-32.75 0-45.25L242.8 256L73.38 86.63c-12.5-12.5-12.5-32.75 0-45.25s32.75-12.5 45.25 0l192 192c12.5 12.5 12.5 32.75 0 45.25l-192 192C112.4 476.9 104.2 480 96 480z\"><\/path><\/svg><\/span><\/a><\/div><\/div>\n<\/div><\/div>\n<\/div>\n<\/div>\n<\/div><\/div>\n\n\n\n<div class=\"wp-block-uagb-container uagb-block-hx8fxpxv alignfull uagb-is-root-container\"><div class=\"uagb-container-inner-blocks-wrap\">\n<div class=\"wp-block-uagb-image alignleft uagb-block-jcf66r3k wp-block-uagb-image--layout-default wp-block-uagb-image--effect-static wp-block-uagb-image--align-left\"><figure class=\"wp-block-uagb-image__figure\"><img loading=\"lazy\" decoding=\"async\" srcset=\"https:\/\/hdproto.com\/wp-content\/uploads\/2026\/03\/cnc-turned-brass-cone-industrial-components.webp ,https:\/\/hdproto.com\/wp-content\/uploads\/2026\/03\/cnc-turned-brass-cone-industrial-components.webp 780w, https:\/\/hdproto.com\/wp-content\/uploads\/2026\/03\/cnc-turned-brass-cone-industrial-components.webp 360w\" sizes=\"auto, (max-width: 480px) 150px\" src=\"https:\/\/hdproto.com\/wp-content\/uploads\/2026\/03\/cnc-turned-brass-cone-industrial-components.webp\" alt=\"CNC-gedrehte Messingkegelteile mit glatter Oberfl\u00e4che f\u00fcr industrielle Anwendungen\" class=\"uag-image-4506\" width=\"564\" height=\"450\" title=\"Pr\u00e4zisions-CNC-gedrehte Messingkegelteile\" role=\"img\"\/><\/figure><\/div>\n\n\n\n<div class=\"wp-block-uagb-info-box uagb-block-53yvfq9k uagb-infobox__content-wrap  uagb-infobox-icon-above-title uagb-infobox-image-valign-top\"><div class=\"uagb-ifb-content\"><div class=\"uagb-ifb-title-wrap\"><h2 class=\"uagb-ifb-title\">Hochpr\u00e4zise CNC-Bearbeitungsm\u00f6glichkeiten<\/h2><\/div><p class=\"uagb-ifb-desc\">Umfassende CNC-Bearbeitungsm\u00f6glichkeiten f\u00fcr Drehen, Fr\u00e4sen und komplexe mehrachsige Bearbeitung von Industriekomponenten.<br><br>Einhaltung enger Toleranzen von bis zu \u00b10,005 mm bei strenger Qualit\u00e4tskontrolle und ausgezeichneter Oberfl\u00e4chenintegrit\u00e4t.<br><br>Erm\u00f6glicht schnelles Prototyping und eine skalierbare Produktion mit geringer Mindestbestellmenge und technischer Unterst\u00fctzung.<\/p><\/div><\/div>\n<\/div><\/div>\n\n\n\n<div class=\"wp-block-uagb-container uagb-block-pf8wieq0 alignfull uagb-is-root-container\"><div class=\"uagb-container-inner-blocks-wrap\">\n<div class=\"wp-block-uagb-info-box uagb-block-66ey2b4q uagb-infobox__content-wrap  uagb-infobox-icon-above-title uagb-infobox-image-valign-top\"><div class=\"uagb-ifb-content\"><div class=\"uagb-ifb-title-wrap\"><p class=\"uagb-ifb-title-prefix\">EIN ANGEBOT ANFORDERN<\/p><h2 class=\"uagb-ifb-title\">Starten Sie Ihr CNC-Projekt noch heute\uff01<\/h2><\/div><\/div><\/div>\n\n\n\n<div class=\"wp-block-uagb-buttons uagb-buttons__outer-wrap uagb-btn__default-btn uagb-btn-tablet__default-btn uagb-btn-mobile__default-btn uagb-block-dxtywhvl\"><div class=\"uagb-buttons__wrap uagb-buttons-layout-wrap\">\n<div class=\"wp-block-uagb-buttons-child uagb-buttons__outer-wrap uagb-block-c9af44b2 wp-block-button\"><div class=\"uagb-button__wrapper\"><a class=\"uagb-buttons-repeater wp-block-button__link\" aria-label=\"\" href=\"https:\/\/hdproto.com\/contact-cnc-machining-company\/\" rel=\"follow noopener\" target=\"_blank\" role=\"button\"><div class=\"uagb-button__link\">Senden Sie Ihre Zeichnung \u2192.<\/div><\/a><\/div><\/div>\n<\/div><\/div>\n<\/div><\/div>","protected":false},"excerpt":{"rendered":"","protected":false},"author":2,"featured_media":0,"parent":0,"menu_order":0,"comment_status":"closed","ping_status":"closed","template":"","meta":{"_acf_changed":false,"_uag_custom_page_level_css":"","site-sidebar-layout":"default","site-content-layout":"","ast-site-content-layout":"default","site-content-style":"default","site-sidebar-style":"default","ast-global-header-display":"","ast-banner-title-visibility":"","ast-main-header-display":"","ast-hfb-above-header-display":"","ast-hfb-below-header-display":"","ast-hfb-mobile-header-display":"","site-post-title":"","ast-breadcrumbs-content":"","ast-featured-img":"","footer-sml-layout":"","ast-disable-related-posts":"","theme-transparent-header-meta":"","adv-header-id-meta":"","stick-header-meta":"","header-above-stick-meta":"","header-main-stick-meta":"","header-below-stick-meta":"","astra-migrate-meta-layouts":"set","ast-page-background-enabled":"default","ast-page-background-meta":{"desktop":{"background-color":"","background-image":"","background-repeat":"repeat","background-position":"center center","background-size":"auto","background-attachment":"scroll","background-type":"","background-media":"","overlay-type":"","overlay-color":"","overlay-opacity":"","overlay-gradient":""},"tablet":{"background-color":"","background-image":"","background-repeat":"repeat","background-position":"center center","background-size":"auto","background-attachment":"scroll","background-type":"","background-media":"","overlay-type":"","overlay-color":"","overlay-opacity":"","overlay-gradient":""},"mobile":{"background-color":"","background-image":"","background-repeat":"repeat","background-position":"center center","background-size":"auto","background-attachment":"scroll","background-type":"","background-media":"","overlay-type":"","overlay-color":"","overlay-opacity":"","overlay-gradient":""}},"ast-content-background-meta":{"desktop":{"background-color":"var(--ast-global-color-5)","background-image":"","background-repeat":"repeat","background-position":"center center","background-size":"auto","background-attachment":"scroll","background-type":"","background-media":"","overlay-type":"","overlay-color":"","overlay-opacity":"","overlay-gradient":""},"tablet":{"background-color":"var(--ast-global-color-5)","background-image":"","background-repeat":"repeat","background-position":"center center","background-size":"auto","background-attachment":"scroll","background-type":"","background-media":"","overlay-type":"","overlay-color":"","overlay-opacity":"","overlay-gradient":""},"mobile":{"background-color":"var(--ast-global-color-5)","background-image":"","background-repeat":"repeat","background-position":"center center","background-size":"auto","background-attachment":"scroll","background-type":"","background-media":"","overlay-type":"","overlay-color":"","overlay-opacity":"","overlay-gradient":""}},"footnotes":""},"class_list":["post-4438","page","type-page","status-publish","hentry"],"acf":[],"uagb_featured_image_src":{"full":false,"thumbnail":false,"medium":false,"medium_large":false,"large":false,"1536x1536":false,"2048x2048":false,"trp-custom-language-flag":false},"uagb_author_info":{"display_name":"Huade CNC","author_link":"https:\/\/cms.hdproto.com\/de\/author\/sales\/"},"uagb_comment_info":0,"uagb_excerpt":null,"_links":{"self":[{"href":"https:\/\/cms.hdproto.com\/de\/wp-json\/wp\/v2\/pages\/4438","targetHints":{"allow":["GET"]}}],"collection":[{"href":"https:\/\/cms.hdproto.com\/de\/wp-json\/wp\/v2\/pages"}],"about":[{"href":"https:\/\/cms.hdproto.com\/de\/wp-json\/wp\/v2\/types\/page"}],"author":[{"embeddable":true,"href":"https:\/\/cms.hdproto.com\/de\/wp-json\/wp\/v2\/users\/2"}],"replies":[{"embeddable":true,"href":"https:\/\/cms.hdproto.com\/de\/wp-json\/wp\/v2\/comments?post=4438"}],"version-history":[{"count":5,"href":"https:\/\/cms.hdproto.com\/de\/wp-json\/wp\/v2\/pages\/4438\/revisions"}],"predecessor-version":[{"id":4516,"href":"https:\/\/cms.hdproto.com\/de\/wp-json\/wp\/v2\/pages\/4438\/revisions\/4516"}],"wp:attachment":[{"href":"https:\/\/cms.hdproto.com\/de\/wp-json\/wp\/v2\/media?parent=4438"}],"curies":[{"name":"wp","href":"https:\/\/api.w.org\/{rel}","templated":true}]}}