{"id":4428,"date":"2026-03-24T03:41:23","date_gmt":"2026-03-24T03:41:23","guid":{"rendered":"https:\/\/hdproto.com\/?page_id=4428"},"modified":"2026-03-27T10:18:43","modified_gmt":"2026-03-27T10:18:43","slug":"branchen","status":"publish","type":"page","link":"https:\/\/cms.hdproto.com\/de\/industries\/","title":{"rendered":"Branchen"},"content":{"rendered":"<div class=\"wp-block-uagb-container uagb-block-9irndfl1 alignfull uagb-is-root-container\"><div class=\"uagb-container-inner-blocks-wrap\">\n<div class=\"wp-block-uagb-info-box uagb-block-gr0svcif uagb-infobox__content-wrap  uagb-infobox-icon-above-title uagb-infobox-image-valign-top\"><div class=\"uagb-ifb-content\"><div class=\"uagb-ifb-title-wrap\"><p class=\"uagb-ifb-title-prefix\">CNC-PR\u00c4ZISIONSBEARBEITUNGSL\u00d6SUNGEN<\/p><h2 class=\"uagb-ifb-title\">CNC-Bearbeitungsl\u00f6sungen f\u00fcr industrielle Anwendungen!<\/h2><\/div><\/div><\/div>\n\n\n\n<div class=\"wp-block-uagb-buttons uagb-buttons__outer-wrap uagb-btn__default-btn uagb-btn-tablet__default-btn uagb-btn-mobile__default-btn uagb-block-565ny3xh\"><div class=\"uagb-buttons__wrap uagb-buttons-layout-wrap\">\n<div class=\"wp-block-uagb-buttons-child uagb-buttons__outer-wrap uagb-block-8edf7ecd wp-block-button\"><div class=\"uagb-button__wrapper\"><a class=\"uagb-buttons-repeater wp-block-button__link\" aria-label=\"\" href=\"https:\/\/hdproto.com\/contact-cnc-machining-company\/\" rel=\"follow noopener\" target=\"_blank\" role=\"button\"><div class=\"uagb-button__link\">Senden Sie Ihre Zeichnung<\/div><\/a><\/div><\/div>\n<\/div><\/div>\n<\/div><\/div>\n\n\n\n<div class=\"wp-block-uagb-container uagb-block-virvvmbd alignfull uagb-is-root-container\"><div class=\"uagb-container-inner-blocks-wrap\">\n<div class=\"wp-block-uagb-container uagb-block-2zqthgbj\">\n<div class=\"wp-block-uagb-image alignleft uagb-block-mclku3lp wp-block-uagb-image--layout-default wp-block-uagb-image--effect-static wp-block-uagb-image--align-left\"><figure class=\"wp-block-uagb-image__figure\"><img loading=\"lazy\" decoding=\"async\" srcset=\"https:\/\/hdproto.com\/wp-content\/uploads\/2026\/03\/cnc-machined-parts-robotics-automation-819x1024.webp ,https:\/\/hdproto.com\/wp-content\/uploads\/2026\/03\/cnc-machined-parts-robotics-automation.webp 780w, https:\/\/hdproto.com\/wp-content\/uploads\/2026\/03\/cnc-machined-parts-robotics-automation.webp 360w\" sizes=\"auto, (max-width: 480px) 150px\" src=\"https:\/\/hdproto.com\/wp-content\/uploads\/2026\/03\/cnc-machined-parts-robotics-automation-819x1024.webp\" alt=\"CNC-gefertigte Teile f\u00fcr Roboter- und Automatisierungssysteme\" class=\"uag-image-4522\" width=\"230\" height=\"360\" title=\"CNC-gefertigte Teile f\u00fcr die Robotik-Automatisierung\" role=\"img\"\/><\/figure><\/div>\n\n\n\n<div class=\"wp-block-uagb-image alignleft uagb-block-yqdnmlmf wp-block-uagb-image--layout-default wp-block-uagb-image--effect-static wp-block-uagb-image--align-left\"><figure class=\"wp-block-uagb-image__figure\"><img loading=\"lazy\" decoding=\"async\" srcset=\"https:\/\/hdproto.com\/wp-content\/uploads\/2026\/03\/automotive-cnc-machined-aluminum-parts-819x1024.webp ,https:\/\/hdproto.com\/wp-content\/uploads\/2026\/03\/automotive-cnc-machined-aluminum-parts.webp 780w, https:\/\/hdproto.com\/wp-content\/uploads\/2026\/03\/automotive-cnc-machined-aluminum-parts.webp 360w\" sizes=\"auto, (max-width: 480px) 150px\" src=\"https:\/\/hdproto.com\/wp-content\/uploads\/2026\/03\/automotive-cnc-machined-aluminum-parts-819x1024.webp\" alt=\"CNC-gefertigte Aluminiumteile f\u00fcr die Automobilindustrie\" class=\"uag-image-4523\" width=\"230\" height=\"360\" title=\"CNC-bearbeitete Aluminiumteile f\u00fcr die Automobilindustrie\" role=\"img\"\/><\/figure><\/div>\n<\/div>\n\n\n\n<div class=\"wp-block-uagb-container uagb-block-g5ahsfjk\">\n<div class=\"wp-block-uagb-info-box uagb-block-o70utfvf uagb-infobox__content-wrap  uagb-infobox-icon-above-title uagb-infobox-image-valign-top\"><div class=\"uagb-ifb-content\"><div class=\"uagb-ifb-title-wrap\"><p class=\"uagb-ifb-title-prefix\">INDUSTRIEN, DIE WIR BEDIENEN<\/p><h3 class=\"uagb-ifb-title\">Pr\u00e4zisions-CNC-Bearbeitung f\u00fcr verschiedene Branchen<\/h3><\/div><p class=\"uagb-ifb-desc\">Wir bieten hochpr\u00e4zise CNC-Bearbeitungsl\u00f6sungen f\u00fcr eine Vielzahl von Branchen, darunter Robotik, Automobilbau, Medizintechnik und Industrieausr\u00fcstung.<br>Mit fortschrittlichen Bearbeitungsm\u00f6glichkeiten und strenger Qualit\u00e4tskontrolle liefern wir kundenspezifische Metallteile, die enge Toleranzen und anspruchsvolle Leistungsanforderungen erf\u00fcllen.<\/p><\/div><\/div>\n\n\n\n<div class=\"wp-block-uagb-icon-list uagb-block-lrfwnply\"><div class=\"uagb-icon-list__wrap\">\n<div class=\"wp-block-uagb-icon-list-child uagb-block-sqyps6b4\"><span class=\"uagb-icon-list__source-wrap\"><svg xmlns=\"https:\/\/www.w3.org\/2000\/svg\" viewbox=\"0 0 448 512\"><path d=\"M438.6 105.4C451.1 117.9 451.1 138.1 438.6 150.6L182.6 406.6C170.1 419.1 149.9 419.1 137.4 406.6L9.372 278.6C-3.124 266.1-3.124 245.9 9.372 233.4C21.87 220.9 42.13 220.9 54.63 233.4L159.1 338.7L393.4 105.4C405.9 92.88 426.1 92.88 438.6 105.4H438.6z\"><\/path><\/svg><\/span><span class=\"uagb-icon-list__label\">Hochpr\u00e4zise Bearbeitung (\u00b10,01 mm)<\/span><\/div>\n\n\n\n<div class=\"wp-block-uagb-icon-list-child uagb-block-fdtgdsms\"><span class=\"uagb-icon-list__source-wrap\"><svg xmlns=\"https:\/\/www.w3.org\/2000\/svg\" viewbox=\"0 0 448 512\"><path d=\"M438.6 105.4C451.1 117.9 451.1 138.1 438.6 150.6L182.6 406.6C170.1 419.1 149.9 419.1 137.4 406.6L9.372 278.6C-3.124 266.1-3.124 245.9 9.372 233.4C21.87 220.9 42.13 220.9 54.63 233.4L159.1 338.7L393.4 105.4C405.9 92.88 426.1 92.88 438.6 105.4H438.6z\"><\/path><\/svg><\/span><span class=\"uagb-icon-list__label\">Herstellung kundenspezifischer CNC-Teile<\/span><\/div>\n\n\n\n<div class=\"wp-block-uagb-icon-list-child uagb-block-mmmglibk\"><span class=\"uagb-icon-list__source-wrap\"><svg xmlns=\"https:\/\/www.w3.org\/2000\/svg\" viewbox=\"0 0 448 512\"><path d=\"M438.6 105.4C451.1 117.9 451.1 138.1 438.6 150.6L182.6 406.6C170.1 419.1 149.9 419.1 137.4 406.6L9.372 278.6C-3.124 266.1-3.124 245.9 9.372 233.4C21.87 220.9 42.13 220.9 54.63 233.4L159.1 338.7L393.4 105.4C405.9 92.88 426.1 92.88 438.6 105.4H438.6z\"><\/path><\/svg><\/span><span class=\"uagb-icon-list__label\">Schnelle Prototypenerstellung und Produktion<\/span><\/div>\n\n\n\n<div class=\"wp-block-uagb-icon-list-child uagb-block-excqnls6\"><span class=\"uagb-icon-list__source-wrap\"><svg xmlns=\"https:\/\/www.w3.org\/2000\/svg\" viewbox=\"0 0 448 512\"><path d=\"M438.6 105.4C451.1 117.9 451.1 138.1 438.6 150.6L182.6 406.6C170.1 419.1 149.9 419.1 137.4 406.6L9.372 278.6C-3.124 266.1-3.124 245.9 9.372 233.4C21.87 220.9 42.13 220.9 54.63 233.4L159.1 338.7L393.4 105.4C405.9 92.88 426.1 92.88 438.6 105.4H438.6z\"><\/path><\/svg><\/span><span class=\"uagb-icon-list__label\">Zahlreiche Materialoptionen (Aluminium, Stahl, Messing, Kunststoffe)<\/span><\/div>\n<\/div><\/div>\n<\/div>\n<\/div><\/div>\n\n\n\n<div class=\"wp-block-uagb-container uagb-block-2xp9me5y alignfull uagb-is-root-container\"><div class=\"uagb-container-inner-blocks-wrap\">\n<div class=\"wp-block-uagb-container uagb-block-ydpxtirt\">\n<div class=\"wp-block-uagb-image alignleft uagb-block-i4cd5min wp-block-uagb-image--layout-default wp-block-uagb-image--effect-static wp-block-uagb-image--align-left\"><figure class=\"wp-block-uagb-image__figure\"><img loading=\"lazy\" decoding=\"async\" srcset=\"https:\/\/hdproto.com\/wp-content\/uploads\/2026\/03\/medical-cnc-machined-precision-components.webp ,https:\/\/hdproto.com\/wp-content\/uploads\/2026\/03\/medical-cnc-machined-precision-components.webp 780w, https:\/\/hdproto.com\/wp-content\/uploads\/2026\/03\/medical-cnc-machined-precision-components.webp 360w\" sizes=\"auto, (max-width: 480px) 150px\" src=\"https:\/\/hdproto.com\/wp-content\/uploads\/2026\/03\/medical-cnc-machined-precision-components.webp\" alt=\"Pr\u00e4zisions-CNC-gefertigte medizinische Komponenten Edelstahlteile\" class=\"uag-image-4524\" width=\"564\" height=\"400\" title=\"Medizinische CNC-gefertigte Pr\u00e4zisionskomponenten\" role=\"img\"\/><\/figure><\/div>\n\n\n\n<div class=\"wp-block-uagb-info-box uagb-block-1sf3sk8n uagb-infobox__content-wrap  uagb-infobox-icon-above-title uagb-infobox-image-valign-top\"><div class=\"uagb-ifb-content\"><div class=\"uagb-ifb-title-wrap\"><h3 class=\"uagb-ifb-title\"><strong>Medizinische Ger\u00e4te und Pr\u00e4zisionskomponenten<\/strong><\/h3><\/div><p class=\"uagb-ifb-desc\">Wir bieten hochpr\u00e4zise CNC-Bearbeitungsl\u00f6sungen f\u00fcr medizinische Ger\u00e4te und chirurgische Instrumente, einschlie\u00dflich Komponenten aus Edelstahl und Aluminium.<br><br>Unsere Bearbeitungsm\u00f6glichkeiten gew\u00e4hrleisten enge Toleranzen, glatte Oberfl\u00e4chen und gleichbleibende Qualit\u00e4t, die f\u00fcr kritische medizinische Anwendungen erforderlich sind.<\/p><\/div><\/div>\n<\/div>\n\n\n\n<div class=\"wp-block-uagb-container uagb-block-mg4f5zod\">\n<div class=\"wp-block-uagb-info-box uagb-block-as2pmfhk uagb-infobox__content-wrap  uagb-infobox-icon-above-title uagb-infobox-image-valign-top\"><div class=\"uagb-ifb-content\"><div class=\"uagb-ifb-title-wrap\"><h3 class=\"uagb-ifb-title\">Industrielle Automatisierung und Ausr\u00fcstung<\/h3><\/div><p class=\"uagb-ifb-desc\">Wir bieten CNC-Bearbeitungsl\u00f6sungen f\u00fcr industrielle Automatisierungssysteme und -anlagen, einschlie\u00dflich Strukturteilen, Geh\u00e4usen und Pr\u00e4zisionskomponenten, die in Produktionslinien und Maschinen verwendet werden.<br><br>Unsere F\u00e4higkeiten unterst\u00fctzen Hochleistungsanwendungen, die Langlebigkeit, Genauigkeit und gleichbleibende Qualit\u00e4t in anspruchsvollen industriellen Umgebungen erfordern.<\/p><\/div><\/div>\n\n\n\n<div class=\"wp-block-uagb-image alignleft uagb-block-rtrfpjzy wp-block-uagb-image--layout-default wp-block-uagb-image--effect-static wp-block-uagb-image--align-left\"><figure class=\"wp-block-uagb-image__figure\"><img loading=\"lazy\" decoding=\"async\" srcset=\"https:\/\/hdproto.com\/wp-content\/uploads\/2026\/03\/industrial-equipment-cnc-machining-parts.webp ,https:\/\/hdproto.com\/wp-content\/uploads\/2026\/03\/industrial-equipment-cnc-machining-parts.webp 780w, https:\/\/hdproto.com\/wp-content\/uploads\/2026\/03\/industrial-equipment-cnc-machining-parts.webp 360w\" sizes=\"auto, (max-width: 480px) 150px\" src=\"https:\/\/hdproto.com\/wp-content\/uploads\/2026\/03\/industrial-equipment-cnc-machining-parts.webp\" alt=\"CNC-gefertigte Teile f\u00fcr industrielle Maschinen und Anlagen\" class=\"uag-image-4525\" width=\"564\" height=\"400\" title=\"Industrielle Ausr\u00fcstung CNC-gefertigte Teile\" role=\"img\"\/><\/figure><\/div>\n<\/div>\n\n\n\n<div class=\"wp-block-uagb-container uagb-block-cvdvqtsa\">\n<div class=\"wp-block-uagb-image alignleft uagb-block-e7bfzpmt wp-block-uagb-image--layout-default wp-block-uagb-image--effect-static wp-block-uagb-image--align-left\"><figure class=\"wp-block-uagb-image__figure\"><img loading=\"lazy\" decoding=\"async\" srcset=\"https:\/\/hdproto.com\/wp-content\/uploads\/2026\/03\/electronics-energy-cnc-machined-components.webp ,https:\/\/hdproto.com\/wp-content\/uploads\/2026\/03\/electronics-energy-cnc-machined-components.webp 780w, https:\/\/hdproto.com\/wp-content\/uploads\/2026\/03\/electronics-energy-cnc-machined-components.webp 360w\" sizes=\"auto, (max-width: 480px) 150px\" src=\"https:\/\/hdproto.com\/wp-content\/uploads\/2026\/03\/electronics-energy-cnc-machined-components.webp\" alt=\"CNC-gefertigte Komponenten f\u00fcr elektronische und elektrische Ger\u00e4te\" class=\"uag-image-4526\" width=\"564\" height=\"400\" title=\"Elektronik und Elektrotechnik CNC-gefertigte Teile\" role=\"img\"\/><\/figure><\/div>\n\n\n\n<div class=\"wp-block-uagb-info-box uagb-block-qaai95rh uagb-infobox__content-wrap  uagb-infobox-icon-above-title uagb-infobox-image-valign-top\"><div class=\"uagb-ifb-content\"><div class=\"uagb-ifb-title-wrap\"><h3 class=\"uagb-ifb-title\">Elektronik CNC-Bearbeitung<\/h3><\/div><p class=\"uagb-ifb-desc\">Wir stellen CNC-gefertigte Pr\u00e4zisionskomponenten f\u00fcr elektronische und elektrische Ger\u00e4te her, darunter Geh\u00e4use, Stecker und Strukturteile.<br><br>Unsere Bearbeitungsl\u00f6sungen gew\u00e4hrleisten hohe Genauigkeit, stabile Leistung und zuverl\u00e4ssige Qualit\u00e4t f\u00fcr anspruchsvolle elektronische Anwendungen.<\/p><\/div><\/div>\n<\/div>\n<\/div><\/div>\n\n\n\n<div class=\"wp-block-uagb-container uagb-block-bvizzoia alignfull uagb-is-root-container\"><div class=\"uagb-container-inner-blocks-wrap\">\n<div class=\"wp-block-uagb-info-box uagb-block-zci93rte uagb-infobox__content-wrap  uagb-infobox-icon-above-title uagb-infobox-image-valign-top wp-block-uagb-info-box--has-margin\"><div class=\"uagb-infobox-margin-wrapper\"><div class=\"uagb-ifb-content\"><div class=\"uagb-ifb-title-wrap\"><h2 class=\"uagb-ifb-title\">Erhalten Sie ein schnelles Angebot f\u00fcr Ihre kundenspezifischen CNC-Teile!<\/h2><\/div><\/div><\/div><\/div>\n\n\n\n<div class=\"wp-block-uagb-container uagb-block-33a8mr8f\">\n<div class=\"wp-block-uagb-info-box uagb-block-jtqbnw9c uagb-infobox__content-wrap  uagb-infobox-icon-above-title uagb-infobox-image-valign-top\"><div class=\"uagb-ifb-content\"><div class=\"uagb-ifb-title-wrap\"><\/div><p class=\"uagb-ifb-desc\">Senden Sie uns noch heute Ihre Zeichnungen oder Anforderungen. Unser Ingenieurteam wird Ihnen schnelles Feedback, wettbewerbsf\u00e4hige Preise und zuverl\u00e4ssige Fertigungsl\u00f6sungen bieten.<\/p><\/div><\/div>\n\n\n\n<div class=\"wp-block-uagb-buttons uagb-buttons__outer-wrap uagb-btn__default-btn uagb-btn-tablet__default-btn uagb-btn-mobile__default-btn uagb-block-zav3udfe\"><div class=\"uagb-buttons__wrap uagb-buttons-layout-wrap\">\n<div class=\"wp-block-uagb-buttons-child uagb-buttons__outer-wrap uagb-block-59d2e7d2 wp-block-button\"><div class=\"uagb-button__wrapper\"><a class=\"uagb-buttons-repeater wp-block-button__link\" aria-label=\"\" href=\"https:\/\/hdproto.com\/contact-cnc-machining-company\/\" rel=\"follow noopener\" target=\"_blank\" role=\"button\"><div class=\"uagb-button__link\">Angebot anfordern<\/div><\/a><\/div><\/div>\n<\/div><\/div>\n<\/div>\n<\/div><\/div>","protected":false},"excerpt":{"rendered":"","protected":false},"author":2,"featured_media":0,"parent":0,"menu_order":0,"comment_status":"closed","ping_status":"closed","template":"","meta":{"_acf_changed":false,"_uag_custom_page_level_css":"","site-sidebar-layout":"default","site-content-layout":"","ast-site-content-layout":"default","site-content-style":"default","site-sidebar-style":"default","ast-global-header-display":"","ast-banner-title-visibility":"","ast-main-header-display":"","ast-hfb-above-header-display":"","ast-hfb-below-header-display":"","ast-hfb-mobile-header-display":"","site-post-title":"","ast-breadcrumbs-content":"","ast-featured-img":"","footer-sml-layout":"","ast-disable-related-posts":"","theme-transparent-header-meta":"","adv-header-id-meta":"","stick-header-meta":"","header-above-stick-meta":"","header-main-stick-meta":"","header-below-stick-meta":"","astra-migrate-meta-layouts":"set","ast-page-background-enabled":"default","ast-page-background-meta":{"desktop":{"background-color":"","background-image":"","background-repeat":"repeat","background-position":"center center","background-size":"auto","background-attachment":"scroll","background-type":"","background-media":"","overlay-type":"","overlay-color":"","overlay-opacity":"","overlay-gradient":""},"tablet":{"background-color":"","background-image":"","background-repeat":"repeat","background-position":"center center","background-size":"auto","background-attachment":"scroll","background-type":"","background-media":"","overlay-type":"","overlay-color":"","overlay-opacity":"","overlay-gradient":""},"mobile":{"background-color":"","background-image":"","background-repeat":"repeat","background-position":"center center","background-size":"auto","background-attachment":"scroll","background-type":"","background-media":"","overlay-type":"","overlay-color":"","overlay-opacity":"","overlay-gradient":""}},"ast-content-background-meta":{"desktop":{"background-color":"var(--ast-global-color-5)","background-image":"","background-repeat":"repeat","background-position":"center center","background-size":"auto","background-attachment":"scroll","background-type":"","background-media":"","overlay-type":"","overlay-color":"","overlay-opacity":"","overlay-gradient":""},"tablet":{"background-color":"var(--ast-global-color-5)","background-image":"","background-repeat":"repeat","background-position":"center center","background-size":"auto","background-attachment":"scroll","background-type":"","background-media":"","overlay-type":"","overlay-color":"","overlay-opacity":"","overlay-gradient":""},"mobile":{"background-color":"var(--ast-global-color-5)","background-image":"","background-repeat":"repeat","background-position":"center center","background-size":"auto","background-attachment":"scroll","background-type":"","background-media":"","overlay-type":"","overlay-color":"","overlay-opacity":"","overlay-gradient":""}},"footnotes":""},"class_list":["post-4428","page","type-page","status-publish","hentry"],"acf":[],"uagb_featured_image_src":{"full":false,"thumbnail":false,"medium":false,"medium_large":false,"large":false,"1536x1536":false,"2048x2048":false,"trp-custom-language-flag":false},"uagb_author_info":{"display_name":"Huade CNC","author_link":"https:\/\/cms.hdproto.com\/de\/author\/sales\/"},"uagb_comment_info":0,"uagb_excerpt":null,"_links":{"self":[{"href":"https:\/\/cms.hdproto.com\/de\/wp-json\/wp\/v2\/pages\/4428","targetHints":{"allow":["GET"]}}],"collection":[{"href":"https:\/\/cms.hdproto.com\/de\/wp-json\/wp\/v2\/pages"}],"about":[{"href":"https:\/\/cms.hdproto.com\/de\/wp-json\/wp\/v2\/types\/page"}],"author":[{"embeddable":true,"href":"https:\/\/cms.hdproto.com\/de\/wp-json\/wp\/v2\/users\/2"}],"replies":[{"embeddable":true,"href":"https:\/\/cms.hdproto.com\/de\/wp-json\/wp\/v2\/comments?post=4428"}],"version-history":[{"count":5,"href":"https:\/\/cms.hdproto.com\/de\/wp-json\/wp\/v2\/pages\/4428\/revisions"}],"predecessor-version":[{"id":4531,"href":"https:\/\/cms.hdproto.com\/de\/wp-json\/wp\/v2\/pages\/4428\/revisions\/4531"}],"wp:attachment":[{"href":"https:\/\/cms.hdproto.com\/de\/wp-json\/wp\/v2\/media?parent=4428"}],"curies":[{"name":"wp","href":"https:\/\/api.w.org\/{rel}","templated":true}]}}