{"id":1863,"date":"2025-08-05T10:01:02","date_gmt":"2025-08-05T10:01:02","guid":{"rendered":"https:\/\/hdproto.com\/?page_id=1863"},"modified":"2026-03-24T03:06:19","modified_gmt":"2026-03-24T03:06:19","slug":"cnc-bearbeitung-oberflachenguten","status":"publish","type":"page","link":"https:\/\/cms.hdproto.com\/de\/cnc-machining-surface-finishes\/","title":{"rendered":"Oberfl\u00e4chenveredelung"},"content":{"rendered":"<div class=\"wp-block-group is-layout-constrained wp-block-group-is-layout-constrained\"><h2 class=\"wp-block-heading\" id=\"applications-of-cnc-machining-surface-finishes\">Anwendungen von <strong>Oberfl\u00e4cheng\u00fcten bei der CNC-Bearbeitung<\/strong><\/h2>\n\n\n<div class=\"wp-block-uagb-container uagb-block-542f5bbf alignfull uagb-is-root-container\"><div class=\"uagb-container-inner-blocks-wrap\">\n<div class=\"wp-block-uagb-container uagb-block-14416465\">\n<div class=\"wp-block-uagb-info-box uagb-block-f7c15f6f uagb-infobox__content-wrap  uagb-infobox-icon-above-title uagb-infobox-image-valign-top\"><div class=\"uagb-ifb-content\"><div class=\"uagb-ifb-image-content\"><img decoding=\"async\" src=\"https:\/\/hdproto.com\/wp-content\/uploads\/2025\/08\/cnc-machining-surface-finishes-shows.jpg\" alt=\"Blau eloxiertes CNC-Teil mit CNC-bearbeiteten Oberfl\u00e4chen\" width=\"\" height=\"0\" loading=\"lazy\"\/><\/div><div class=\"uagb-ifb-title-wrap\"><h3 class=\"uagb-ifb-title\">Eloxiertes, sandgestrahltes CNC-Bauteil<\/h3><\/div><p class=\"uagb-ifb-desc\">Dieses CNC-gefr\u00e4ste Aluminiumteil verf\u00fcgt \u00fcber eine eloxierte, sandgestrahlte Oberfl\u00e4che, die f\u00fcr eine glatte, matte Textur, Langlebigkeit und Korrosionsbest\u00e4ndigkeit sorgt. Durch das Sandstrahlen werden Haftung und Verschlei\u00dffestigkeit verbessert. Die Oberfl\u00e4che gew\u00e4hrleistet dauerhafte Farbe, Kratzfestigkeit und ein hochwertiges Erscheinungsbild f\u00fcr Elektronik-, Konsumg\u00fcter- und Automobilteile.<\/p><\/div><\/div>\n<\/div>\n\n\n\n<div class=\"wp-block-uagb-container uagb-block-40dd48e2\">\n<div class=\"wp-block-uagb-info-box uagb-block-cde81d2e uagb-infobox__content-wrap  uagb-infobox-icon-above-title uagb-infobox-image-valign-top\"><div class=\"uagb-ifb-content\"><div class=\"uagb-ifb-image-content\"><img decoding=\"async\" src=\"https:\/\/hdproto.com\/wp-content\/uploads\/2025\/08\/Hard-anodized-pictures-1.jpg\" alt=\"Hart eloxierte Bilder\" width=\"\" height=\"0\" loading=\"lazy\"\/><\/div><div class=\"uagb-ifb-title-wrap\"><h3 class=\"uagb-ifb-title\">Komponente mit hart eloxierter Oberfl\u00e4chenveredelung<\/h3><\/div><p class=\"uagb-ifb-desc\">Dieses CNC-gefr\u00e4ste Bauteil verf\u00fcgt \u00fcber eine hartanodisierte Oberfl\u00e4che, die f\u00fcr hervorragende Verschlei\u00dffestigkeit, Korrosionsschutz und erh\u00f6hte H\u00e4rte sorgt. Durch die Hartanodisierung entsteht eine dichte Oxidschicht, die sich ideal f\u00fcr Bauteile in rauen Umgebungen oder f\u00fcr anspruchsvolle Anwendungen in der Luft- und Raumfahrt, der Automobilindustrie und im Maschinenbau eignet.<\/p><\/div><\/div>\n<\/div>\n\n\n\n<div class=\"wp-block-uagb-container uagb-block-3b0302be\">\n<div class=\"wp-block-uagb-info-box uagb-block-4471a001 uagb-infobox__content-wrap  uagb-infobox-icon-above-title uagb-infobox-image-valign-top\"><div class=\"uagb-ifb-content\"><div class=\"uagb-ifb-image-content\"><img decoding=\"async\" src=\"https:\/\/hdproto.com\/wp-content\/uploads\/2025\/08\/cnc-machining-surface-finishes-for-displaying.jpg\" alt=\"Eloxiertes CNC-gefr\u00e4stes Aluminiumteil mit roter, metallischer CNC-Oberfl\u00e4chenbearbeitung f\u00fcr \u00e4sthetische Anwendungen\" width=\"\" height=\"0\" loading=\"lazy\"\/><\/div><div class=\"uagb-ifb-title-wrap\"><h3 class=\"uagb-ifb-title\">Bearbeitetes Teil mit Pulverbeschichtung<\/h3><\/div><p class=\"uagb-ifb-desc\">Dieses CNC-gefr\u00e4ste Teil ist mit einer hochwertigen Pulverbeschichtung versehen, die eine glatte, langlebige und ansprechende Oberfl\u00e4che bietet. Die Pulverbeschichtung ist \u00e4u\u00dferst kratzfest, farbecht und korrosionsbest\u00e4ndig und erm\u00f6glicht die Herstellung einer breiten Palette leuchtender Farben. Sie findet h\u00e4ufig Anwendung bei Konsumg\u00fctern, Displays, Autozubeh\u00f6r und Geh\u00e4usen f\u00fcr Industrieanlagen.<\/p><\/div><\/div>\n<\/div>\n\n\n\n<div class=\"wp-block-uagb-container uagb-block-cf112ef3\">\n<div class=\"wp-block-uagb-info-box uagb-block-6ad15585 uagb-infobox__content-wrap  uagb-infobox-icon-above-title uagb-infobox-image-valign-top\"><div class=\"uagb-ifb-content\"><div class=\"uagb-ifb-image-content\"><img decoding=\"async\" src=\"https:\/\/hdproto.com\/wp-content\/uploads\/2025\/08\/cnc-machining-surface-finishes-pictures.jpg\" alt=\"Premium-Oberfl\u00e4chenveredelung durch CNC-Bearbeitung bei Huade\" width=\"\" height=\"0\" loading=\"lazy\"\/><\/div><div class=\"uagb-ifb-title-wrap\"><h3 class=\"uagb-ifb-title\">CNC-Teile mit laserge\u00e4tzter Oberfl\u00e4che<\/h3><\/div><p class=\"uagb-ifb-desc\">Dieses CNC-gefr\u00e4ste Bauteil besticht durch seine elegante, schwarz eloxierte Oberfl\u00e4che mit fein laserge\u00e4tzten Rillen. Die Oberfl\u00e4chenbehandlung verbessert die Korrosionsbest\u00e4ndigkeit und Langlebigkeit und sorgt f\u00fcr hervorragende Griffigkeit und ansprechende Optik. Es findet h\u00e4ufig Anwendung in Bereichen, die sowohl Stabilit\u00e4t als auch \u00c4sthetik erfordern, wie beispielsweise Geh\u00e4use, Halterungen oder Strukturbauteile in der Automobil- und Industriebranche.<\/p><\/div><\/div>\n<\/div>\n<\/div><\/div>\n\n\n\n<p class=\"has-medium-font-size\">Alle Teile werden aus zertifizierten Werkstoffen (Aluminium 6082\/7075, Edelstahl, Titan usw.) gefertigt und sind mit verschiedenen Oberfl\u00e4chenbehandlungen wie Anodisieren, Br\u00fcnieren, Pulverbeschichten usw. erh\u00e4ltlich.<\/p>\n\n\n\n<div class=\"wp-block-uagb-buttons uagb-buttons__outer-wrap uagb-btn__default-btn uagb-btn-tablet__default-btn uagb-btn-mobile__default-btn uagb-block-0d7b26b3\"><div class=\"uagb-buttons__wrap uagb-buttons-layout-wrap\">\n<div class=\"wp-block-uagb-buttons-child uagb-buttons__outer-wrap uagb-block-1e5f3e0c wp-block-button\"><div class=\"uagb-button__wrapper\"><a class=\"uagb-buttons-repeater wp-block-button__link\" aria-label=\"\" href=\"https:\/\/hdproto.com\/contact-cnc-machining-company\/\" rel=\"follow noopener\" target=\"_blank\" role=\"button\"><div class=\"uagb-button__link\">Kontaktieren Sie uns <\/div><\/a><\/div><\/div>\n<\/div><\/div>\n\n\n<h2 class=\"wp-block-heading\" id=\"why-choose-huade-for-cnc-machining-surface-finishes\">Warum Huade w\u00e4hlen? <strong>Oberfl\u00e4cheng\u00fcten bei der CNC-Bearbeitung<\/strong>?<\/h2>\n\n\n<p style=\"font-family: 'Inter', 'Poppins', 'Roboto', sans-serif; font-size: 17px; line-height: 1.7; color: #4a5a6a; font-weight: 400;\">\n  W\u00e4hlen <strong style=\"font-weight: 500;\">Dongguan Huade Precision Manufacturing Co., Ltd.<\/strong> F\u00fcr professionelle CNC-Bearbeitung mit Oberfl\u00e4cheng\u00fcte, auf die f\u00fchrende Automobil- und Industriemarken vertrauen. Erfahren Sie mehr \u00fcber <a href=\"https:\/\/en.wikipedia.org\/wiki\/Surface_finish\" target=\"_blank\" rel=\"noopener\" style=\"color: #0073e6;\">Oberfl\u00e4chenbeschaffenheitsstandards<\/a> in der Pr\u00e4zisionsfertigung.\n<\/p>\n\n<div style=\"margin-top: 20px;\">\n  <h3 style=\"font-family: 'Inter', 'Poppins', 'Roboto', sans-serif; font-size: 18px; font-weight: 500; color: #333e48;\">\u2705 Spiegelglatte Oberfl\u00e4cheng\u00fcte (Ra \u2264 0,2 \u03bcm)<\/h3>\n  <p style=\"font-family: 'Inter', 'Poppins', 'Roboto', sans-serif; font-size: 17px; line-height: 1.7; color: #4a5a6a;\">\n    Durch fortschrittliche Polier- und Schleifverfahren werden ultra-glatte Oberfl\u00e4chen erzielt, die ideal f\u00fcr Hochleistungs- und \u00e4sthetische Bauteile geeignet sind.\n  <\/p>\n<\/div>\n\n<div style=\"margin-top: 20px;\">\n  <h3 style=\"font-family: 'Inter', 'Poppins', 'Roboto', sans-serif; font-size: 18px; font-weight: 500; color: #333e48;\">\u2705 Breites Spektrum an Oberfl\u00e4chenbehandlungen<\/h3>\n  <p style=\"font-family: 'Inter', 'Poppins', 'Roboto', sans-serif; font-size: 17px; line-height: 1.7; color: #4a5a6a;\">\n    Anodisieren, Pulverbeschichten, Kugelstrahlen, B\u00fcrsten und Passivieren von Aluminium, Edelstahl und Titan.\n  <\/p>\n<\/div>\n\n<div style=\"margin-top: 20px;\">\n  <h3 style=\"font-family: 'Inter', 'Poppins', 'Roboto', sans-serif; font-size: 18px; font-weight: 500; color: #333e48;\">\u2705 Gleichbleibende Oberfl\u00e4chenqualit\u00e4t \u00fcber alle Chargen hinweg<\/h3>\n  <p style=\"font-family: 'Inter', 'Poppins', 'Roboto', sans-serif; font-size: 17px; line-height: 1.7; color: #4a5a6a;\">\n    Gleichbleibende Oberfl\u00e4chenqualit\u00e4t f\u00fcr Prototypen und Serienfertigung \u2013 f\u00fcr Markenkonsistenz und optimale Leistung.\n  <\/p>\n<\/div>\n\n<div style=\"margin-top: 20px;\">\n  <h3 style=\"font-family: 'Inter', 'Poppins', 'Roboto', sans-serif; font-size: 18px; font-weight: 500; color: #333e48;\">\u2705 Berichte zur Oberfl\u00e4chenbeschaffenheitspr\u00fcfung<\/h3>\n  <p style=\"font-family: 'Inter', 'Poppins', 'Roboto', sans-serif; font-size: 17px; line-height: 1.7; color: #4a5a6a;\">\n    Beinhaltet Daten zur Oberfl\u00e4chenrauheit, Ergebnisse der Sichtpr\u00fcfung und Schichtdicke f\u00fcr die vollst\u00e4ndige Konformit\u00e4t.\n  <\/p>\n<\/div>\n\n<div style=\"margin-top: 20px;\">\n  <h3 style=\"font-family: 'Inter', 'Poppins', 'Roboto', sans-serif; font-size: 18px; font-weight: 500; color: #333e48;\">\u2705 Schnelle Bearbeitungszeiten f\u00fcr Oberfl\u00e4chenbehandlungen<\/h3>\n  <p style=\"font-family: 'Inter', 'Poppins', 'Roboto', sans-serif; font-size: 17px; line-height: 1.7; color: #4a5a6a;\">\n    Die meisten Endbearbeitungsprozesse wurden in 2\u20133 Werktagen abgeschlossen, um die engen Entwicklungsfristen einzuhalten.\n  <\/p>\n<\/div>\n\n<div style=\"margin-top: 20px;\">\n  <h3 style=\"font-family: 'Inter', 'Poppins', 'Roboto', sans-serif; font-size: 18px; font-weight: 500; color: #333e48;\">\u2705 ISO 9001-zertifizierte Qualit\u00e4tskontrolle<\/h3>\n  <p style=\"font-family: 'Inter', 'Poppins', 'Roboto', sans-serif; font-size: 17px; line-height: 1.7; color: #4a5a6a;\">\n    Zertifizierte Prozesse gew\u00e4hrleisten, dass jede Oberfl\u00e4chenbehandlung den Anforderungen entspricht. <a href=\"https:\/\/www.iso.org\/iso-9001-quality-management.html\" target=\"_blank\" rel=\"noopener\" style=\"color: #0073e6;\">Internationale Normen nach ISO 9001<\/a> f\u00fcr Langlebigkeit, Aussehen und Pr\u00e4zision.\n  <\/p>\n<\/div>\n\n\n\n<p><\/p>\n\n\n<h2 class=\"wp-block-heading\" id=\"cnc-machining-surface-finishes-precision-protection-and-aesthetics\">CNC-Bearbeitung \u2013 Oberfl\u00e4chenveredelung: Pr\u00e4zision, Schutz und \u00c4sthetik<\/h2>\n\n\n<p>Wir bieten hochwertige CNC-Oberfl\u00e4chenveredelungen wie Eloxieren, Sandstrahlen, Polieren und Beschichten. Unsere L\u00f6sungen verbessern die Haltbarkeit, Korrosionsbest\u00e4ndigkeit und das Erscheinungsbild von Pr\u00e4zisionsteilen in verschiedenen Branchen. Vom Prototyp bis zur Massenproduktion sorgen wir f\u00fcr gleichbleibende Oberfl\u00e4chenqualit\u00e4t und schnelle Durchlaufzeiten f\u00fcr unsere Kunden weltweit. <\/p>\n\n\n<h3 class=\"wp-block-heading\" id=\"have-questions-about-your-cnc-machining-surface-finishes\"><strong>Haben Sie Fragen zu Ihrem <strong>Oberfl\u00e4cheng\u00fcten bei der CNC-Bearbeitung<\/strong>?<\/strong><\/h3>\n\n\n<p>Unser Expertenteam steht Ihnen mit schneller und professioneller Unterst\u00fctzung zur Seite. Ob Prototyp oder Gro\u00dfserienfertigung \u2013 wir helfen Ihnen von der Materialauswahl bis zur Auslieferung.<\/p>\n\n\n\n<p>\u2705 Schnelle Antwort<br>\u2705 Wettbewerbsf\u00e4hige Preise<br>\u2705 Unterst\u00fctzung f\u00fcr internationalen Versand<\/p>\n\n\n\n<p>\ud83d\udce7 sales@hdproto.com oder william@hdproto.com<\/p>\n\n\n\n<p>\ud83d\udcde +86 133 9271 1394 (Telefon &amp; WhatsApp)<\/p>\n\n\n\n<div class=\"wp-block-uagb-buttons uagb-buttons__outer-wrap uagb-btn__default-btn uagb-btn-tablet__default-btn uagb-btn-mobile__default-btn uagb-block-59119420\"><div class=\"uagb-buttons__wrap uagb-buttons-layout-wrap\">\n<div class=\"wp-block-uagb-buttons-child uagb-buttons__outer-wrap uagb-block-c760d2f4 wp-block-button\"><div class=\"uagb-button__wrapper\"><a class=\"uagb-buttons-repeater wp-block-button__link\" aria-label=\"\" href=\"https:\/\/hdproto.com\/contact-cnc-machining-company\" rel=\"follow noopener\" target=\"_blank\" role=\"button\"><div class=\"uagb-button__link\">Anfrage senden<\/div><\/a><\/div><\/div>\n<\/div><\/div>\n\n\n\n<p><\/p>\n<\/div>","protected":false},"excerpt":{"rendered":"<p>Applications of CNC Machining Surface Finishes All parts are machined from certified materials (Aluminum 6082\/7075, Stainless Steel, Titanium, etc.), supporting anodizing, black oxide, powder coating, and more. Why Choose Huade for CNC Machining Surface Finishes? Choose Dongguan Huade Precision Manufacturing Co., Ltd. for expert CNC machining surface finishes trusted by leading automotive and industrial brands. [&hellip;]<\/p>\n","protected":false},"author":2,"featured_media":0,"parent":0,"menu_order":0,"comment_status":"closed","ping_status":"closed","template":"","meta":{"_acf_changed":false,"_uag_custom_page_level_css":"","site-sidebar-layout":"default","site-content-layout":"","ast-site-content-layout":"default","site-content-style":"default","site-sidebar-style":"default","ast-global-header-display":"","ast-banner-title-visibility":"","ast-main-header-display":"","ast-hfb-above-header-display":"","ast-hfb-below-header-display":"","ast-hfb-mobile-header-display":"","site-post-title":"","ast-breadcrumbs-content":"","ast-featured-img":"","footer-sml-layout":"","ast-disable-related-posts":"","theme-transparent-header-meta":"","adv-header-id-meta":"","stick-header-meta":"","header-above-stick-meta":"","header-main-stick-meta":"","header-below-stick-meta":"","astra-migrate-meta-layouts":"set","ast-page-background-enabled":"default","ast-page-background-meta":{"desktop":{"background-color":"","background-image":"","background-repeat":"repeat","background-position":"center center","background-size":"auto","background-attachment":"scroll","background-type":"","background-media":"","overlay-type":"","overlay-color":"","overlay-opacity":"","overlay-gradient":""},"tablet":{"background-color":"","background-image":"","background-repeat":"repeat","background-position":"center center","background-size":"auto","background-attachment":"scroll","background-type":"","background-media":"","overlay-type":"","overlay-color":"","overlay-opacity":"","overlay-gradient":""},"mobile":{"background-color":"","background-image":"","background-repeat":"repeat","background-position":"center center","background-size":"auto","background-attachment":"scroll","background-type":"","background-media":"","overlay-type":"","overlay-color":"","overlay-opacity":"","overlay-gradient":""}},"ast-content-background-meta":{"desktop":{"background-color":"var(--ast-global-color-5)","background-image":"","background-repeat":"repeat","background-position":"center center","background-size":"auto","background-attachment":"scroll","background-type":"","background-media":"","overlay-type":"","overlay-color":"","overlay-opacity":"","overlay-gradient":""},"tablet":{"background-color":"var(--ast-global-color-5)","background-image":"","background-repeat":"repeat","background-position":"center center","background-size":"auto","background-attachment":"scroll","background-type":"","background-media":"","overlay-type":"","overlay-color":"","overlay-opacity":"","overlay-gradient":""},"mobile":{"background-color":"var(--ast-global-color-5)","background-image":"","background-repeat":"repeat","background-position":"center center","background-size":"auto","background-attachment":"scroll","background-type":"","background-media":"","overlay-type":"","overlay-color":"","overlay-opacity":"","overlay-gradient":""}},"footnotes":""},"class_list":["post-1863","page","type-page","status-publish","hentry"],"acf":[],"uagb_featured_image_src":{"full":false,"thumbnail":false,"medium":false,"medium_large":false,"large":false,"1536x1536":false,"2048x2048":false,"trp-custom-language-flag":false},"uagb_author_info":{"display_name":"Huade CNC","author_link":"https:\/\/cms.hdproto.com\/de\/author\/sales\/"},"uagb_comment_info":0,"uagb_excerpt":"Applications of CNC Machining Surface Finishes All parts are machined from certified materials (Aluminum 6082\/7075, Stainless Steel, Titanium, etc.), supporting anodizing, black oxide, powder coating, and more. Why Choose Huade for CNC Machining Surface Finishes? Choose Dongguan Huade Precision Manufacturing Co., Ltd. for expert CNC machining surface finishes trusted by leading automotive and industrial brands.&hellip;","_links":{"self":[{"href":"https:\/\/cms.hdproto.com\/de\/wp-json\/wp\/v2\/pages\/1863","targetHints":{"allow":["GET"]}}],"collection":[{"href":"https:\/\/cms.hdproto.com\/de\/wp-json\/wp\/v2\/pages"}],"about":[{"href":"https:\/\/cms.hdproto.com\/de\/wp-json\/wp\/v2\/types\/page"}],"author":[{"embeddable":true,"href":"https:\/\/cms.hdproto.com\/de\/wp-json\/wp\/v2\/users\/2"}],"replies":[{"embeddable":true,"href":"https:\/\/cms.hdproto.com\/de\/wp-json\/wp\/v2\/comments?post=1863"}],"version-history":[{"count":19,"href":"https:\/\/cms.hdproto.com\/de\/wp-json\/wp\/v2\/pages\/1863\/revisions"}],"predecessor-version":[{"id":4426,"href":"https:\/\/cms.hdproto.com\/de\/wp-json\/wp\/v2\/pages\/1863\/revisions\/4426"}],"wp:attachment":[{"href":"https:\/\/cms.hdproto.com\/de\/wp-json\/wp\/v2\/media?parent=1863"}],"curies":[{"name":"wp","href":"https:\/\/api.w.org\/{rel}","templated":true}]}}