{"id":1762,"date":"2025-08-01T04:01:49","date_gmt":"2025-08-01T04:01:49","guid":{"rendered":"https:\/\/hdproto.com\/?page_id=1762"},"modified":"2026-03-11T08:58:54","modified_gmt":"2026-03-11T08:58:54","slug":"cnc-frasen","status":"publish","type":"page","link":"https:\/\/cms.hdproto.com\/de\/cnc-milling\/","title":{"rendered":"CNC-Fr\u00e4sen"},"content":{"rendered":"<div class=\"wp-block-columns alignfull is-layout-flex wp-container-core-columns-is-layout-28f84493 wp-block-columns-is-layout-flex\">\n<div class=\"wp-block-column is-layout-flow wp-block-column-is-layout-flow\" style=\"flex-basis:50%\">\n<div class=\"wp-block-cover is-light\" style=\"min-height:600px;aspect-ratio:unset;\"><span aria-hidden=\"true\" class=\"wp-block-cover__background has-background-dim-100 has-background-dim\" style=\"background-color:#f6f6f6\"><\/span><div class=\"wp-block-cover__inner-container is-layout-flow wp-block-cover-is-layout-flow\">\n<figure class=\"wp-block-video\"><video height=\"720\" style=\"aspect-ratio: 960 \/ 720;\" width=\"960\" controls src=\"https:\/\/hdproto.com\/wp-content\/uploads\/2025\/08\/cnc-milling-machine-is-running.mp4\"><\/video><\/figure>\n<\/div><\/div>\n<\/div>\n\n\n\n<div class=\"wp-block-column is-vertically-aligned-center is-layout-flow wp-block-column-is-layout-flow\" style=\"padding-top:1em;padding-right:1em;padding-bottom:1em;padding-left:1em\">\n<div class=\"wp-block-group is-layout-constrained wp-block-group-is-layout-constrained\">\n<div class=\"wp-block-uagb-container uagb-block-0946e95d default uagb-is-root-container\">\n<div class=\"wp-block-uagb-container uagb-block-6f20f0aa\"><h2 class=\"wp-block-heading has-small-font-size\" id=\"cnc-milling-services\"><strong>CNC-Fr\u00e4sdienstleistungen<\/strong><\/h2>\n\n\n<p class=\"has-small-font-size\" style=\"line-height:1.6\">Bei Huade Precision, unser<strong> <a href=\"https:\/\/hdproto.com\/cnc-machining-services\/\" target=\"_blank\" data-type=\"link\" data-id=\"https:\/\/hdproto.com\/cnc-machining-services\/\" rel=\"noreferrer noopener\">CNC-Fr\u00e4sdienstleistungen<\/a><\/strong> Unsere Produkte sind darauf ausgelegt, den sich wandelnden Anforderungen moderner Industrien gerecht zu werden. Ob Sie mechanische Teile, Strukturbauteile oder Funktionsprototypen entwickeln \u2013 wir liefern Ihnen stets saubere, pr\u00e4zise und reproduzierbare Ergebnisse.<\/p>\n\n\n\n<p class=\"has-small-font-size\" style=\"line-height:1.6\">.Mit modernsten Mehrachsen-Fr\u00e4smaschinen und qualifizierten Fachkr\u00e4ften bearbeiten wir eine breite Palette an Materialien, darunter Aluminium, Edelstahl, Messing, Bronze und technische Kunststoffe. Von kleinen, filigranen Teilen bis hin zu gr\u00f6\u00dferen Bauteilen mit komplexen Geometrien garantieren wir glatte Oberfl\u00e4chen und pr\u00e4zise Passungen bei gleichbleibend hoher Qualit\u00e4t.<\/p>\n\n\n\n<p class=\"has-small-font-size\" style=\"line-height:1.6\">Ob Sie Prototypen in Kleinserien oder langfristige Produktionsl\u00e4ufe ben\u00f6tigen, unser <strong>CNC-Fr\u00e4sen<\/strong> Unsere Dienstleistungen bieten Flexibilit\u00e4t, kurze Bearbeitungszeiten und zuverl\u00e4ssigen Support. Wir arbeiten eng mit Ingenieuren und Eink\u00e4ufern zusammen, um die technischen und anwendungsbezogenen Anforderungen jedes Bauteils zu verstehen \u2013 damit Sie genau das erhalten, was Ihr Projekt erfordert.<\/p>\n\n\n\n<p>Lassen Sie uns Ihnen helfen, Ihre Produktideen mit zuverl\u00e4ssigen, leistungsstarken L\u00f6sungen zum Leben zu erwecken. <strong>CNC-gefr\u00e4ste Teile<\/strong> Genau auf Ihre Vorgaben zugeschnitten. <a href=\"https:\/\/hdproto.com\/cnc-machining-services\/\" target=\"_blank\" rel=\"noreferrer noopener\">Erfahren Sie mehr \u00fcber CNC-Techniken auf Autodesk<\/a><\/p>\n<\/div>\n<\/div>\n<\/div>\n<\/div>\n<\/div>\n\n\n\n<div class=\"wp-block-columns alignwide are-vertically-aligned-top is-layout-flex wp-container-core-columns-is-layout-08c01c1c wp-block-columns-is-layout-flex\">\n<div class=\"wp-block-column is-vertically-aligned-top is-layout-flow wp-block-column-is-layout-flow\">\n<div class=\"wp-block-group wp-container-content-231d8afb is-vertical is-content-justification-left is-nowrap is-layout-flex wp-container-core-group-is-layout-d439c89b wp-block-group-is-layout-flex\" style=\"margin-top:0;margin-bottom:0\">\n<figure class=\"wp-block-image size-full is-style-default wp-container-content-0733e5d0\"><img fetchpriority=\"high\" decoding=\"async\" width=\"600\" height=\"800\" src=\"https:\/\/hdproto.com\/wp-content\/uploads\/2025\/11\/CNC-Turning-Part-for-Audio-System.jpg\" alt=\"Dongguan Huade CNC-Drehteil f\u00fcr Audiosystem\" class=\"wp-image-3411\" srcset=\"https:\/\/cms.hdproto.com\/wp-content\/uploads\/2025\/11\/CNC-Turning-Part-for-Audio-System.jpg 600w, https:\/\/cms.hdproto.com\/wp-content\/uploads\/2025\/11\/CNC-Turning-Part-for-Audio-System-225x300.jpg 225w, https:\/\/cms.hdproto.com\/wp-content\/uploads\/2025\/11\/CNC-Turning-Part-for-Audio-System-9x12.jpg 9w\" sizes=\"(max-width: 600px) 100vw, 600px\" \/><figcaption class=\"wp-element-caption\">Kundenspezifische CNC-Fr\u00e4sdienstleistungen f\u00fcr Audiosysteme<\/figcaption><\/figure>\n\n\n\n<div class=\"wp-block-group is-vertical is-nowrap is-layout-flex wp-container-core-group-is-layout-5280e479 wp-block-group-is-layout-flex\">\n<p class=\"has-medium-font-size\"><strong>Pr\u00e4zisionsgefertigte CNC-Komponenten<\/strong><\/p>\n\n\n\n<p class=\"has-small-font-size\">Hergestellt mit modernsten Verfahren <strong>CNC-Fr\u00e4sen<\/strong> Dank modernster Fertigungstechniken sind unsere Komponenten auf Pr\u00e4zision, Funktionalit\u00e4t und gleichbleibende Qualit\u00e4t ausgelegt. Ob mechanische Baugruppen, Geh\u00e4use oder kleine Pr\u00e4zisionsteile \u2013 wir liefern zuverl\u00e4ssige Ergebnisse f\u00fcr eine Vielzahl von Branchen.<\/p>\n\n\n\n<p>Jedes Teil wird mit viel Liebe zum Detail gefertigt, um saubere Kanten, glatte Oberfl\u00e4chen und pr\u00e4zise Abmessungen zu gew\u00e4hrleisten. Von einzelnen Prototypen bis hin zur Serienproduktion \u2013 unser Angebot umfasst h\u00f6chste Pr\u00e4zision. <strong>CNC-Fr\u00e4sdienstleistungen<\/strong> Unterst\u00fctzung von Projekten in den Bereichen Automobilindustrie, Elektronik, Konsumg\u00fcter und mehr.<\/p>\n<\/div>\n<\/div>\n<\/div>\n\n\n\n<div class=\"wp-block-column is-vertically-aligned-top is-layout-flow wp-block-column-is-layout-flow\">\n<div class=\"wp-block-group wp-container-content-231d8afb is-vertical is-layout-flex wp-container-core-group-is-layout-05b43539 wp-block-group-is-layout-flex\" style=\"margin-top:0;margin-bottom:0\">\n<div class=\"wp-block-group is-vertical is-nowrap is-layout-flex wp-container-core-group-is-layout-5280e479 wp-block-group-is-layout-flex\">\n<p class=\"has-medium-font-size\"><strong>Pr\u00e4zisions-CNC-Fr\u00e4sen f\u00fcr komplexe Metallbauteile<\/strong><\/p>\n\n\n\n<p class=\"has-small-font-size\">Diese Metallteile unterstreichen die Vielseitigkeit CNC-gefertigter Teile bei der Herstellung komplexer, vielschichtiger Komponenten mit sauberen Kanten und engen Abmessungen. Sie eignen sich ideal f\u00fcr Anwendungen in der Automatisierung, Robotik, Messtechnik und im Maschinenbau und sind auf gleichbleibende Leistung und pr\u00e4zise Montage ausgelegt.<\/p>\n<\/div>\n\n\n\n<figure class=\"wp-block-image size-full\" style=\"font-size:14px\"><img decoding=\"async\" width=\"626\" height=\"900\" src=\"https:\/\/hdproto.com\/wp-content\/uploads\/2025\/08\/cnc-milling-components.jpg\" alt=\"CNC-gefr\u00e4ste Pr\u00e4zisionsbauteile mit komplexer Geometrie f\u00fcr mechanische Baugruppen\" class=\"wp-image-1769\" srcset=\"https:\/\/cms.hdproto.com\/wp-content\/uploads\/2025\/08\/cnc-milling-components.jpg 626w, https:\/\/cms.hdproto.com\/wp-content\/uploads\/2025\/08\/cnc-milling-components-209x300.jpg 209w\" sizes=\"(max-width: 626px) 100vw, 626px\" \/><figcaption class=\"wp-element-caption\">Hochleistungskomponenten, hergestellt durch CNC-Fr\u00e4sen, geeignet f\u00fcr Struktur-, Mechanik- und Bewegungssteuerungssysteme.<\/figcaption><\/figure>\n<\/div>\n<\/div>\n<\/div>\n\n\n\n<div class=\"wp-block-group alignfull has-ast-global-color-8-background-color has-background is-layout-flow wp-block-group-is-layout-flow\" style=\"padding-top:6vw;padding-right:6vw;padding-bottom:6vw;padding-left:6vw\">\n<div class=\"wp-block-group is-vertical is-nowrap is-layout-flex wp-container-core-group-is-layout-36fd9ea3 wp-block-group-is-layout-flex\" style=\"padding-right:0;padding-left:0\"><h6 class=\"wp-block-heading has-text-color\" id=\"ecosystem\" style=\"color:#000000;font-size:16px\">CNC-Bearbeitungsdienstleistungen<\/h6>\n\n\n<p class=\"has-text-color\" style=\"color:#000000;font-size:6vw;font-style:normal;font-weight:700;letter-spacing:0px;line-height:0.9;text-decoration:none;text-transform:none\">CNC-Fr\u00e4sen<\/p>\n<\/div>\n\n\n\n<div style=\"height:1vw\" aria-hidden=\"true\" class=\"wp-block-spacer\"><\/div>\n\n\n\n<div class=\"wp-block-group alignwide is-vertical is-nowrap is-layout-flex wp-container-core-group-is-layout-7946b6b8 wp-block-group-is-layout-flex\" style=\"padding-top:0;padding-right:0;padding-bottom:0;padding-left:0\">\n<div class=\"wp-block-columns alignwide is-layout-flex wp-container-core-columns-is-layout-21b20327 wp-block-columns-is-layout-flex\">\n<div class=\"wp-block-column is-layout-flow wp-block-column-is-layout-flow\" style=\"flex-basis:33.38%\"><h2 class=\"wp-block-heading has-text-color\" style=\"color:#000000;font-size:17px\" id=\"precision-cnc-milling-for-demanding-industrial-applications\">Pr\u00e4zisions-CNC-Fr\u00e4sen f\u00fcr anspruchsvolle industrielle Anwendungen<\/h2>\n\n\n<p>Wir bearbeiten Aluminium, Edelstahl, Messing, Kupfer und technische Kunststoffe und fertigen alles von einfachen, flachen Geometrien bis hin zu tiefen Taschen und gebogenen Baugruppen. Ob Sie Befestigungsl\u00f6cher, Hinterschneidungen, Stufenfl\u00e4chen oder Funktionsschlitze ben\u00f6tigen \u2013 wir bieten Ihnen die passenden L\u00f6sungen. <strong>CNC-Bearbeitungsprozess<\/strong> erm\u00f6glicht die genaue Kontrolle aller Funktionen \u2013 und unterst\u00fctzt so eine pr\u00e4zise mechanische Leistung und einen zuverl\u00e4ssigen Sitz bei der Endmontage.<\/p>\n\n\n\n<p>Unser <strong><a href=\"https:\/\/hdproto.com\/cnc-machining-services\/\" data-type=\"link\" data-id=\"https:\/\/hdproto.com\/cnc-machining-services\/\" target=\"_blank\" rel=\"noopener\">CNC-Fr\u00e4sl\u00f6sungen<\/a><\/strong> Sie finden breite Anwendung in Automatisierungssystemen, Robotik, Schwermaschinen und Ger\u00e4terahmen. F\u00fcr jedes Projekt passen wir die Bearbeitungsstrategie individuell an Ihre Toleranzen, das Materialverhalten und die funktionalen Anforderungen an. <\/p>\n<\/div>\n\n\n\n<div class=\"wp-block-column is-layout-flow wp-block-column-is-layout-flow\" style=\"flex-basis:33%\">\n<div style=\"height:2vw\" aria-hidden=\"true\" class=\"wp-block-spacer\"><\/div>\n\n\n\n<figure class=\"wp-block-image size-full\"><img decoding=\"async\" width=\"600\" height=\"800\" src=\"https:\/\/hdproto.com\/wp-content\/uploads\/2026\/01\/CNC-Automotive-Parts.jpg\" alt=\"Fahrzeugaufh\u00e4ngungsbauteile aus Aluminium mit Gewinden und Flanschen\" class=\"wp-image-3965\" srcset=\"https:\/\/cms.hdproto.com\/wp-content\/uploads\/2026\/01\/CNC-Automotive-Parts.jpg 600w, https:\/\/cms.hdproto.com\/wp-content\/uploads\/2026\/01\/CNC-Automotive-Parts-225x300.jpg 225w, https:\/\/cms.hdproto.com\/wp-content\/uploads\/2026\/01\/CNC-Automotive-Parts-9x12.jpg 9w\" sizes=\"(max-width: 600px) 100vw, 600px\" \/><figcaption class=\"wp-element-caption\">Hochpr\u00e4zise CNC-gefr\u00e4ste Aluminiumkomponenten f\u00fcr die Fahrzeugaufh\u00e4ngung - enge Toleranzen und Gewindeeigenschaften<\/figcaption><\/figure>\n<\/div>\n\n\n\n<div class=\"wp-block-column is-layout-flow wp-block-column-is-layout-flow\" style=\"flex-basis:33.62%\">\n<figure class=\"wp-block-image size-full\"><img loading=\"lazy\" decoding=\"async\" width=\"600\" height=\"800\" src=\"https:\/\/hdproto.com\/wp-content\/uploads\/2026\/01\/CNC-machined-parts.jpg\" alt=\"CNC-gefr\u00e4ster Klemmring oder Befestigungskragen mit Befestigungsl\u00f6chern und abgestufter Ausf\u00fchrung\" class=\"wp-image-3967\" srcset=\"https:\/\/cms.hdproto.com\/wp-content\/uploads\/2026\/01\/CNC-machined-parts.jpg 600w, https:\/\/cms.hdproto.com\/wp-content\/uploads\/2026\/01\/CNC-machined-parts-225x300.jpg 225w, https:\/\/cms.hdproto.com\/wp-content\/uploads\/2026\/01\/CNC-machined-parts-9x12.jpg 9w\" sizes=\"(max-width: 600px) 100vw, 600px\" \/><figcaption class=\"wp-element-caption\">Hochpr\u00e4zise CNC-gefr\u00e4ster Aluminium-Klemmring \/ Kragen - schwarz eloxiert, mehrere Befestigungsl\u00f6cher f\u00fcr sichere Montage<\/figcaption><\/figure>\n\n\n\n<p>Dieses Bild zeigt individuell gefertigte Aluminiumkomponenten, die mittels CNC-Fr\u00e4sen hergestellt wurden und sich durch saubere Kantenprofile und funktionale Strukturen f\u00fcr den Einsatz in Geh\u00e4usen, Halterungen oder Sonderanfertigungen auszeichnen.<\/p>\n<\/div>\n<\/div>\n\n\n\n<div class=\"wp-block-columns alignwide is-layout-flex wp-container-core-columns-is-layout-c24efe4f wp-block-columns-is-layout-flex\">\n<div class=\"wp-block-column is-layout-flow wp-block-column-is-layout-flow\" style=\"flex-basis:69%\">\n<figure class=\"wp-block-image size-full\"><img loading=\"lazy\" decoding=\"async\" width=\"800\" height=\"600\" src=\"https:\/\/hdproto.com\/wp-content\/uploads\/2026\/03\/CNC-Machinery-Parts.webp\" alt=\"CNC-gefertigte Aluminium-Maschinenteile\" class=\"wp-image-4303\" srcset=\"https:\/\/cms.hdproto.com\/wp-content\/uploads\/2026\/03\/CNC-Machinery-Parts.webp 800w, https:\/\/cms.hdproto.com\/wp-content\/uploads\/2026\/03\/CNC-Machinery-Parts-300x225.webp 300w, https:\/\/cms.hdproto.com\/wp-content\/uploads\/2026\/03\/CNC-Machinery-Parts-768x576.webp 768w, https:\/\/cms.hdproto.com\/wp-content\/uploads\/2026\/03\/CNC-Machinery-Parts-16x12.webp 16w\" sizes=\"(max-width: 800px) 100vw, 800px\" \/><figcaption class=\"wp-element-caption\">Kundenspezifische CNC-gefertigte Pr\u00e4zisionsteile f\u00fcr Industrieanlagen und mechanische Baugruppen.<\/figcaption><\/figure>\n<\/div>\n\n\n\n<div class=\"wp-block-column is-vertically-aligned-center is-layout-flow wp-block-column-is-layout-flow\" style=\"flex-basis:33%\"><h6 class=\"wp-block-heading has-text-color\" style=\"color:#000000;font-size:17px\" id=\"precision-machining-for-industrialgrade-components\">Pr\u00e4zisionsbearbeitung f\u00fcr Bauteile in Industriequalit\u00e4t<\/h6>\n\n\n<p>Unsere Fr\u00e4sdienstleistungen bieten h\u00f6chste Pr\u00e4zision und Wiederholgenauigkeit und erm\u00f6glichen die Fertigung strukturell identischer Teile, ideal f\u00fcr Automatisierungssysteme, Maschinenkomponenten und mechanische Verbindungen. Jedes Teil durchl\u00e4uft eine sorgf\u00e4ltige Materialauswahl und mehrachsige Bearbeitung, um eine saubere Geometrie, gleichm\u00e4\u00dfige Oberfl\u00e4cheng\u00fcte und pr\u00e4zise Ma\u00dfhaltigkeit zu gew\u00e4hrleisten.<\/p>\n<\/div>\n<\/div>\n<\/div>\n<\/div>\n\n\n\n<div class=\"wp-block-uagb-container uagb-block-749f57d1 alignfull uagb-is-root-container\"><div class=\"uagb-container-inner-blocks-wrap\"><h2 class=\"wp-block-heading\" id=\"you-may-want-to-ask\">Sie k\u00f6nnten fragen<\/h2>\n\n\n<p>F: K\u00f6nnen Sie Muster f\u00fcr CNC-gefertigte Teile bereitstellen?<br>A: Ja, wir bieten schnelles Prototyping innerhalb von 2\u20133 Tagen an.<\/p>\n\n\n\n<p>F: Welche Dateiformate akzeptieren Sie?<br>A: Wir akzeptieren STEP-, IGES-, STL- und 2D-PDF-Dateien.<\/p>\n\n\n\n<p>F: Wie stellt man die Biokompatibilit\u00e4t von Materialien sicher?<br>A: Wir beziehen zertifizierte medizinische Materialien ausschlie\u00dflich von vertrauensw\u00fcrdigen Lieferanten.<\/p>\n<\/div><\/div>\n\n\n\n<div class=\"wp-block-uagb-container uagb-block-a815ca67 alignfull uagb-is-root-container\"><div class=\"uagb-container-inner-blocks-wrap\"><h2 class=\"wp-block-heading\" id=\"%25e2%259c%2585-call-to-action\">\u2705 Aufruf zum Handeln<\/h2>\n\n\n<p><strong>Sind Sie bereit, Ihre kundenspezifischen CNC-gefertigten Teile zu entwickeln?<\/strong><br>Lassen Sie uns Ihren Entwurf in die Realit\u00e4t umsetzen \u2013 schnell, pr\u00e4zise und professionell.<\/p>\n<\/div><\/div>\n\n\n\n<div class=\"wp-block-uagb-buttons uagb-buttons__outer-wrap uagb-btn__default-btn uagb-btn-tablet__default-btn uagb-btn-mobile__default-btn uagb-block-01f2a104\"><div class=\"uagb-buttons__wrap uagb-buttons-layout-wrap\">\n<div class=\"wp-block-uagb-buttons-child uagb-buttons__outer-wrap uagb-block-a1a82a92 wp-block-button\"><div class=\"uagb-button__wrapper\"><a class=\"uagb-buttons-repeater wp-block-button__link\" aria-label=\"\" href=\"https:\/\/hdproto.com\/contact-cnc-machining-company\/\" rel=\"follow noopener\" target=\"_blank\" role=\"button\"><div class=\"uagb-button__link\">Kontaktieren Sie uns<\/div><\/a><\/div><\/div>\n<\/div><\/div>\n\n\n\n<p><\/p>","protected":false},"excerpt":{"rendered":"<p>CNC Milling Services At Huade Precision, our CNC milling services are built to meet the evolving needs of modern industries. Whether you&#8217;re developing mechanical parts, structural components, or functional prototypes, we deliver clean, accurate, and repeatable results\u2014every time. .With advanced multi-axis milling machines and skilled technicians, we handle a wide range of materials including aluminum, [&hellip;]<\/p>\n","protected":false},"author":2,"featured_media":4303,"parent":0,"menu_order":0,"comment_status":"closed","ping_status":"closed","template":"","meta":{"_acf_changed":false,"_uag_custom_page_level_css":"","site-sidebar-layout":"default","site-content-layout":"","ast-site-content-layout":"default","site-content-style":"default","site-sidebar-style":"default","ast-global-header-display":"","ast-banner-title-visibility":"","ast-main-header-display":"","ast-hfb-above-header-display":"","ast-hfb-below-header-display":"","ast-hfb-mobile-header-display":"","site-post-title":"","ast-breadcrumbs-content":"","ast-featured-img":"disabled","footer-sml-layout":"","ast-disable-related-posts":"","theme-transparent-header-meta":"","adv-header-id-meta":"","stick-header-meta":"","header-above-stick-meta":"","header-main-stick-meta":"","header-below-stick-meta":"","astra-migrate-meta-layouts":"set","ast-page-background-enabled":"default","ast-page-background-meta":{"desktop":{"background-color":"","background-image":"","background-repeat":"repeat","background-position":"center center","background-size":"auto","background-attachment":"scroll","background-type":"","background-media":"","overlay-type":"","overlay-color":"","overlay-opacity":"","overlay-gradient":""},"tablet":{"background-color":"","background-image":"","background-repeat":"repeat","background-position":"center center","background-size":"auto","background-attachment":"scroll","background-type":"","background-media":"","overlay-type":"","overlay-color":"","overlay-opacity":"","overlay-gradient":""},"mobile":{"background-color":"","background-image":"","background-repeat":"repeat","background-position":"center center","background-size":"auto","background-attachment":"scroll","background-type":"","background-media":"","overlay-type":"","overlay-color":"","overlay-opacity":"","overlay-gradient":""}},"ast-content-background-meta":{"desktop":{"background-color":"var(--ast-global-color-5)","background-image":"","background-repeat":"repeat","background-position":"center center","background-size":"auto","background-attachment":"scroll","background-type":"","background-media":"","overlay-type":"","overlay-color":"","overlay-opacity":"","overlay-gradient":""},"tablet":{"background-color":"var(--ast-global-color-5)","background-image":"","background-repeat":"repeat","background-position":"center center","background-size":"auto","background-attachment":"scroll","background-type":"","background-media":"","overlay-type":"","overlay-color":"","overlay-opacity":"","overlay-gradient":""},"mobile":{"background-color":"var(--ast-global-color-5)","background-image":"","background-repeat":"repeat","background-position":"center center","background-size":"auto","background-attachment":"scroll","background-type":"","background-media":"","overlay-type":"","overlay-color":"","overlay-opacity":"","overlay-gradient":""}},"footnotes":""},"class_list":["post-1762","page","type-page","status-publish","has-post-thumbnail","hentry"],"acf":[],"uagb_featured_image_src":{"full":["https:\/\/cms.hdproto.com\/wp-content\/uploads\/2026\/03\/CNC-Machinery-Parts.webp",800,600,false],"thumbnail":["https:\/\/cms.hdproto.com\/wp-content\/uploads\/2026\/03\/CNC-Machinery-Parts-150x150.webp",150,150,true],"medium":["https:\/\/cms.hdproto.com\/wp-content\/uploads\/2026\/03\/CNC-Machinery-Parts-300x225.webp",300,225,true],"medium_large":["https:\/\/cms.hdproto.com\/wp-content\/uploads\/2026\/03\/CNC-Machinery-Parts-768x576.webp",768,576,true],"large":["https:\/\/cms.hdproto.com\/wp-content\/uploads\/2026\/03\/CNC-Machinery-Parts.webp",800,600,false],"1536x1536":["https:\/\/cms.hdproto.com\/wp-content\/uploads\/2026\/03\/CNC-Machinery-Parts.webp",800,600,false],"2048x2048":["https:\/\/cms.hdproto.com\/wp-content\/uploads\/2026\/03\/CNC-Machinery-Parts.webp",800,600,false],"trp-custom-language-flag":["https:\/\/cms.hdproto.com\/wp-content\/uploads\/2026\/03\/CNC-Machinery-Parts-16x12.webp",16,12,true]},"uagb_author_info":{"display_name":"Huade CNC","author_link":"https:\/\/cms.hdproto.com\/de\/author\/sales\/"},"uagb_comment_info":0,"uagb_excerpt":"CNC Milling Services At Huade Precision, our CNC milling services are built to meet the evolving needs of modern industries. Whether you&#8217;re developing mechanical parts, structural components, or functional prototypes, we deliver clean, accurate, and repeatable results\u2014every time. .With advanced multi-axis milling machines and skilled technicians, we handle a wide range of materials including aluminum,&hellip;","_links":{"self":[{"href":"https:\/\/cms.hdproto.com\/de\/wp-json\/wp\/v2\/pages\/1762","targetHints":{"allow":["GET"]}}],"collection":[{"href":"https:\/\/cms.hdproto.com\/de\/wp-json\/wp\/v2\/pages"}],"about":[{"href":"https:\/\/cms.hdproto.com\/de\/wp-json\/wp\/v2\/types\/page"}],"author":[{"embeddable":true,"href":"https:\/\/cms.hdproto.com\/de\/wp-json\/wp\/v2\/users\/2"}],"replies":[{"embeddable":true,"href":"https:\/\/cms.hdproto.com\/de\/wp-json\/wp\/v2\/comments?post=1762"}],"version-history":[{"count":25,"href":"https:\/\/cms.hdproto.com\/de\/wp-json\/wp\/v2\/pages\/1762\/revisions"}],"predecessor-version":[{"id":4315,"href":"https:\/\/cms.hdproto.com\/de\/wp-json\/wp\/v2\/pages\/1762\/revisions\/4315"}],"wp:featuredmedia":[{"embeddable":true,"href":"https:\/\/cms.hdproto.com\/de\/wp-json\/wp\/v2\/media\/4303"}],"wp:attachment":[{"href":"https:\/\/cms.hdproto.com\/de\/wp-json\/wp\/v2\/media?parent=1762"}],"curies":[{"name":"wp","href":"https:\/\/api.w.org\/{rel}","templated":true}]}}