{"id":1383,"date":"2025-07-14T09:46:32","date_gmt":"2025-07-14T09:46:32","guid":{"rendered":"https:\/\/hdproto.com\/?page_id=1383"},"modified":"2026-03-11T08:40:54","modified_gmt":"2026-03-11T08:40:54","slug":"cnc-maschinenteile","status":"publish","type":"page","link":"https:\/\/cms.hdproto.com\/de\/products\/cnc-machinery-parts\/","title":{"rendered":"CNC-Maschinenteile"},"content":{"rendered":"<div class=\"wp-block-group is-layout-constrained wp-block-group-is-layout-constrained\">\n<div class=\"wp-block-uagb-advanced-heading uagb-block-69af9d91\"><h2 class=\"uagb-heading-text\">Hersteller von Pr\u00e4zisions-CNC-Maschinenteilen f\u00fcr industrielle Anwendungen<\/h2><\/div>\n\n\n\n<p><\/p>\n\n\n\n<p>Bei Dongguan Huade Precision Manufacturing Co., Ltd. fertigen wir CNC-bearbeitete Teile, die speziell f\u00fcr die Anforderungen moderner Maschinen entwickelt wurden. Von Automatisierungssystemen bis hin zu Schwerlastanlagen \u2013 unsere Komponenten sind auf pr\u00e4zise, zuverl\u00e4ssige und konstante Leistung ausgelegt.<\/p>\n\n\n\n<p>Jedes unserer Produkte wird mit h\u00f6chster Pr\u00e4zision gefertigt und erf\u00fcllt engste Toleranzen bis zu \u00b10,01 mm. So gew\u00e4hrleisten wir auch in anspruchsvollen mechanischen Umgebungen einen stabilen Betrieb. Ob Produktionslinien, Robotersysteme oder Spezialmaschinen \u2013 unsere CNC-Maschinenteile helfen Ihnen, Ihre Konstruktionen zu realisieren.<\/p>\n\n\n\n<p>Mit jahrelanger Erfahrung im CNC-Fr\u00e4sen, Drehen und der Fertigung komplexer Prototypen unterst\u00fctzt unser Team Kunden aus unterschiedlichsten Branchen \u2013 darunter Automatisierung, Verpackung, Energie und industrielle Fertigung. Wir bieten schnelle Mustererstellung (2\u20133 Tage), niedrige Mindestbestellmengen und l\u00fcckenlose Materialr\u00fcckverfolgbarkeit, um einen reibungslosen Projektablauf von der Konzeption bis zur Fertigstellung zu gew\u00e4hrleisten.<\/p>\n\n\n\n<p>Bei Huade bearbeiten wir nicht einfach nur Metall \u2013 wir entwickeln L\u00f6sungen. Unsere Teile werden individuell an Ihre Bed\u00fcrfnisse angepasst, mit optionalen Oberfl\u00e4chenveredelungen wie Eloxieren, Br\u00fcnieren, Pulverbeschichten und mehr. Ob Sie ein oder tausend St\u00fcck ben\u00f6tigen, wir garantieren gleichbleibende Qualit\u00e4t, schnelle Lieferung und reibungslose Kommunikation in jeder Phase.<\/p>\n\n\n\n<p>Wir sind Ihr zuverl\u00e4ssiger Partner in der CNC-Fertigungslieferkette. Mit unserer ISO 9001-Zertifizierung und einem Team, das mit globalen Industriestandards bestens vertraut ist, unterst\u00fctzen wir Sie dabei, im wettbewerbsintensiven Maschinenmarkt die Nase vorn zu haben.<\/p>\n\n\n\n<p><\/p>\n\n\n<h2 class=\"wp-block-heading\" id=\"applications-of-precision-cnc-machinery-parts\">Anwendungsbereiche von Pr\u00e4zisions-CNC-Maschinenteilen<\/h2>\n\n\n<div class=\"wp-block-uagb-container uagb-block-542f5bbf alignfull uagb-is-root-container\"><div class=\"uagb-container-inner-blocks-wrap\">\n<div class=\"wp-block-uagb-container uagb-block-14416465\">\n<div class=\"wp-block-uagb-info-box uagb-block-f7c15f6f uagb-infobox__content-wrap  uagb-infobox-icon-above-title uagb-infobox-image-valign-top\"><div class=\"uagb-ifb-content\"><div class=\"uagb-ifb-image-content\"><img decoding=\"async\" src=\"https:\/\/hdproto.com\/wp-content\/uploads\/2025\/07\/\u6444\u5f71\u5668\u67501-1.jpg\" alt=\"CNC-gefr\u00e4stes Aluminiumteil f\u00fcr Halterung f\u00fcr professionelle Kameraausr\u00fcstung\" width=\"\" height=\"0\" loading=\"lazy\"\/><\/div><div class=\"uagb-ifb-title-wrap\"><h3 class=\"uagb-ifb-title\">CNC-gefr\u00e4ste Montagebasis f\u00fcr Kamerasysteme<\/h3><\/div><p class=\"uagb-ifb-desc\">Dieses kundenspezifische CNC-Maschinenteil wurde speziell f\u00fcr Kamera-Rigs, Stabilisatoren und andere optische Systeme entwickelt. Gefertigt aus leichtem <strong>Werkstoffe aus Aluminiumlegierung 7075<\/strong>, Es gew\u00e4hrleistet eine stabile und korrosionsbest\u00e4ndige Unterst\u00fctzung f\u00fcr anspruchsvolle Anwendungen. Ideal f\u00fcr Kunden, die pr\u00e4zise CNC-Komponenten f\u00fcr Fotoausr\u00fcstung suchen, bietet dieses Bauteil ein ausgewogenes Verh\u00e4ltnis von Festigkeit, \u00c4sthetik und Langlebigkeit.<\/p><\/div><\/div>\n<\/div>\n\n\n\n<div class=\"wp-block-uagb-container uagb-block-40dd48e2\">\n<div class=\"wp-block-uagb-info-box uagb-block-cde81d2e uagb-infobox__content-wrap  uagb-infobox-icon-above-title uagb-infobox-image-valign-top\"><div class=\"uagb-ifb-content\"><div class=\"uagb-ifb-image-content\"><img decoding=\"async\" src=\"https:\/\/hdproto.com\/wp-content\/uploads\/2026\/01\/Precision-CNC-Parts-for-Machines.jpg\" alt=\"Pr\u00e4zise CNC-gefr\u00e4ste Aluminiumhalterung und Geh\u00e4usekomponente\" width=\"\" height=\"0\" loading=\"lazy\"\/><\/div><div class=\"uagb-ifb-title-wrap\"><h3 class=\"uagb-ifb-title\">Pr\u00e4zisions-CNC-Montagehalterung f\u00fcr Industrieanlagen<\/h3><\/div><p class=\"uagb-ifb-desc\">Diese CNC-gefr\u00e4ste Aluminiumhalterung wurde f\u00fcr industrielle Hochleistungsger\u00e4te entwickelt und bietet ein stabiles, leichtes Geh\u00e4use f\u00fcr rotierende Wellen und Werkzeugbaugruppen. Hergestellt aus einer hochfesten Aluminiumlegierung mit engen Toleranzen von bis zu \u00b10,01 mm, bietet sie eine hervorragende Ausrichtung, Korrosionsbest\u00e4ndigkeit und langfristige Stabilit\u00e4t in der Automatisierung, Verpackung und allgemeinen Maschinenanwendungen.<\/p><\/div><\/div>\n<\/div>\n\n\n\n<div class=\"wp-block-uagb-container uagb-block-3b0302be\">\n<div class=\"wp-block-uagb-info-box uagb-block-4471a001 uagb-infobox__content-wrap  uagb-infobox-icon-above-title uagb-infobox-image-valign-top\"><div class=\"uagb-ifb-content\"><div class=\"uagb-ifb-image-content\"><img decoding=\"async\" src=\"https:\/\/hdproto.com\/wp-content\/uploads\/2025\/07\/\u5fae\u4fe1\u56fe\u7247_20241227155911_\u526f\u672c.jpg\" alt=\"Pr\u00e4zisionsgefertigtes CNC-gefr\u00e4stes Strukturgrundteil f\u00fcr CNC-Maschinenteile f\u00fcr Industriemaschinen\" width=\"\" height=\"0\" loading=\"lazy\"\/><\/div><div class=\"uagb-ifb-title-wrap\"><h3 class=\"uagb-ifb-title\">CNC-gefr\u00e4stes Strukturgeh\u00e4use f\u00fcr Maschinen<\/h3><\/div><p class=\"uagb-ifb-desc\">Das <strong>hochpr\u00e4zises CNC-Maschinenteil <\/strong>Es wurde speziell f\u00fcr den Einsatz in Maschinengestellen und gro\u00dfen Anlagen entwickelt. Dank seiner Mehrfl\u00e4chenkonstruktion gew\u00e4hrleistet das Bauteil eine sichere Ausrichtung, hervorragende Steifigkeit und langfristige Dimensionsstabilit\u00e4t. <strong>Hergestellt aus hochfester Aluminiumlegierung 6082.<\/strong>, Es eignet sich ideal f\u00fcr Sonderanfertigungen, bei denen Tragf\u00e4higkeit, strukturelle Integrit\u00e4t und Korrosionsbest\u00e4ndigkeit von entscheidender Bedeutung sind.<\/p><\/div><\/div>\n<\/div>\n\n\n\n<div class=\"wp-block-uagb-container uagb-block-cf112ef3\">\n<div class=\"wp-block-uagb-info-box uagb-block-6ad15585 uagb-infobox__content-wrap  uagb-infobox-icon-above-title uagb-infobox-image-valign-top\"><div class=\"uagb-ifb-content\"><div class=\"uagb-ifb-image-content\"><img decoding=\"async\" src=\"https:\/\/hdproto.com\/wp-content\/uploads\/2026\/03\/CNC-Machined-Mounting-Plate.webp\" alt=\"Kundenspezifisch CNC-gefr\u00e4ste Aluminium-Montageplatte mit Pr\u00e4zisionsbohrungen\" width=\"\" height=\"0\" loading=\"lazy\"\/><\/div><div class=\"uagb-ifb-title-wrap\"><h3 class=\"uagb-ifb-title\">CNC-gefr\u00e4ste Aluminium-Montageplatte mit Pr\u00e4zisionsbohrungen<\/h3><\/div><p class=\"uagb-ifb-desc\">Kundenspezifisch CNC-gefr\u00e4ste Aluminium-Montageplatte, hergestellt von Huade Precision.<br>Hochpr\u00e4zises Fr\u00e4sen mit mehreren L\u00f6chern und Kavit\u00e4ten f\u00fcr Industrieanlagen und Automatisierungssysteme.<br>Hergestellt mit fortschrittlicher CNC-Bearbeitungstechnologie zur Gew\u00e4hrleistung enger Toleranzen, glatter Oberfl\u00e4chen und zuverl\u00e4ssiger Leistung bei anspruchsvollen technischen Anwendungen.<\/p><\/div><\/div>\n<\/div>\n<\/div><\/div>\n\n\n\n<p class=\"has-medium-font-size\">Alle Teile werden aus zertifizierten Werkstoffen (Aluminium 6082\/7075, Edelstahl, Titan usw.) gefertigt und sind mit verschiedenen Oberfl\u00e4chenbehandlungen wie Anodisieren, Br\u00fcnieren, Pulverbeschichten usw. erh\u00e4ltlich.<\/p>\n\n\n<h2 class=\"wp-block-heading\" id=\"why-choose-huade-for-cnc-machinery-parts\">Warum sollten Sie sich f\u00fcr Huade bei CNC-Maschinenteilen entscheiden?<\/h2>\n\n\n<p style=\"font-family: 'Inter', 'Poppins', 'Roboto', sans-serif; font-size: 17px; line-height: 1.7; color: #4a5a6a; font-weight: 400;\">\n  Partnerschaft mit <strong style=\"font-weight: 500;\">Dongguan Huade Precision Manufacturing Co., Ltd.<\/strong> Das bedeutet, sich f\u00fcr Zuverl\u00e4ssigkeit, Pr\u00e4zision und Effizienz zu entscheiden. Deshalb vertrauen uns Hersteller weltweit. <strong>CNC-Maschinenteile<\/strong>:\n<\/p>\n\n<div style=\"margin-top: 20px;\">\n  <h3 style=\"font-family: 'Inter', 'Poppins', 'Roboto', sans-serif; font-size: 18px; font-weight: 500; color: #333e48;\">\u2705 Ultrahohe Pr\u00e4zision (\u00b10,01 mm)<\/h3>\n  <p style=\"font-family: 'Inter', 'Poppins', 'Roboto', sans-serif; font-size: 17px; line-height: 1.7; color: #4a5a6a;\">\n    Wir gew\u00e4hrleisten eine Toleranz von \u00b10,01 mm bei allen Produkten. <strong>CNC-Maschinenteile<\/strong>. Diese Pr\u00e4zision garantiert eine perfekte Passform und stabile Leistung bei mechanischen Baugruppen wie Halterungen, Wellen, Getriebegeh\u00e4usen und Grundrahmen.\n  <\/p>\n<\/div>\n\n<div style=\"margin-top: 20px;\">\n  <h3 style=\"font-family: 'Inter', 'Poppins', 'Roboto', sans-serif; font-size: 18px; font-weight: 500; color: #333e48;\">\u2705 Schnelle Prototypenerstellung (2\u20133 Werktage)<\/h3>\n  <p style=\"font-family: 'Inter', 'Poppins', 'Roboto', sans-serif; font-size: 17px; line-height: 1.7; color: #4a5a6a;\">\n    Ben\u00f6tigen Sie schnell Teile? Wir unterst\u00fctzen dringende Entwicklungszyklen mit 2-3 Tagen Prototypenbau f\u00fcr Aluminium- und Edelstahlkomponenten \u2013 ideal f\u00fcr Maschinentests, Linienvalidierung oder Funktionsversuche.\n  <\/p>\n<\/div>\n\n<div style=\"margin-top: 20px;\">\n  <h3 style=\"font-family: 'Inter', 'Poppins', 'Roboto', sans-serif; font-size: 18px; font-weight: 500; color: #333e48;\">\u2705 Niedrige Mindestbestellmenge<\/h3>\n  <p style=\"font-family: 'Inter', 'Poppins', 'Roboto', sans-serif; font-size: 17px; line-height: 1.7; color: #4a5a6a;\">\n    Wir \u00fcbernehmen sowohl Kleinserien als auch Serienfertigung \u2013 ideal f\u00fcr Pilotprojekte, Ersatzteile oder kundenspezifische mechanische Konstruktionen f\u00fcr den industriellen Einsatz.\n  <\/p>\n<\/div>\n\n<div style=\"margin-top: 20px;\">\n  <h3 style=\"font-family: 'Inter', 'Poppins', 'Roboto', sans-serif; font-size: 18px; font-weight: 500; color: #333e48;\">\u2705 Vollst\u00e4ndige Inspektionsberichte<\/h3>\n  <p style=\"font-family: 'Inter', 'Poppins', 'Roboto', sans-serif; font-size: 17px; line-height: 1.7; color: #4a5a6a;\">\n    Jeder Lieferung liegen vollst\u00e4ndige Pr\u00fcfberichte bei, die Ma\u00dfgenauigkeit, Oberfl\u00e4chenqualit\u00e4t und Materialzertifizierung abdecken und auf Anfrage erh\u00e4ltlich sind.\n  <\/p>\n<\/div>\n\n<div style=\"margin-top: 20px;\">\n  <h3 style=\"font-family: 'Inter', 'Poppins', 'Roboto', sans-serif; font-size: 18px; font-weight: 500; color: #333e48;\">\u2705 Weltweiter Versand &amp; Schnelle Logistik<\/h3>\n  <p style=\"font-family: 'Inter', 'Poppins', 'Roboto', sans-serif; font-size: 17px; line-height: 1.7; color: #4a5a6a;\">\n    Wir arbeiten mit DHL, FedEx und UPS zusammen, um internationale Lieferungen innerhalb von 3\u20137 Tagen zu gew\u00e4hrleisten. Egal, wo Sie sich befinden, wir liefern schnell und zuverl\u00e4ssig.\n  <\/p>\n<\/div>\n\n<div style=\"margin-top: 20px;\">\n  <h3 style=\"font-family: 'Inter', 'Poppins', 'Roboto', sans-serif; font-size: 18px; font-weight: 500; color: #333e48;\">\u2705 ISO 9001-zertifiziert<\/h3>\n  <p style=\"font-family: 'Inter', 'Poppins', 'Roboto', sans-serif; font-size: 17px; line-height: 1.7; color: #4a5a6a;\">\n    Unsere Einrichtung ist <a href=\"https:\/\/www.iso.org\/iso-9001-quality-management.html\" target=\"_blank\" rel=\"noopener\">ISO 9001 zertifiziert<\/a>, um sicherzustellen, dass unsere Prozesse die internationalen Qualit\u00e4ts- und R\u00fcckverfolgbarkeitsstandards f\u00fcr die Herstellung mechanischer Bauteile erf\u00fcllen.\n  <\/p>\n<\/div>\n\n\n\n<p><\/p>\n\n\n<h2 class=\"wp-block-heading\" id=\"get-a-quote-for-cnc-machinery-parts\">Fordern Sie ein Angebot f\u00fcr CNC-Maschinenteile an<\/h2>\n\n<h3 class=\"wp-block-heading\" id=\"should-have-questions-about-your-cnc-machinery-parts-so-far\"><strong>Haben Sie bisher Fragen zu Ihren CNC-Maschinenteilen?<\/strong><\/h3>\n\n\n<p>Unser Expertenteam steht Ihnen mit schneller und professioneller Unterst\u00fctzung zur Seite. Ob Prototyp oder Gro\u00dfserienfertigung \u2013 wir helfen Ihnen von der Materialauswahl bis zur Auslieferung.<\/p>\n\n\n\n<p>\u2705 Schnelle Antwort<br>\u2705 Wettbewerbsf\u00e4hige Preise<br>\u2705 Unterst\u00fctzung f\u00fcr internationalen Versand<\/p>\n\n\n\n<p>\ud83d\udce7 sales@hdproto.com oder william@hdproto.com<\/p>\n\n\n\n<p>\ud83d\udcde +86 133 9271 1394 (Telefon &amp; WhatsApp)<\/p>\n\n\n\n<div class=\"wp-block-uagb-buttons uagb-buttons__outer-wrap uagb-btn__default-btn uagb-btn-tablet__default-btn uagb-btn-mobile__default-btn uagb-block-59119420\"><div class=\"uagb-buttons__wrap uagb-buttons-layout-wrap\">\n<div class=\"wp-block-uagb-buttons-child uagb-buttons__outer-wrap uagb-block-c760d2f4 wp-block-button\"><div class=\"uagb-button__wrapper\"><a class=\"uagb-buttons-repeater wp-block-button__link\" aria-label=\"\" href=\"https:\/\/hdproto.com\/contact-cnc-machining-company\" rel=\"follow noopener\" target=\"_blank\" role=\"button\"><div class=\"uagb-button__link\">Anfrage senden<\/div><\/a><\/div><\/div>\n<\/div><\/div>\n\n\n\n<p><\/p>\n<\/div>","protected":false},"excerpt":{"rendered":"<p>Precision CNC Machinery Parts Manufacturer for Industrial Applications At Dongguan Huade Precision Manufacturing Co., Ltd., we deliver CNC-machined parts engineered for the challenges of modern machinery. From automation systems to heavy-duty equipment, our components are built to perform\u2014precisely, reliably, and consistently. Every piece we produce is crafted with attention to detail, meeting tight tolerances down [&hellip;]<\/p>\n","protected":false},"author":2,"featured_media":0,"parent":799,"menu_order":0,"comment_status":"closed","ping_status":"closed","template":"","meta":{"_acf_changed":false,"_uag_custom_page_level_css":"","site-sidebar-layout":"default","site-content-layout":"","ast-site-content-layout":"default","site-content-style":"default","site-sidebar-style":"default","ast-global-header-display":"","ast-banner-title-visibility":"","ast-main-header-display":"","ast-hfb-above-header-display":"","ast-hfb-below-header-display":"","ast-hfb-mobile-header-display":"","site-post-title":"","ast-breadcrumbs-content":"","ast-featured-img":"","footer-sml-layout":"","ast-disable-related-posts":"","theme-transparent-header-meta":"","adv-header-id-meta":"","stick-header-meta":"","header-above-stick-meta":"","header-main-stick-meta":"","header-below-stick-meta":"","astra-migrate-meta-layouts":"set","ast-page-background-enabled":"default","ast-page-background-meta":{"desktop":{"background-color":"","background-image":"","background-repeat":"repeat","background-position":"center center","background-size":"auto","background-attachment":"scroll","background-type":"","background-media":"","overlay-type":"","overlay-color":"","overlay-opacity":"","overlay-gradient":""},"tablet":{"background-color":"","background-image":"","background-repeat":"repeat","background-position":"center center","background-size":"auto","background-attachment":"scroll","background-type":"","background-media":"","overlay-type":"","overlay-color":"","overlay-opacity":"","overlay-gradient":""},"mobile":{"background-color":"","background-image":"","background-repeat":"repeat","background-position":"center center","background-size":"auto","background-attachment":"scroll","background-type":"","background-media":"","overlay-type":"","overlay-color":"","overlay-opacity":"","overlay-gradient":""}},"ast-content-background-meta":{"desktop":{"background-color":"var(--ast-global-color-5)","background-image":"","background-repeat":"repeat","background-position":"center center","background-size":"auto","background-attachment":"scroll","background-type":"","background-media":"","overlay-type":"","overlay-color":"","overlay-opacity":"","overlay-gradient":""},"tablet":{"background-color":"var(--ast-global-color-5)","background-image":"","background-repeat":"repeat","background-position":"center center","background-size":"auto","background-attachment":"scroll","background-type":"","background-media":"","overlay-type":"","overlay-color":"","overlay-opacity":"","overlay-gradient":""},"mobile":{"background-color":"var(--ast-global-color-5)","background-image":"","background-repeat":"repeat","background-position":"center center","background-size":"auto","background-attachment":"scroll","background-type":"","background-media":"","overlay-type":"","overlay-color":"","overlay-opacity":"","overlay-gradient":""}},"footnotes":""},"class_list":["post-1383","page","type-page","status-publish","hentry"],"acf":[],"uagb_featured_image_src":{"full":false,"thumbnail":false,"medium":false,"medium_large":false,"large":false,"1536x1536":false,"2048x2048":false,"trp-custom-language-flag":false},"uagb_author_info":{"display_name":"Huade CNC","author_link":"https:\/\/cms.hdproto.com\/de\/author\/sales\/"},"uagb_comment_info":0,"uagb_excerpt":"Precision CNC Machinery Parts Manufacturer for Industrial Applications At Dongguan Huade Precision Manufacturing Co., Ltd., we deliver CNC-machined parts engineered for the challenges of modern machinery. From automation systems to heavy-duty equipment, our components are built to perform\u2014precisely, reliably, and consistently. Every piece we produce is crafted with attention to detail, meeting tight tolerances down&hellip;","_links":{"self":[{"href":"https:\/\/cms.hdproto.com\/de\/wp-json\/wp\/v2\/pages\/1383","targetHints":{"allow":["GET"]}}],"collection":[{"href":"https:\/\/cms.hdproto.com\/de\/wp-json\/wp\/v2\/pages"}],"about":[{"href":"https:\/\/cms.hdproto.com\/de\/wp-json\/wp\/v2\/types\/page"}],"author":[{"embeddable":true,"href":"https:\/\/cms.hdproto.com\/de\/wp-json\/wp\/v2\/users\/2"}],"replies":[{"embeddable":true,"href":"https:\/\/cms.hdproto.com\/de\/wp-json\/wp\/v2\/comments?post=1383"}],"version-history":[{"count":17,"href":"https:\/\/cms.hdproto.com\/de\/wp-json\/wp\/v2\/pages\/1383\/revisions"}],"predecessor-version":[{"id":4308,"href":"https:\/\/cms.hdproto.com\/de\/wp-json\/wp\/v2\/pages\/1383\/revisions\/4308"}],"up":[{"embeddable":true,"href":"https:\/\/cms.hdproto.com\/de\/wp-json\/wp\/v2\/pages\/799"}],"wp:attachment":[{"href":"https:\/\/cms.hdproto.com\/de\/wp-json\/wp\/v2\/media?parent=1383"}],"curies":[{"name":"wp","href":"https:\/\/api.w.org\/{rel}","templated":true}]}}