{"id":1367,"date":"2025-07-14T09:35:20","date_gmt":"2025-07-14T09:35:20","guid":{"rendered":"https:\/\/hdproto.com\/?page_id=1367"},"modified":"2026-02-06T09:56:59","modified_gmt":"2026-02-06T09:56:59","slug":"cnc-automobilteile","status":"publish","type":"page","link":"https:\/\/cms.hdproto.com\/de\/products\/cnc-automotive-parts\/","title":{"rendered":"CNC-Automobilteile"},"content":{"rendered":"<div class=\"wp-block-uagb-advanced-heading uagb-block-69af9d91\"><h2 class=\"uagb-heading-text\">Hersteller von kundenspezifischen CNC-Automobilteilen in China<\/h2><\/div>\n\n\n\n<p><\/p>\n\n\n\n<p>Dongguan Huade Precision Manufacturing Co., Ltd. ist spezialisiert auf die Herstellung von hochpr\u00e4zisen Produkten. <strong>CNC-Automobilteile<\/strong> F\u00fcr OEM- und Aftermarket-Kunden weltweit. Mit einer Toleranz von \u00b10,01 mm, schneller Prototypenfertigung in 2\u20133 Tagen und vollst\u00e4ndiger Materialr\u00fcckverfolgbarkeit werden unsere bearbeiteten Komponenten in gro\u00dfem Umfang in Automobilmotorensystemen, Aufh\u00e4ngungshalterungen, Getriebegeh\u00e4usen, K\u00fchlk\u00f6rpern und Strukturtr\u00e4gern eingesetzt.<\/p>\n\n\n\n<p>Wir fertigen auch Kleinserien nach Kundenwunsch und garantieren schnelle und zuverl\u00e4ssige Lieferungen weltweit. Ob Sie CNC-Teile aus Aluminium oder Edelstahl f\u00fcr Antriebskomponenten, Bremssysteme oder Leichtbauchassis ben\u00f6tigen \u2013 Huade liefert Pr\u00e4zision und Leistung. Unser hauseigenes Entwicklungsteam arbeitet eng mit Ihnen zusammen, um Ihre individuellen Spezifikationen vom Prototyp bis zur Serienproduktion exakt zu erf\u00fcllen.<\/p>\n\n\n\n<p>Als vertrauensw\u00fcrdiger <strong>CNC-Automobilteile<\/strong> Als Hersteller in China kombinieren wir modernste Anlagen mit strenger Qualit\u00e4tskontrolle, um eine gleichbleibende Produktqualit\u00e4t zu gew\u00e4hrleisten. Alle Materialien stammen von zertifizierten Lieferanten. Wir bieten Oberfl\u00e4chenveredelungen wie Anodisieren, Pulverbeschichten, Br\u00fcnieren und Galvanisieren an, um die hohen Anforderungen der Automobilindustrie an Langlebigkeit zu erf\u00fcllen.<\/p>\n\n\n\n<p>Mit Huade entscheiden Sie sich f\u00fcr einen Partner, der die Herausforderungen der Automobilteilefertigung versteht \u2013 darunter Toleranzkontrolle, Produktionsgeschwindigkeit und die Einhaltung internationaler Standards. Wir unterst\u00fctzen Sie dabei, Ihre Produktentwicklung zu beschleunigen und Ihre Wettbewerbsf\u00e4higkeit in der Automobilindustrie zu sichern. Unsere Produktionsst\u00e4tte befindet sich in <a href=\"https:\/\/www.iso.org\/iso-9001-quality-management.html\" target=\"_blank\" data-type=\"link\" data-id=\"https:\/\/www.iso.org\/iso-9001-quality-management.html\" rel=\"noreferrer noopener\">ISO 9001<\/a><a> zertifiziert<\/a>, Das bedeutet, dass unsere Produktion, Inspektion und unser Management internationalen Qualit\u00e4tsstandards entsprechen.<\/p>\n\n\n\n<p><\/p>\n\n\n\n<p><\/p>\n\n\n<h2 class=\"wp-block-heading\" id=\"applications-of-cnc-machined-automotive-parts\">Anwendungsbereiche von CNC-gefr\u00e4sten Automobilteilen<\/h2>\n\n\n<div class=\"wp-block-uagb-container uagb-block-542f5bbf alignfull uagb-is-root-container\"><div class=\"uagb-container-inner-blocks-wrap\">\n<div class=\"wp-block-uagb-container uagb-block-14416465\">\n<div class=\"wp-block-uagb-info-box uagb-block-f7c15f6f uagb-infobox__content-wrap  uagb-infobox-icon-above-title uagb-infobox-image-valign-top\"><div class=\"uagb-ifb-content\"><div class=\"uagb-ifb-image-content\"><img decoding=\"async\" src=\"https:\/\/hdproto.com\/wp-content\/uploads\/2026\/01\/CNC-parts.jpg\" alt=\"CNC-gefr\u00e4ste Komponenten f\u00fcr die Automobilindustrie\" width=\"\" height=\"0\" loading=\"lazy\"\/><\/div><div class=\"uagb-ifb-title-wrap\"><h3 class=\"uagb-ifb-title\">CNC-gefr\u00e4stes Turbopumpengeh\u00e4use f\u00fcr die Automobilindustrie<\/h3><\/div><p class=\"uagb-ifb-desc\">Als CNC-gefertigtes Pr\u00e4zisionsteil f\u00fcr die Automobilindustrie ist dieses Aluminium-Turbo-Pumpengeh\u00e4use f\u00fcr K\u00fchl- und Schmiersysteme von Turbomotoren konzipiert. Mit einer Bearbeitungsgenauigkeit von \u00b10,01 mm und hervorragender Korrosionsbest\u00e4ndigkeit ist es ideal f\u00fcr OEM- und Aftermarket-Anwendungen, die hohe Zuverl\u00e4ssigkeit und stabile Leistung erfordern.<\/p><\/div><\/div>\n<\/div>\n\n\n\n<div class=\"wp-block-uagb-container uagb-block-40dd48e2\">\n<div class=\"wp-block-uagb-info-box uagb-block-cde81d2e uagb-infobox__content-wrap  uagb-infobox-icon-above-title uagb-infobox-image-valign-top\"><div class=\"uagb-ifb-content\"><div class=\"uagb-ifb-image-content\"><img decoding=\"async\" src=\"https:\/\/hdproto.com\/wp-content\/uploads\/2026\/01\/precision-machined-CNC-automotive-parts.jpg\" alt=\"Huade Precision CNC-gefertigte Automobilteile - gedrehte Aluminiumkomponenten\" width=\"\" height=\"0\" loading=\"lazy\"\/><\/div><div class=\"uagb-ifb-title-wrap\"><h3 class=\"uagb-ifb-title\">CNC Automotive Gelenkgeh\u00e4use<\/h3><\/div><p class=\"uagb-ifb-desc\">Als CNC-Pr\u00e4zisionsteil f\u00fcr die Automobilindustrie ist dieses Aluminium-Gelenkgeh\u00e4use f\u00fcr Antriebs- und Aufh\u00e4ngungssysteme konzipiert. Mit tiefem Gewinde, mehrachsigem Fr\u00e4sen und einer Toleranzkontrolle von \u00b10,01 mm bietet es eine starke Lastaufnahme und zuverl\u00e4ssige Langzeitleistung f\u00fcr OEM- und Aftermarket-Anwendungen.<\/p><\/div><\/div>\n<\/div>\n\n\n\n<div class=\"wp-block-uagb-container uagb-block-3b0302be\">\n<div class=\"wp-block-uagb-info-box uagb-block-4471a001 uagb-infobox__content-wrap  uagb-infobox-icon-above-title uagb-infobox-image-valign-top\"><div class=\"uagb-ifb-content\"><div class=\"uagb-ifb-image-content\"><img decoding=\"async\" src=\"https:\/\/hdproto.com\/wp-content\/uploads\/2026\/01\/Huade-CNC-automotive-parts.jpg\" alt=\"Pr\u00e4zisions-CNC-gefr\u00e4stes Aluminium-Gelenkgeh\u00e4use mit Tiefgewindebohrung und mehrachsig gefr\u00e4ster Jochstruktur.\" width=\"\" height=\"0\" loading=\"lazy\"\/><\/div><div class=\"uagb-ifb-title-wrap\"><h3 class=\"uagb-ifb-title\">CNC-Automobil-Geh\u00e4use und -Geh\u00e4use<\/h3><\/div><p class=\"uagb-ifb-desc\">Pr\u00e4zisions-CNC-gefr\u00e4ste Aluminium-Gelenkgeh\u00e4use, die in Antriebs- und Aufh\u00e4ngungssystemen von Kraftfahrzeugen verwendet werden. Diese CNC-gefertigten Teile verf\u00fcgen \u00fcber tief gebohrte Gewinde und mehrachsig gefr\u00e4ste Jocharme mit einer Genauigkeit von \u00b10,01 mm, die eine hohe Steifigkeit, reibungslose Rotation und langfristige Zuverl\u00e4ssigkeit gew\u00e4hrleisten. <\/p><\/div><\/div>\n<\/div>\n\n\n\n<div class=\"wp-block-uagb-container uagb-block-cf112ef3\">\n<div class=\"wp-block-uagb-info-box uagb-block-6ad15585 uagb-infobox__content-wrap  uagb-infobox-icon-above-title uagb-infobox-image-valign-top\"><div class=\"uagb-ifb-content\"><div class=\"uagb-ifb-image-content\"><img decoding=\"async\" src=\"https:\/\/hdproto.com\/wp-content\/uploads\/2026\/01\/CNC-Automotive-Component-from-Huade.webp\" alt=\"CNC-gefr\u00e4ste Kfz-Aufh\u00e4ngungshalterung\" width=\"\" height=\"0\" loading=\"lazy\"\/><\/div><div class=\"uagb-ifb-title-wrap\"><h3 class=\"uagb-ifb-title\">CNC-Automobil-Aufh\u00e4ngungshalterungen<\/h3><\/div><p class=\"uagb-ifb-desc\">Diese pr\u00e4zise CNC-gefr\u00e4sten Aufh\u00e4ngungshalterungen werden aus hochfestem Aluminium mit einer Genauigkeit von \u00b10,01 mm hergestellt. Sie verf\u00fcgen \u00fcber mehrere Montagefl\u00e4chen und kontrollierte Bohrungen f\u00fcr eine stabile Ausrichtung, wodurch sie sich ideal f\u00fcr OEM- und Performance-Automobilanwendungen eignen.<\/p><\/div><\/div>\n<\/div>\n<\/div><\/div>\n\n\n\n<p class=\"has-medium-font-size\">Alle Teile werden aus zertifizierten Werkstoffen (Aluminium 6082\/7075, Edelstahl, Titan usw.) gefertigt und sind mit verschiedenen Oberfl\u00e4chenbehandlungen wie Anodisieren, Br\u00fcnieren, Pulverbeschichten usw. erh\u00e4ltlich.<\/p>\n\n\n<h2 class=\"wp-block-heading\" id=\"why-choose-huade-for-cnc-automotive-parts\">Warum Huade f\u00fcr CNC-gefr\u00e4ste Automobilteile w\u00e4hlen?<\/h2>\n\n\n<p style=\"font-family: 'Inter', 'Poppins', 'Roboto', sans-serif; font-size: 17px; line-height: 1.7; color: #4a5a6a; font-weight: 400;\">\n  Partnerschaft mit <strong style=\"font-weight: 500;\">Dongguan Huade Precision Manufacturing Co., Ltd.<\/strong> Das bedeutet, sich f\u00fcr Zuverl\u00e4ssigkeit, Genauigkeit und Service zu entscheiden. Deshalb vertrauen uns globale Automobilmarken:\n<\/p>\n\n<div style=\"margin-top: 20px;\">\n  <h3 style=\"font-family: 'Inter', 'Poppins', 'Roboto', sans-serif; font-size: 18px; font-weight: 500; color: #333e48;\">\u2705 Ultrahohe Pr\u00e4zision (\u00b10,01 mm)<\/h3>\n  <p style=\"font-family: 'Inter', 'Poppins', 'Roboto', sans-serif; font-size: 17px; line-height: 1.7; color: #4a5a6a;\">\n    Wir garantieren eine Toleranz von \u00b10,01 mm f\u00fcr alle CNC-gefertigten Automobilteile. Diese Pr\u00e4zision gew\u00e4hrleistet perfekte Passform und zuverl\u00e4ssige Funktion in kritischen Automobilanwendungen wie Motorbl\u00f6cken, Fahrwerksaufh\u00e4ngungen und Geh\u00e4usen.\n  <\/p>\n<\/div>\n\n<div style=\"margin-top: 20px;\">\n  <h3 style=\"font-family: 'Inter', 'Poppins', 'Roboto', sans-serif; font-size: 18px; font-weight: 500; color: #333e48;\">\u2705 Schnelle Prototypenerstellung (2\u20133 Werktage)<\/h3>\n  <p style=\"font-family: 'Inter', 'Poppins', 'Roboto', sans-serif; font-size: 17px; line-height: 1.7; color: #4a5a6a;\">\n    Brauchen Sie es schnell? Wir unterst\u00fctzen dringende Produktentwicklungszyklen mit 2-3 Tagen Rapid Prototyping f\u00fcr die meisten Aluminium- und Edelstahlteile und helfen Ihnen so, Ihre Markteinf\u00fchrungszeit zu verk\u00fcrzen.\n  <\/p>\n<\/div>\n\n<div style=\"margin-top: 20px;\">\n  <h3 style=\"font-family: 'Inter', 'Poppins', 'Roboto', sans-serif; font-size: 18px; font-weight: 500; color: #333e48;\">\u2705 Niedrige Mindestbestellmenge<\/h3>\n  <p style=\"font-family: 'Inter', 'Poppins', 'Roboto', sans-serif; font-size: 17px; line-height: 1.7; color: #4a5a6a;\">\n    Wir bieten sowohl Klein- als auch Gro\u00dfserienfertigung an, ideal f\u00fcr Prototypen, Aftermarket-Support oder Kleinserienfertigung.\n  <\/p>\n<\/div>\n\n<div style=\"margin-top: 20px;\">\n  <h3 style=\"font-family: 'Inter', 'Poppins', 'Roboto', sans-serif; font-size: 18px; font-weight: 500; color: #333e48;\">\u2705 Vollst\u00e4ndige Inspektionsberichte<\/h3>\n  <p style=\"font-family: 'Inter', 'Poppins', 'Roboto', sans-serif; font-size: 17px; line-height: 1.7; color: #4a5a6a;\">\n    Jeder Lieferung liegen vollst\u00e4ndige Qualit\u00e4tsberichte bei, die auf Anfrage auch Ma\u00dfmessungen, Oberfl\u00e4chenanalysen und Materialzertifizierungen enthalten.\n  <\/p>\n<\/div>\n\n<div style=\"margin-top: 20px;\">\n  <h3 style=\"font-family: 'Inter', 'Poppins', 'Roboto', sans-serif; font-size: 18px; font-weight: 500; color: #333e48;\">\u2705 Weltweiter Versand &amp; Schnelle Logistik<\/h3>\n  <p style=\"font-family: 'Inter', 'Poppins', 'Roboto', sans-serif; font-size: 17px; line-height: 1.7; color: #4a5a6a;\">\n    Wir arbeiten mit DHL, FedEx und UPS zusammen, um eine weltweite Lieferung innerhalb von 3\u20137 Tagen zu gew\u00e4hrleisten. Egal ob Nordamerika, Europa oder S\u00fcdostasien \u2013 wir liefern schnell.\n  <\/p>\n<\/div>\n\n<div style=\"margin-top: 20px;\">\n  <h3 style=\"font-family: 'Inter', 'Poppins', 'Roboto', sans-serif; font-size: 18px; font-weight: 500; color: #333e48;\">\u2705 ISO 9001-zertifiziert<\/h3>\n  <p style=\"font-family: 'Inter', 'Poppins', 'Roboto', sans-serif; font-size: 17px; line-height: 1.7; color: #4a5a6a;\">\n    Unser Betrieb ist nach ISO 9001 zertifiziert, was bedeutet, dass unsere Produktion, Inspektion und unser Management internationalen Qualit\u00e4tsstandards entsprechen \u2013 und Ihnen somit Sicherheit geben.\n  <\/p>\n<\/div>\n\n\n\n<p><\/p>\n\n\n<h2 class=\"wp-block-heading\" id=\"get-a-quote-for-cnc-automotive-parts\">Fordern Sie ein Angebot f\u00fcr CNC-gefertigte Automobilteile an<\/h2>\n\n<h3 class=\"wp-block-heading\" id=\"have-questions-about-your-cnc-automotive-project\"><strong>Haben Sie Fragen zu Ihrem CNC-Automobilprojekt?<\/strong><\/h3>\n\n\n<p>Unser Expertenteam steht Ihnen mit schneller und professioneller Unterst\u00fctzung zur Seite. Ob Prototyp oder Gro\u00dfserienfertigung \u2013 wir helfen Ihnen von der Materialauswahl bis zur Auslieferung.<\/p>\n\n\n\n<p>\u2705 Schnelle Antwort<br>\u2705 Wettbewerbsf\u00e4hige Preise<br>\u2705 Unterst\u00fctzung f\u00fcr internationalen Versand<\/p>\n\n\n\n<p>\ud83d\udce7 sales@hdproto.com oder william@hdproto.com<\/p>\n\n\n\n<p>\ud83d\udcde +86 133 9271 1394 (Telefon &amp; WhatsApp)<\/p>\n\n\n\n<div class=\"wp-block-uagb-buttons uagb-buttons__outer-wrap uagb-btn__default-btn uagb-btn-tablet__default-btn uagb-btn-mobile__default-btn uagb-block-59119420\"><div class=\"uagb-buttons__wrap uagb-buttons-layout-wrap\">\n<div class=\"wp-block-uagb-buttons-child uagb-buttons__outer-wrap uagb-block-c760d2f4 wp-block-button\"><div class=\"uagb-button__wrapper\"><a class=\"uagb-buttons-repeater wp-block-button__link\" aria-label=\"\" href=\"https:\/\/hdproto.com\/contact-cnc-machining-company\" rel=\"follow noopener\" target=\"_self\" role=\"button\"><div class=\"uagb-button__link\">Anfrage senden<\/div><\/a><\/div><\/div>\n<\/div><\/div>\n\n\n\n<p><\/p>","protected":false},"excerpt":{"rendered":"<p>Custom CNC Automotive Parts Manufacturer in China Dongguan Huade Precision Manufacturing Co., Ltd. specializes in the production of high-precision CNC automotive parts for global OEM and aftermarket customers. With \u00b10.01mm tolerance, 2\u20133 day rapid prototyping, and full material traceability, our machined components are widely used in automotive engine systems, suspension brackets, gearbox housings, heat sinks, [&hellip;]<\/p>\n","protected":false},"author":2,"featured_media":0,"parent":799,"menu_order":0,"comment_status":"closed","ping_status":"closed","template":"","meta":{"_acf_changed":false,"_uag_custom_page_level_css":"","site-sidebar-layout":"default","site-content-layout":"","ast-site-content-layout":"default","site-content-style":"default","site-sidebar-style":"default","ast-global-header-display":"","ast-banner-title-visibility":"","ast-main-header-display":"","ast-hfb-above-header-display":"","ast-hfb-below-header-display":"","ast-hfb-mobile-header-display":"","site-post-title":"","ast-breadcrumbs-content":"","ast-featured-img":"","footer-sml-layout":"","ast-disable-related-posts":"","theme-transparent-header-meta":"","adv-header-id-meta":"","stick-header-meta":"","header-above-stick-meta":"","header-main-stick-meta":"","header-below-stick-meta":"","astra-migrate-meta-layouts":"set","ast-page-background-enabled":"default","ast-page-background-meta":{"desktop":{"background-color":"","background-image":"","background-repeat":"repeat","background-position":"center center","background-size":"auto","background-attachment":"scroll","background-type":"","background-media":"","overlay-type":"","overlay-color":"","overlay-opacity":"","overlay-gradient":""},"tablet":{"background-color":"","background-image":"","background-repeat":"repeat","background-position":"center center","background-size":"auto","background-attachment":"scroll","background-type":"","background-media":"","overlay-type":"","overlay-color":"","overlay-opacity":"","overlay-gradient":""},"mobile":{"background-color":"","background-image":"","background-repeat":"repeat","background-position":"center center","background-size":"auto","background-attachment":"scroll","background-type":"","background-media":"","overlay-type":"","overlay-color":"","overlay-opacity":"","overlay-gradient":""}},"ast-content-background-meta":{"desktop":{"background-color":"var(--ast-global-color-5)","background-image":"","background-repeat":"repeat","background-position":"center center","background-size":"auto","background-attachment":"scroll","background-type":"","background-media":"","overlay-type":"","overlay-color":"","overlay-opacity":"","overlay-gradient":""},"tablet":{"background-color":"var(--ast-global-color-5)","background-image":"","background-repeat":"repeat","background-position":"center center","background-size":"auto","background-attachment":"scroll","background-type":"","background-media":"","overlay-type":"","overlay-color":"","overlay-opacity":"","overlay-gradient":""},"mobile":{"background-color":"var(--ast-global-color-5)","background-image":"","background-repeat":"repeat","background-position":"center center","background-size":"auto","background-attachment":"scroll","background-type":"","background-media":"","overlay-type":"","overlay-color":"","overlay-opacity":"","overlay-gradient":""}},"footnotes":""},"class_list":["post-1367","page","type-page","status-publish","hentry"],"acf":[],"uagb_featured_image_src":{"full":false,"thumbnail":false,"medium":false,"medium_large":false,"large":false,"1536x1536":false,"2048x2048":false,"trp-custom-language-flag":false},"uagb_author_info":{"display_name":"Huade CNC","author_link":"https:\/\/cms.hdproto.com\/de\/author\/sales\/"},"uagb_comment_info":0,"uagb_excerpt":"Custom CNC Automotive Parts Manufacturer in China Dongguan Huade Precision Manufacturing Co., Ltd. specializes in the production of high-precision CNC automotive parts for global OEM and aftermarket customers. With \u00b10.01mm tolerance, 2\u20133 day rapid prototyping, and full material traceability, our machined components are widely used in automotive engine systems, suspension brackets, gearbox housings, heat sinks,&hellip;","_links":{"self":[{"href":"https:\/\/cms.hdproto.com\/de\/wp-json\/wp\/v2\/pages\/1367","targetHints":{"allow":["GET"]}}],"collection":[{"href":"https:\/\/cms.hdproto.com\/de\/wp-json\/wp\/v2\/pages"}],"about":[{"href":"https:\/\/cms.hdproto.com\/de\/wp-json\/wp\/v2\/types\/page"}],"author":[{"embeddable":true,"href":"https:\/\/cms.hdproto.com\/de\/wp-json\/wp\/v2\/users\/2"}],"replies":[{"embeddable":true,"href":"https:\/\/cms.hdproto.com\/de\/wp-json\/wp\/v2\/comments?post=1367"}],"version-history":[{"count":19,"href":"https:\/\/cms.hdproto.com\/de\/wp-json\/wp\/v2\/pages\/1367\/revisions"}],"predecessor-version":[{"id":4208,"href":"https:\/\/cms.hdproto.com\/de\/wp-json\/wp\/v2\/pages\/1367\/revisions\/4208"}],"up":[{"embeddable":true,"href":"https:\/\/cms.hdproto.com\/de\/wp-json\/wp\/v2\/pages\/799"}],"wp:attachment":[{"href":"https:\/\/cms.hdproto.com\/de\/wp-json\/wp\/v2\/media?parent=1367"}],"curies":[{"name":"wp","href":"https:\/\/api.w.org\/{rel}","templated":true}]}}